{"id":21166,"date":"2023-07-18T15:38:30","date_gmt":"2023-07-18T15:38:30","guid":{"rendered":"https:\/\/garrett.pt\/?page_id=21166"},"modified":"2023-07-18T15:38:30","modified_gmt":"2023-07-18T15:38:30","slug":"condicoes-gerais-de-pagamento-entrega-e-reparacao","status":"publish","type":"page","link":"https:\/\/garrett.pt\/en\/condicoes-gerais-de-pagamento-entrega-e-reparacao\/","title":{"rendered":"GENERAL PAYMENT, DELIVERY AND REPAIR CONDITIONS"},"content":{"rendered":"<h2><\/h2>\n<p>&nbsp;<\/p>\n<h2><u>Terms and Conditions of Payment<\/u><\/h2>\n<ul>\n<li><strong>CHECK: <\/strong>The delivery of material paid by check for an amount equal to or greater than \u20ac150 will only be carried out after receipt of payment.<\/li>\n<li><strong>VISA AND MULTIBANK:<\/strong> For amounts equal to or greater than \u20ac5<\/li>\n<li><strong>CASH: <\/strong>Immediate delivery for any amount<\/li>\n<\/ul>\n<p>&nbsp;<\/p>\n<h2><u>Values and Repair Conditions<\/u><\/h2>\n<ul>\n<li><strong>LABOR\/HOUR PRICE: <\/strong>\u20ac50+VAT<\/li>\n<li><strong>GENERAL REPAIR CONDITIONS: <\/strong><\/li>\n<\/ul>\n<p>&nbsp;<\/p>\n<p>\u2013 In order to collect the material related to the repair, it is necessary to present the respective receipt, except for equipment that has been sent by a carrier and the customer did not have an entry permit;<\/p>\n<p>\u2013 For each quote not accepted, the customer will be charged the equivalent of 1 hour of labor based on the price list in force. Upon acceptance, the referred amount will not be debited;<\/p>\n<p>\u2013 Whenever they deem it necessary, our services reserve the right to make a quote even if it has not been requested;<\/p>\n<p>\u2013 The repair amount will be paid in cash or ATM upon delivery of the equipment. The equipment sent by carrier will be sent against reimbursement for prompt payment;<\/p>\n<p>\u2013 Always check that the accessories that come with the equipment are mentioned in the repair guide. If not, ask the employee to rectify the situation. We will only be responsible for the mentioned accessories;<\/p>\n<p>\u2013 The repairs carried out by our services are guaranteed in accordance with the law in force;<\/p>\n<p>\u2013 Warranty repairs: to be accepted, proof of warranty must be delivered together with the equipment to be repaired;<\/p>\n<p>\u2013 The equipment that needs to be sent to the manufacturers will be subject to a budget with dedicated costs;<\/p>\n<p>\u2013 For equipment that, after repair or quotation, remains more than 30 days in our facilities, GARRETT SA reserves the right to charge a daily fee for its storage;<\/p>\n<p>\u2013 If the repaired equipment is not collected within the set period of 30 days, the customer will be asked to proceed with its collection within a period of 10 days from the date of the request.<\/p>\n<p>\u2013 If, after the aforementioned deadlines, the repaired goods are not collected, Garrett SA declares, for all due and legal purposes, its intention to start owning the property in its own name, reversing the title of possession from the end of the period granted for the collection at the time of the summons for this purpose;<\/p>\n<p>\u2013 With the acceptance of these General Conditions, the customer accepts the clauses contained therein, namely with regard to the consequences of failure to collect the repaired item, not being able to impute or demand from Garrett SA any responsibility or compensation related to the items in question.<\/p>\n<p>&nbsp;<\/p>\n<p>&nbsp;<\/p>\n<p>&nbsp;<\/p>","protected":false},"excerpt":{"rendered":"<p>&nbsp; Modalidades e Condi\u00e7\u00f5es de Pagamento CHEQUE: A entrega de material pago com cheque de valor igual ou superior a 150\u20ac, s\u00f3 ser\u00e1 efetuada ap\u00f3s [&hellip;]<\/p>\n","protected":false},"author":11,"featured_media":0,"parent":0,"menu_order":0,"comment_status":"closed","ping_status":"closed","template":"","meta":{"cybocfi_hide_featured_image":"","footnotes":""},"class_list":["post-21166","page","type-page","status-publish","hentry","post"],"aioseo_notices":[],"aioseo_head":"\n\t\t<!-- All in One SEO Pro 4.9.6.1 - aioseo.com -->\n\t<meta name=\"description\" content=\"Modalidades e Condi\u00e7\u00f5es de Pagamento CHEQUE: A entrega de material pago com cheque de valor igual ou superior a 150\u20ac, s\u00f3 ser\u00e1 efetuada ap\u00f3s boa cobran\u00e7a VISA E MULTIBANCO: Para valores iguais ou superiores a 5\u20ac NUMER\u00c1RIO: Entrega imediata para qualquer valor Valores e Condi\u00e7\u00f5es de Repara\u00e7\u00e3o PRE\u00c7O DE M\u00c3O-DE-OBRA\/HORA: 50\u20ac+IVA CONDI\u00c7\u00d5ES GERAIS\" \/>\n\t<meta name=\"robots\" content=\"noindex, max-snippet:-1, max-image-preview:large, max-video-preview:-1\" \/>\n\t<meta name=\"google-site-verification\" content=\"V-yzxKXBUCATCiI1W_5bHMqCYZQPH0cGOGjcdwe4AHM\" \/>\n\t<link rel=\"canonical\" href=\"https:\/\/garrett.pt\/en\/condicoes-gerais-de-pagamento-entrega-e-reparacao\/\" \/>\n\t<meta name=\"generator\" content=\"All in One SEO Pro (AIOSEO) 4.9.6.1\" \/>\n\t\t<meta property=\"og:locale\" content=\"en_GB\" \/>\n\t\t<meta property=\"og:site_name\" content=\"Garrett Audiovisuais | Projeto e Integra\u00e7\u00e3o de Sistemas Audiovisuais\" \/>\n\t\t<meta property=\"og:type\" content=\"article\" \/>\n\t\t<meta property=\"og:title\" content=\"CONDI\u00c7\u00d5ES GERAIS DE PAGAMENTO, ENTREGA E REPARA\u00c7\u00c3O | Garrett Audiovisuais\" \/>\n\t\t<meta property=\"og:description\" content=\"Modalidades e Condi\u00e7\u00f5es de Pagamento CHEQUE: A entrega de material pago com cheque de valor igual ou superior a 150\u20ac, s\u00f3 ser\u00e1 efetuada ap\u00f3s boa cobran\u00e7a VISA E MULTIBANCO: Para valores iguais ou superiores a 5\u20ac NUMER\u00c1RIO: Entrega imediata para qualquer valor Valores e Condi\u00e7\u00f5es de Repara\u00e7\u00e3o PRE\u00c7O DE M\u00c3O-DE-OBRA\/HORA: 50\u20ac+IVA CONDI\u00c7\u00d5ES GERAIS\" \/>\n\t\t<meta property=\"og:url\" content=\"https:\/\/garrett.pt\/en\/condicoes-gerais-de-pagamento-entrega-e-reparacao\/\" \/>\n\t\t<meta property=\"og:image\" content=\"https:\/\/garrett.pt\/wp-content\/uploads\/2023\/03\/cropped-LOGO_BRWESER-3.png\" \/>\n\t\t<meta property=\"og:image:secure_url\" content=\"https:\/\/garrett.pt\/wp-content\/uploads\/2023\/03\/cropped-LOGO_BRWESER-3.png\" \/>\n\t\t<meta property=\"og:image:width\" content=\"512\" \/>\n\t\t<meta property=\"og:image:height\" content=\"512\" \/>\n\t\t<meta property=\"article:published_time\" content=\"2023-07-18T15:38:30+00:00\" \/>\n\t\t<meta property=\"article:modified_time\" content=\"2023-07-18T15:38:30+00:00\" \/>\n\t\t<meta property=\"article:publisher\" content=\"https:\/\/www.facebook.com\/garrettaudiovisuais\" \/>\n\t\t<meta name=\"twitter:card\" content=\"summary\" \/>\n\t\t<meta name=\"twitter:title\" content=\"CONDI\u00c7\u00d5ES GERAIS DE PAGAMENTO, ENTREGA E REPARA\u00c7\u00c3O | Garrett Audiovisuais\" \/>\n\t\t<meta name=\"twitter:description\" content=\"Modalidades e Condi\u00e7\u00f5es de Pagamento CHEQUE: A entrega de material pago com cheque de valor igual ou superior a 150\u20ac, s\u00f3 ser\u00e1 efetuada ap\u00f3s boa cobran\u00e7a VISA E MULTIBANCO: Para valores iguais ou superiores a 5\u20ac NUMER\u00c1RIO: Entrega imediata para qualquer valor Valores e Condi\u00e7\u00f5es de Repara\u00e7\u00e3o PRE\u00c7O DE M\u00c3O-DE-OBRA\/HORA: 50\u20ac+IVA CONDI\u00c7\u00d5ES GERAIS\" \/>\n\t\t<meta name=\"twitter:image\" content=\"https:\/\/garrett.pt\/wp-content\/uploads\/2023\/03\/cropped-LOGO_BRWESER-3.png\" \/>\n\t\t<script type=\"application\/ld+json\" class=\"aioseo-schema\">\n\t\t\t{\"@context\":\"https:\\\/\\\/schema.org\",\"@graph\":[{\"@type\":\"BreadcrumbList\",\"@id\":\"https:\\\/\\\/garrett.pt\\\/en\\\/condicoes-gerais-de-pagamento-entrega-e-reparacao\\\/#breadcrumblist\",\"itemListElement\":[{\"@type\":\"ListItem\",\"@id\":\"https:\\\/\\\/garrett.pt\\\/en#listItem\",\"position\":1,\"name\":\"Home\",\"item\":\"https:\\\/\\\/garrett.pt\\\/en\",\"nextItem\":{\"@type\":\"ListItem\",\"@id\":\"https:\\\/\\\/garrett.pt\\\/en\\\/condicoes-gerais-de-pagamento-entrega-e-reparacao\\\/#listItem\",\"name\":\"CONDI\\u00c7\\u00d5ES GERAIS DE PAGAMENTO, ENTREGA E REPARA\\u00c7\\u00c3O\"}},{\"@type\":\"ListItem\",\"@id\":\"https:\\\/\\\/garrett.pt\\\/en\\\/condicoes-gerais-de-pagamento-entrega-e-reparacao\\\/#listItem\",\"position\":2,\"name\":\"CONDI\\u00c7\\u00d5ES GERAIS DE PAGAMENTO, ENTREGA E REPARA\\u00c7\\u00c3O\",\"previousItem\":{\"@type\":\"ListItem\",\"@id\":\"https:\\\/\\\/garrett.pt\\\/en#listItem\",\"name\":\"Home\"}}]},{\"@type\":\"Organization\",\"@id\":\"https:\\\/\\\/garrett.pt\\\/en\\\/#organization\",\"name\":\"Garrett Audiovisuais\",\"description\":\"Projeto e Integra\\u00e7\\u00e3o de Sistemas Audiovisuais\",\"url\":\"https:\\\/\\\/garrett.pt\\\/en\\\/\",\"telephone\":\"+351214180134\",\"logo\":{\"@type\":\"ImageObject\",\"url\":\"https:\\\/\\\/garrett.pt\\\/wp-content\\\/uploads\\\/2021\\\/10\\\/1378831_10151703628399331_552396504_n.jpg\",\"@id\":\"https:\\\/\\\/garrett.pt\\\/en\\\/condicoes-gerais-de-pagamento-entrega-e-reparacao\\\/#organizationLogo\",\"width\":650,\"height\":650},\"image\":{\"@id\":\"https:\\\/\\\/garrett.pt\\\/en\\\/condicoes-gerais-de-pagamento-entrega-e-reparacao\\\/#organizationLogo\"},\"sameAs\":[\"https:\\\/\\\/www.facebook.com\\\/garrettaudiovisuais\",\"https:\\\/\\\/www.instagram.com\\\/garrettaudiovisuais\\\/\",\"https:\\\/\\\/www.youtube.com\\\/channel\\\/UCMLMFyCLpAQ3D4cYmzC34PQ\",\"https:\\\/\\\/www.linkedin.com\\\/company\\\/garrett-audiovisuais\",\"https:\\\/\\\/www.threads.net\\\/@garrettaudiovisuais\",\"https:\\\/\\\/bsky.app\\\/profile\\\/garrettsa.bsky.social\"]},{\"@type\":\"WebPage\",\"@id\":\"https:\\\/\\\/garrett.pt\\\/en\\\/condicoes-gerais-de-pagamento-entrega-e-reparacao\\\/#webpage\",\"url\":\"https:\\\/\\\/garrett.pt\\\/en\\\/condicoes-gerais-de-pagamento-entrega-e-reparacao\\\/\",\"name\":\"CONDI\\u00c7\\u00d5ES GERAIS DE PAGAMENTO, ENTREGA E REPARA\\u00c7\\u00c3O | Garrett Audiovisuais\",\"description\":\"Modalidades e Condi\\u00e7\\u00f5es de Pagamento CHEQUE: A entrega de material pago com cheque de valor igual ou superior a 150\\u20ac, s\\u00f3 ser\\u00e1 efetuada ap\\u00f3s boa cobran\\u00e7a VISA E MULTIBANCO: Para valores iguais ou superiores a 5\\u20ac NUMER\\u00c1RIO: Entrega imediata para qualquer valor Valores e Condi\\u00e7\\u00f5es de Repara\\u00e7\\u00e3o PRE\\u00c7O DE M\\u00c3O-DE-OBRA\\\/HORA: 50\\u20ac+IVA CONDI\\u00c7\\u00d5ES GERAIS\",\"inLanguage\":\"en-GB\",\"isPartOf\":{\"@id\":\"https:\\\/\\\/garrett.pt\\\/en\\\/#website\"},\"breadcrumb\":{\"@id\":\"https:\\\/\\\/garrett.pt\\\/en\\\/condicoes-gerais-de-pagamento-entrega-e-reparacao\\\/#breadcrumblist\"},\"datePublished\":\"2023-07-18T15:38:30+00:00\",\"dateModified\":\"2023-07-18T15:38:30+00:00\"},{\"@type\":\"WebSite\",\"@id\":\"https:\\\/\\\/garrett.pt\\\/en\\\/#website\",\"url\":\"https:\\\/\\\/garrett.pt\\\/en\\\/\",\"name\":\"Garrett Audiovisuais\",\"description\":\"Projeto e Integra\\u00e7\\u00e3o de Sistemas Audiovisuais\",\"inLanguage\":\"en-GB\",\"publisher\":{\"@id\":\"https:\\\/\\\/garrett.pt\\\/en\\\/#organization\"}}]}\n\t\t<\/script>\n\t\t<!-- All in One SEO Pro -->\r\n\t\t<title>CONDI\u00c7\u00d5ES GERAIS DE PAGAMENTO, ENTREGA E REPARA\u00c7\u00c3O | Garrett Audiovisuais<\/title>\n\n","aioseo_head_json":{"title":"GENERAL CONDITIONS OF PAYMENT, DELIVERY AND REPAIR | Garrett Audiovisuais","description":"Payment Methods and Conditions CHECK: Delivery of material paid by check for an amount equal to or greater than \u20ac150 will only be made after payment has been made. VISA AND MULTIBANCO: For amounts equal to or greater than \u20ac5. CASH: Immediate delivery for any amount. Repair Values and Conditions LABOR PRICE\/HOUR: \u20ac50+VAT GENERAL CONDITIONS","canonical_url":"https:\/\/garrett.pt\/en\/condicoes-gerais-de-pagamento-entrega-e-reparacao\/","robots":"noindex, max-snippet:-1, max-image-preview:large, max-video-preview:-1","keywords":"","webmasterTools":{"google-site-verification":"V-yzxKXBUCATCiI1W_5bHMqCYZQPH0cGOGjcdwe4AHM","miscellaneous":""},"schema":{"@context":"https:\/\/schema.org","@graph":[{"@type":"BreadcrumbList","@id":"https:\/\/garrett.pt\/en\/condicoes-gerais-de-pagamento-entrega-e-reparacao\/#breadcrumblist","itemListElement":[{"@type":"ListItem","@id":"https:\/\/garrett.pt\/en#listItem","position":1,"name":"Home","item":"https:\/\/garrett.pt\/en","nextItem":{"@type":"ListItem","@id":"https:\/\/garrett.pt\/en\/condicoes-gerais-de-pagamento-entrega-e-reparacao\/#listItem","name":"CONDI\u00c7\u00d5ES GERAIS DE PAGAMENTO, ENTREGA E REPARA\u00c7\u00c3O"}},{"@type":"ListItem","@id":"https:\/\/garrett.pt\/en\/condicoes-gerais-de-pagamento-entrega-e-reparacao\/#listItem","position":2,"name":"CONDI\u00c7\u00d5ES GERAIS DE PAGAMENTO, ENTREGA E REPARA\u00c7\u00c3O","previousItem":{"@type":"ListItem","@id":"https:\/\/garrett.pt\/en#listItem","name":"Home"}}]},{"@type":"Organization","@id":"https:\/\/garrett.pt\/en\/#organization","name":"Garrett Audiovisuais","description":"Projeto e Integra\u00e7\u00e3o de Sistemas Audiovisuais","url":"https:\/\/garrett.pt\/en\/","telephone":"+351214180134","logo":{"@type":"ImageObject","url":"https:\/\/garrett.pt\/wp-content\/uploads\/2021\/10\/1378831_10151703628399331_552396504_n.jpg","@id":"https:\/\/garrett.pt\/en\/condicoes-gerais-de-pagamento-entrega-e-reparacao\/#organizationLogo","width":650,"height":650},"image":{"@id":"https:\/\/garrett.pt\/en\/condicoes-gerais-de-pagamento-entrega-e-reparacao\/#organizationLogo"},"sameAs":["https:\/\/www.facebook.com\/garrettaudiovisuais","https:\/\/www.instagram.com\/garrettaudiovisuais\/","https:\/\/www.youtube.com\/channel\/UCMLMFyCLpAQ3D4cYmzC34PQ","https:\/\/www.linkedin.com\/company\/garrett-audiovisuais","https:\/\/www.threads.net\/@garrettaudiovisuais","https:\/\/bsky.app\/profile\/garrettsa.bsky.social"]},{"@type":"WebPage","@id":"https:\/\/garrett.pt\/en\/condicoes-gerais-de-pagamento-entrega-e-reparacao\/#webpage","url":"https:\/\/garrett.pt\/en\/condicoes-gerais-de-pagamento-entrega-e-reparacao\/","name":"CONDI\u00c7\u00d5ES GERAIS DE PAGAMENTO, ENTREGA E REPARA\u00c7\u00c3O | Garrett Audiovisuais","description":"Modalidades e Condi\u00e7\u00f5es de Pagamento CHEQUE: A entrega de material pago com cheque de valor igual ou superior a 150\u20ac, s\u00f3 ser\u00e1 efetuada ap\u00f3s boa cobran\u00e7a VISA E MULTIBANCO: Para valores iguais ou superiores a 5\u20ac NUMER\u00c1RIO: Entrega imediata para qualquer valor Valores e Condi\u00e7\u00f5es de Repara\u00e7\u00e3o PRE\u00c7O DE M\u00c3O-DE-OBRA\/HORA: 50\u20ac+IVA CONDI\u00c7\u00d5ES GERAIS","inLanguage":"en-GB","isPartOf":{"@id":"https:\/\/garrett.pt\/en\/#website"},"breadcrumb":{"@id":"https:\/\/garrett.pt\/en\/condicoes-gerais-de-pagamento-entrega-e-reparacao\/#breadcrumblist"},"datePublished":"2023-07-18T15:38:30+00:00","dateModified":"2023-07-18T15:38:30+00:00"},{"@type":"WebSite","@id":"https:\/\/garrett.pt\/en\/#website","url":"https:\/\/garrett.pt\/en\/","name":"Garrett Audiovisuais","description":"Projeto e Integra\u00e7\u00e3o de Sistemas Audiovisuais","inLanguage":"en-GB","publisher":{"@id":"https:\/\/garrett.pt\/en\/#organization"}}]},"og:locale":"en_GB","og:site_name":"Garrett Audiovisuais | Projeto e Integra\u00e7\u00e3o de Sistemas Audiovisuais","og:type":"article","og:title":"CONDI\u00c7\u00d5ES GERAIS DE PAGAMENTO, ENTREGA E REPARA\u00c7\u00c3O | Garrett Audiovisuais","og:description":"Modalidades e Condi\u00e7\u00f5es de Pagamento CHEQUE: A entrega de material pago com cheque de valor igual ou superior a 150\u20ac, s\u00f3 ser\u00e1 efetuada ap\u00f3s boa cobran\u00e7a VISA E MULTIBANCO: Para valores iguais ou superiores a 5\u20ac NUMER\u00c1RIO: Entrega imediata para qualquer valor Valores e Condi\u00e7\u00f5es de Repara\u00e7\u00e3o PRE\u00c7O DE M\u00c3O-DE-OBRA\/HORA: 50\u20ac+IVA CONDI\u00c7\u00d5ES GERAIS","og:url":"https:\/\/garrett.pt\/en\/condicoes-gerais-de-pagamento-entrega-e-reparacao\/","og:image":"https:\/\/garrett.pt\/wp-content\/uploads\/2023\/03\/cropped-LOGO_BRWESER-3.png","og:image:secure_url":"https:\/\/garrett.pt\/wp-content\/uploads\/2023\/03\/cropped-LOGO_BRWESER-3.png","og:image:width":512,"og:image:height":512,"article:published_time":"2023-07-18T15:38:30+00:00","article:modified_time":"2023-07-18T15:38:30+00:00","article:publisher":"https:\/\/www.facebook.com\/garrettaudiovisuais","twitter:card":"summary","twitter:title":"CONDI\u00c7\u00d5ES GERAIS DE PAGAMENTO, ENTREGA E REPARA\u00c7\u00c3O | Garrett Audiovisuais","twitter:description":"Modalidades e Condi\u00e7\u00f5es de Pagamento CHEQUE: A entrega de material pago com cheque de valor igual ou superior a 150\u20ac, s\u00f3 ser\u00e1 efetuada ap\u00f3s boa cobran\u00e7a VISA E MULTIBANCO: Para valores iguais ou superiores a 5\u20ac NUMER\u00c1RIO: Entrega imediata para qualquer valor Valores e Condi\u00e7\u00f5es de Repara\u00e7\u00e3o PRE\u00c7O DE M\u00c3O-DE-OBRA\/HORA: 50\u20ac+IVA CONDI\u00c7\u00d5ES GERAIS","twitter:image":"https:\/\/garrett.pt\/wp-content\/uploads\/2023\/03\/cropped-LOGO_BRWESER-3.png"},"aioseo_meta_data":{"post_id":"21166","title":null,"description":null,"keywords":[],"keyphrases":{"focus":{"keyphrase":"","score":0,"analysis":{"keyphraseInTitle":{"score":0,"maxScore":9,"error":1}}},"additional":[]},"primary_term":null,"canonical_url":null,"og_title":null,"og_description":null,"og_object_type":"default","og_image_type":"default","og_image_url":null,"og_image_width":null,"og_image_height":null,"og_image_custom_url":null,"og_image_custom_fields":null,"og_video":"","og_custom_url":null,"og_article_section":null,"og_article_tags":[],"twitter_use_og":false,"twitter_card":"default","twitter_image_type":"default","twitter_image_url":null,"twitter_image_custom_url":null,"twitter_image_custom_fields":null,"twitter_title":null,"twitter_description":null,"schema":{"blockGraphs":[],"customGraphs":[],"default":{"data":{"Article":[],"Course":[],"Dataset":[],"FAQPage":[],"Movie":[],"Person":[],"Product":[],"ProductReview":[],"Car":[],"Recipe":[],"Service":[],"SoftwareApplication":[],"WebPage":[]},"graphName":"WebPage","isEnabled":true},"graphs":[]},"schema_type":"default","schema_type_options":null,"pillar_content":false,"robots_default":false,"robots_noindex":true,"robots_noarchive":false,"robots_nosnippet":false,"robots_nofollow":false,"robots_noimageindex":false,"robots_noodp":false,"robots_notranslate":false,"robots_max_snippet":"-1","robots_max_videopreview":"-1","robots_max_imagepreview":"large","priority":null,"frequency":"default","local_seo":null,"seo_analyzer_scan_date":"2025-10-13 18:01:00","breadcrumb_settings":null,"limit_modified_date":false,"reviewed_by":null,"open_ai":"{\"title\":{\"suggestions\":[],\"usage\":0},\"description\":{\"suggestions\":[],\"usage\":0}}","ai":null,"created":"2023-07-18 15:34:54","updated":"2025-10-13 18:01:00"},"aioseo_breadcrumb":"<div class=\"aioseo-breadcrumbs\"><span class=\"aioseo-breadcrumb\">\n\t<a href=\"https:\/\/garrett.pt\/en\" title=\"Home\">Home<\/a>\n<\/span><span class=\"aioseo-breadcrumb-separator\">&raquo;<\/span><span class=\"aioseo-breadcrumb\">\n\tCONDI\u00c7\u00d5ES GERAIS DE PAGAMENTO, ENTREGA E REPARA\u00c7\u00c3O\n<\/span><\/div>","aioseo_breadcrumb_json":[{"label":"Home","link":"https:\/\/garrett.pt\/en"},{"label":"CONDI\u00c7\u00d5ES GERAIS DE PAGAMENTO, ENTREGA E REPARA\u00c7\u00c3O","link":"https:\/\/garrett.pt\/en\/condicoes-gerais-de-pagamento-entrega-e-reparacao\/"}],"_links":{"self":[{"href":"https:\/\/garrett.pt\/en\/wp-json\/wp\/v2\/pages\/21166","targetHints":{"allow":["GET"]}}],"collection":[{"href":"https:\/\/garrett.pt\/en\/wp-json\/wp\/v2\/pages"}],"about":[{"href":"https:\/\/garrett.pt\/en\/wp-json\/wp\/v2\/types\/page"}],"author":[{"embeddable":true,"href":"https:\/\/garrett.pt\/en\/wp-json\/wp\/v2\/users\/11"}],"replies":[{"embeddable":true,"href":"https:\/\/garrett.pt\/en\/wp-json\/wp\/v2\/comments?post=21166"}],"version-history":[{"count":0,"href":"https:\/\/garrett.pt\/en\/wp-json\/wp\/v2\/pages\/21166\/revisions"}],"wp:attachment":[{"href":"https:\/\/garrett.pt\/en\/wp-json\/wp\/v2\/media?parent=21166"}],"curies":[{"name":"wp","href":"https:\/\/api.w.org\/{rel}","templated":true}]}}