{"id":4099,"date":"2017-04-19T11:00:11","date_gmt":"2017-04-19T11:00:11","guid":{"rendered":"https:\/\/garrett.pt\/?page_id=4099"},"modified":"2017-04-19T11:00:11","modified_gmt":"2017-04-19T11:00:11","slug":"roadshow-iluminacao-3-4-maio-ccb","status":"publish","type":"page","link":"https:\/\/garrett.pt\/en\/roadshow-iluminacao-3-4-maio-ccb\/","title":{"rendered":"Roadshow Illumination \u2013 3rd and 4th of May \u2013 CCB"},"content":{"rendered":"<p><img loading=\"lazy\" decoding=\"async\" class=\"wp-image-4085 size-full aligncenter\" src=\"https:\/\/garrett.pt\/wp-content\/uploads\/2017\/04\/Logo_logo_Finalissimo-3.png\" alt=\"\" width=\"770\" height=\"406\" srcset=\"https:\/\/garrett.pt\/wp-content\/uploads\/2017\/04\/Logo_logo_Finalissimo-3.png 770w, https:\/\/garrett.pt\/wp-content\/uploads\/2017\/04\/Logo_logo_Finalissimo-3-600x316.png 600w, https:\/\/garrett.pt\/wp-content\/uploads\/2017\/04\/Logo_logo_Finalissimo-3-300x158.png 300w, https:\/\/garrett.pt\/wp-content\/uploads\/2017\/04\/Logo_logo_Finalissimo-3-768x405.png 768w, https:\/\/garrett.pt\/wp-content\/uploads\/2017\/04\/Logo_logo_Finalissimo-3-720x380.png 720w, https:\/\/garrett.pt\/wp-content\/uploads\/2017\/04\/Logo_logo_Finalissimo-3-24x13.png 24w, https:\/\/garrett.pt\/wp-content\/uploads\/2017\/04\/Logo_logo_Finalissimo-3-36x19.png 36w, https:\/\/garrett.pt\/wp-content\/uploads\/2017\/04\/Logo_logo_Finalissimo-3-48x25.png 48w\" sizes=\"auto, (max-width: 770px) 100vw, 770px\" \/><\/p>","protected":false},"excerpt":{"rendered":"","protected":false},"author":11,"featured_media":4070,"parent":0,"menu_order":0,"comment_status":"closed","ping_status":"closed","template":"","meta":{"cybocfi_hide_featured_image":"","footnotes":""},"class_list":["post-4099","page","type-page","status-publish","has-post-thumbnail","hentry","post","post-with-thumbnail","post-with-thumbnail-large"],"aioseo_notices":[],"aioseo_head":"\n\t\t<!-- All in One SEO Pro 4.9.6.1 - aioseo.com -->\n\t<meta name=\"robots\" content=\"max-image-preview:large\" \/>\n\t<meta name=\"google-site-verification\" content=\"V-yzxKXBUCATCiI1W_5bHMqCYZQPH0cGOGjcdwe4AHM\" \/>\n\t<link rel=\"canonical\" href=\"https:\/\/garrett.pt\/en\/roadshow-iluminacao-3-4-maio-ccb\/\" \/>\n\t<meta name=\"generator\" content=\"All in One SEO Pro (AIOSEO) 4.9.6.1\" \/>\n\t\t<meta property=\"og:locale\" content=\"en_GB\" \/>\n\t\t<meta property=\"og:site_name\" content=\"Garrett Audiovisuais | Projeto e Integra\u00e7\u00e3o de Sistemas Audiovisuais\" \/>\n\t\t<meta property=\"og:type\" content=\"article\" \/>\n\t\t<meta property=\"og:title\" content=\"Roadshow Ilumina\u00e7\u00e3o \u2013 3 e 4 Maio \u2013 CCB | Garrett Audiovisuais\" \/>\n\t\t<meta property=\"og:url\" content=\"https:\/\/garrett.pt\/en\/roadshow-iluminacao-3-4-maio-ccb\/\" \/>\n\t\t<meta property=\"og:image\" content=\"https:\/\/garrett.pt\/wp-content\/uploads\/2017\/04\/Logo_logo_Final.png\" \/>\n\t\t<meta property=\"og:image:secure_url\" content=\"https:\/\/garrett.pt\/wp-content\/uploads\/2017\/04\/Logo_logo_Final.png\" \/>\n\t\t<meta property=\"og:image:width\" content=\"769\" \/>\n\t\t<meta property=\"og:image:height\" content=\"406\" \/>\n\t\t<meta property=\"article:published_time\" content=\"2017-04-19T11:00:11+00:00\" \/>\n\t\t<meta property=\"article:modified_time\" content=\"2017-04-19T11:00:11+00:00\" \/>\n\t\t<meta property=\"article:publisher\" content=\"https:\/\/www.facebook.com\/garrettaudiovisuais\" \/>\n\t\t<meta name=\"twitter:card\" content=\"summary\" \/>\n\t\t<meta name=\"twitter:title\" content=\"Roadshow Ilumina\u00e7\u00e3o \u2013 3 e 4 Maio \u2013 CCB | Garrett Audiovisuais\" \/>\n\t\t<meta name=\"twitter:image\" content=\"https:\/\/garrett.pt\/wp-content\/uploads\/2017\/04\/Logo_logo_Final.png\" \/>\n\t\t<script type=\"application\/ld+json\" class=\"aioseo-schema\">\n\t\t\t{\"@context\":\"https:\\\/\\\/schema.org\",\"@graph\":[{\"@type\":\"BreadcrumbList\",\"@id\":\"https:\\\/\\\/garrett.pt\\\/en\\\/roadshow-iluminacao-3-4-maio-ccb\\\/#breadcrumblist\",\"itemListElement\":[{\"@type\":\"ListItem\",\"@id\":\"https:\\\/\\\/garrett.pt\\\/en#listItem\",\"position\":1,\"name\":\"Home\",\"item\":\"https:\\\/\\\/garrett.pt\\\/en\",\"nextItem\":{\"@type\":\"ListItem\",\"@id\":\"https:\\\/\\\/garrett.pt\\\/en\\\/roadshow-iluminacao-3-4-maio-ccb\\\/#listItem\",\"name\":\"Roadshow Ilumina\\u00e7\\u00e3o \\u2013 3 e 4 Maio \\u2013 CCB\"}},{\"@type\":\"ListItem\",\"@id\":\"https:\\\/\\\/garrett.pt\\\/en\\\/roadshow-iluminacao-3-4-maio-ccb\\\/#listItem\",\"position\":2,\"name\":\"Roadshow Ilumina\\u00e7\\u00e3o \\u2013 3 e 4 Maio \\u2013 CCB\",\"previousItem\":{\"@type\":\"ListItem\",\"@id\":\"https:\\\/\\\/garrett.pt\\\/en#listItem\",\"name\":\"Home\"}}]},{\"@type\":\"Organization\",\"@id\":\"https:\\\/\\\/garrett.pt\\\/en\\\/#organization\",\"name\":\"Garrett Audiovisuais\",\"description\":\"Projeto e Integra\\u00e7\\u00e3o de Sistemas Audiovisuais\",\"url\":\"https:\\\/\\\/garrett.pt\\\/en\\\/\",\"telephone\":\"+351214180134\",\"logo\":{\"@type\":\"ImageObject\",\"url\":\"https:\\\/\\\/garrett.pt\\\/wp-content\\\/uploads\\\/2021\\\/10\\\/1378831_10151703628399331_552396504_n.jpg\",\"@id\":\"https:\\\/\\\/garrett.pt\\\/en\\\/roadshow-iluminacao-3-4-maio-ccb\\\/#organizationLogo\",\"width\":650,\"height\":650},\"image\":{\"@id\":\"https:\\\/\\\/garrett.pt\\\/en\\\/roadshow-iluminacao-3-4-maio-ccb\\\/#organizationLogo\"},\"sameAs\":[\"https:\\\/\\\/www.facebook.com\\\/garrettaudiovisuais\",\"https:\\\/\\\/www.instagram.com\\\/garrettaudiovisuais\\\/\",\"https:\\\/\\\/www.youtube.com\\\/channel\\\/UCMLMFyCLpAQ3D4cYmzC34PQ\",\"https:\\\/\\\/www.linkedin.com\\\/company\\\/garrett-audiovisuais\",\"https:\\\/\\\/www.threads.net\\\/@garrettaudiovisuais\",\"https:\\\/\\\/bsky.app\\\/profile\\\/garrettsa.bsky.social\"]},{\"@type\":\"WebPage\",\"@id\":\"https:\\\/\\\/garrett.pt\\\/en\\\/roadshow-iluminacao-3-4-maio-ccb\\\/#webpage\",\"url\":\"https:\\\/\\\/garrett.pt\\\/en\\\/roadshow-iluminacao-3-4-maio-ccb\\\/\",\"name\":\"Roadshow Ilumina\\u00e7\\u00e3o \\u2013 3 e 4 Maio \\u2013 CCB | Garrett Audiovisuais\",\"inLanguage\":\"en-GB\",\"isPartOf\":{\"@id\":\"https:\\\/\\\/garrett.pt\\\/en\\\/#website\"},\"breadcrumb\":{\"@id\":\"https:\\\/\\\/garrett.pt\\\/en\\\/roadshow-iluminacao-3-4-maio-ccb\\\/#breadcrumblist\"},\"image\":{\"@type\":\"ImageObject\",\"url\":\"https:\\\/\\\/garrett.pt\\\/wp-content\\\/uploads\\\/2017\\\/04\\\/Logo_logo_Final.png\",\"@id\":\"https:\\\/\\\/garrett.pt\\\/en\\\/roadshow-iluminacao-3-4-maio-ccb\\\/#mainImage\",\"width\":769,\"height\":406},\"primaryImageOfPage\":{\"@id\":\"https:\\\/\\\/garrett.pt\\\/en\\\/roadshow-iluminacao-3-4-maio-ccb\\\/#mainImage\"},\"datePublished\":\"2017-04-19T11:00:11+00:00\",\"dateModified\":\"2017-04-19T11:00:11+00:00\"},{\"@type\":\"WebSite\",\"@id\":\"https:\\\/\\\/garrett.pt\\\/en\\\/#website\",\"url\":\"https:\\\/\\\/garrett.pt\\\/en\\\/\",\"name\":\"Garrett Audiovisuais\",\"description\":\"Projeto e Integra\\u00e7\\u00e3o de Sistemas Audiovisuais\",\"inLanguage\":\"en-GB\",\"publisher\":{\"@id\":\"https:\\\/\\\/garrett.pt\\\/en\\\/#organization\"}}]}\n\t\t<\/script>\n\t\t<!-- All in One SEO Pro -->\r\n\t\t<title>Roadshow Ilumina\u00e7\u00e3o \u2013 3 e 4 Maio \u2013 CCB | Garrett Audiovisuais<\/title>\n\n","aioseo_head_json":{"title":"Lighting Roadshow \u2013 May 3rd and 4th \u2013 CCB | Garrett Audiovisuais","description":"","canonical_url":"https:\/\/garrett.pt\/en\/roadshow-iluminacao-3-4-maio-ccb\/","robots":"max-image-preview:large","keywords":"","webmasterTools":{"google-site-verification":"V-yzxKXBUCATCiI1W_5bHMqCYZQPH0cGOGjcdwe4AHM","miscellaneous":""},"schema":{"@context":"https:\/\/schema.org","@graph":[{"@type":"BreadcrumbList","@id":"https:\/\/garrett.pt\/en\/roadshow-iluminacao-3-4-maio-ccb\/#breadcrumblist","itemListElement":[{"@type":"ListItem","@id":"https:\/\/garrett.pt\/en#listItem","position":1,"name":"Home","item":"https:\/\/garrett.pt\/en","nextItem":{"@type":"ListItem","@id":"https:\/\/garrett.pt\/en\/roadshow-iluminacao-3-4-maio-ccb\/#listItem","name":"Roadshow Ilumina\u00e7\u00e3o \u2013 3 e 4 Maio \u2013 CCB"}},{"@type":"ListItem","@id":"https:\/\/garrett.pt\/en\/roadshow-iluminacao-3-4-maio-ccb\/#listItem","position":2,"name":"Roadshow Ilumina\u00e7\u00e3o \u2013 3 e 4 Maio \u2013 CCB","previousItem":{"@type":"ListItem","@id":"https:\/\/garrett.pt\/en#listItem","name":"Home"}}]},{"@type":"Organization","@id":"https:\/\/garrett.pt\/en\/#organization","name":"Garrett Audiovisuais","description":"Projeto e Integra\u00e7\u00e3o de Sistemas Audiovisuais","url":"https:\/\/garrett.pt\/en\/","telephone":"+351214180134","logo":{"@type":"ImageObject","url":"https:\/\/garrett.pt\/wp-content\/uploads\/2021\/10\/1378831_10151703628399331_552396504_n.jpg","@id":"https:\/\/garrett.pt\/en\/roadshow-iluminacao-3-4-maio-ccb\/#organizationLogo","width":650,"height":650},"image":{"@id":"https:\/\/garrett.pt\/en\/roadshow-iluminacao-3-4-maio-ccb\/#organizationLogo"},"sameAs":["https:\/\/www.facebook.com\/garrettaudiovisuais","https:\/\/www.instagram.com\/garrettaudiovisuais\/","https:\/\/www.youtube.com\/channel\/UCMLMFyCLpAQ3D4cYmzC34PQ","https:\/\/www.linkedin.com\/company\/garrett-audiovisuais","https:\/\/www.threads.net\/@garrettaudiovisuais","https:\/\/bsky.app\/profile\/garrettsa.bsky.social"]},{"@type":"WebPage","@id":"https:\/\/garrett.pt\/en\/roadshow-iluminacao-3-4-maio-ccb\/#webpage","url":"https:\/\/garrett.pt\/en\/roadshow-iluminacao-3-4-maio-ccb\/","name":"Roadshow Ilumina\u00e7\u00e3o \u2013 3 e 4 Maio \u2013 CCB | Garrett Audiovisuais","inLanguage":"en-GB","isPartOf":{"@id":"https:\/\/garrett.pt\/en\/#website"},"breadcrumb":{"@id":"https:\/\/garrett.pt\/en\/roadshow-iluminacao-3-4-maio-ccb\/#breadcrumblist"},"image":{"@type":"ImageObject","url":"https:\/\/garrett.pt\/wp-content\/uploads\/2017\/04\/Logo_logo_Final.png","@id":"https:\/\/garrett.pt\/en\/roadshow-iluminacao-3-4-maio-ccb\/#mainImage","width":769,"height":406},"primaryImageOfPage":{"@id":"https:\/\/garrett.pt\/en\/roadshow-iluminacao-3-4-maio-ccb\/#mainImage"},"datePublished":"2017-04-19T11:00:11+00:00","dateModified":"2017-04-19T11:00:11+00:00"},{"@type":"WebSite","@id":"https:\/\/garrett.pt\/en\/#website","url":"https:\/\/garrett.pt\/en\/","name":"Garrett Audiovisuais","description":"Projeto e Integra\u00e7\u00e3o de Sistemas Audiovisuais","inLanguage":"en-GB","publisher":{"@id":"https:\/\/garrett.pt\/en\/#organization"}}]},"og:locale":"en_GB","og:site_name":"Garrett Audiovisuais | Projeto e Integra\u00e7\u00e3o de Sistemas Audiovisuais","og:type":"article","og:title":"Roadshow Ilumina\u00e7\u00e3o \u2013 3 e 4 Maio \u2013 CCB | Garrett Audiovisuais","og:url":"https:\/\/garrett.pt\/en\/roadshow-iluminacao-3-4-maio-ccb\/","og:image":"https:\/\/garrett.pt\/wp-content\/uploads\/2017\/04\/Logo_logo_Final.png","og:image:secure_url":"https:\/\/garrett.pt\/wp-content\/uploads\/2017\/04\/Logo_logo_Final.png","og:image:width":769,"og:image:height":406,"article:published_time":"2017-04-19T11:00:11+00:00","article:modified_time":"2017-04-19T11:00:11+00:00","article:publisher":"https:\/\/www.facebook.com\/garrettaudiovisuais","twitter:card":"summary","twitter:title":"Roadshow Ilumina\u00e7\u00e3o \u2013 3 e 4 Maio \u2013 CCB | Garrett Audiovisuais","twitter:image":"https:\/\/garrett.pt\/wp-content\/uploads\/2017\/04\/Logo_logo_Final.png"},"aioseo_meta_data":{"post_id":"4099","title":null,"description":null,"keywords":null,"keyphrases":null,"primary_term":null,"canonical_url":null,"og_title":null,"og_description":null,"og_object_type":"default","og_image_type":"default","og_image_url":null,"og_image_width":null,"og_image_height":null,"og_image_custom_url":null,"og_image_custom_fields":null,"og_video":null,"og_custom_url":null,"og_article_section":null,"og_article_tags":null,"twitter_use_og":false,"twitter_card":"default","twitter_image_type":"default","twitter_image_url":null,"twitter_image_custom_url":null,"twitter_image_custom_fields":null,"twitter_title":null,"twitter_description":null,"schema":{"blockGraphs":[],"customGraphs":[],"default":{"data":{"Article":[],"Course":[],"Dataset":[],"FAQPage":[],"Movie":[],"Person":[],"Product":[],"ProductReview":[],"Car":[],"Recipe":[],"Service":[],"SoftwareApplication":[],"WebPage":[]},"graphName":"","isEnabled":true},"graphs":[],"defaultGraph":"","defaultPostTypeGraph":""},"schema_type":null,"schema_type_options":null,"pillar_content":false,"robots_default":true,"robots_noindex":false,"robots_noarchive":false,"robots_nosnippet":false,"robots_nofollow":false,"robots_noimageindex":false,"robots_noodp":false,"robots_notranslate":false,"robots_max_snippet":null,"robots_max_videopreview":null,"robots_max_imagepreview":"large","priority":null,"frequency":null,"local_seo":null,"seo_analyzer_scan_date":"2025-10-13 17:49:58","breadcrumb_settings":null,"limit_modified_date":false,"reviewed_by":null,"open_ai":null,"ai":null,"created":"2021-09-22 11:54:42","updated":"2025-10-13 17:49:58"},"aioseo_breadcrumb":"<div class=\"aioseo-breadcrumbs\"><span class=\"aioseo-breadcrumb\">\n\t<a href=\"https:\/\/garrett.pt\/en\" title=\"Home\">Home<\/a>\n<\/span><span class=\"aioseo-breadcrumb-separator\">&raquo;<\/span><span class=\"aioseo-breadcrumb\">\n\tRoadshow Ilumina\u00e7\u00e3o \u2013 3 e 4 Maio \u2013 CCB\n<\/span><\/div>","aioseo_breadcrumb_json":[{"label":"Home","link":"https:\/\/garrett.pt\/en"},{"label":"Roadshow Ilumina\u00e7\u00e3o \u2013 3 e 4 Maio \u2013 CCB","link":"https:\/\/garrett.pt\/en\/roadshow-iluminacao-3-4-maio-ccb\/"}],"_links":{"self":[{"href":"https:\/\/garrett.pt\/en\/wp-json\/wp\/v2\/pages\/4099","targetHints":{"allow":["GET"]}}],"collection":[{"href":"https:\/\/garrett.pt\/en\/wp-json\/wp\/v2\/pages"}],"about":[{"href":"https:\/\/garrett.pt\/en\/wp-json\/wp\/v2\/types\/page"}],"author":[{"embeddable":true,"href":"https:\/\/garrett.pt\/en\/wp-json\/wp\/v2\/users\/11"}],"replies":[{"embeddable":true,"href":"https:\/\/garrett.pt\/en\/wp-json\/wp\/v2\/comments?post=4099"}],"version-history":[{"count":0,"href":"https:\/\/garrett.pt\/en\/wp-json\/wp\/v2\/pages\/4099\/revisions"}],"wp:featuredmedia":[{"embeddable":true,"href":"https:\/\/garrett.pt\/en\/wp-json\/wp\/v2\/media\/4070"}],"wp:attachment":[{"href":"https:\/\/garrett.pt\/en\/wp-json\/wp\/v2\/media?parent=4099"}],"curies":[{"name":"wp","href":"https:\/\/api.w.org\/{rel}","templated":true}]}}