{"id":5489,"date":"2018-01-25T12:22:23","date_gmt":"2018-01-25T12:22:23","guid":{"rendered":"https:\/\/garrett.pt\/?page_id=5489"},"modified":"2022-07-30T23:05:46","modified_gmt":"2022-07-30T23:05:46","slug":"nec","status":"publish","type":"page","link":"https:\/\/garrett.pt\/en\/nec\/","title":{"rendered":"NEC"},"content":{"rendered":"<div id=\"pl-5489\"  class=\"panel-layout\" ><div id=\"pg-5489-0\"  class=\"panel-grid panel-no-style\" ><div id=\"pgc-5489-0-0\"  class=\"panel-grid-cell\" ><div id=\"panel-5489-0-0-0\" class=\"so-panel widget widget_sow-editor panel-first-child panel-last-child\" data-index=\"0\" ><div\n\t\t\t\n\t\t\tclass=\"so-widget-sow-editor so-widget-sow-editor-base\"\n\t\t\t\n\t\t>\n<div class=\"siteorigin-widget-tinymce textwidget\">\n\t<p>\n\t\t\t<!-- START nec REVOLUTION SLIDER 6.7.9 --><p class=\"rs-p-wp-fix\"><\/p>\n\t\t\t<rs-module-wrap id=\"rev_slider_86_1_wrapper\" data-source=\"gallery\" style=\"visibility:hidden;background:transparent;padding:0;margin:0px auto;margin-top:0;margin-bottom:0;\">\n\t\t\t\t<rs-module id=\"rev_slider_86_1\" style=\"\" data-version=\"6.7.9\">\n\t\t\t\t\t<rs-slides style=\"overflow: hidden; position: absolute;\">\n\t\t\t\t\t\t<rs-slide style=\"position: absolute;\" data-key=\"rs-115\" data-title=\"Slide\" data-anim=\"adpr:false;\">\n\t\t\t\t\t\t\t<img decoding=\"async\" src=\"\/\/garrett.pt\/wp-content\/plugins\/revslider\/sr6\/assets\/assets\/dummy.png\" alt=\"\" title=\"NEC\" class=\"rev-slidebg tp-rs-img rs-lazyload\" data-lazyload=\"\/\/garrett.pt\/wp-content\/uploads\/2018\/01\/nec-dsd-swap-warranty-med-crop-tag.jpg\" data-bg=\"p:0% 55%;\" data-no-retina>\n<!--\n\t\t\t\t\t\t\t--><rs-layer\n\t\t\t\t\t\t\t\tid=\"slider-86-slide-115-layer-1\" \n\t\t\t\t\t\t\t\tclass=\"SUBTITULONEW\"\n\t\t\t\t\t\t\t\tdata-type=\"text\"\n\t\t\t\t\t\t\t\tdata-color=\"rgba(255,255,255,1)\"\n\t\t\t\t\t\t\t\tdata-rsp_ch=\"on\"\n\t\t\t\t\t\t\t\tdata-xy=\"x:c;xo:550px,550px,0,0;y:m;yo:162px,162px,-30px,-30px;\"\n\t\t\t\t\t\t\t\tdata-text=\"s:40,40,60,60;l:40;fw:900;\"\n\t\t\t\t\t\t\t\tdata-frame_0=\"tp:600;\"\n\t\t\t\t\t\t\t\tdata-frame_1=\"tp:600;e:power2.inOut;st:500;\"\n\t\t\t\t\t\t\t\tdata-frame_999=\"o:0;tp:600;e:nothing;st:w;\"\n\t\t\t\t\t\t\t\tstyle=\"z-index:5;font-family:'Raleway';\"\n\t\t\t\t\t\t\t> \n\t\t\t\t\t\t\t<\/rs-layer><!--\n\n\t\t\t\t\t\t\t--><rs-layer\n\t\t\t\t\t\t\t\tid=\"slider-86-slide-115-layer-2\" \n\t\t\t\t\t\t\t\tclass=\"SUBTITULONEW\"\n\t\t\t\t\t\t\t\tdata-type=\"text\"\n\t\t\t\t\t\t\t\tdata-color=\"rgba(255,255,255,1)\"\n\t\t\t\t\t\t\t\tdata-rsp_ch=\"on\"\n\t\t\t\t\t\t\t\tdata-xy=\"x:c;xo:584px,584px,0,0;y:m;yo:-184px,-184px,30px,40px;\"\n\t\t\t\t\t\t\t\tdata-text=\"w:normal;s:14,14,16,16;l:16,16,20,20;fw:300,300,400,400;a:center;\"\n\t\t\t\t\t\t\t\tdata-dim=\"w:202px,202px,432px,315px;h:18px,18px,auto,44px;\"\n\t\t\t\t\t\t\t\tdata-frame_0=\"tp:600;\"\n\t\t\t\t\t\t\t\tdata-frame_1=\"tp:600;e:power2.inOut;st:500;\"\n\t\t\t\t\t\t\t\tdata-frame_999=\"o:0;tp:600;e:nothing;st:w;\"\n\t\t\t\t\t\t\t\tstyle=\"z-index:6;font-family:'Open Sans';\"\n\t\t\t\t\t\t\t> \n\t\t\t\t\t\t\t<\/rs-layer><!--\n-->\t\t\t\t\t<\/rs-slide>\n\t\t\t\t\t<\/rs-slides>\n\t\t\t\t<\/rs-module>\n\t\t\t\t<script>\n\t\t\t\t\tsetREVStartSize({c: 'rev_slider_86_1',rl:[1240,1024,778,480],el:[],gw:[1240,1024,778,480],gh:[400,200,700,500],type:'standard',justify:'',layout:'fullwidth',mh:\"0\"});if (window.RS_MODULES!==undefined && window.RS_MODULES.modules!==undefined && window.RS_MODULES.modules[\"revslider861\"]!==undefined) {window.RS_MODULES.modules[\"revslider861\"].once = false;window.revapi86 = undefined;if (window.RS_MODULES.checkMinimal!==undefined) window.RS_MODULES.checkMinimal()}\n\t\t\t\t<\/script>\n\t\t\t<\/rs-module-wrap>\n\t\t\t<!-- END REVOLUTION SLIDER -->\n<\/p><\/div>\n<\/div><\/div><\/div><\/div><div id=\"pg-5489-1\"  class=\"panel-grid panel-no-style\" ><div id=\"pgc-5489-1-0\"  class=\"panel-grid-cell\" ><div id=\"panel-5489-1-0-0\" class=\"so-panel widget widget_siteorigin-panels-builder panel-first-child\" data-index=\"1\" ><div id=\"pl-w62e5b94a46764\"  class=\"panel-layout\" ><div id=\"pg-w62e5b94a46764-0\"  class=\"panel-grid panel-no-style\" ><div id=\"pgc-w62e5b94a46764-0-0\"  class=\"panel-grid-cell\" ><div id=\"panel-w62e5b94a46764-0-0-0\" class=\"so-panel widget widget_sow-editor panel-first-child panel-last-child\" data-index=\"0\" ><div\n\t\t\t\n\t\t\tclass=\"so-widget-sow-editor so-widget-sow-editor-base\"\n\t\t\t\n\t\t>\n<div class=\"siteorigin-widget-tinymce textwidget\">\n\t<p style=\"text-align: center;\"><img loading=\"lazy\" decoding=\"async\" class=\"wp-image-5492 aligncenter\" src=\"https:\/\/garrett.pt\/wp-content\/uploads\/2018\/01\/1280px-NEC_logo.svg_.png\" alt=\"\" width=\"159\" height=\"43\" srcset=\"https:\/\/garrett.pt\/wp-content\/uploads\/2018\/01\/1280px-NEC_logo.svg_.png 1280w, https:\/\/garrett.pt\/wp-content\/uploads\/2018\/01\/1280px-NEC_logo.svg_-600x163.png 600w, https:\/\/garrett.pt\/wp-content\/uploads\/2018\/01\/1280px-NEC_logo.svg_-300x82.png 300w, https:\/\/garrett.pt\/wp-content\/uploads\/2018\/01\/1280px-NEC_logo.svg_-768x209.png 768w, https:\/\/garrett.pt\/wp-content\/uploads\/2018\/01\/1280px-NEC_logo.svg_-1024x278.png 1024w, https:\/\/garrett.pt\/wp-content\/uploads\/2018\/01\/1280px-NEC_logo.svg_-24x7.png 24w, https:\/\/garrett.pt\/wp-content\/uploads\/2018\/01\/1280px-NEC_logo.svg_-36x10.png 36w, https:\/\/garrett.pt\/wp-content\/uploads\/2018\/01\/1280px-NEC_logo.svg_-48x13.png 48w\" sizes=\"auto, (max-width: 159px) 100vw, 159px\" \/><\/p>\n<h5 style=\"text-align: center;\">Projeto e Instala\u00e7\u00e3o de sistemas de imagem NEC nos nossos Projetos Audiovisuais.<\/h5>\n<\/div>\n<\/div><\/div><\/div><\/div><div id=\"pg-w62e5b94a46764-1\"  class=\"panel-grid panel-no-style\" ><div id=\"pgc-w62e5b94a46764-1-0\"  class=\"panel-grid-cell\" ><div id=\"panel-w62e5b94a46764-1-0-0\" class=\"so-panel widget widget_headline-widget panel-first-child panel-last-child\" data-index=\"1\" >\t\t<h1><\/h1>\n\t\t<div class=\"decoration\"><div class=\"decoration-inside\"><\/div><\/div>\n\t\t<h3>Equipamentos e Solu\u00e7\u00f5es<\/h3>\n\t\t<\/div><\/div><\/div><\/div><\/div><div id=\"panel-5489-1-0-1\" class=\"widget_text so-panel widget widget_custom_html panel-last-child\" data-index=\"2\" ><div class=\"textwidget custom-html-widget\">\t\n<\/div><\/div><\/div><\/div><\/div>","protected":false},"excerpt":{"rendered":"<p>Design and Installation of NEC imaging systems in our Audiovisual Projects. Equipment and Solutions<\/p>","protected":false},"author":11,"featured_media":0,"parent":0,"menu_order":0,"comment_status":"closed","ping_status":"closed","template":"templates\/template-full-notitle.php","meta":{"cybocfi_hide_featured_image":"","footnotes":""},"class_list":["post-5489","page","type-page","status-publish","hentry","post"],"aioseo_notices":[],"aioseo_head":"\n\t\t<!-- All in One SEO Pro 4.9.6.2 - aioseo.com -->\n\t<meta name=\"description\" content=\"Projeto e Instala\u00e7\u00e3o de sistemas de imagem NEC nos nossos Projetos Audiovisuais. Equipamentos e Solu\u00e7\u00f5es\" \/>\n\t<meta name=\"robots\" content=\"max-image-preview:large\" \/>\n\t<meta name=\"google-site-verification\" content=\"V-yzxKXBUCATCiI1W_5bHMqCYZQPH0cGOGjcdwe4AHM\" \/>\n\t<link rel=\"canonical\" href=\"https:\/\/garrett.pt\/en\/nec\/\" \/>\n\t<meta name=\"generator\" content=\"All in One SEO Pro (AIOSEO) 4.9.6.2\" \/>\n\t\t<meta property=\"og:locale\" content=\"en_GB\" \/>\n\t\t<meta property=\"og:site_name\" content=\"Garrett Audiovisuais | Projeto e Integra\u00e7\u00e3o de Sistemas Audiovisuais\" \/>\n\t\t<meta property=\"og:type\" content=\"article\" \/>\n\t\t<meta property=\"og:title\" content=\"NEC | Garrett Audiovisuais\" \/>\n\t\t<meta property=\"og:description\" content=\"Projeto e Instala\u00e7\u00e3o de sistemas de imagem NEC nos nossos Projetos Audiovisuais. Equipamentos e Solu\u00e7\u00f5es\" \/>\n\t\t<meta property=\"og:url\" content=\"https:\/\/garrett.pt\/en\/nec\/\" \/>\n\t\t<meta property=\"og:image\" content=\"https:\/\/garrett.pt\/wp-content\/uploads\/2023\/03\/cropped-LOGO_BRWESER-3.png\" \/>\n\t\t<meta property=\"og:image:secure_url\" content=\"https:\/\/garrett.pt\/wp-content\/uploads\/2023\/03\/cropped-LOGO_BRWESER-3.png\" \/>\n\t\t<meta property=\"og:image:width\" content=\"512\" \/>\n\t\t<meta property=\"og:image:height\" content=\"512\" \/>\n\t\t<meta property=\"article:published_time\" content=\"2018-01-25T12:22:23+00:00\" \/>\n\t\t<meta property=\"article:modified_time\" content=\"2022-07-30T23:05:46+00:00\" \/>\n\t\t<meta property=\"article:publisher\" content=\"https:\/\/www.facebook.com\/garrettaudiovisuais\" \/>\n\t\t<meta name=\"twitter:card\" content=\"summary\" \/>\n\t\t<meta name=\"twitter:title\" content=\"NEC | Garrett Audiovisuais\" \/>\n\t\t<meta name=\"twitter:description\" content=\"Projeto e Instala\u00e7\u00e3o de sistemas de imagem NEC nos nossos Projetos Audiovisuais. Equipamentos e Solu\u00e7\u00f5es\" \/>\n\t\t<meta name=\"twitter:image\" content=\"https:\/\/garrett.pt\/wp-content\/uploads\/2023\/03\/cropped-LOGO_BRWESER-3.png\" \/>\n\t\t<script type=\"application\/ld+json\" class=\"aioseo-schema\">\n\t\t\t{\"@context\":\"https:\\\/\\\/schema.org\",\"@graph\":[{\"@type\":\"BreadcrumbList\",\"@id\":\"https:\\\/\\\/garrett.pt\\\/en\\\/nec\\\/#breadcrumblist\",\"itemListElement\":[{\"@type\":\"ListItem\",\"@id\":\"https:\\\/\\\/garrett.pt\\\/en#listItem\",\"position\":1,\"name\":\"Home\",\"item\":\"https:\\\/\\\/garrett.pt\\\/en\",\"nextItem\":{\"@type\":\"ListItem\",\"@id\":\"https:\\\/\\\/garrett.pt\\\/en\\\/nec\\\/#listItem\",\"name\":\"NEC\"}},{\"@type\":\"ListItem\",\"@id\":\"https:\\\/\\\/garrett.pt\\\/en\\\/nec\\\/#listItem\",\"position\":2,\"name\":\"NEC\",\"previousItem\":{\"@type\":\"ListItem\",\"@id\":\"https:\\\/\\\/garrett.pt\\\/en#listItem\",\"name\":\"Home\"}}]},{\"@type\":\"Organization\",\"@id\":\"https:\\\/\\\/garrett.pt\\\/en\\\/#organization\",\"name\":\"Garrett Audiovisuais\",\"description\":\"Projeto e Integra\\u00e7\\u00e3o de Sistemas Audiovisuais\",\"url\":\"https:\\\/\\\/garrett.pt\\\/en\\\/\",\"telephone\":\"+351214180134\",\"logo\":{\"@type\":\"ImageObject\",\"url\":\"https:\\\/\\\/garrett.pt\\\/wp-content\\\/uploads\\\/2021\\\/10\\\/1378831_10151703628399331_552396504_n.jpg\",\"@id\":\"https:\\\/\\\/garrett.pt\\\/en\\\/nec\\\/#organizationLogo\",\"width\":650,\"height\":650},\"image\":{\"@id\":\"https:\\\/\\\/garrett.pt\\\/en\\\/nec\\\/#organizationLogo\"},\"sameAs\":[\"https:\\\/\\\/www.facebook.com\\\/garrettaudiovisuais\",\"https:\\\/\\\/www.instagram.com\\\/garrettaudiovisuais\\\/\",\"https:\\\/\\\/www.youtube.com\\\/channel\\\/UCMLMFyCLpAQ3D4cYmzC34PQ\",\"https:\\\/\\\/www.linkedin.com\\\/company\\\/garrett-audiovisuais\",\"https:\\\/\\\/www.threads.net\\\/@garrettaudiovisuais\",\"https:\\\/\\\/bsky.app\\\/profile\\\/garrettsa.bsky.social\"]},{\"@type\":\"WebPage\",\"@id\":\"https:\\\/\\\/garrett.pt\\\/en\\\/nec\\\/#webpage\",\"url\":\"https:\\\/\\\/garrett.pt\\\/en\\\/nec\\\/\",\"name\":\"NEC | Garrett Audiovisuais\",\"description\":\"Projeto e Instala\\u00e7\\u00e3o de sistemas de imagem NEC nos nossos Projetos Audiovisuais. Equipamentos e Solu\\u00e7\\u00f5es\",\"inLanguage\":\"en-GB\",\"isPartOf\":{\"@id\":\"https:\\\/\\\/garrett.pt\\\/en\\\/#website\"},\"breadcrumb\":{\"@id\":\"https:\\\/\\\/garrett.pt\\\/en\\\/nec\\\/#breadcrumblist\"},\"datePublished\":\"2018-01-25T12:22:23+00:00\",\"dateModified\":\"2022-07-30T23:05:46+00:00\"},{\"@type\":\"WebSite\",\"@id\":\"https:\\\/\\\/garrett.pt\\\/en\\\/#website\",\"url\":\"https:\\\/\\\/garrett.pt\\\/en\\\/\",\"name\":\"Garrett Audiovisuais\",\"description\":\"Projeto e Integra\\u00e7\\u00e3o de Sistemas Audiovisuais\",\"inLanguage\":\"en-GB\",\"publisher\":{\"@id\":\"https:\\\/\\\/garrett.pt\\\/en\\\/#organization\"}}]}\n\t\t<\/script>\n\t\t<!-- All in One SEO Pro -->\r\n\t\t<title>NEC | Garrett Audiovisuais<\/title>\n\n","aioseo_head_json":{"title":"NEC | Garrett Audiovisuals","description":"Design and Installation of NEC imaging systems in our Audiovisual Projects. Equipment and Solutions","canonical_url":"https:\/\/garrett.pt\/en\/nec\/","robots":"max-image-preview:large","keywords":"","webmasterTools":{"google-site-verification":"V-yzxKXBUCATCiI1W_5bHMqCYZQPH0cGOGjcdwe4AHM","miscellaneous":""},"schema":{"@context":"https:\/\/schema.org","@graph":[{"@type":"BreadcrumbList","@id":"https:\/\/garrett.pt\/en\/nec\/#breadcrumblist","itemListElement":[{"@type":"ListItem","@id":"https:\/\/garrett.pt\/en#listItem","position":1,"name":"Home","item":"https:\/\/garrett.pt\/en","nextItem":{"@type":"ListItem","@id":"https:\/\/garrett.pt\/en\/nec\/#listItem","name":"NEC"}},{"@type":"ListItem","@id":"https:\/\/garrett.pt\/en\/nec\/#listItem","position":2,"name":"NEC","previousItem":{"@type":"ListItem","@id":"https:\/\/garrett.pt\/en#listItem","name":"Home"}}]},{"@type":"Organization","@id":"https:\/\/garrett.pt\/en\/#organization","name":"Garrett Audiovisuais","description":"Projeto e Integra\u00e7\u00e3o de Sistemas Audiovisuais","url":"https:\/\/garrett.pt\/en\/","telephone":"+351214180134","logo":{"@type":"ImageObject","url":"https:\/\/garrett.pt\/wp-content\/uploads\/2021\/10\/1378831_10151703628399331_552396504_n.jpg","@id":"https:\/\/garrett.pt\/en\/nec\/#organizationLogo","width":650,"height":650},"image":{"@id":"https:\/\/garrett.pt\/en\/nec\/#organizationLogo"},"sameAs":["https:\/\/www.facebook.com\/garrettaudiovisuais","https:\/\/www.instagram.com\/garrettaudiovisuais\/","https:\/\/www.youtube.com\/channel\/UCMLMFyCLpAQ3D4cYmzC34PQ","https:\/\/www.linkedin.com\/company\/garrett-audiovisuais","https:\/\/www.threads.net\/@garrettaudiovisuais","https:\/\/bsky.app\/profile\/garrettsa.bsky.social"]},{"@type":"WebPage","@id":"https:\/\/garrett.pt\/en\/nec\/#webpage","url":"https:\/\/garrett.pt\/en\/nec\/","name":"NEC | Garrett Audiovisuais","description":"Projeto e Instala\u00e7\u00e3o de sistemas de imagem NEC nos nossos Projetos Audiovisuais. Equipamentos e Solu\u00e7\u00f5es","inLanguage":"en-GB","isPartOf":{"@id":"https:\/\/garrett.pt\/en\/#website"},"breadcrumb":{"@id":"https:\/\/garrett.pt\/en\/nec\/#breadcrumblist"},"datePublished":"2018-01-25T12:22:23+00:00","dateModified":"2022-07-30T23:05:46+00:00"},{"@type":"WebSite","@id":"https:\/\/garrett.pt\/en\/#website","url":"https:\/\/garrett.pt\/en\/","name":"Garrett Audiovisuais","description":"Projeto e Integra\u00e7\u00e3o de Sistemas Audiovisuais","inLanguage":"en-GB","publisher":{"@id":"https:\/\/garrett.pt\/en\/#organization"}}]},"og:locale":"en_GB","og:site_name":"Garrett Audiovisuais | Projeto e Integra\u00e7\u00e3o de Sistemas Audiovisuais","og:type":"article","og:title":"NEC | Garrett Audiovisuais","og:description":"Projeto e Instala\u00e7\u00e3o de sistemas de imagem NEC nos nossos Projetos Audiovisuais. Equipamentos e Solu\u00e7\u00f5es","og:url":"https:\/\/garrett.pt\/en\/nec\/","og:image":"https:\/\/garrett.pt\/wp-content\/uploads\/2023\/03\/cropped-LOGO_BRWESER-3.png","og:image:secure_url":"https:\/\/garrett.pt\/wp-content\/uploads\/2023\/03\/cropped-LOGO_BRWESER-3.png","og:image:width":512,"og:image:height":512,"article:published_time":"2018-01-25T12:22:23+00:00","article:modified_time":"2022-07-30T23:05:46+00:00","article:publisher":"https:\/\/www.facebook.com\/garrettaudiovisuais","twitter:card":"summary","twitter:title":"NEC | Garrett Audiovisuais","twitter:description":"Projeto e Instala\u00e7\u00e3o de sistemas de imagem NEC nos nossos Projetos Audiovisuais. Equipamentos e Solu\u00e7\u00f5es","twitter:image":"https:\/\/garrett.pt\/wp-content\/uploads\/2023\/03\/cropped-LOGO_BRWESER-3.png"},"aioseo_meta_data":{"post_id":"5489","title":null,"description":null,"keywords":[],"keyphrases":{"focus":{"keyphrase":"","score":0,"analysis":{"keyphraseInTitle":{"score":0,"maxScore":9,"error":1}}},"additional":[]},"primary_term":null,"canonical_url":null,"og_title":null,"og_description":null,"og_object_type":"default","og_image_type":"default","og_image_url":null,"og_image_width":null,"og_image_height":null,"og_image_custom_url":null,"og_image_custom_fields":null,"og_video":"","og_custom_url":null,"og_article_section":null,"og_article_tags":[],"twitter_use_og":false,"twitter_card":"default","twitter_image_type":"default","twitter_image_url":null,"twitter_image_custom_url":null,"twitter_image_custom_fields":null,"twitter_title":null,"twitter_description":null,"schema":{"blockGraphs":[],"customGraphs":[],"default":{"data":{"Article":[],"Course":[],"Dataset":[],"FAQPage":[],"Movie":[],"Person":[],"Product":[],"ProductReview":[],"Car":[],"Recipe":[],"Service":[],"SoftwareApplication":[],"WebPage":[]},"graphName":"","isEnabled":true},"graphs":[],"defaultGraph":"WebPage","defaultPostTypeGraph":""},"schema_type":"default","schema_type_options":"{\"article\":{\"articleType\":\"BlogPosting\"},\"course\":{\"name\":\"\",\"description\":\"\",\"provider\":\"\"},\"faq\":{\"pages\":[]},\"product\":{\"reviews\":[]},\"recipe\":{\"ingredients\":[],\"instructions\":[],\"keywords\":[]},\"software\":{\"reviews\":[],\"operatingSystems\":[]},\"webPage\":{\"webPageType\":\"WebPage\"},\"blockGraphs\":[]}","pillar_content":false,"robots_default":true,"robots_noindex":false,"robots_noarchive":false,"robots_nosnippet":false,"robots_nofollow":false,"robots_noimageindex":false,"robots_noodp":false,"robots_notranslate":false,"robots_max_snippet":"-1","robots_max_videopreview":"-1","robots_max_imagepreview":"large","priority":null,"frequency":"default","local_seo":null,"seo_analyzer_scan_date":"2025-10-13 17:51:51","breadcrumb_settings":null,"limit_modified_date":false,"reviewed_by":null,"open_ai":null,"ai":null,"created":"2021-09-22 11:56:07","updated":"2025-10-13 17:51:51"},"aioseo_breadcrumb":"<div class=\"aioseo-breadcrumbs\"><span class=\"aioseo-breadcrumb\">\n\t<a href=\"https:\/\/garrett.pt\/en\" title=\"Home\">Home<\/a>\n<\/span><span class=\"aioseo-breadcrumb-separator\">&raquo;<\/span><span class=\"aioseo-breadcrumb\">\n\tNEC\n<\/span><\/div>","aioseo_breadcrumb_json":[{"label":"Home","link":"https:\/\/garrett.pt\/en"},{"label":"NEC","link":"https:\/\/garrett.pt\/en\/nec\/"}],"_links":{"self":[{"href":"https:\/\/garrett.pt\/en\/wp-json\/wp\/v2\/pages\/5489","targetHints":{"allow":["GET"]}}],"collection":[{"href":"https:\/\/garrett.pt\/en\/wp-json\/wp\/v2\/pages"}],"about":[{"href":"https:\/\/garrett.pt\/en\/wp-json\/wp\/v2\/types\/page"}],"author":[{"embeddable":true,"href":"https:\/\/garrett.pt\/en\/wp-json\/wp\/v2\/users\/11"}],"replies":[{"embeddable":true,"href":"https:\/\/garrett.pt\/en\/wp-json\/wp\/v2\/comments?post=5489"}],"version-history":[{"count":0,"href":"https:\/\/garrett.pt\/en\/wp-json\/wp\/v2\/pages\/5489\/revisions"}],"wp:attachment":[{"href":"https:\/\/garrett.pt\/en\/wp-json\/wp\/v2\/media?parent=5489"}],"curies":[{"name":"wp","href":"https:\/\/api.w.org\/{rel}","templated":true}]}}