{"id":6338,"date":"2018-06-12T10:55:37","date_gmt":"2018-06-12T10:55:37","guid":{"rendered":"https:\/\/garrett.pt\/?page_id=6338"},"modified":"2018-06-12T10:58:02","modified_gmt":"2018-06-12T10:58:02","slug":"rgpd","status":"publish","type":"page","link":"https:\/\/garrett.pt\/en\/rgpd\/","title":{"rendered":"GDPR \u2013 Consent to Process Personal Data for Sending Marketing Communications"},"content":{"rendered":"<div id=\"pl-6338\"  class=\"panel-layout\" ><div id=\"pg-6338-0\"  class=\"panel-grid panel-no-style\" ><div id=\"pgc-6338-0-0\"  class=\"panel-grid-cell panel-grid-cell-empty\" ><\/div><div id=\"pgc-6338-0-1\"  class=\"panel-grid-cell panel-grid-cell-mobile-last\" ><div id=\"panel-6338-0-1-0\" class=\"so-panel widget widget_sow-editor panel-first-child panel-last-child\" data-index=\"0\" ><div\n\t\t\t\n\t\t\tclass=\"so-widget-sow-editor so-widget-sow-editor-base\"\n\t\t\t\n\t\t>\n<div class=\"siteorigin-widget-tinymce textwidget\">\n\t<img loading=\"lazy\" decoding=\"async\" class=\"wp-image-6348 size-full aligncenter\" src=\"https:\/\/garrett.pt\/wp-content\/uploads\/2018\/06\/00000001-1.jpg\" alt=\"\" width=\"856\" height=\"243\" srcset=\"https:\/\/garrett.pt\/wp-content\/uploads\/2018\/06\/00000001-1.jpg 856w, https:\/\/garrett.pt\/wp-content\/uploads\/2018\/06\/00000001-1-600x170.jpg 600w, https:\/\/garrett.pt\/wp-content\/uploads\/2018\/06\/00000001-1-300x85.jpg 300w, https:\/\/garrett.pt\/wp-content\/uploads\/2018\/06\/00000001-1-768x218.jpg 768w, https:\/\/garrett.pt\/wp-content\/uploads\/2018\/06\/00000001-1-24x7.jpg 24w, https:\/\/garrett.pt\/wp-content\/uploads\/2018\/06\/00000001-1-36x10.jpg 36w, https:\/\/garrett.pt\/wp-content\/uploads\/2018\/06\/00000001-1-48x14.jpg 48w\" sizes=\"auto, (max-width: 856px) 100vw, 856px\" \/><\/div>\n<\/div><\/div><\/div><div id=\"pgc-6338-0-2\"  class=\"panel-grid-cell panel-grid-cell-empty\" ><\/div><\/div><div id=\"pg-6338-1\"  class=\"panel-grid panel-no-style\" ><div id=\"pgc-6338-1-0\"  class=\"panel-grid-cell panel-grid-cell-empty\" ><\/div><div id=\"pgc-6338-1-1\"  class=\"panel-grid-cell panel-grid-cell-mobile-last\" ><div id=\"panel-6338-1-1-0\" class=\"so-panel widget widget_sow-editor panel-first-child\" data-index=\"1\" ><div\n\t\t\t\n\t\t\tclass=\"so-widget-sow-editor so-widget-sow-editor-base\"\n\t\t\t\n\t\t>\n<div class=\"siteorigin-widget-tinymce textwidget\">\n\t<\/div>\n<\/div><\/div><div id=\"panel-6338-1-1-1\" class=\"so-panel widget widget_sow-editor\" data-index=\"2\" ><div\n\t\t\t\n\t\t\tclass=\"so-widget-sow-editor so-widget-sow-editor-base\"\n\t\t\t\n\t\t>\n<div class=\"siteorigin-widget-tinymce textwidget\">\n\t<h4 class=\"entry-title\" style=\"text-align: center;\">RGPD \u2013 Consentimento de tratamento de dados pessoais para envio de comunica\u00e7\u00f5es de Marketing<\/h4><\/div>\n<\/div><\/div><div id=\"panel-6338-1-1-2\" class=\"so-panel widget widget_sow-editor\" data-index=\"3\" ><div\n\t\t\t\n\t\t\tclass=\"so-widget-sow-editor so-widget-sow-editor-base\"\n\t\t\t\n\t\t>\n<div class=\"siteorigin-widget-tinymce textwidget\">\n\t<p style=\"text-align: center;\">\n<div class=\"wpcf7 no-js\" id=\"wpcf7-f6313-o1\" lang=\"pt-PT\" dir=\"ltr\" data-wpcf7-id=\"6313\">\n<div class=\"screen-reader-response\"><p role=\"status\" aria-live=\"polite\" aria-atomic=\"true\"><\/p> <ul><\/ul><\/div>\n<form action=\"\/en\/wp-json\/wp\/v2\/pages\/6338#wpcf7-f6313-o1\" method=\"post\" class=\"wpcf7-form init\" aria-label=\"Formul\u00e1rio de contacto\" novalidate=\"novalidate\" data-status=\"init\">\n<fieldset class=\"hidden-fields-container\"><input type=\"hidden\" name=\"_wpcf7\" value=\"6313\" \/><input type=\"hidden\" name=\"_wpcf7_version\" value=\"6.1.5\" \/><input type=\"hidden\" name=\"_wpcf7_locale\" value=\"pt_PT\" \/><input type=\"hidden\" name=\"_wpcf7_unit_tag\" value=\"wpcf7-f6313-o1\" \/><input type=\"hidden\" name=\"_wpcf7_container_post\" value=\"0\" \/><input type=\"hidden\" name=\"_wpcf7_posted_data_hash\" value=\"\" \/><input type=\"hidden\" name=\"_wpcf7dtx_version\" value=\"5.0.5\" \/><input type=\"hidden\" name=\"_wpcf7_recaptcha_response\" value=\"\" \/>\n<\/fieldset>\n<p>Estimado cliente,<br \/>\nAtualize por favor os seus dados e d\u00ea-nos o seu consentimento para podermos continuar a comunicar consigo!.\n<\/p>\n<p><label> O seu nome*<br \/>\n<span class=\"wpcf7-form-control-wrap\" data-name=\"your-name\"><input size=\"40\" maxlength=\"400\" class=\"wpcf7-form-control wpcf7-text wpcf7-validates-as-required\" aria-required=\"true\" aria-invalid=\"false\" value=\"\" type=\"text\" name=\"your-name\" \/><\/span> <\/label>\n<\/p>\n<p><label> Empresa*<br \/>\n<span class=\"wpcf7-form-control-wrap\" data-name=\"empresa\"><input size=\"40\" maxlength=\"400\" class=\"wpcf7-form-control wpcf7-text wpcf7-validates-as-required\" aria-required=\"true\" aria-invalid=\"false\" placeholder=\"nome pessoal, caso n\u00e3o tenha empresa\" value=\"\" type=\"text\" name=\"empresa\" \/><\/span> <\/label>\n<\/p>\n<p><label> O seu email*<br \/>\n<span class=\"wpcf7-form-control-wrap\" data-name=\"your-email\"><input size=\"40\" maxlength=\"400\" class=\"wpcf7-form-control wpcf7-email wpcf7-validates-as-required wpcf7-text wpcf7-validates-as-email\" aria-required=\"true\" aria-invalid=\"false\" value=\"\" type=\"email\" name=\"your-email\" \/><\/span> <\/label>\n<\/p>\n<p><label> O seu nr. de telefone*<br \/>\n<span class=\"wpcf7-form-control-wrap\" data-name=\"Telefone\"><input size=\"40\" maxlength=\"400\" class=\"wpcf7-form-control wpcf7-tel wpcf7-validates-as-required wpcf7-text wpcf7-validates-as-tel\" aria-required=\"true\" aria-invalid=\"false\" value=\"\" type=\"tel\" name=\"Telefone\" \/><\/span> <\/label>\n<\/p>\n<h4><br \/>\n<span class=\"wpcf7-form-control-wrap\" data-name=\"aceitacaodecondicoes\"><span class=\"wpcf7-form-control wpcf7-acceptance\"><span class=\"wpcf7-list-item\"><label><input type=\"checkbox\" name=\"aceitacaodecondicoes\" value=\"1\" aria-invalid=\"false\" \/><span class=\"wpcf7-list-item-label\">Autorizo o tratamento dos meus dados pessoais para efeito de envio de comunica\u00e7\u00f5es de Marketing Direto, relativas a produtos e servi\u00e7os comercializados pela Garrett S.A., bem como para a realiza\u00e7\u00e3o de campanhas e eventos.\nTomei conhecimento que poderei retirar o meu consentimento a qualquer momento, atrav\u00e9s de pedido expresso pelo email dpo@garrett.pt.\nTomei tamb\u00e9m conhecimento da Politica de Privacidade da Garrett S.A., dispon\u00edvel em: <a href=\"https:\/\/garrett.pt\/politica-de-privacidade\/\" target=\"_blank\">www.garrett.pt\/politica-de-privacidade<\/a>.<\/span><\/label><\/span><\/span><\/span>\n<\/h4>\n<p><input class=\"wpcf7-form-control wpcf7-submit has-spinner\" type=\"submit\" value=\"Enviar\" \/>\n<\/p>\n<p>*Campos obrigat\u00f3rios\n<\/p><p style=\"display: none !important;\" class=\"akismet-fields-container\" data-prefix=\"_wpcf7_ak_\"><label>&#916;<textarea name=\"_wpcf7_ak_hp_textarea\" cols=\"45\" rows=\"8\" maxlength=\"100\"><\/textarea><\/label><input type=\"hidden\" id=\"ak_js_1\" name=\"_wpcf7_ak_js\" value=\"192\"\/><script type=\"text\/javascript\">\n\/* <![CDATA[ *\/\ndocument.getElementById( \"ak_js_1\" ).setAttribute( \"value\", ( new Date() ).getTime() );\n\/* ]]> *\/\n<\/script>\n<\/p><div class=\"wpcf7-response-output\" aria-hidden=\"true\"><\/div>\n<\/form>\n<\/div>\n<\/p><\/div>\n<\/div><\/div><div id=\"panel-6338-1-1-3\" class=\"so-panel widget widget_sow-editor panel-last-child\" data-index=\"4\" ><div\n\t\t\t\n\t\t\tclass=\"so-widget-sow-editor so-widget-sow-editor-base\"\n\t\t\t\n\t\t>\n<div class=\"siteorigin-widget-tinymce textwidget\">\n\t<\/div>\n<\/div><\/div><\/div><div id=\"pgc-6338-1-2\"  class=\"panel-grid-cell panel-grid-cell-empty\" ><\/div><\/div><\/div>","protected":false},"excerpt":{"rendered":"<p>GDPR \u2013 Consent to Process Personal Data for Sending Marketing Communications<\/p>","protected":false},"author":11,"featured_media":0,"parent":0,"menu_order":0,"comment_status":"closed","ping_status":"closed","template":"","meta":{"cybocfi_hide_featured_image":"","footnotes":""},"class_list":["post-6338","page","type-page","status-publish","hentry","post"],"aioseo_notices":[],"aioseo_head":"\n\t\t<!-- All in One SEO Pro 4.9.6.2 - aioseo.com -->\n\t<meta name=\"description\" content=\"RGPD \u2013 Consentimento de tratamento de dados pessoais para envio de comunica\u00e7\u00f5es de Marketing Estimado cliente, Atualize por favor os seus dados e d\u00ea-nos o seu consentimento para podermos continuar a comunicar consigo!. O seu nome* Empresa* O seu email* O seu nr. de telefone* Autorizo o tratamento dos meus dados pessoais para efeito de\" \/>\n\t<meta name=\"robots\" content=\"max-image-preview:large\" \/>\n\t<meta name=\"google-site-verification\" content=\"V-yzxKXBUCATCiI1W_5bHMqCYZQPH0cGOGjcdwe4AHM\" \/>\n\t<link rel=\"canonical\" href=\"https:\/\/garrett.pt\/en\/rgpd\/\" \/>\n\t<meta name=\"generator\" content=\"All in One SEO Pro (AIOSEO) 4.9.6.2\" \/>\n\t\t<meta property=\"og:locale\" content=\"en_GB\" \/>\n\t\t<meta property=\"og:site_name\" content=\"Garrett Audiovisuais | Projeto e Integra\u00e7\u00e3o de Sistemas Audiovisuais\" \/>\n\t\t<meta property=\"og:type\" content=\"article\" \/>\n\t\t<meta property=\"og:title\" content=\"RGPD \u2013 Consentimento de tratamento de dados pessoais para envio de comunica\u00e7\u00f5es de Marketing | Garrett Audiovisuais\" \/>\n\t\t<meta property=\"og:description\" content=\"RGPD \u2013 Consentimento de tratamento de dados pessoais para envio de comunica\u00e7\u00f5es de Marketing Estimado cliente, Atualize por favor os seus dados e d\u00ea-nos o seu consentimento para podermos continuar a comunicar consigo!. O seu nome* Empresa* O seu email* O seu nr. de telefone* Autorizo o tratamento dos meus dados pessoais para efeito de\" \/>\n\t\t<meta property=\"og:url\" content=\"https:\/\/garrett.pt\/en\/rgpd\/\" \/>\n\t\t<meta property=\"og:image\" content=\"https:\/\/garrett.pt\/wp-content\/uploads\/2023\/03\/cropped-LOGO_BRWESER-3.png\" \/>\n\t\t<meta property=\"og:image:secure_url\" content=\"https:\/\/garrett.pt\/wp-content\/uploads\/2023\/03\/cropped-LOGO_BRWESER-3.png\" \/>\n\t\t<meta property=\"og:image:width\" content=\"512\" \/>\n\t\t<meta property=\"og:image:height\" content=\"512\" \/>\n\t\t<meta property=\"article:published_time\" content=\"2018-06-12T10:55:37+00:00\" \/>\n\t\t<meta property=\"article:modified_time\" content=\"2018-06-12T10:58:02+00:00\" \/>\n\t\t<meta property=\"article:publisher\" content=\"https:\/\/www.facebook.com\/garrettaudiovisuais\" \/>\n\t\t<meta name=\"twitter:card\" content=\"summary\" \/>\n\t\t<meta name=\"twitter:title\" content=\"RGPD \u2013 Consentimento de tratamento de dados pessoais para envio de comunica\u00e7\u00f5es de Marketing | Garrett Audiovisuais\" \/>\n\t\t<meta name=\"twitter:description\" content=\"RGPD \u2013 Consentimento de tratamento de dados pessoais para envio de comunica\u00e7\u00f5es de Marketing Estimado cliente, Atualize por favor os seus dados e d\u00ea-nos o seu consentimento para podermos continuar a comunicar consigo!. O seu nome* Empresa* O seu email* O seu nr. de telefone* Autorizo o tratamento dos meus dados pessoais para efeito de\" \/>\n\t\t<meta name=\"twitter:image\" content=\"https:\/\/garrett.pt\/wp-content\/uploads\/2023\/03\/cropped-LOGO_BRWESER-3.png\" \/>\n\t\t<script type=\"application\/ld+json\" class=\"aioseo-schema\">\n\t\t\t{\"@context\":\"https:\\\/\\\/schema.org\",\"@graph\":[{\"@type\":\"BreadcrumbList\",\"@id\":\"https:\\\/\\\/garrett.pt\\\/en\\\/rgpd\\\/#breadcrumblist\",\"itemListElement\":[{\"@type\":\"ListItem\",\"@id\":\"https:\\\/\\\/garrett.pt\\\/en#listItem\",\"position\":1,\"name\":\"Home\",\"item\":\"https:\\\/\\\/garrett.pt\\\/en\",\"nextItem\":{\"@type\":\"ListItem\",\"@id\":\"https:\\\/\\\/garrett.pt\\\/en\\\/rgpd\\\/#listItem\",\"name\":\"RGPD \\u2013 Consentimento de tratamento de dados pessoais para envio de comunica\\u00e7\\u00f5es de Marketing\"}},{\"@type\":\"ListItem\",\"@id\":\"https:\\\/\\\/garrett.pt\\\/en\\\/rgpd\\\/#listItem\",\"position\":2,\"name\":\"RGPD \\u2013 Consentimento de tratamento de dados pessoais para envio de comunica\\u00e7\\u00f5es de Marketing\",\"previousItem\":{\"@type\":\"ListItem\",\"@id\":\"https:\\\/\\\/garrett.pt\\\/en#listItem\",\"name\":\"Home\"}}]},{\"@type\":\"Organization\",\"@id\":\"https:\\\/\\\/garrett.pt\\\/en\\\/#organization\",\"name\":\"Garrett Audiovisuais\",\"description\":\"Projeto e Integra\\u00e7\\u00e3o de Sistemas Audiovisuais\",\"url\":\"https:\\\/\\\/garrett.pt\\\/en\\\/\",\"telephone\":\"+351214180134\",\"logo\":{\"@type\":\"ImageObject\",\"url\":\"https:\\\/\\\/garrett.pt\\\/wp-content\\\/uploads\\\/2021\\\/10\\\/1378831_10151703628399331_552396504_n.jpg\",\"@id\":\"https:\\\/\\\/garrett.pt\\\/en\\\/rgpd\\\/#organizationLogo\",\"width\":650,\"height\":650},\"image\":{\"@id\":\"https:\\\/\\\/garrett.pt\\\/en\\\/rgpd\\\/#organizationLogo\"},\"sameAs\":[\"https:\\\/\\\/www.facebook.com\\\/garrettaudiovisuais\",\"https:\\\/\\\/www.instagram.com\\\/garrettaudiovisuais\\\/\",\"https:\\\/\\\/www.youtube.com\\\/channel\\\/UCMLMFyCLpAQ3D4cYmzC34PQ\",\"https:\\\/\\\/www.linkedin.com\\\/company\\\/garrett-audiovisuais\",\"https:\\\/\\\/www.threads.net\\\/@garrettaudiovisuais\",\"https:\\\/\\\/bsky.app\\\/profile\\\/garrettsa.bsky.social\"]},{\"@type\":\"WebPage\",\"@id\":\"https:\\\/\\\/garrett.pt\\\/en\\\/rgpd\\\/#webpage\",\"url\":\"https:\\\/\\\/garrett.pt\\\/en\\\/rgpd\\\/\",\"name\":\"RGPD \\u2013 Consentimento de tratamento de dados pessoais para envio de comunica\\u00e7\\u00f5es de Marketing | Garrett Audiovisuais\",\"description\":\"RGPD \\u2013 Consentimento de tratamento de dados pessoais para envio de comunica\\u00e7\\u00f5es de Marketing Estimado cliente, Atualize por favor os seus dados e d\\u00ea-nos o seu consentimento para podermos continuar a comunicar consigo!. O seu nome* Empresa* O seu email* O seu nr. de telefone* Autorizo o tratamento dos meus dados pessoais para efeito de\",\"inLanguage\":\"en-GB\",\"isPartOf\":{\"@id\":\"https:\\\/\\\/garrett.pt\\\/en\\\/#website\"},\"breadcrumb\":{\"@id\":\"https:\\\/\\\/garrett.pt\\\/en\\\/rgpd\\\/#breadcrumblist\"},\"datePublished\":\"2018-06-12T10:55:37+00:00\",\"dateModified\":\"2018-06-12T10:58:02+00:00\"},{\"@type\":\"WebSite\",\"@id\":\"https:\\\/\\\/garrett.pt\\\/en\\\/#website\",\"url\":\"https:\\\/\\\/garrett.pt\\\/en\\\/\",\"name\":\"Garrett Audiovisuais\",\"description\":\"Projeto e Integra\\u00e7\\u00e3o de Sistemas Audiovisuais\",\"inLanguage\":\"en-GB\",\"publisher\":{\"@id\":\"https:\\\/\\\/garrett.pt\\\/en\\\/#organization\"}}]}\n\t\t<\/script>\n\t\t<!-- All in One SEO Pro -->\r\n\t\t<title>RGPD \u2013 Consentimento de tratamento de dados pessoais para envio de comunica\u00e7\u00f5es de Marketing | Garrett Audiovisuais<\/title>\n\n","aioseo_head_json":{"title":"GDPR \u2013 Consent for the processing of personal data for sending marketing communications | Garrett Audiovisuals","description":"GDPR \u2013 Consent for the processing of personal data for sending marketing communications Dear customer, Please update your details and give us your consent so that we can continue to communicate with you! Your name* Company* Your email* Your phone number* I authorize the processing of my personal data for the purpose of","canonical_url":"https:\/\/garrett.pt\/en\/rgpd\/","robots":"max-image-preview:large","keywords":"","webmasterTools":{"google-site-verification":"V-yzxKXBUCATCiI1W_5bHMqCYZQPH0cGOGjcdwe4AHM","miscellaneous":""},"schema":{"@context":"https:\/\/schema.org","@graph":[{"@type":"BreadcrumbList","@id":"https:\/\/garrett.pt\/en\/rgpd\/#breadcrumblist","itemListElement":[{"@type":"ListItem","@id":"https:\/\/garrett.pt\/en#listItem","position":1,"name":"Home","item":"https:\/\/garrett.pt\/en","nextItem":{"@type":"ListItem","@id":"https:\/\/garrett.pt\/en\/rgpd\/#listItem","name":"RGPD \u2013 Consentimento de tratamento de dados pessoais para envio de comunica\u00e7\u00f5es de Marketing"}},{"@type":"ListItem","@id":"https:\/\/garrett.pt\/en\/rgpd\/#listItem","position":2,"name":"RGPD \u2013 Consentimento de tratamento de dados pessoais para envio de comunica\u00e7\u00f5es de Marketing","previousItem":{"@type":"ListItem","@id":"https:\/\/garrett.pt\/en#listItem","name":"Home"}}]},{"@type":"Organization","@id":"https:\/\/garrett.pt\/en\/#organization","name":"Garrett Audiovisuais","description":"Projeto e Integra\u00e7\u00e3o de Sistemas Audiovisuais","url":"https:\/\/garrett.pt\/en\/","telephone":"+351214180134","logo":{"@type":"ImageObject","url":"https:\/\/garrett.pt\/wp-content\/uploads\/2021\/10\/1378831_10151703628399331_552396504_n.jpg","@id":"https:\/\/garrett.pt\/en\/rgpd\/#organizationLogo","width":650,"height":650},"image":{"@id":"https:\/\/garrett.pt\/en\/rgpd\/#organizationLogo"},"sameAs":["https:\/\/www.facebook.com\/garrettaudiovisuais","https:\/\/www.instagram.com\/garrettaudiovisuais\/","https:\/\/www.youtube.com\/channel\/UCMLMFyCLpAQ3D4cYmzC34PQ","https:\/\/www.linkedin.com\/company\/garrett-audiovisuais","https:\/\/www.threads.net\/@garrettaudiovisuais","https:\/\/bsky.app\/profile\/garrettsa.bsky.social"]},{"@type":"WebPage","@id":"https:\/\/garrett.pt\/en\/rgpd\/#webpage","url":"https:\/\/garrett.pt\/en\/rgpd\/","name":"RGPD \u2013 Consentimento de tratamento de dados pessoais para envio de comunica\u00e7\u00f5es de Marketing | Garrett Audiovisuais","description":"RGPD \u2013 Consentimento de tratamento de dados pessoais para envio de comunica\u00e7\u00f5es de Marketing Estimado cliente, Atualize por favor os seus dados e d\u00ea-nos o seu consentimento para podermos continuar a comunicar consigo!. O seu nome* Empresa* O seu email* O seu nr. de telefone* Autorizo o tratamento dos meus dados pessoais para efeito de","inLanguage":"en-GB","isPartOf":{"@id":"https:\/\/garrett.pt\/en\/#website"},"breadcrumb":{"@id":"https:\/\/garrett.pt\/en\/rgpd\/#breadcrumblist"},"datePublished":"2018-06-12T10:55:37+00:00","dateModified":"2018-06-12T10:58:02+00:00"},{"@type":"WebSite","@id":"https:\/\/garrett.pt\/en\/#website","url":"https:\/\/garrett.pt\/en\/","name":"Garrett Audiovisuais","description":"Projeto e Integra\u00e7\u00e3o de Sistemas Audiovisuais","inLanguage":"en-GB","publisher":{"@id":"https:\/\/garrett.pt\/en\/#organization"}}]},"og:locale":"en_GB","og:site_name":"Garrett Audiovisuais | Projeto e Integra\u00e7\u00e3o de Sistemas Audiovisuais","og:type":"article","og:title":"RGPD \u2013 Consentimento de tratamento de dados pessoais para envio de comunica\u00e7\u00f5es de Marketing | Garrett Audiovisuais","og:description":"RGPD \u2013 Consentimento de tratamento de dados pessoais para envio de comunica\u00e7\u00f5es de Marketing Estimado cliente, Atualize por favor os seus dados e d\u00ea-nos o seu consentimento para podermos continuar a comunicar consigo!. O seu nome* Empresa* O seu email* O seu nr. de telefone* Autorizo o tratamento dos meus dados pessoais para efeito de","og:url":"https:\/\/garrett.pt\/en\/rgpd\/","og:image":"https:\/\/garrett.pt\/wp-content\/uploads\/2023\/03\/cropped-LOGO_BRWESER-3.png","og:image:secure_url":"https:\/\/garrett.pt\/wp-content\/uploads\/2023\/03\/cropped-LOGO_BRWESER-3.png","og:image:width":512,"og:image:height":512,"article:published_time":"2018-06-12T10:55:37+00:00","article:modified_time":"2018-06-12T10:58:02+00:00","article:publisher":"https:\/\/www.facebook.com\/garrettaudiovisuais","twitter:card":"summary","twitter:title":"RGPD \u2013 Consentimento de tratamento de dados pessoais para envio de comunica\u00e7\u00f5es de Marketing | Garrett Audiovisuais","twitter:description":"RGPD \u2013 Consentimento de tratamento de dados pessoais para envio de comunica\u00e7\u00f5es de Marketing Estimado cliente, Atualize por favor os seus dados e d\u00ea-nos o seu consentimento para podermos continuar a comunicar consigo!. O seu nome* Empresa* O seu email* O seu nr. de telefone* Autorizo o tratamento dos meus dados pessoais para efeito de","twitter:image":"https:\/\/garrett.pt\/wp-content\/uploads\/2023\/03\/cropped-LOGO_BRWESER-3.png"},"aioseo_meta_data":{"post_id":"6338","title":null,"description":null,"keywords":null,"keyphrases":null,"primary_term":null,"canonical_url":null,"og_title":null,"og_description":null,"og_object_type":"default","og_image_type":"default","og_image_url":null,"og_image_width":null,"og_image_height":null,"og_image_custom_url":null,"og_image_custom_fields":null,"og_video":null,"og_custom_url":null,"og_article_section":null,"og_article_tags":null,"twitter_use_og":false,"twitter_card":"default","twitter_image_type":"default","twitter_image_url":null,"twitter_image_custom_url":null,"twitter_image_custom_fields":null,"twitter_title":null,"twitter_description":null,"schema":{"blockGraphs":[],"customGraphs":[],"default":{"data":{"Article":[],"Course":[],"Dataset":[],"FAQPage":[],"Movie":[],"Person":[],"Product":[],"ProductReview":[],"Car":[],"Recipe":[],"Service":[],"SoftwareApplication":[],"WebPage":[]},"graphName":"","isEnabled":true},"graphs":[],"defaultGraph":"","defaultPostTypeGraph":""},"schema_type":null,"schema_type_options":null,"pillar_content":false,"robots_default":true,"robots_noindex":false,"robots_noarchive":false,"robots_nosnippet":false,"robots_nofollow":false,"robots_noimageindex":false,"robots_noodp":false,"robots_notranslate":false,"robots_max_snippet":null,"robots_max_videopreview":null,"robots_max_imagepreview":"large","priority":null,"frequency":null,"local_seo":null,"seo_analyzer_scan_date":"2025-10-13 17:53:41","breadcrumb_settings":null,"limit_modified_date":false,"reviewed_by":null,"open_ai":null,"ai":null,"created":"2021-09-22 11:56:07","updated":"2025-10-13 17:53:41"},"aioseo_breadcrumb":"<div class=\"aioseo-breadcrumbs\"><span class=\"aioseo-breadcrumb\">\n\t<a href=\"https:\/\/garrett.pt\/en\" title=\"Home\">Home<\/a>\n<\/span><span class=\"aioseo-breadcrumb-separator\">&raquo;<\/span><span class=\"aioseo-breadcrumb\">\n\tRGPD \u2013 Consentimento de tratamento de dados pessoais para envio de comunica\u00e7\u00f5es de Marketing\n<\/span><\/div>","aioseo_breadcrumb_json":[{"label":"Home","link":"https:\/\/garrett.pt\/en"},{"label":"RGPD \u2013 Consentimento de tratamento de dados pessoais para envio de comunica\u00e7\u00f5es de Marketing","link":"https:\/\/garrett.pt\/en\/rgpd\/"}],"_links":{"self":[{"href":"https:\/\/garrett.pt\/en\/wp-json\/wp\/v2\/pages\/6338","targetHints":{"allow":["GET"]}}],"collection":[{"href":"https:\/\/garrett.pt\/en\/wp-json\/wp\/v2\/pages"}],"about":[{"href":"https:\/\/garrett.pt\/en\/wp-json\/wp\/v2\/types\/page"}],"author":[{"embeddable":true,"href":"https:\/\/garrett.pt\/en\/wp-json\/wp\/v2\/users\/11"}],"replies":[{"embeddable":true,"href":"https:\/\/garrett.pt\/en\/wp-json\/wp\/v2\/comments?post=6338"}],"version-history":[{"count":0,"href":"https:\/\/garrett.pt\/en\/wp-json\/wp\/v2\/pages\/6338\/revisions"}],"wp:attachment":[{"href":"https:\/\/garrett.pt\/en\/wp-json\/wp\/v2\/media?parent=6338"}],"curies":[{"name":"wp","href":"https:\/\/api.w.org\/{rel}","templated":true}]}}