{"id":11897,"date":"2021-04-23T16:46:04","date_gmt":"2021-04-23T16:46:04","guid":{"rendered":"https:\/\/garrett.pt\/?post_type=product&#038;p=11897"},"modified":"2021-04-26T10:53:24","modified_gmt":"2021-04-26T10:53:24","slug":"ls1-series-audio-flexivel","status":"publish","type":"product","link":"https:\/\/garrett.pt\/en\/product\/ls1-series-audio-flexivel\/","title":{"rendered":"LS1 Series \u2013 Flexible Audio"},"content":{"rendered":"<p><iframe loading=\"lazy\" title=\"Cornered Audio Placement options Black speakers\" width=\"720\" height=\"405\" src=\"https:\/\/www.youtube.com\/embed\/NdVaqw4oD-Q?feature=oembed&#038;enablejsapi=1&#038;origin=https:\/\/garrett.pt\" frameborder=\"0\" allow=\"accelerometer; autoplay; clipboard-write; encrypted-media; gyroscope; picture-in-picture\" allowfullscreen><\/iframe><\/p>","protected":false},"excerpt":{"rendered":"<p>LS1 is a flexible line source loudspeaker that offers an aesthetic approach to sound reinforcement in the toughest of venues. Two, four or six models can fly in a straight vertical array, offering 50, 40 and 30 degree vertical coverage with a range beyond 35 meters. The rear-mounted flying system is highly discreet, enhancing the aesthetic appearance. A powerful flyable subwoofer is available for the LS1. The six-piece LS1 delivers up to 105 dB over 35 meters with Hi-Fi-like sound quality and a very small footprint.<\/p>","protected":false},"featured_media":11898,"comment_status":"closed","ping_status":"closed","template":"","meta":{"cybocfi_hide_featured_image":""},"product_brand":[],"product_cat":[182,100,337,187,200],"product_tag":[],"class_list":{"0":"post-11897","1":"product","2":"type-product","3":"status-publish","4":"has-post-thumbnail","6":"product_cat-colunas","7":"product_cat-colunas-para-som-ambiente","8":"product_cat-cornered-audio","9":"product_cat-integracao","10":"product_cat-som-ambiente-public-address","11":"post","12":"post-with-thumbnail","13":"post-with-thumbnail-large","15":"first","16":"instock","17":"taxable","18":"shipping-taxable","19":"product-type-simple"},"aioseo_notices":[],"aioseo_head":"\n\t\t<!-- All in One SEO Pro 4.9.6.1 - aioseo.com -->\n\t<meta name=\"description\" content=\"LS1 \u00e9 um altifalante de fonte de linha flex\u00edvel que oferece uma abordagem est\u00e9tica para refor\u00e7o de som em locais mais dif\u00edceis. Dois, quatro ou seis modelos podem voar em uma matriz vertical reta, oferecendo cobertura vertical de 50, 40 e 30 graus com alcance al\u00e9m de 35 metros. O sistema voador montado na traseira \u00e9 altamente discreto, aumentando a apar\u00eancia est\u00e9tica. Um poderoso subwoofer vo\u00e1vel est\u00e1 dispon\u00edvel para o LS1. O LS1 de seis pe\u00e7as oferece at\u00e9 105 dB em 35 metros com qualidade de som tipo Hi-Fi e uma pegada muito pequena.\" \/>\n\t<meta name=\"robots\" content=\"max-image-preview:large\" \/>\n\t<meta name=\"google-site-verification\" content=\"V-yzxKXBUCATCiI1W_5bHMqCYZQPH0cGOGjcdwe4AHM\" \/>\n\t<link rel=\"canonical\" href=\"https:\/\/garrett.pt\/en\/product\/ls1-series-audio-flexivel\/\" \/>\n\t<meta name=\"generator\" content=\"All in One SEO Pro (AIOSEO) 4.9.6.1\" \/>\n\t\t<meta property=\"og:locale\" content=\"en_GB\" \/>\n\t\t<meta property=\"og:site_name\" content=\"Garrett Audiovisuais | Projeto e Integra\u00e7\u00e3o de Sistemas Audiovisuais\" \/>\n\t\t<meta property=\"og:type\" content=\"article\" \/>\n\t\t<meta property=\"og:title\" content=\"LS1 Series \u2013 Audio Fl\u00e9xivel | Garrett Audiovisuais\" \/>\n\t\t<meta property=\"og:description\" content=\"LS1 \u00e9 um altifalante de fonte de linha flex\u00edvel que oferece uma abordagem est\u00e9tica para refor\u00e7o de som em locais mais dif\u00edceis. Dois, quatro ou seis modelos podem voar em uma matriz vertical reta, oferecendo cobertura vertical de 50, 40 e 30 graus com alcance al\u00e9m de 35 metros. O sistema voador montado na traseira \u00e9 altamente discreto, aumentando a apar\u00eancia est\u00e9tica. Um poderoso subwoofer vo\u00e1vel est\u00e1 dispon\u00edvel para o LS1. O LS1 de seis pe\u00e7as oferece at\u00e9 105 dB em 35 metros com qualidade de som tipo Hi-Fi e uma pegada muito pequena.\" \/>\n\t\t<meta property=\"og:url\" content=\"https:\/\/garrett.pt\/en\/product\/ls1-series-audio-flexivel\/\" \/>\n\t\t<meta property=\"og:image\" content=\"https:\/\/garrett.pt\/wp-content\/uploads\/2021\/04\/ls1.jpg\" \/>\n\t\t<meta property=\"og:image:secure_url\" content=\"https:\/\/garrett.pt\/wp-content\/uploads\/2021\/04\/ls1.jpg\" \/>\n\t\t<meta property=\"og:image:width\" content=\"500\" \/>\n\t\t<meta property=\"og:image:height\" content=\"500\" \/>\n\t\t<meta property=\"article:published_time\" content=\"2021-04-23T16:46:04+00:00\" \/>\n\t\t<meta property=\"article:modified_time\" content=\"2021-04-26T10:53:24+00:00\" \/>\n\t\t<meta property=\"article:publisher\" content=\"https:\/\/www.facebook.com\/garrettaudiovisuais\" \/>\n\t\t<meta name=\"twitter:card\" content=\"summary\" \/>\n\t\t<meta name=\"twitter:title\" content=\"LS1 Series \u2013 Audio Fl\u00e9xivel | Garrett Audiovisuais\" \/>\n\t\t<meta name=\"twitter:description\" content=\"LS1 \u00e9 um altifalante de fonte de linha flex\u00edvel que oferece uma abordagem est\u00e9tica para refor\u00e7o de som em locais mais dif\u00edceis. Dois, quatro ou seis modelos podem voar em uma matriz vertical reta, oferecendo cobertura vertical de 50, 40 e 30 graus com alcance al\u00e9m de 35 metros. O sistema voador montado na traseira \u00e9 altamente discreto, aumentando a apar\u00eancia est\u00e9tica. Um poderoso subwoofer vo\u00e1vel est\u00e1 dispon\u00edvel para o LS1. O LS1 de seis pe\u00e7as oferece at\u00e9 105 dB em 35 metros com qualidade de som tipo Hi-Fi e uma pegada muito pequena.\" \/>\n\t\t<meta name=\"twitter:image\" content=\"https:\/\/garrett.pt\/wp-content\/uploads\/2021\/04\/ls1.jpg\" \/>\n\t\t<script type=\"application\/ld+json\" class=\"aioseo-schema\">\n\t\t\t{\"@context\":\"https:\\\/\\\/schema.org\",\"@graph\":[{\"@type\":\"BreadcrumbList\",\"@id\":\"https:\\\/\\\/garrett.pt\\\/en\\\/product\\\/ls1-series-audio-flexivel\\\/#breadcrumblist\",\"itemListElement\":[{\"@type\":\"ListItem\",\"@id\":\"https:\\\/\\\/garrett.pt\\\/en#listItem\",\"position\":1,\"name\":\"Home\",\"item\":\"https:\\\/\\\/garrett.pt\\\/en\",\"nextItem\":{\"@type\":\"ListItem\",\"@id\":\"https:\\\/\\\/garrett.pt\\\/en\\\/?page_id=927#listItem\",\"name\":\"Private: Shop\"}},{\"@type\":\"ListItem\",\"@id\":\"https:\\\/\\\/garrett.pt\\\/en\\\/?page_id=927#listItem\",\"position\":2,\"name\":\"Private: Shop\",\"item\":\"https:\\\/\\\/garrett.pt\\\/en\\\/?page_id=927\",\"nextItem\":{\"@type\":\"ListItem\",\"@id\":\"https:\\\/\\\/garrett.pt\\\/en\\\/product-category\\\/audio\\\/#listItem\",\"name\":\"Audio\"},\"previousItem\":{\"@type\":\"ListItem\",\"@id\":\"https:\\\/\\\/garrett.pt\\\/en#listItem\",\"name\":\"Home\"}},{\"@type\":\"ListItem\",\"@id\":\"https:\\\/\\\/garrett.pt\\\/en\\\/product-category\\\/audio\\\/#listItem\",\"position\":3,\"name\":\"Audio\",\"item\":\"https:\\\/\\\/garrett.pt\\\/en\\\/product-category\\\/audio\\\/\",\"nextItem\":{\"@type\":\"ListItem\",\"@id\":\"https:\\\/\\\/garrett.pt\\\/en\\\/product-category\\\/audio\\\/colunas\\\/#listItem\",\"name\":\"Colunas\"},\"previousItem\":{\"@type\":\"ListItem\",\"@id\":\"https:\\\/\\\/garrett.pt\\\/en\\\/?page_id=927#listItem\",\"name\":\"Private: Shop\"}},{\"@type\":\"ListItem\",\"@id\":\"https:\\\/\\\/garrett.pt\\\/en\\\/product-category\\\/audio\\\/colunas\\\/#listItem\",\"position\":4,\"name\":\"Colunas\",\"item\":\"https:\\\/\\\/garrett.pt\\\/en\\\/product-category\\\/audio\\\/colunas\\\/\",\"nextItem\":{\"@type\":\"ListItem\",\"@id\":\"https:\\\/\\\/garrett.pt\\\/en\\\/product-category\\\/audio\\\/colunas\\\/integracao\\\/#listItem\",\"name\":\"Integra\\u00e7\\u00e3o\"},\"previousItem\":{\"@type\":\"ListItem\",\"@id\":\"https:\\\/\\\/garrett.pt\\\/en\\\/product-category\\\/audio\\\/#listItem\",\"name\":\"Audio\"}},{\"@type\":\"ListItem\",\"@id\":\"https:\\\/\\\/garrett.pt\\\/en\\\/product-category\\\/audio\\\/colunas\\\/integracao\\\/#listItem\",\"position\":5,\"name\":\"Integra\\u00e7\\u00e3o\",\"item\":\"https:\\\/\\\/garrett.pt\\\/en\\\/product-category\\\/audio\\\/colunas\\\/integracao\\\/\",\"nextItem\":{\"@type\":\"ListItem\",\"@id\":\"https:\\\/\\\/garrett.pt\\\/en\\\/product\\\/ls1-series-audio-flexivel\\\/#listItem\",\"name\":\"LS1 Series &#8211; Audio Fl\\u00e9xivel\"},\"previousItem\":{\"@type\":\"ListItem\",\"@id\":\"https:\\\/\\\/garrett.pt\\\/en\\\/product-category\\\/audio\\\/colunas\\\/#listItem\",\"name\":\"Colunas\"}},{\"@type\":\"ListItem\",\"@id\":\"https:\\\/\\\/garrett.pt\\\/en\\\/product\\\/ls1-series-audio-flexivel\\\/#listItem\",\"position\":6,\"name\":\"LS1 Series &#8211; Audio Fl\\u00e9xivel\",\"previousItem\":{\"@type\":\"ListItem\",\"@id\":\"https:\\\/\\\/garrett.pt\\\/en\\\/product-category\\\/audio\\\/colunas\\\/integracao\\\/#listItem\",\"name\":\"Integra\\u00e7\\u00e3o\"}}]},{\"@type\":\"ItemPage\",\"@id\":\"https:\\\/\\\/garrett.pt\\\/en\\\/product\\\/ls1-series-audio-flexivel\\\/#itempage\",\"url\":\"https:\\\/\\\/garrett.pt\\\/en\\\/product\\\/ls1-series-audio-flexivel\\\/\",\"name\":\"LS1 Series \\u2013 Audio Fl\\u00e9xivel | Garrett Audiovisuais\",\"description\":\"LS1 \\u00e9 um altifalante de fonte de linha flex\\u00edvel que oferece uma abordagem est\\u00e9tica para refor\\u00e7o de som em locais mais dif\\u00edceis. Dois, quatro ou seis modelos podem voar em uma matriz vertical reta, oferecendo cobertura vertical de 50, 40 e 30 graus com alcance al\\u00e9m de 35 metros. O sistema voador montado na traseira \\u00e9 altamente discreto, aumentando a apar\\u00eancia est\\u00e9tica. Um poderoso subwoofer vo\\u00e1vel est\\u00e1 dispon\\u00edvel para o LS1. O LS1 de seis pe\\u00e7as oferece at\\u00e9 105 dB em 35 metros com qualidade de som tipo Hi-Fi e uma pegada muito pequena.\",\"inLanguage\":\"en-GB\",\"isPartOf\":{\"@id\":\"https:\\\/\\\/garrett.pt\\\/en\\\/#website\"},\"breadcrumb\":{\"@id\":\"https:\\\/\\\/garrett.pt\\\/en\\\/product\\\/ls1-series-audio-flexivel\\\/#breadcrumblist\"},\"image\":{\"@type\":\"ImageObject\",\"url\":\"https:\\\/\\\/garrett.pt\\\/wp-content\\\/uploads\\\/2021\\\/04\\\/ls1.jpg\",\"@id\":\"https:\\\/\\\/garrett.pt\\\/en\\\/product\\\/ls1-series-audio-flexivel\\\/#mainImage\",\"width\":500,\"height\":500},\"primaryImageOfPage\":{\"@id\":\"https:\\\/\\\/garrett.pt\\\/en\\\/product\\\/ls1-series-audio-flexivel\\\/#mainImage\"},\"datePublished\":\"2021-04-23T16:46:04+00:00\",\"dateModified\":\"2021-04-26T10:53:24+00:00\"},{\"@type\":\"Organization\",\"@id\":\"https:\\\/\\\/garrett.pt\\\/en\\\/#organization\",\"name\":\"Garrett Audiovisuais\",\"description\":\"Projeto e Integra\\u00e7\\u00e3o de Sistemas Audiovisuais\",\"url\":\"https:\\\/\\\/garrett.pt\\\/en\\\/\",\"telephone\":\"+351214180134\",\"logo\":{\"@type\":\"ImageObject\",\"url\":\"https:\\\/\\\/garrett.pt\\\/wp-content\\\/uploads\\\/2021\\\/10\\\/1378831_10151703628399331_552396504_n.jpg\",\"@id\":\"https:\\\/\\\/garrett.pt\\\/en\\\/product\\\/ls1-series-audio-flexivel\\\/#organizationLogo\",\"width\":650,\"height\":650},\"image\":{\"@id\":\"https:\\\/\\\/garrett.pt\\\/en\\\/product\\\/ls1-series-audio-flexivel\\\/#organizationLogo\"},\"sameAs\":[\"https:\\\/\\\/www.facebook.com\\\/garrettaudiovisuais\",\"https:\\\/\\\/www.instagram.com\\\/garrettaudiovisuais\\\/\",\"https:\\\/\\\/www.youtube.com\\\/channel\\\/UCMLMFyCLpAQ3D4cYmzC34PQ\",\"https:\\\/\\\/www.linkedin.com\\\/company\\\/garrett-audiovisuais\",\"https:\\\/\\\/www.threads.net\\\/@garrettaudiovisuais\",\"https:\\\/\\\/bsky.app\\\/profile\\\/garrettsa.bsky.social\"]},{\"@type\":\"WebPage\",\"@id\":\"https:\\\/\\\/garrett.pt\\\/en\\\/product\\\/ls1-series-audio-flexivel\\\/#webpage\",\"url\":\"https:\\\/\\\/garrett.pt\\\/en\\\/product\\\/ls1-series-audio-flexivel\\\/\",\"name\":\"LS1 Series \\u2013 Audio Fl\\u00e9xivel | Garrett Audiovisuais\",\"description\":\"LS1 \\u00e9 um altifalante de fonte de linha flex\\u00edvel que oferece uma abordagem est\\u00e9tica para refor\\u00e7o de som em locais mais dif\\u00edceis. Dois, quatro ou seis modelos podem voar em uma matriz vertical reta, oferecendo cobertura vertical de 50, 40 e 30 graus com alcance al\\u00e9m de 35 metros. O sistema voador montado na traseira \\u00e9 altamente discreto, aumentando a apar\\u00eancia est\\u00e9tica. Um poderoso subwoofer vo\\u00e1vel est\\u00e1 dispon\\u00edvel para o LS1. O LS1 de seis pe\\u00e7as oferece at\\u00e9 105 dB em 35 metros com qualidade de som tipo Hi-Fi e uma pegada muito pequena.\",\"inLanguage\":\"en-GB\",\"isPartOf\":{\"@id\":\"https:\\\/\\\/garrett.pt\\\/en\\\/#website\"},\"breadcrumb\":{\"@id\":\"https:\\\/\\\/garrett.pt\\\/en\\\/product\\\/ls1-series-audio-flexivel\\\/#breadcrumblist\"},\"image\":{\"@type\":\"ImageObject\",\"url\":\"https:\\\/\\\/garrett.pt\\\/wp-content\\\/uploads\\\/2021\\\/04\\\/ls1.jpg\",\"@id\":\"https:\\\/\\\/garrett.pt\\\/en\\\/product\\\/ls1-series-audio-flexivel\\\/#mainImage\",\"width\":500,\"height\":500},\"primaryImageOfPage\":{\"@id\":\"https:\\\/\\\/garrett.pt\\\/en\\\/product\\\/ls1-series-audio-flexivel\\\/#mainImage\"},\"datePublished\":\"2021-04-23T16:46:04+00:00\",\"dateModified\":\"2021-04-26T10:53:24+00:00\"},{\"@type\":\"WebSite\",\"@id\":\"https:\\\/\\\/garrett.pt\\\/en\\\/#website\",\"url\":\"https:\\\/\\\/garrett.pt\\\/en\\\/\",\"name\":\"Garrett Audiovisuais\",\"description\":\"Projeto e Integra\\u00e7\\u00e3o de Sistemas Audiovisuais\",\"inLanguage\":\"en-GB\",\"publisher\":{\"@id\":\"https:\\\/\\\/garrett.pt\\\/en\\\/#organization\"}}]}\n\t\t<\/script>\n\t\t<!-- All in One SEO Pro -->\r\n\t\t<title>LS1 Series \u2013 Audio Fl\u00e9xivel | Garrett Audiovisuais<\/title>\n\n","aioseo_head_json":{"title":"LS1 Series \u2013 Flexible Audio | Garrett Audiovisuals","description":"LS1 is a flexible line source loudspeaker that offers an aesthetic approach to sound reinforcement in the toughest of venues. Two, four or six models can fly in a straight vertical array, offering 50, 40 and 30 degree vertical coverage with a range beyond 35 meters. The rear-mounted flying system is highly discreet, enhancing the aesthetic appearance. A powerful flyable subwoofer is available for the LS1. The six-piece LS1 delivers up to 105 dB over 35 meters with Hi-Fi-like sound quality and a very small footprint.","canonical_url":"https:\/\/garrett.pt\/en\/product\/ls1-series-audio-flexivel\/","robots":"max-image-preview:large","keywords":"","webmasterTools":{"google-site-verification":"V-yzxKXBUCATCiI1W_5bHMqCYZQPH0cGOGjcdwe4AHM","miscellaneous":""},"schema":{"@context":"https:\/\/schema.org","@graph":[{"@type":"BreadcrumbList","@id":"https:\/\/garrett.pt\/en\/product\/ls1-series-audio-flexivel\/#breadcrumblist","itemListElement":[{"@type":"ListItem","@id":"https:\/\/garrett.pt\/en#listItem","position":1,"name":"Home","item":"https:\/\/garrett.pt\/en","nextItem":{"@type":"ListItem","@id":"https:\/\/garrett.pt\/en\/?page_id=927#listItem","name":"Private: Shop"}},{"@type":"ListItem","@id":"https:\/\/garrett.pt\/en\/?page_id=927#listItem","position":2,"name":"Private: Shop","item":"https:\/\/garrett.pt\/en\/?page_id=927","nextItem":{"@type":"ListItem","@id":"https:\/\/garrett.pt\/en\/product-category\/audio\/#listItem","name":"Audio"},"previousItem":{"@type":"ListItem","@id":"https:\/\/garrett.pt\/en#listItem","name":"Home"}},{"@type":"ListItem","@id":"https:\/\/garrett.pt\/en\/product-category\/audio\/#listItem","position":3,"name":"Audio","item":"https:\/\/garrett.pt\/en\/product-category\/audio\/","nextItem":{"@type":"ListItem","@id":"https:\/\/garrett.pt\/en\/product-category\/audio\/colunas\/#listItem","name":"Colunas"},"previousItem":{"@type":"ListItem","@id":"https:\/\/garrett.pt\/en\/?page_id=927#listItem","name":"Private: Shop"}},{"@type":"ListItem","@id":"https:\/\/garrett.pt\/en\/product-category\/audio\/colunas\/#listItem","position":4,"name":"Colunas","item":"https:\/\/garrett.pt\/en\/product-category\/audio\/colunas\/","nextItem":{"@type":"ListItem","@id":"https:\/\/garrett.pt\/en\/product-category\/audio\/colunas\/integracao\/#listItem","name":"Integra\u00e7\u00e3o"},"previousItem":{"@type":"ListItem","@id":"https:\/\/garrett.pt\/en\/product-category\/audio\/#listItem","name":"Audio"}},{"@type":"ListItem","@id":"https:\/\/garrett.pt\/en\/product-category\/audio\/colunas\/integracao\/#listItem","position":5,"name":"Integra\u00e7\u00e3o","item":"https:\/\/garrett.pt\/en\/product-category\/audio\/colunas\/integracao\/","nextItem":{"@type":"ListItem","@id":"https:\/\/garrett.pt\/en\/product\/ls1-series-audio-flexivel\/#listItem","name":"LS1 Series &#8211; Audio Fl\u00e9xivel"},"previousItem":{"@type":"ListItem","@id":"https:\/\/garrett.pt\/en\/product-category\/audio\/colunas\/#listItem","name":"Colunas"}},{"@type":"ListItem","@id":"https:\/\/garrett.pt\/en\/product\/ls1-series-audio-flexivel\/#listItem","position":6,"name":"LS1 Series &#8211; Audio Fl\u00e9xivel","previousItem":{"@type":"ListItem","@id":"https:\/\/garrett.pt\/en\/product-category\/audio\/colunas\/integracao\/#listItem","name":"Integra\u00e7\u00e3o"}}]},{"@type":"ItemPage","@id":"https:\/\/garrett.pt\/en\/product\/ls1-series-audio-flexivel\/#itempage","url":"https:\/\/garrett.pt\/en\/product\/ls1-series-audio-flexivel\/","name":"LS1 Series \u2013 Audio Fl\u00e9xivel | Garrett Audiovisuais","description":"LS1 \u00e9 um altifalante de fonte de linha flex\u00edvel que oferece uma abordagem est\u00e9tica para refor\u00e7o de som em locais mais dif\u00edceis. Dois, quatro ou seis modelos podem voar em uma matriz vertical reta, oferecendo cobertura vertical de 50, 40 e 30 graus com alcance al\u00e9m de 35 metros. O sistema voador montado na traseira \u00e9 altamente discreto, aumentando a apar\u00eancia est\u00e9tica. Um poderoso subwoofer vo\u00e1vel est\u00e1 dispon\u00edvel para o LS1. O LS1 de seis pe\u00e7as oferece at\u00e9 105 dB em 35 metros com qualidade de som tipo Hi-Fi e uma pegada muito pequena.","inLanguage":"en-GB","isPartOf":{"@id":"https:\/\/garrett.pt\/en\/#website"},"breadcrumb":{"@id":"https:\/\/garrett.pt\/en\/product\/ls1-series-audio-flexivel\/#breadcrumblist"},"image":{"@type":"ImageObject","url":"https:\/\/garrett.pt\/wp-content\/uploads\/2021\/04\/ls1.jpg","@id":"https:\/\/garrett.pt\/en\/product\/ls1-series-audio-flexivel\/#mainImage","width":500,"height":500},"primaryImageOfPage":{"@id":"https:\/\/garrett.pt\/en\/product\/ls1-series-audio-flexivel\/#mainImage"},"datePublished":"2021-04-23T16:46:04+00:00","dateModified":"2021-04-26T10:53:24+00:00"},{"@type":"Organization","@id":"https:\/\/garrett.pt\/en\/#organization","name":"Garrett Audiovisuais","description":"Projeto e Integra\u00e7\u00e3o de Sistemas Audiovisuais","url":"https:\/\/garrett.pt\/en\/","telephone":"+351214180134","logo":{"@type":"ImageObject","url":"https:\/\/garrett.pt\/wp-content\/uploads\/2021\/10\/1378831_10151703628399331_552396504_n.jpg","@id":"https:\/\/garrett.pt\/en\/product\/ls1-series-audio-flexivel\/#organizationLogo","width":650,"height":650},"image":{"@id":"https:\/\/garrett.pt\/en\/product\/ls1-series-audio-flexivel\/#organizationLogo"},"sameAs":["https:\/\/www.facebook.com\/garrettaudiovisuais","https:\/\/www.instagram.com\/garrettaudiovisuais\/","https:\/\/www.youtube.com\/channel\/UCMLMFyCLpAQ3D4cYmzC34PQ","https:\/\/www.linkedin.com\/company\/garrett-audiovisuais","https:\/\/www.threads.net\/@garrettaudiovisuais","https:\/\/bsky.app\/profile\/garrettsa.bsky.social"]},{"@type":"WebPage","@id":"https:\/\/garrett.pt\/en\/product\/ls1-series-audio-flexivel\/#webpage","url":"https:\/\/garrett.pt\/en\/product\/ls1-series-audio-flexivel\/","name":"LS1 Series \u2013 Audio Fl\u00e9xivel | Garrett Audiovisuais","description":"LS1 \u00e9 um altifalante de fonte de linha flex\u00edvel que oferece uma abordagem est\u00e9tica para refor\u00e7o de som em locais mais dif\u00edceis. Dois, quatro ou seis modelos podem voar em uma matriz vertical reta, oferecendo cobertura vertical de 50, 40 e 30 graus com alcance al\u00e9m de 35 metros. O sistema voador montado na traseira \u00e9 altamente discreto, aumentando a apar\u00eancia est\u00e9tica. Um poderoso subwoofer vo\u00e1vel est\u00e1 dispon\u00edvel para o LS1. O LS1 de seis pe\u00e7as oferece at\u00e9 105 dB em 35 metros com qualidade de som tipo Hi-Fi e uma pegada muito pequena.","inLanguage":"en-GB","isPartOf":{"@id":"https:\/\/garrett.pt\/en\/#website"},"breadcrumb":{"@id":"https:\/\/garrett.pt\/en\/product\/ls1-series-audio-flexivel\/#breadcrumblist"},"image":{"@type":"ImageObject","url":"https:\/\/garrett.pt\/wp-content\/uploads\/2021\/04\/ls1.jpg","@id":"https:\/\/garrett.pt\/en\/product\/ls1-series-audio-flexivel\/#mainImage","width":500,"height":500},"primaryImageOfPage":{"@id":"https:\/\/garrett.pt\/en\/product\/ls1-series-audio-flexivel\/#mainImage"},"datePublished":"2021-04-23T16:46:04+00:00","dateModified":"2021-04-26T10:53:24+00:00"},{"@type":"WebSite","@id":"https:\/\/garrett.pt\/en\/#website","url":"https:\/\/garrett.pt\/en\/","name":"Garrett Audiovisuais","description":"Projeto e Integra\u00e7\u00e3o de Sistemas Audiovisuais","inLanguage":"en-GB","publisher":{"@id":"https:\/\/garrett.pt\/en\/#organization"}}]},"og:locale":"en_GB","og:site_name":"Garrett Audiovisuais | Projeto e Integra\u00e7\u00e3o de Sistemas Audiovisuais","og:type":"article","og:title":"LS1 Series \u2013 Audio Fl\u00e9xivel | Garrett Audiovisuais","og:description":"LS1 \u00e9 um altifalante de fonte de linha flex\u00edvel que oferece uma abordagem est\u00e9tica para refor\u00e7o de som em locais mais dif\u00edceis. Dois, quatro ou seis modelos podem voar em uma matriz vertical reta, oferecendo cobertura vertical de 50, 40 e 30 graus com alcance al\u00e9m de 35 metros. O sistema voador montado na traseira \u00e9 altamente discreto, aumentando a apar\u00eancia est\u00e9tica. Um poderoso subwoofer vo\u00e1vel est\u00e1 dispon\u00edvel para o LS1. O LS1 de seis pe\u00e7as oferece at\u00e9 105 dB em 35 metros com qualidade de som tipo Hi-Fi e uma pegada muito pequena.","og:url":"https:\/\/garrett.pt\/en\/product\/ls1-series-audio-flexivel\/","og:image":"https:\/\/garrett.pt\/wp-content\/uploads\/2021\/04\/ls1.jpg","og:image:secure_url":"https:\/\/garrett.pt\/wp-content\/uploads\/2021\/04\/ls1.jpg","og:image:width":500,"og:image:height":500,"article:published_time":"2021-04-23T16:46:04+00:00","article:modified_time":"2021-04-26T10:53:24+00:00","article:publisher":"https:\/\/www.facebook.com\/garrettaudiovisuais","twitter:card":"summary","twitter:title":"LS1 Series \u2013 Audio Fl\u00e9xivel | Garrett Audiovisuais","twitter:description":"LS1 \u00e9 um altifalante de fonte de linha flex\u00edvel que oferece uma abordagem est\u00e9tica para refor\u00e7o de som em locais mais dif\u00edceis. Dois, quatro ou seis modelos podem voar em uma matriz vertical reta, oferecendo cobertura vertical de 50, 40 e 30 graus com alcance al\u00e9m de 35 metros. O sistema voador montado na traseira \u00e9 altamente discreto, aumentando a apar\u00eancia est\u00e9tica. Um poderoso subwoofer vo\u00e1vel est\u00e1 dispon\u00edvel para o LS1. O LS1 de seis pe\u00e7as oferece at\u00e9 105 dB em 35 metros com qualidade de som tipo Hi-Fi e uma pegada muito pequena.","twitter:image":"https:\/\/garrett.pt\/wp-content\/uploads\/2021\/04\/ls1.jpg"},"aioseo_meta_data":{"post_id":"11897","title":null,"description":null,"keywords":null,"keyphrases":null,"primary_term":null,"canonical_url":null,"og_title":null,"og_description":null,"og_object_type":"default","og_image_type":"default","og_image_url":null,"og_image_width":null,"og_image_height":null,"og_image_custom_url":null,"og_image_custom_fields":null,"og_video":null,"og_custom_url":null,"og_article_section":null,"og_article_tags":null,"twitter_use_og":false,"twitter_card":"default","twitter_image_type":"default","twitter_image_url":null,"twitter_image_custom_url":null,"twitter_image_custom_fields":null,"twitter_title":null,"twitter_description":null,"schema":{"blockGraphs":[],"customGraphs":[],"default":{"data":{"Article":[],"Course":[],"Dataset":[],"FAQPage":[],"Movie":[],"Person":[],"Product":[],"ProductReview":[],"Car":[],"Recipe":[],"Service":[],"SoftwareApplication":[],"WebPage":[]},"graphName":"","isEnabled":true},"graphs":[],"defaultGraph":"","defaultPostTypeGraph":""},"schema_type":null,"schema_type_options":null,"pillar_content":false,"robots_default":true,"robots_noindex":false,"robots_noarchive":false,"robots_nosnippet":false,"robots_nofollow":false,"robots_noimageindex":false,"robots_noodp":false,"robots_notranslate":false,"robots_max_snippet":null,"robots_max_videopreview":null,"robots_max_imagepreview":"large","priority":null,"frequency":null,"local_seo":null,"seo_analyzer_scan_date":"2025-10-13 18:55:09","breadcrumb_settings":null,"limit_modified_date":false,"reviewed_by":null,"open_ai":null,"ai":null,"created":"2021-09-22 11:58:18","updated":"2025-10-13 18:55:09"},"aioseo_breadcrumb":"<div class=\"aioseo-breadcrumbs\"><span class=\"aioseo-breadcrumb\">\n\t<a href=\"https:\/\/garrett.pt\/en\" title=\"Home\">Home<\/a>\n<\/span><span class=\"aioseo-breadcrumb-separator\">&raquo;<\/span><span class=\"aioseo-breadcrumb\">\n\t<a href=\"https:\/\/garrett.pt\/en\/?page_id=927\" title=\"Private: Shop\">Private: Shop<\/a>\n<\/span><span class=\"aioseo-breadcrumb-separator\">&raquo;<\/span><span class=\"aioseo-breadcrumb\">\n\t<a href=\"https:\/\/garrett.pt\/en\/product-category\/audio\/\" title=\"Audio\">Audio<\/a>\n<\/span><span class=\"aioseo-breadcrumb-separator\">&raquo;<\/span><span class=\"aioseo-breadcrumb\">\n\t<a href=\"https:\/\/garrett.pt\/en\/product-category\/audio\/colunas\/\" title=\"Colunas\">Colunas<\/a>\n<\/span><span class=\"aioseo-breadcrumb-separator\">&raquo;<\/span><span class=\"aioseo-breadcrumb\">\n\t<a href=\"https:\/\/garrett.pt\/en\/product-category\/audio\/colunas\/integracao\/\" title=\"Integra\u00e7\u00e3o\">Integra\u00e7\u00e3o<\/a>\n<\/span><span class=\"aioseo-breadcrumb-separator\">&raquo;<\/span><span class=\"aioseo-breadcrumb\">\n\tLS1 Series \u2013 Audio Fl\u00e9xivel\n<\/span><\/div>","aioseo_breadcrumb_json":[{"label":"Home","link":"https:\/\/garrett.pt\/en"},{"label":"Private: Shop","link":"https:\/\/garrett.pt\/en\/?page_id=927"},{"label":"Audio","link":"https:\/\/garrett.pt\/en\/product-category\/audio\/"},{"label":"Colunas","link":"https:\/\/garrett.pt\/en\/product-category\/audio\/colunas\/"},{"label":"Integra\u00e7\u00e3o","link":"https:\/\/garrett.pt\/en\/product-category\/audio\/colunas\/integracao\/"},{"label":"LS1 Series &#8211; Audio Fl\u00e9xivel","link":"https:\/\/garrett.pt\/en\/product\/ls1-series-audio-flexivel\/"}],"_links":{"self":[{"href":"https:\/\/garrett.pt\/en\/wp-json\/wp\/v2\/product\/11897","targetHints":{"allow":["GET"]}}],"collection":[{"href":"https:\/\/garrett.pt\/en\/wp-json\/wp\/v2\/product"}],"about":[{"href":"https:\/\/garrett.pt\/en\/wp-json\/wp\/v2\/types\/product"}],"replies":[{"embeddable":true,"href":"https:\/\/garrett.pt\/en\/wp-json\/wp\/v2\/comments?post=11897"}],"wp:featuredmedia":[{"embeddable":true,"href":"https:\/\/garrett.pt\/en\/wp-json\/wp\/v2\/media\/11898"}],"wp:attachment":[{"href":"https:\/\/garrett.pt\/en\/wp-json\/wp\/v2\/media?parent=11897"}],"wp:term":[{"taxonomy":"product_brand","embeddable":true,"href":"https:\/\/garrett.pt\/en\/wp-json\/wp\/v2\/product_brand?post=11897"},{"taxonomy":"product_cat","embeddable":true,"href":"https:\/\/garrett.pt\/en\/wp-json\/wp\/v2\/product_cat?post=11897"},{"taxonomy":"product_tag","embeddable":true,"href":"https:\/\/garrett.pt\/en\/wp-json\/wp\/v2\/product_tag?post=11897"}],"curies":[{"name":"wp","href":"https:\/\/api.w.org\/{rel}","templated":true}]}}