{"id":11904,"date":"2021-04-23T16:58:16","date_gmt":"2021-04-23T16:58:16","guid":{"rendered":"https:\/\/garrett.pt\/?post_type=product&#038;p=11904"},"modified":"2021-04-26T10:54:07","modified_gmt":"2021-04-26T10:54:07","slug":"amplificador-dsp-som-ambiente","status":"publish","type":"product","link":"https:\/\/garrett.pt\/en\/product\/amplificador-dsp-som-ambiente\/","title":{"rendered":"Amplifier"},"content":{"rendered":"<p><img loading=\"lazy\" decoding=\"async\" class=\"aligncenter size-full wp-image-11906\" src=\"https:\/\/garrett.pt\/wp-content\/uploads\/2021\/04\/00000001.jpg\" alt=\"\" width=\"1118\" height=\"833\" srcset=\"https:\/\/garrett.pt\/wp-content\/uploads\/2021\/04\/00000001.jpg 1118w, https:\/\/garrett.pt\/wp-content\/uploads\/2021\/04\/00000001-600x447.jpg 600w, https:\/\/garrett.pt\/wp-content\/uploads\/2021\/04\/00000001-300x224.jpg 300w, https:\/\/garrett.pt\/wp-content\/uploads\/2021\/04\/00000001-1024x763.jpg 1024w, https:\/\/garrett.pt\/wp-content\/uploads\/2021\/04\/00000001-768x572.jpg 768w, https:\/\/garrett.pt\/wp-content\/uploads\/2021\/04\/00000001-24x18.jpg 24w, https:\/\/garrett.pt\/wp-content\/uploads\/2021\/04\/00000001-36x27.jpg 36w, https:\/\/garrett.pt\/wp-content\/uploads\/2021\/04\/00000001-48x36.jpg 48w\" sizes=\"auto, (max-width: 1118px) 100vw, 1118px\" \/><\/p>","protected":false},"excerpt":{"rendered":"<p>In addition to being a highly efficient amplifier, the CA280DSP features very advanced DSP, automated room equalization, sound masking, and high\/low impedance mode. All remotely controlled.<br \/>\nDesigned for AV installers and integrators, the CA280DSP is packed with features and easy to use. It offers excellent sound quality in a compact box and comes with full protocols for third-party integration.<\/p>\n<p>&nbsp;<\/p>\n<p><a href=\"https:\/\/www.cornered.dk\/amplifiers\" target=\"_blank\" rel=\"noopener\">https:\/\/www.cornered.dk\/amplifiers<\/a><\/p>","protected":false},"featured_media":11905,"comment_status":"closed","ping_status":"closed","template":"","meta":{"cybocfi_hide_featured_image":""},"product_brand":[],"product_cat":[196,182,100,337,187],"product_tag":[],"class_list":{"0":"post-11904","1":"product","2":"type-product","3":"status-publish","4":"has-post-thumbnail","6":"product_cat-amplficadores","7":"product_cat-colunas","8":"product_cat-colunas-para-som-ambiente","9":"product_cat-cornered-audio","10":"product_cat-integracao","11":"post","12":"post-with-thumbnail","13":"post-with-thumbnail-large","15":"first","16":"instock","17":"taxable","18":"shipping-taxable","19":"product-type-simple"},"aioseo_notices":[],"aioseo_head":"\n\t\t<!-- All in One SEO Pro 4.9.6.2 - aioseo.com -->\n\t<meta name=\"description\" content=\"Al\u00e9m de ser um amplificador altamente eficiente, o CA280DSP possui um DSP muito avan\u00e7ado, equaliza\u00e7\u00e3o de ambiente automatizada, mascaramento de som e modo de alta \/ baixa imped\u00e2ncia. Tudo com controlado remotamente. Projetado para instaladores e integradores de AV, o CA280DSP vem com recursos e \u00e9 f\u00e1cil de usar. Oferece excelente qualidade de som numa caixa compacta e vem com protocolos completos para integra\u00e7\u00e3o de terceiros. https:\/\/www.cornered.dk\/amplifiers\" \/>\n\t<meta name=\"robots\" content=\"max-image-preview:large\" \/>\n\t<meta name=\"google-site-verification\" content=\"V-yzxKXBUCATCiI1W_5bHMqCYZQPH0cGOGjcdwe4AHM\" \/>\n\t<link rel=\"canonical\" href=\"https:\/\/garrett.pt\/en\/product\/amplificador-dsp-som-ambiente\/\" \/>\n\t<meta name=\"generator\" content=\"All in One SEO Pro (AIOSEO) 4.9.6.2\" \/>\n\t\t<meta property=\"og:locale\" content=\"en_GB\" \/>\n\t\t<meta property=\"og:site_name\" content=\"Garrett Audiovisuais | Projeto e Integra\u00e7\u00e3o de Sistemas Audiovisuais\" \/>\n\t\t<meta property=\"og:type\" content=\"article\" \/>\n\t\t<meta property=\"og:title\" content=\"Amplificador | Garrett Audiovisuais\" \/>\n\t\t<meta property=\"og:description\" content=\"Al\u00e9m de ser um amplificador altamente eficiente, o CA280DSP possui um DSP muito avan\u00e7ado, equaliza\u00e7\u00e3o de ambiente automatizada, mascaramento de som e modo de alta \/ baixa imped\u00e2ncia. Tudo com controlado remotamente. Projetado para instaladores e integradores de AV, o CA280DSP vem com recursos e \u00e9 f\u00e1cil de usar. Oferece excelente qualidade de som numa caixa compacta e vem com protocolos completos para integra\u00e7\u00e3o de terceiros. https:\/\/www.cornered.dk\/amplifiers\" \/>\n\t\t<meta property=\"og:url\" content=\"https:\/\/garrett.pt\/en\/product\/amplificador-dsp-som-ambiente\/\" \/>\n\t\t<meta property=\"og:image\" content=\"https:\/\/garrett.pt\/wp-content\/uploads\/2021\/04\/amp.jpg\" \/>\n\t\t<meta property=\"og:image:secure_url\" content=\"https:\/\/garrett.pt\/wp-content\/uploads\/2021\/04\/amp.jpg\" \/>\n\t\t<meta property=\"og:image:width\" content=\"500\" \/>\n\t\t<meta property=\"og:image:height\" content=\"500\" \/>\n\t\t<meta property=\"article:published_time\" content=\"2021-04-23T16:58:16+00:00\" \/>\n\t\t<meta property=\"article:modified_time\" content=\"2021-04-26T10:54:07+00:00\" \/>\n\t\t<meta property=\"article:publisher\" content=\"https:\/\/www.facebook.com\/garrettaudiovisuais\" \/>\n\t\t<meta name=\"twitter:card\" content=\"summary\" \/>\n\t\t<meta name=\"twitter:title\" content=\"Amplificador | Garrett Audiovisuais\" \/>\n\t\t<meta name=\"twitter:description\" content=\"Al\u00e9m de ser um amplificador altamente eficiente, o CA280DSP possui um DSP muito avan\u00e7ado, equaliza\u00e7\u00e3o de ambiente automatizada, mascaramento de som e modo de alta \/ baixa imped\u00e2ncia. Tudo com controlado remotamente. Projetado para instaladores e integradores de AV, o CA280DSP vem com recursos e \u00e9 f\u00e1cil de usar. Oferece excelente qualidade de som numa caixa compacta e vem com protocolos completos para integra\u00e7\u00e3o de terceiros. https:\/\/www.cornered.dk\/amplifiers\" \/>\n\t\t<meta name=\"twitter:image\" content=\"https:\/\/garrett.pt\/wp-content\/uploads\/2021\/04\/amp.jpg\" \/>\n\t\t<script type=\"application\/ld+json\" class=\"aioseo-schema\">\n\t\t\t{\"@context\":\"https:\\\/\\\/schema.org\",\"@graph\":[{\"@type\":\"BreadcrumbList\",\"@id\":\"https:\\\/\\\/garrett.pt\\\/en\\\/product\\\/amplificador-dsp-som-ambiente\\\/#breadcrumblist\",\"itemListElement\":[{\"@type\":\"ListItem\",\"@id\":\"https:\\\/\\\/garrett.pt\\\/en#listItem\",\"position\":1,\"name\":\"Home\",\"item\":\"https:\\\/\\\/garrett.pt\\\/en\",\"nextItem\":{\"@type\":\"ListItem\",\"@id\":\"https:\\\/\\\/garrett.pt\\\/en\\\/?page_id=927#listItem\",\"name\":\"Private: Shop\"}},{\"@type\":\"ListItem\",\"@id\":\"https:\\\/\\\/garrett.pt\\\/en\\\/?page_id=927#listItem\",\"position\":2,\"name\":\"Private: Shop\",\"item\":\"https:\\\/\\\/garrett.pt\\\/en\\\/?page_id=927\",\"nextItem\":{\"@type\":\"ListItem\",\"@id\":\"https:\\\/\\\/garrett.pt\\\/en\\\/product-category\\\/audio\\\/#listItem\",\"name\":\"Audio\"},\"previousItem\":{\"@type\":\"ListItem\",\"@id\":\"https:\\\/\\\/garrett.pt\\\/en#listItem\",\"name\":\"Home\"}},{\"@type\":\"ListItem\",\"@id\":\"https:\\\/\\\/garrett.pt\\\/en\\\/product-category\\\/audio\\\/#listItem\",\"position\":3,\"name\":\"Audio\",\"item\":\"https:\\\/\\\/garrett.pt\\\/en\\\/product-category\\\/audio\\\/\",\"nextItem\":{\"@type\":\"ListItem\",\"@id\":\"https:\\\/\\\/garrett.pt\\\/en\\\/product-category\\\/audio\\\/colunas\\\/#listItem\",\"name\":\"Colunas\"},\"previousItem\":{\"@type\":\"ListItem\",\"@id\":\"https:\\\/\\\/garrett.pt\\\/en\\\/?page_id=927#listItem\",\"name\":\"Private: Shop\"}},{\"@type\":\"ListItem\",\"@id\":\"https:\\\/\\\/garrett.pt\\\/en\\\/product-category\\\/audio\\\/colunas\\\/#listItem\",\"position\":4,\"name\":\"Colunas\",\"item\":\"https:\\\/\\\/garrett.pt\\\/en\\\/product-category\\\/audio\\\/colunas\\\/\",\"nextItem\":{\"@type\":\"ListItem\",\"@id\":\"https:\\\/\\\/garrett.pt\\\/en\\\/product-category\\\/audio\\\/colunas\\\/integracao\\\/#listItem\",\"name\":\"Integra\\u00e7\\u00e3o\"},\"previousItem\":{\"@type\":\"ListItem\",\"@id\":\"https:\\\/\\\/garrett.pt\\\/en\\\/product-category\\\/audio\\\/#listItem\",\"name\":\"Audio\"}},{\"@type\":\"ListItem\",\"@id\":\"https:\\\/\\\/garrett.pt\\\/en\\\/product-category\\\/audio\\\/colunas\\\/integracao\\\/#listItem\",\"position\":5,\"name\":\"Integra\\u00e7\\u00e3o\",\"item\":\"https:\\\/\\\/garrett.pt\\\/en\\\/product-category\\\/audio\\\/colunas\\\/integracao\\\/\",\"nextItem\":{\"@type\":\"ListItem\",\"@id\":\"https:\\\/\\\/garrett.pt\\\/en\\\/product\\\/amplificador-dsp-som-ambiente\\\/#listItem\",\"name\":\"Amplificador\"},\"previousItem\":{\"@type\":\"ListItem\",\"@id\":\"https:\\\/\\\/garrett.pt\\\/en\\\/product-category\\\/audio\\\/colunas\\\/#listItem\",\"name\":\"Colunas\"}},{\"@type\":\"ListItem\",\"@id\":\"https:\\\/\\\/garrett.pt\\\/en\\\/product\\\/amplificador-dsp-som-ambiente\\\/#listItem\",\"position\":6,\"name\":\"Amplificador\",\"previousItem\":{\"@type\":\"ListItem\",\"@id\":\"https:\\\/\\\/garrett.pt\\\/en\\\/product-category\\\/audio\\\/colunas\\\/integracao\\\/#listItem\",\"name\":\"Integra\\u00e7\\u00e3o\"}}]},{\"@type\":\"ItemPage\",\"@id\":\"https:\\\/\\\/garrett.pt\\\/en\\\/product\\\/amplificador-dsp-som-ambiente\\\/#itempage\",\"url\":\"https:\\\/\\\/garrett.pt\\\/en\\\/product\\\/amplificador-dsp-som-ambiente\\\/\",\"name\":\"Amplificador | Garrett Audiovisuais\",\"description\":\"Al\\u00e9m de ser um amplificador altamente eficiente, o CA280DSP possui um DSP muito avan\\u00e7ado, equaliza\\u00e7\\u00e3o de ambiente automatizada, mascaramento de som e modo de alta \\\/ baixa imped\\u00e2ncia. Tudo com controlado remotamente. Projetado para instaladores e integradores de AV, o CA280DSP vem com recursos e \\u00e9 f\\u00e1cil de usar. Oferece excelente qualidade de som numa caixa compacta e vem com protocolos completos para integra\\u00e7\\u00e3o de terceiros. https:\\\/\\\/www.cornered.dk\\\/amplifiers\",\"inLanguage\":\"en-GB\",\"isPartOf\":{\"@id\":\"https:\\\/\\\/garrett.pt\\\/en\\\/#website\"},\"breadcrumb\":{\"@id\":\"https:\\\/\\\/garrett.pt\\\/en\\\/product\\\/amplificador-dsp-som-ambiente\\\/#breadcrumblist\"},\"image\":{\"@type\":\"ImageObject\",\"url\":\"https:\\\/\\\/garrett.pt\\\/wp-content\\\/uploads\\\/2021\\\/04\\\/amp.jpg\",\"@id\":\"https:\\\/\\\/garrett.pt\\\/en\\\/product\\\/amplificador-dsp-som-ambiente\\\/#mainImage\",\"width\":500,\"height\":500},\"primaryImageOfPage\":{\"@id\":\"https:\\\/\\\/garrett.pt\\\/en\\\/product\\\/amplificador-dsp-som-ambiente\\\/#mainImage\"},\"datePublished\":\"2021-04-23T16:58:16+00:00\",\"dateModified\":\"2021-04-26T10:54:07+00:00\"},{\"@type\":\"Organization\",\"@id\":\"https:\\\/\\\/garrett.pt\\\/en\\\/#organization\",\"name\":\"Garrett Audiovisuais\",\"description\":\"Projeto e Integra\\u00e7\\u00e3o de Sistemas Audiovisuais\",\"url\":\"https:\\\/\\\/garrett.pt\\\/en\\\/\",\"telephone\":\"+351214180134\",\"logo\":{\"@type\":\"ImageObject\",\"url\":\"https:\\\/\\\/garrett.pt\\\/wp-content\\\/uploads\\\/2021\\\/10\\\/1378831_10151703628399331_552396504_n.jpg\",\"@id\":\"https:\\\/\\\/garrett.pt\\\/en\\\/product\\\/amplificador-dsp-som-ambiente\\\/#organizationLogo\",\"width\":650,\"height\":650},\"image\":{\"@id\":\"https:\\\/\\\/garrett.pt\\\/en\\\/product\\\/amplificador-dsp-som-ambiente\\\/#organizationLogo\"},\"sameAs\":[\"https:\\\/\\\/www.facebook.com\\\/garrettaudiovisuais\",\"https:\\\/\\\/www.instagram.com\\\/garrettaudiovisuais\\\/\",\"https:\\\/\\\/www.youtube.com\\\/channel\\\/UCMLMFyCLpAQ3D4cYmzC34PQ\",\"https:\\\/\\\/www.linkedin.com\\\/company\\\/garrett-audiovisuais\",\"https:\\\/\\\/www.threads.net\\\/@garrettaudiovisuais\",\"https:\\\/\\\/bsky.app\\\/profile\\\/garrettsa.bsky.social\"]},{\"@type\":\"WebPage\",\"@id\":\"https:\\\/\\\/garrett.pt\\\/en\\\/product\\\/amplificador-dsp-som-ambiente\\\/#webpage\",\"url\":\"https:\\\/\\\/garrett.pt\\\/en\\\/product\\\/amplificador-dsp-som-ambiente\\\/\",\"name\":\"Amplificador | Garrett Audiovisuais\",\"description\":\"Al\\u00e9m de ser um amplificador altamente eficiente, o CA280DSP possui um DSP muito avan\\u00e7ado, equaliza\\u00e7\\u00e3o de ambiente automatizada, mascaramento de som e modo de alta \\\/ baixa imped\\u00e2ncia. Tudo com controlado remotamente. Projetado para instaladores e integradores de AV, o CA280DSP vem com recursos e \\u00e9 f\\u00e1cil de usar. Oferece excelente qualidade de som numa caixa compacta e vem com protocolos completos para integra\\u00e7\\u00e3o de terceiros. https:\\\/\\\/www.cornered.dk\\\/amplifiers\",\"inLanguage\":\"en-GB\",\"isPartOf\":{\"@id\":\"https:\\\/\\\/garrett.pt\\\/en\\\/#website\"},\"breadcrumb\":{\"@id\":\"https:\\\/\\\/garrett.pt\\\/en\\\/product\\\/amplificador-dsp-som-ambiente\\\/#breadcrumblist\"},\"image\":{\"@type\":\"ImageObject\",\"url\":\"https:\\\/\\\/garrett.pt\\\/wp-content\\\/uploads\\\/2021\\\/04\\\/amp.jpg\",\"@id\":\"https:\\\/\\\/garrett.pt\\\/en\\\/product\\\/amplificador-dsp-som-ambiente\\\/#mainImage\",\"width\":500,\"height\":500},\"primaryImageOfPage\":{\"@id\":\"https:\\\/\\\/garrett.pt\\\/en\\\/product\\\/amplificador-dsp-som-ambiente\\\/#mainImage\"},\"datePublished\":\"2021-04-23T16:58:16+00:00\",\"dateModified\":\"2021-04-26T10:54:07+00:00\"},{\"@type\":\"WebSite\",\"@id\":\"https:\\\/\\\/garrett.pt\\\/en\\\/#website\",\"url\":\"https:\\\/\\\/garrett.pt\\\/en\\\/\",\"name\":\"Garrett Audiovisuais\",\"description\":\"Projeto e Integra\\u00e7\\u00e3o de Sistemas Audiovisuais\",\"inLanguage\":\"en-GB\",\"publisher\":{\"@id\":\"https:\\\/\\\/garrett.pt\\\/en\\\/#organization\"}}]}\n\t\t<\/script>\n\t\t<!-- All in One SEO Pro -->\r\n\t\t<title>Amplificador | Garrett Audiovisuais<\/title>\n\n","aioseo_head_json":{"title":"Amplifier | Garrett Audiovisuals","description":"In addition to being a highly efficient amplifier, the CA280DSP features advanced DSP, automated room equalization, sound masking, and high\/low impedance mode. All remotely controlled. Designed for AV installers and integrators, the CA280DSP is packed with features and easy to use. It delivers excellent sound quality in a compact package and comes with comprehensive protocols for third-party integration. https:\/\/www.cornered.dk\/amplifiers","canonical_url":"https:\/\/garrett.pt\/en\/product\/amplificador-dsp-som-ambiente\/","robots":"max-image-preview:large","keywords":"","webmasterTools":{"google-site-verification":"V-yzxKXBUCATCiI1W_5bHMqCYZQPH0cGOGjcdwe4AHM","miscellaneous":""},"schema":{"@context":"https:\/\/schema.org","@graph":[{"@type":"BreadcrumbList","@id":"https:\/\/garrett.pt\/en\/product\/amplificador-dsp-som-ambiente\/#breadcrumblist","itemListElement":[{"@type":"ListItem","@id":"https:\/\/garrett.pt\/en#listItem","position":1,"name":"Home","item":"https:\/\/garrett.pt\/en","nextItem":{"@type":"ListItem","@id":"https:\/\/garrett.pt\/en\/?page_id=927#listItem","name":"Private: Shop"}},{"@type":"ListItem","@id":"https:\/\/garrett.pt\/en\/?page_id=927#listItem","position":2,"name":"Private: Shop","item":"https:\/\/garrett.pt\/en\/?page_id=927","nextItem":{"@type":"ListItem","@id":"https:\/\/garrett.pt\/en\/product-category\/audio\/#listItem","name":"Audio"},"previousItem":{"@type":"ListItem","@id":"https:\/\/garrett.pt\/en#listItem","name":"Home"}},{"@type":"ListItem","@id":"https:\/\/garrett.pt\/en\/product-category\/audio\/#listItem","position":3,"name":"Audio","item":"https:\/\/garrett.pt\/en\/product-category\/audio\/","nextItem":{"@type":"ListItem","@id":"https:\/\/garrett.pt\/en\/product-category\/audio\/colunas\/#listItem","name":"Colunas"},"previousItem":{"@type":"ListItem","@id":"https:\/\/garrett.pt\/en\/?page_id=927#listItem","name":"Private: Shop"}},{"@type":"ListItem","@id":"https:\/\/garrett.pt\/en\/product-category\/audio\/colunas\/#listItem","position":4,"name":"Colunas","item":"https:\/\/garrett.pt\/en\/product-category\/audio\/colunas\/","nextItem":{"@type":"ListItem","@id":"https:\/\/garrett.pt\/en\/product-category\/audio\/colunas\/integracao\/#listItem","name":"Integra\u00e7\u00e3o"},"previousItem":{"@type":"ListItem","@id":"https:\/\/garrett.pt\/en\/product-category\/audio\/#listItem","name":"Audio"}},{"@type":"ListItem","@id":"https:\/\/garrett.pt\/en\/product-category\/audio\/colunas\/integracao\/#listItem","position":5,"name":"Integra\u00e7\u00e3o","item":"https:\/\/garrett.pt\/en\/product-category\/audio\/colunas\/integracao\/","nextItem":{"@type":"ListItem","@id":"https:\/\/garrett.pt\/en\/product\/amplificador-dsp-som-ambiente\/#listItem","name":"Amplificador"},"previousItem":{"@type":"ListItem","@id":"https:\/\/garrett.pt\/en\/product-category\/audio\/colunas\/#listItem","name":"Colunas"}},{"@type":"ListItem","@id":"https:\/\/garrett.pt\/en\/product\/amplificador-dsp-som-ambiente\/#listItem","position":6,"name":"Amplificador","previousItem":{"@type":"ListItem","@id":"https:\/\/garrett.pt\/en\/product-category\/audio\/colunas\/integracao\/#listItem","name":"Integra\u00e7\u00e3o"}}]},{"@type":"ItemPage","@id":"https:\/\/garrett.pt\/en\/product\/amplificador-dsp-som-ambiente\/#itempage","url":"https:\/\/garrett.pt\/en\/product\/amplificador-dsp-som-ambiente\/","name":"Amplificador | Garrett Audiovisuais","description":"Al\u00e9m de ser um amplificador altamente eficiente, o CA280DSP possui um DSP muito avan\u00e7ado, equaliza\u00e7\u00e3o de ambiente automatizada, mascaramento de som e modo de alta \/ baixa imped\u00e2ncia. Tudo com controlado remotamente. Projetado para instaladores e integradores de AV, o CA280DSP vem com recursos e \u00e9 f\u00e1cil de usar. Oferece excelente qualidade de som numa caixa compacta e vem com protocolos completos para integra\u00e7\u00e3o de terceiros. https:\/\/www.cornered.dk\/amplifiers","inLanguage":"en-GB","isPartOf":{"@id":"https:\/\/garrett.pt\/en\/#website"},"breadcrumb":{"@id":"https:\/\/garrett.pt\/en\/product\/amplificador-dsp-som-ambiente\/#breadcrumblist"},"image":{"@type":"ImageObject","url":"https:\/\/garrett.pt\/wp-content\/uploads\/2021\/04\/amp.jpg","@id":"https:\/\/garrett.pt\/en\/product\/amplificador-dsp-som-ambiente\/#mainImage","width":500,"height":500},"primaryImageOfPage":{"@id":"https:\/\/garrett.pt\/en\/product\/amplificador-dsp-som-ambiente\/#mainImage"},"datePublished":"2021-04-23T16:58:16+00:00","dateModified":"2021-04-26T10:54:07+00:00"},{"@type":"Organization","@id":"https:\/\/garrett.pt\/en\/#organization","name":"Garrett Audiovisuais","description":"Projeto e Integra\u00e7\u00e3o de Sistemas Audiovisuais","url":"https:\/\/garrett.pt\/en\/","telephone":"+351214180134","logo":{"@type":"ImageObject","url":"https:\/\/garrett.pt\/wp-content\/uploads\/2021\/10\/1378831_10151703628399331_552396504_n.jpg","@id":"https:\/\/garrett.pt\/en\/product\/amplificador-dsp-som-ambiente\/#organizationLogo","width":650,"height":650},"image":{"@id":"https:\/\/garrett.pt\/en\/product\/amplificador-dsp-som-ambiente\/#organizationLogo"},"sameAs":["https:\/\/www.facebook.com\/garrettaudiovisuais","https:\/\/www.instagram.com\/garrettaudiovisuais\/","https:\/\/www.youtube.com\/channel\/UCMLMFyCLpAQ3D4cYmzC34PQ","https:\/\/www.linkedin.com\/company\/garrett-audiovisuais","https:\/\/www.threads.net\/@garrettaudiovisuais","https:\/\/bsky.app\/profile\/garrettsa.bsky.social"]},{"@type":"WebPage","@id":"https:\/\/garrett.pt\/en\/product\/amplificador-dsp-som-ambiente\/#webpage","url":"https:\/\/garrett.pt\/en\/product\/amplificador-dsp-som-ambiente\/","name":"Amplificador | Garrett Audiovisuais","description":"Al\u00e9m de ser um amplificador altamente eficiente, o CA280DSP possui um DSP muito avan\u00e7ado, equaliza\u00e7\u00e3o de ambiente automatizada, mascaramento de som e modo de alta \/ baixa imped\u00e2ncia. Tudo com controlado remotamente. Projetado para instaladores e integradores de AV, o CA280DSP vem com recursos e \u00e9 f\u00e1cil de usar. Oferece excelente qualidade de som numa caixa compacta e vem com protocolos completos para integra\u00e7\u00e3o de terceiros. https:\/\/www.cornered.dk\/amplifiers","inLanguage":"en-GB","isPartOf":{"@id":"https:\/\/garrett.pt\/en\/#website"},"breadcrumb":{"@id":"https:\/\/garrett.pt\/en\/product\/amplificador-dsp-som-ambiente\/#breadcrumblist"},"image":{"@type":"ImageObject","url":"https:\/\/garrett.pt\/wp-content\/uploads\/2021\/04\/amp.jpg","@id":"https:\/\/garrett.pt\/en\/product\/amplificador-dsp-som-ambiente\/#mainImage","width":500,"height":500},"primaryImageOfPage":{"@id":"https:\/\/garrett.pt\/en\/product\/amplificador-dsp-som-ambiente\/#mainImage"},"datePublished":"2021-04-23T16:58:16+00:00","dateModified":"2021-04-26T10:54:07+00:00"},{"@type":"WebSite","@id":"https:\/\/garrett.pt\/en\/#website","url":"https:\/\/garrett.pt\/en\/","name":"Garrett Audiovisuais","description":"Projeto e Integra\u00e7\u00e3o de Sistemas Audiovisuais","inLanguage":"en-GB","publisher":{"@id":"https:\/\/garrett.pt\/en\/#organization"}}]},"og:locale":"en_GB","og:site_name":"Garrett Audiovisuais | Projeto e Integra\u00e7\u00e3o de Sistemas Audiovisuais","og:type":"article","og:title":"Amplificador | Garrett Audiovisuais","og:description":"Al\u00e9m de ser um amplificador altamente eficiente, o CA280DSP possui um DSP muito avan\u00e7ado, equaliza\u00e7\u00e3o de ambiente automatizada, mascaramento de som e modo de alta \/ baixa imped\u00e2ncia. Tudo com controlado remotamente. Projetado para instaladores e integradores de AV, o CA280DSP vem com recursos e \u00e9 f\u00e1cil de usar. Oferece excelente qualidade de som numa caixa compacta e vem com protocolos completos para integra\u00e7\u00e3o de terceiros. https:\/\/www.cornered.dk\/amplifiers","og:url":"https:\/\/garrett.pt\/en\/product\/amplificador-dsp-som-ambiente\/","og:image":"https:\/\/garrett.pt\/wp-content\/uploads\/2021\/04\/amp.jpg","og:image:secure_url":"https:\/\/garrett.pt\/wp-content\/uploads\/2021\/04\/amp.jpg","og:image:width":500,"og:image:height":500,"article:published_time":"2021-04-23T16:58:16+00:00","article:modified_time":"2021-04-26T10:54:07+00:00","article:publisher":"https:\/\/www.facebook.com\/garrettaudiovisuais","twitter:card":"summary","twitter:title":"Amplificador | Garrett Audiovisuais","twitter:description":"Al\u00e9m de ser um amplificador altamente eficiente, o CA280DSP possui um DSP muito avan\u00e7ado, equaliza\u00e7\u00e3o de ambiente automatizada, mascaramento de som e modo de alta \/ baixa imped\u00e2ncia. Tudo com controlado remotamente. Projetado para instaladores e integradores de AV, o CA280DSP vem com recursos e \u00e9 f\u00e1cil de usar. Oferece excelente qualidade de som numa caixa compacta e vem com protocolos completos para integra\u00e7\u00e3o de terceiros. https:\/\/www.cornered.dk\/amplifiers","twitter:image":"https:\/\/garrett.pt\/wp-content\/uploads\/2021\/04\/amp.jpg"},"aioseo_meta_data":{"post_id":"11904","title":null,"description":null,"keywords":null,"keyphrases":null,"primary_term":null,"canonical_url":null,"og_title":null,"og_description":null,"og_object_type":"default","og_image_type":"default","og_image_url":null,"og_image_width":null,"og_image_height":null,"og_image_custom_url":null,"og_image_custom_fields":null,"og_video":null,"og_custom_url":null,"og_article_section":null,"og_article_tags":null,"twitter_use_og":false,"twitter_card":"default","twitter_image_type":"default","twitter_image_url":null,"twitter_image_custom_url":null,"twitter_image_custom_fields":null,"twitter_title":null,"twitter_description":null,"schema":{"blockGraphs":[],"customGraphs":[],"default":{"data":{"Article":[],"Course":[],"Dataset":[],"FAQPage":[],"Movie":[],"Person":[],"Product":[],"ProductReview":[],"Car":[],"Recipe":[],"Service":[],"SoftwareApplication":[],"WebPage":[]},"graphName":"","isEnabled":true},"graphs":[]},"schema_type":null,"schema_type_options":null,"pillar_content":false,"robots_default":true,"robots_noindex":false,"robots_noarchive":false,"robots_nosnippet":false,"robots_nofollow":false,"robots_noimageindex":false,"robots_noodp":false,"robots_notranslate":false,"robots_max_snippet":null,"robots_max_videopreview":null,"robots_max_imagepreview":"large","priority":null,"frequency":null,"local_seo":null,"seo_analyzer_scan_date":"2025-10-13 18:55:11","breadcrumb_settings":null,"limit_modified_date":false,"reviewed_by":null,"open_ai":null,"ai":null,"created":"2021-09-22 11:58:18","updated":"2025-10-13 18:55:11"},"aioseo_breadcrumb":"<div class=\"aioseo-breadcrumbs\"><span class=\"aioseo-breadcrumb\">\n\t<a href=\"https:\/\/garrett.pt\/en\" title=\"Home\">Home<\/a>\n<\/span><span class=\"aioseo-breadcrumb-separator\">&raquo;<\/span><span class=\"aioseo-breadcrumb\">\n\t<a href=\"https:\/\/garrett.pt\/en\/?page_id=927\" title=\"Private: Shop\">Private: Shop<\/a>\n<\/span><span class=\"aioseo-breadcrumb-separator\">&raquo;<\/span><span class=\"aioseo-breadcrumb\">\n\t<a href=\"https:\/\/garrett.pt\/en\/product-category\/audio\/\" title=\"Audio\">Audio<\/a>\n<\/span><span class=\"aioseo-breadcrumb-separator\">&raquo;<\/span><span class=\"aioseo-breadcrumb\">\n\t<a href=\"https:\/\/garrett.pt\/en\/product-category\/audio\/colunas\/\" title=\"Colunas\">Colunas<\/a>\n<\/span><span class=\"aioseo-breadcrumb-separator\">&raquo;<\/span><span class=\"aioseo-breadcrumb\">\n\t<a href=\"https:\/\/garrett.pt\/en\/product-category\/audio\/colunas\/integracao\/\" title=\"Integra\u00e7\u00e3o\">Integra\u00e7\u00e3o<\/a>\n<\/span><span class=\"aioseo-breadcrumb-separator\">&raquo;<\/span><span class=\"aioseo-breadcrumb\">\n\tAmplificador\n<\/span><\/div>","aioseo_breadcrumb_json":[{"label":"Home","link":"https:\/\/garrett.pt\/en"},{"label":"Private: Shop","link":"https:\/\/garrett.pt\/en\/?page_id=927"},{"label":"Audio","link":"https:\/\/garrett.pt\/en\/product-category\/audio\/"},{"label":"Colunas","link":"https:\/\/garrett.pt\/en\/product-category\/audio\/colunas\/"},{"label":"Integra\u00e7\u00e3o","link":"https:\/\/garrett.pt\/en\/product-category\/audio\/colunas\/integracao\/"},{"label":"Amplificador","link":"https:\/\/garrett.pt\/en\/product\/amplificador-dsp-som-ambiente\/"}],"_links":{"self":[{"href":"https:\/\/garrett.pt\/en\/wp-json\/wp\/v2\/product\/11904","targetHints":{"allow":["GET"]}}],"collection":[{"href":"https:\/\/garrett.pt\/en\/wp-json\/wp\/v2\/product"}],"about":[{"href":"https:\/\/garrett.pt\/en\/wp-json\/wp\/v2\/types\/product"}],"replies":[{"embeddable":true,"href":"https:\/\/garrett.pt\/en\/wp-json\/wp\/v2\/comments?post=11904"}],"wp:featuredmedia":[{"embeddable":true,"href":"https:\/\/garrett.pt\/en\/wp-json\/wp\/v2\/media\/11905"}],"wp:attachment":[{"href":"https:\/\/garrett.pt\/en\/wp-json\/wp\/v2\/media?parent=11904"}],"wp:term":[{"taxonomy":"product_brand","embeddable":true,"href":"https:\/\/garrett.pt\/en\/wp-json\/wp\/v2\/product_brand?post=11904"},{"taxonomy":"product_cat","embeddable":true,"href":"https:\/\/garrett.pt\/en\/wp-json\/wp\/v2\/product_cat?post=11904"},{"taxonomy":"product_tag","embeddable":true,"href":"https:\/\/garrett.pt\/en\/wp-json\/wp\/v2\/product_tag?post=11904"}],"curies":[{"name":"wp","href":"https:\/\/api.w.org\/{rel}","templated":true}]}}