{"id":15842,"date":"2022-03-10T15:38:24","date_gmt":"2022-03-10T15:38:24","guid":{"rendered":"https:\/\/garrett.pt\/?post_type=product&#038;p=15842"},"modified":"2022-03-10T15:50:59","modified_gmt":"2022-03-10T15:50:59","slug":"sistemas-de-colaboracao-sem-fios","status":"publish","type":"product","link":"https:\/\/garrett.pt\/en\/product\/sistemas-de-colaboracao-sem-fios\/","title":{"rendered":"Wireless Collaboration Systems"},"content":{"rendered":"<ul>\n<li>InstaShow<\/li>\n<li>accessories<\/li>\n<\/ul>","protected":false},"excerpt":{"rendered":"<div class=\"row\">\n<div class=\"large-7 large-offset-1 medium-10 small-10 columns sameheight\">\n<p>Wireless, more intuitive, secure and stable for professional and seamless meetings, freeing you from cables and adapters.<br \/>\nThe BenQ InstaShow TM wireless presentation system is easy to use, smooth streaming for multi-person presentations and group discussions, and safe from any threats.<\/p>\n<p>Learn more at <a href=\"https:\/\/www.benq.eu\/en-eu\/business\/wireless-presentation\/instashow-wireless-collaboration.html\" target=\"_blank\" rel=\"noopener\">https:\/\/www.benq.eu\/en-eu\/business\/wireless-presentation\/instashow-wireless-collaboration.html<\/a><\/p>\n<\/div>\n<\/div>","protected":false},"featured_media":15833,"comment_status":"closed","ping_status":"closed","template":"","meta":{"cybocfi_hide_featured_image":""},"product_brand":[],"product_cat":[384,62],"product_tag":[],"class_list":{"0":"post-15842","1":"product","2":"type-product","3":"status-publish","4":"has-post-thumbnail","6":"product_cat-benq","7":"product_cat-integracao_multimedia","8":"post","9":"post-with-thumbnail","10":"post-with-thumbnail-large","12":"first","13":"instock","14":"taxable","15":"shipping-taxable","16":"product-type-simple"},"aioseo_notices":[],"aioseo_head":"\n\t\t<!-- All in One SEO Pro 4.9.6.1 - aioseo.com -->\n\t<meta name=\"description\" content=\"Sem fios, mais intuitivo, seguro e est\u00e1vel para reuni\u00f5es profissionais e perfeitas, libertando-o de cabos e adaptadores. O sistema de apresenta\u00e7\u00e3o sem fios BenQ InstaShow TM \u00e9 f\u00e1cile de usar, suave nas transmiss\u00f5es para apresenta\u00e7\u00f5es com v\u00e1rias pessoas e debates em grupo, e seguro contra quaisquer amea\u00e7as. Saiba mais em https:\/\/www.benq.eu\/en-eu\/business\/wireless-presentation\/instashow-wireless-collaboration.html\" \/>\n\t<meta name=\"robots\" content=\"max-image-preview:large\" \/>\n\t<meta name=\"google-site-verification\" content=\"V-yzxKXBUCATCiI1W_5bHMqCYZQPH0cGOGjcdwe4AHM\" \/>\n\t<link rel=\"canonical\" href=\"https:\/\/garrett.pt\/en\/product\/sistemas-de-colaboracao-sem-fios\/\" \/>\n\t<meta name=\"generator\" content=\"All in One SEO Pro (AIOSEO) 4.9.6.1\" \/>\n\t\t<meta property=\"og:locale\" content=\"en_GB\" \/>\n\t\t<meta property=\"og:site_name\" content=\"Garrett Audiovisuais | Projeto e Integra\u00e7\u00e3o de Sistemas Audiovisuais\" \/>\n\t\t<meta property=\"og:type\" content=\"article\" \/>\n\t\t<meta property=\"og:title\" content=\"Sistemas de Colabora\u00e7\u00e3o sem Fios | Garrett Audiovisuais\" \/>\n\t\t<meta property=\"og:description\" content=\"Sem fios, mais intuitivo, seguro e est\u00e1vel para reuni\u00f5es profissionais e perfeitas, libertando-o de cabos e adaptadores. O sistema de apresenta\u00e7\u00e3o sem fios BenQ InstaShow TM \u00e9 f\u00e1cile de usar, suave nas transmiss\u00f5es para apresenta\u00e7\u00f5es com v\u00e1rias pessoas e debates em grupo, e seguro contra quaisquer amea\u00e7as. Saiba mais em https:\/\/www.benq.eu\/en-eu\/business\/wireless-presentation\/instashow-wireless-collaboration.html\" \/>\n\t\t<meta property=\"og:url\" content=\"https:\/\/garrett.pt\/en\/product\/sistemas-de-colaboracao-sem-fios\/\" \/>\n\t\t<meta property=\"og:image\" content=\"https:\/\/garrett.pt\/wp-content\/uploads\/2022\/03\/presentation.png\" \/>\n\t\t<meta property=\"og:image:secure_url\" content=\"https:\/\/garrett.pt\/wp-content\/uploads\/2022\/03\/presentation.png\" \/>\n\t\t<meta property=\"og:image:width\" content=\"750\" \/>\n\t\t<meta property=\"og:image:height\" content=\"750\" \/>\n\t\t<meta property=\"article:published_time\" content=\"2022-03-10T15:38:24+00:00\" \/>\n\t\t<meta property=\"article:modified_time\" content=\"2022-03-10T15:50:59+00:00\" \/>\n\t\t<meta property=\"article:publisher\" content=\"https:\/\/www.facebook.com\/garrettaudiovisuais\" \/>\n\t\t<meta name=\"twitter:card\" content=\"summary\" \/>\n\t\t<meta name=\"twitter:title\" content=\"Sistemas de Colabora\u00e7\u00e3o sem Fios | Garrett Audiovisuais\" \/>\n\t\t<meta name=\"twitter:description\" content=\"Sem fios, mais intuitivo, seguro e est\u00e1vel para reuni\u00f5es profissionais e perfeitas, libertando-o de cabos e adaptadores. O sistema de apresenta\u00e7\u00e3o sem fios BenQ InstaShow TM \u00e9 f\u00e1cile de usar, suave nas transmiss\u00f5es para apresenta\u00e7\u00f5es com v\u00e1rias pessoas e debates em grupo, e seguro contra quaisquer amea\u00e7as. Saiba mais em https:\/\/www.benq.eu\/en-eu\/business\/wireless-presentation\/instashow-wireless-collaboration.html\" \/>\n\t\t<meta name=\"twitter:image\" content=\"https:\/\/garrett.pt\/wp-content\/uploads\/2022\/03\/presentation.png\" \/>\n\t\t<script type=\"application\/ld+json\" class=\"aioseo-schema\">\n\t\t\t{\"@context\":\"https:\\\/\\\/schema.org\",\"@graph\":[{\"@type\":\"BreadcrumbList\",\"@id\":\"https:\\\/\\\/garrett.pt\\\/en\\\/product\\\/sistemas-de-colaboracao-sem-fios\\\/#breadcrumblist\",\"itemListElement\":[{\"@type\":\"ListItem\",\"@id\":\"https:\\\/\\\/garrett.pt\\\/en#listItem\",\"position\":1,\"name\":\"Home\",\"item\":\"https:\\\/\\\/garrett.pt\\\/en\",\"nextItem\":{\"@type\":\"ListItem\",\"@id\":\"https:\\\/\\\/garrett.pt\\\/en\\\/?page_id=927#listItem\",\"name\":\"Private: Shop\"}},{\"@type\":\"ListItem\",\"@id\":\"https:\\\/\\\/garrett.pt\\\/en\\\/?page_id=927#listItem\",\"position\":2,\"name\":\"Private: Shop\",\"item\":\"https:\\\/\\\/garrett.pt\\\/en\\\/?page_id=927\",\"nextItem\":{\"@type\":\"ListItem\",\"@id\":\"https:\\\/\\\/garrett.pt\\\/en\\\/product-category\\\/integracao_multimedia\\\/#listItem\",\"name\":\"Integra\\u00e7\\u00e3o e Multimedia\"},\"previousItem\":{\"@type\":\"ListItem\",\"@id\":\"https:\\\/\\\/garrett.pt\\\/en#listItem\",\"name\":\"Home\"}},{\"@type\":\"ListItem\",\"@id\":\"https:\\\/\\\/garrett.pt\\\/en\\\/product-category\\\/integracao_multimedia\\\/#listItem\",\"position\":3,\"name\":\"Integra\\u00e7\\u00e3o e Multimedia\",\"item\":\"https:\\\/\\\/garrett.pt\\\/en\\\/product-category\\\/integracao_multimedia\\\/\",\"nextItem\":{\"@type\":\"ListItem\",\"@id\":\"https:\\\/\\\/garrett.pt\\\/en\\\/product\\\/sistemas-de-colaboracao-sem-fios\\\/#listItem\",\"name\":\"Sistemas de Colabora\\u00e7\\u00e3o sem Fios\"},\"previousItem\":{\"@type\":\"ListItem\",\"@id\":\"https:\\\/\\\/garrett.pt\\\/en\\\/?page_id=927#listItem\",\"name\":\"Private: Shop\"}},{\"@type\":\"ListItem\",\"@id\":\"https:\\\/\\\/garrett.pt\\\/en\\\/product\\\/sistemas-de-colaboracao-sem-fios\\\/#listItem\",\"position\":4,\"name\":\"Sistemas de Colabora\\u00e7\\u00e3o sem Fios\",\"previousItem\":{\"@type\":\"ListItem\",\"@id\":\"https:\\\/\\\/garrett.pt\\\/en\\\/product-category\\\/integracao_multimedia\\\/#listItem\",\"name\":\"Integra\\u00e7\\u00e3o e Multimedia\"}}]},{\"@type\":\"ItemPage\",\"@id\":\"https:\\\/\\\/garrett.pt\\\/en\\\/product\\\/sistemas-de-colaboracao-sem-fios\\\/#itempage\",\"url\":\"https:\\\/\\\/garrett.pt\\\/en\\\/product\\\/sistemas-de-colaboracao-sem-fios\\\/\",\"name\":\"Sistemas de Colabora\\u00e7\\u00e3o sem Fios | Garrett Audiovisuais\",\"description\":\"Sem fios, mais intuitivo, seguro e est\\u00e1vel para reuni\\u00f5es profissionais e perfeitas, libertando-o de cabos e adaptadores. O sistema de apresenta\\u00e7\\u00e3o sem fios BenQ InstaShow TM \\u00e9 f\\u00e1cile de usar, suave nas transmiss\\u00f5es para apresenta\\u00e7\\u00f5es com v\\u00e1rias pessoas e debates em grupo, e seguro contra quaisquer amea\\u00e7as. Saiba mais em https:\\\/\\\/www.benq.eu\\\/en-eu\\\/business\\\/wireless-presentation\\\/instashow-wireless-collaboration.html\",\"inLanguage\":\"en-GB\",\"isPartOf\":{\"@id\":\"https:\\\/\\\/garrett.pt\\\/en\\\/#website\"},\"breadcrumb\":{\"@id\":\"https:\\\/\\\/garrett.pt\\\/en\\\/product\\\/sistemas-de-colaboracao-sem-fios\\\/#breadcrumblist\"},\"image\":{\"@type\":\"ImageObject\",\"url\":\"https:\\\/\\\/garrett.pt\\\/wp-content\\\/uploads\\\/2022\\\/03\\\/presentation.png\",\"@id\":\"https:\\\/\\\/garrett.pt\\\/en\\\/product\\\/sistemas-de-colaboracao-sem-fios\\\/#mainImage\",\"width\":750,\"height\":750},\"primaryImageOfPage\":{\"@id\":\"https:\\\/\\\/garrett.pt\\\/en\\\/product\\\/sistemas-de-colaboracao-sem-fios\\\/#mainImage\"},\"datePublished\":\"2022-03-10T15:38:24+00:00\",\"dateModified\":\"2022-03-10T15:50:59+00:00\"},{\"@type\":\"Organization\",\"@id\":\"https:\\\/\\\/garrett.pt\\\/en\\\/#organization\",\"name\":\"Garrett Audiovisuais\",\"description\":\"Projeto e Integra\\u00e7\\u00e3o de Sistemas Audiovisuais\",\"url\":\"https:\\\/\\\/garrett.pt\\\/en\\\/\",\"telephone\":\"+351214180134\",\"logo\":{\"@type\":\"ImageObject\",\"url\":\"https:\\\/\\\/garrett.pt\\\/wp-content\\\/uploads\\\/2021\\\/10\\\/1378831_10151703628399331_552396504_n.jpg\",\"@id\":\"https:\\\/\\\/garrett.pt\\\/en\\\/product\\\/sistemas-de-colaboracao-sem-fios\\\/#organizationLogo\",\"width\":650,\"height\":650},\"image\":{\"@id\":\"https:\\\/\\\/garrett.pt\\\/en\\\/product\\\/sistemas-de-colaboracao-sem-fios\\\/#organizationLogo\"},\"sameAs\":[\"https:\\\/\\\/www.facebook.com\\\/garrettaudiovisuais\",\"https:\\\/\\\/www.instagram.com\\\/garrettaudiovisuais\\\/\",\"https:\\\/\\\/www.youtube.com\\\/channel\\\/UCMLMFyCLpAQ3D4cYmzC34PQ\",\"https:\\\/\\\/www.linkedin.com\\\/company\\\/garrett-audiovisuais\",\"https:\\\/\\\/www.threads.net\\\/@garrettaudiovisuais\",\"https:\\\/\\\/bsky.app\\\/profile\\\/garrettsa.bsky.social\"]},{\"@type\":\"WebPage\",\"@id\":\"https:\\\/\\\/garrett.pt\\\/en\\\/product\\\/sistemas-de-colaboracao-sem-fios\\\/#webpage\",\"url\":\"https:\\\/\\\/garrett.pt\\\/en\\\/product\\\/sistemas-de-colaboracao-sem-fios\\\/\",\"name\":\"Sistemas de Colabora\\u00e7\\u00e3o sem Fios | Garrett Audiovisuais\",\"description\":\"Sem fios, mais intuitivo, seguro e est\\u00e1vel para reuni\\u00f5es profissionais e perfeitas, libertando-o de cabos e adaptadores. O sistema de apresenta\\u00e7\\u00e3o sem fios BenQ InstaShow TM \\u00e9 f\\u00e1cile de usar, suave nas transmiss\\u00f5es para apresenta\\u00e7\\u00f5es com v\\u00e1rias pessoas e debates em grupo, e seguro contra quaisquer amea\\u00e7as. Saiba mais em https:\\\/\\\/www.benq.eu\\\/en-eu\\\/business\\\/wireless-presentation\\\/instashow-wireless-collaboration.html\",\"inLanguage\":\"en-GB\",\"isPartOf\":{\"@id\":\"https:\\\/\\\/garrett.pt\\\/en\\\/#website\"},\"breadcrumb\":{\"@id\":\"https:\\\/\\\/garrett.pt\\\/en\\\/product\\\/sistemas-de-colaboracao-sem-fios\\\/#breadcrumblist\"},\"image\":{\"@type\":\"ImageObject\",\"url\":\"https:\\\/\\\/garrett.pt\\\/wp-content\\\/uploads\\\/2022\\\/03\\\/presentation.png\",\"@id\":\"https:\\\/\\\/garrett.pt\\\/en\\\/product\\\/sistemas-de-colaboracao-sem-fios\\\/#mainImage\",\"width\":750,\"height\":750},\"primaryImageOfPage\":{\"@id\":\"https:\\\/\\\/garrett.pt\\\/en\\\/product\\\/sistemas-de-colaboracao-sem-fios\\\/#mainImage\"},\"datePublished\":\"2022-03-10T15:38:24+00:00\",\"dateModified\":\"2022-03-10T15:50:59+00:00\"},{\"@type\":\"WebSite\",\"@id\":\"https:\\\/\\\/garrett.pt\\\/en\\\/#website\",\"url\":\"https:\\\/\\\/garrett.pt\\\/en\\\/\",\"name\":\"Garrett Audiovisuais\",\"description\":\"Projeto e Integra\\u00e7\\u00e3o de Sistemas Audiovisuais\",\"inLanguage\":\"en-GB\",\"publisher\":{\"@id\":\"https:\\\/\\\/garrett.pt\\\/en\\\/#organization\"}}]}\n\t\t<\/script>\n\t\t<!-- All in One SEO Pro -->\r\n\t\t<title>Sistemas de Colabora\u00e7\u00e3o sem Fios | Garrett Audiovisuais<\/title>\n\n","aioseo_head_json":{"title":"Wireless Collaboration Systems | Garrett Audiovisuals","description":"Wireless, more intuitive, secure, and stable for seamless, professional meetings, freeing you from cables and adapters. The BenQ InstaShow\u2122 Wireless Presentation System is easy to use, smooth for multi-person presentations and group discussions, and secure against any threats. Learn more at https:\/\/www.benq.eu\/en-eu\/business\/wireless-presentation\/instashow-wireless-collaboration.html","canonical_url":"https:\/\/garrett.pt\/en\/product\/sistemas-de-colaboracao-sem-fios\/","robots":"max-image-preview:large","keywords":"","webmasterTools":{"google-site-verification":"V-yzxKXBUCATCiI1W_5bHMqCYZQPH0cGOGjcdwe4AHM","miscellaneous":""},"schema":{"@context":"https:\/\/schema.org","@graph":[{"@type":"BreadcrumbList","@id":"https:\/\/garrett.pt\/en\/product\/sistemas-de-colaboracao-sem-fios\/#breadcrumblist","itemListElement":[{"@type":"ListItem","@id":"https:\/\/garrett.pt\/en#listItem","position":1,"name":"Home","item":"https:\/\/garrett.pt\/en","nextItem":{"@type":"ListItem","@id":"https:\/\/garrett.pt\/en\/?page_id=927#listItem","name":"Private: Shop"}},{"@type":"ListItem","@id":"https:\/\/garrett.pt\/en\/?page_id=927#listItem","position":2,"name":"Private: Shop","item":"https:\/\/garrett.pt\/en\/?page_id=927","nextItem":{"@type":"ListItem","@id":"https:\/\/garrett.pt\/en\/product-category\/integracao_multimedia\/#listItem","name":"Integra\u00e7\u00e3o e Multimedia"},"previousItem":{"@type":"ListItem","@id":"https:\/\/garrett.pt\/en#listItem","name":"Home"}},{"@type":"ListItem","@id":"https:\/\/garrett.pt\/en\/product-category\/integracao_multimedia\/#listItem","position":3,"name":"Integra\u00e7\u00e3o e Multimedia","item":"https:\/\/garrett.pt\/en\/product-category\/integracao_multimedia\/","nextItem":{"@type":"ListItem","@id":"https:\/\/garrett.pt\/en\/product\/sistemas-de-colaboracao-sem-fios\/#listItem","name":"Sistemas de Colabora\u00e7\u00e3o sem Fios"},"previousItem":{"@type":"ListItem","@id":"https:\/\/garrett.pt\/en\/?page_id=927#listItem","name":"Private: Shop"}},{"@type":"ListItem","@id":"https:\/\/garrett.pt\/en\/product\/sistemas-de-colaboracao-sem-fios\/#listItem","position":4,"name":"Sistemas de Colabora\u00e7\u00e3o sem Fios","previousItem":{"@type":"ListItem","@id":"https:\/\/garrett.pt\/en\/product-category\/integracao_multimedia\/#listItem","name":"Integra\u00e7\u00e3o e Multimedia"}}]},{"@type":"ItemPage","@id":"https:\/\/garrett.pt\/en\/product\/sistemas-de-colaboracao-sem-fios\/#itempage","url":"https:\/\/garrett.pt\/en\/product\/sistemas-de-colaboracao-sem-fios\/","name":"Sistemas de Colabora\u00e7\u00e3o sem Fios | Garrett Audiovisuais","description":"Sem fios, mais intuitivo, seguro e est\u00e1vel para reuni\u00f5es profissionais e perfeitas, libertando-o de cabos e adaptadores. O sistema de apresenta\u00e7\u00e3o sem fios BenQ InstaShow TM \u00e9 f\u00e1cile de usar, suave nas transmiss\u00f5es para apresenta\u00e7\u00f5es com v\u00e1rias pessoas e debates em grupo, e seguro contra quaisquer amea\u00e7as. Saiba mais em https:\/\/www.benq.eu\/en-eu\/business\/wireless-presentation\/instashow-wireless-collaboration.html","inLanguage":"en-GB","isPartOf":{"@id":"https:\/\/garrett.pt\/en\/#website"},"breadcrumb":{"@id":"https:\/\/garrett.pt\/en\/product\/sistemas-de-colaboracao-sem-fios\/#breadcrumblist"},"image":{"@type":"ImageObject","url":"https:\/\/garrett.pt\/wp-content\/uploads\/2022\/03\/presentation.png","@id":"https:\/\/garrett.pt\/en\/product\/sistemas-de-colaboracao-sem-fios\/#mainImage","width":750,"height":750},"primaryImageOfPage":{"@id":"https:\/\/garrett.pt\/en\/product\/sistemas-de-colaboracao-sem-fios\/#mainImage"},"datePublished":"2022-03-10T15:38:24+00:00","dateModified":"2022-03-10T15:50:59+00:00"},{"@type":"Organization","@id":"https:\/\/garrett.pt\/en\/#organization","name":"Garrett Audiovisuais","description":"Projeto e Integra\u00e7\u00e3o de Sistemas Audiovisuais","url":"https:\/\/garrett.pt\/en\/","telephone":"+351214180134","logo":{"@type":"ImageObject","url":"https:\/\/garrett.pt\/wp-content\/uploads\/2021\/10\/1378831_10151703628399331_552396504_n.jpg","@id":"https:\/\/garrett.pt\/en\/product\/sistemas-de-colaboracao-sem-fios\/#organizationLogo","width":650,"height":650},"image":{"@id":"https:\/\/garrett.pt\/en\/product\/sistemas-de-colaboracao-sem-fios\/#organizationLogo"},"sameAs":["https:\/\/www.facebook.com\/garrettaudiovisuais","https:\/\/www.instagram.com\/garrettaudiovisuais\/","https:\/\/www.youtube.com\/channel\/UCMLMFyCLpAQ3D4cYmzC34PQ","https:\/\/www.linkedin.com\/company\/garrett-audiovisuais","https:\/\/www.threads.net\/@garrettaudiovisuais","https:\/\/bsky.app\/profile\/garrettsa.bsky.social"]},{"@type":"WebPage","@id":"https:\/\/garrett.pt\/en\/product\/sistemas-de-colaboracao-sem-fios\/#webpage","url":"https:\/\/garrett.pt\/en\/product\/sistemas-de-colaboracao-sem-fios\/","name":"Sistemas de Colabora\u00e7\u00e3o sem Fios | Garrett Audiovisuais","description":"Sem fios, mais intuitivo, seguro e est\u00e1vel para reuni\u00f5es profissionais e perfeitas, libertando-o de cabos e adaptadores. O sistema de apresenta\u00e7\u00e3o sem fios BenQ InstaShow TM \u00e9 f\u00e1cile de usar, suave nas transmiss\u00f5es para apresenta\u00e7\u00f5es com v\u00e1rias pessoas e debates em grupo, e seguro contra quaisquer amea\u00e7as. Saiba mais em https:\/\/www.benq.eu\/en-eu\/business\/wireless-presentation\/instashow-wireless-collaboration.html","inLanguage":"en-GB","isPartOf":{"@id":"https:\/\/garrett.pt\/en\/#website"},"breadcrumb":{"@id":"https:\/\/garrett.pt\/en\/product\/sistemas-de-colaboracao-sem-fios\/#breadcrumblist"},"image":{"@type":"ImageObject","url":"https:\/\/garrett.pt\/wp-content\/uploads\/2022\/03\/presentation.png","@id":"https:\/\/garrett.pt\/en\/product\/sistemas-de-colaboracao-sem-fios\/#mainImage","width":750,"height":750},"primaryImageOfPage":{"@id":"https:\/\/garrett.pt\/en\/product\/sistemas-de-colaboracao-sem-fios\/#mainImage"},"datePublished":"2022-03-10T15:38:24+00:00","dateModified":"2022-03-10T15:50:59+00:00"},{"@type":"WebSite","@id":"https:\/\/garrett.pt\/en\/#website","url":"https:\/\/garrett.pt\/en\/","name":"Garrett Audiovisuais","description":"Projeto e Integra\u00e7\u00e3o de Sistemas Audiovisuais","inLanguage":"en-GB","publisher":{"@id":"https:\/\/garrett.pt\/en\/#organization"}}]},"og:locale":"en_GB","og:site_name":"Garrett Audiovisuais | Projeto e Integra\u00e7\u00e3o de Sistemas Audiovisuais","og:type":"article","og:title":"Sistemas de Colabora\u00e7\u00e3o sem Fios | Garrett Audiovisuais","og:description":"Sem fios, mais intuitivo, seguro e est\u00e1vel para reuni\u00f5es profissionais e perfeitas, libertando-o de cabos e adaptadores. O sistema de apresenta\u00e7\u00e3o sem fios BenQ InstaShow TM \u00e9 f\u00e1cile de usar, suave nas transmiss\u00f5es para apresenta\u00e7\u00f5es com v\u00e1rias pessoas e debates em grupo, e seguro contra quaisquer amea\u00e7as. Saiba mais em https:\/\/www.benq.eu\/en-eu\/business\/wireless-presentation\/instashow-wireless-collaboration.html","og:url":"https:\/\/garrett.pt\/en\/product\/sistemas-de-colaboracao-sem-fios\/","og:image":"https:\/\/garrett.pt\/wp-content\/uploads\/2022\/03\/presentation.png","og:image:secure_url":"https:\/\/garrett.pt\/wp-content\/uploads\/2022\/03\/presentation.png","og:image:width":750,"og:image:height":750,"article:published_time":"2022-03-10T15:38:24+00:00","article:modified_time":"2022-03-10T15:50:59+00:00","article:publisher":"https:\/\/www.facebook.com\/garrettaudiovisuais","twitter:card":"summary","twitter:title":"Sistemas de Colabora\u00e7\u00e3o sem Fios | Garrett Audiovisuais","twitter:description":"Sem fios, mais intuitivo, seguro e est\u00e1vel para reuni\u00f5es profissionais e perfeitas, libertando-o de cabos e adaptadores. O sistema de apresenta\u00e7\u00e3o sem fios BenQ InstaShow TM \u00e9 f\u00e1cile de usar, suave nas transmiss\u00f5es para apresenta\u00e7\u00f5es com v\u00e1rias pessoas e debates em grupo, e seguro contra quaisquer amea\u00e7as. Saiba mais em https:\/\/www.benq.eu\/en-eu\/business\/wireless-presentation\/instashow-wireless-collaboration.html","twitter:image":"https:\/\/garrett.pt\/wp-content\/uploads\/2022\/03\/presentation.png"},"aioseo_meta_data":{"post_id":"15842","title":null,"description":null,"keywords":[],"keyphrases":{"focus":{"keyphrase":"","score":0,"analysis":{"keyphraseInTitle":{"score":0,"maxScore":9,"error":1}}},"additional":[]},"primary_term":null,"canonical_url":null,"og_title":null,"og_description":null,"og_object_type":"default","og_image_type":"default","og_image_url":null,"og_image_width":null,"og_image_height":null,"og_image_custom_url":null,"og_image_custom_fields":null,"og_video":"","og_custom_url":null,"og_article_section":null,"og_article_tags":[],"twitter_use_og":false,"twitter_card":"default","twitter_image_type":"default","twitter_image_url":null,"twitter_image_custom_url":null,"twitter_image_custom_fields":null,"twitter_title":null,"twitter_description":null,"schema":{"blockGraphs":[],"customGraphs":[],"default":{"data":{"Article":[],"Course":[],"Dataset":[],"FAQPage":[],"Movie":[],"Person":[],"Product":[],"ProductReview":[],"Car":[],"Recipe":[],"Service":[],"SoftwareApplication":[],"WebPage":[]},"graphName":"","isEnabled":true},"graphs":[],"defaultGraph":"WebPage","defaultPostTypeGraph":""},"schema_type":"default","schema_type_options":"{\"article\":{\"articleType\":\"BlogPosting\"},\"course\":{\"name\":\"\",\"description\":\"\",\"provider\":\"\"},\"faq\":{\"pages\":[]},\"product\":{\"reviews\":[]},\"recipe\":{\"ingredients\":[],\"instructions\":[],\"keywords\":[]},\"software\":{\"reviews\":[],\"operatingSystems\":[]},\"webPage\":{\"webPageType\":\"WebPage\"}}","pillar_content":false,"robots_default":true,"robots_noindex":false,"robots_noarchive":false,"robots_nosnippet":false,"robots_nofollow":false,"robots_noimageindex":false,"robots_noodp":false,"robots_notranslate":false,"robots_max_snippet":"-1","robots_max_videopreview":"-1","robots_max_imagepreview":"large","priority":null,"frequency":"default","local_seo":null,"seo_analyzer_scan_date":"2025-10-13 18:58:32","breadcrumb_settings":null,"limit_modified_date":false,"reviewed_by":null,"open_ai":null,"ai":null,"created":"2022-03-10 15:38:24","updated":"2025-10-13 18:58:32"},"aioseo_breadcrumb":"<div class=\"aioseo-breadcrumbs\"><span class=\"aioseo-breadcrumb\">\n\t<a href=\"https:\/\/garrett.pt\/en\" title=\"Home\">Home<\/a>\n<\/span><span class=\"aioseo-breadcrumb-separator\">&raquo;<\/span><span class=\"aioseo-breadcrumb\">\n\t<a href=\"https:\/\/garrett.pt\/en\/?page_id=927\" title=\"Private: Shop\">Private: Shop<\/a>\n<\/span><span class=\"aioseo-breadcrumb-separator\">&raquo;<\/span><span class=\"aioseo-breadcrumb\">\n\t<a href=\"https:\/\/garrett.pt\/en\/product-category\/integracao_multimedia\/\" title=\"Integra\u00e7\u00e3o e Multimedia\">Integra\u00e7\u00e3o e Multimedia<\/a>\n<\/span><span class=\"aioseo-breadcrumb-separator\">&raquo;<\/span><span class=\"aioseo-breadcrumb\">\n\tSistemas de Colabora\u00e7\u00e3o sem Fios\n<\/span><\/div>","aioseo_breadcrumb_json":[{"label":"Home","link":"https:\/\/garrett.pt\/en"},{"label":"Private: Shop","link":"https:\/\/garrett.pt\/en\/?page_id=927"},{"label":"Integra\u00e7\u00e3o e Multimedia","link":"https:\/\/garrett.pt\/en\/product-category\/integracao_multimedia\/"},{"label":"Sistemas de Colabora\u00e7\u00e3o sem Fios","link":"https:\/\/garrett.pt\/en\/product\/sistemas-de-colaboracao-sem-fios\/"}],"_links":{"self":[{"href":"https:\/\/garrett.pt\/en\/wp-json\/wp\/v2\/product\/15842","targetHints":{"allow":["GET"]}}],"collection":[{"href":"https:\/\/garrett.pt\/en\/wp-json\/wp\/v2\/product"}],"about":[{"href":"https:\/\/garrett.pt\/en\/wp-json\/wp\/v2\/types\/product"}],"replies":[{"embeddable":true,"href":"https:\/\/garrett.pt\/en\/wp-json\/wp\/v2\/comments?post=15842"}],"wp:featuredmedia":[{"embeddable":true,"href":"https:\/\/garrett.pt\/en\/wp-json\/wp\/v2\/media\/15833"}],"wp:attachment":[{"href":"https:\/\/garrett.pt\/en\/wp-json\/wp\/v2\/media?parent=15842"}],"wp:term":[{"taxonomy":"product_brand","embeddable":true,"href":"https:\/\/garrett.pt\/en\/wp-json\/wp\/v2\/product_brand?post=15842"},{"taxonomy":"product_cat","embeddable":true,"href":"https:\/\/garrett.pt\/en\/wp-json\/wp\/v2\/product_cat?post=15842"},{"taxonomy":"product_tag","embeddable":true,"href":"https:\/\/garrett.pt\/en\/wp-json\/wp\/v2\/product_tag?post=15842"}],"curies":[{"name":"wp","href":"https:\/\/api.w.org\/{rel}","templated":true}]}}