{"id":17032,"date":"2022-07-22T15:07:48","date_gmt":"2022-07-22T15:07:48","guid":{"rendered":"https:\/\/garrett.pt\/?post_type=product&#038;p=17032"},"modified":"2022-07-22T15:34:31","modified_gmt":"2022-07-22T15:34:31","slug":"sistemas-multimedia-para-conferencias","status":"publish","type":"product","link":"https:\/\/garrett.pt\/en\/product\/sistemas-multimedia-para-conferencias\/","title":{"rendered":"Multimedia Systems for Conferences"},"content":{"rendered":"<style type=\"text\/css\">\n\t\t\t#gallery-1 {\n\t\t\t\tmargin: auto;\n\t\t\t}\n\t\t\t#gallery-1 .gallery-item {\n\t\t\t\tfloat: left;\n\t\t\t\tmargin-top: 10px;\n\t\t\t\ttext-align: center;\n\t\t\t\twidth: 50%;\n\t\t\t}\n\t\t\t#gallery-1 img {\n\t\t\t\tborder: 2px solid #cfcfcf;\n\t\t\t}\n\t\t\t#gallery-1 .gallery-caption {\n\t\t\t\tmargin-left: 0;\n\t\t\t}\n\t\t\t\/* see gallery_shortcode() in wp-includes\/media.php *\/\n\t\t<\/style>\n\t\t<div id='gallery-1' class='gallery galleryid-17032 gallery-columns-2 gallery-size-full'><dl class='gallery-item'>\n\t\t\t<dt class='gallery-icon landscape'>\n\t\t\t\t<img loading=\"lazy\" decoding=\"async\" width=\"1920\" height=\"1080\" src=\"https:\/\/garrett.pt\/wp-content\/uploads\/2022\/07\/Ultra-thin-Lift-Monitor-with-MIC.jpg\" class=\"attachment-full size-full\" alt=\"\" srcset=\"https:\/\/garrett.pt\/wp-content\/uploads\/2022\/07\/Ultra-thin-Lift-Monitor-with-MIC.jpg 1920w, https:\/\/garrett.pt\/wp-content\/uploads\/2022\/07\/Ultra-thin-Lift-Monitor-with-MIC-600x338.jpg 600w, https:\/\/garrett.pt\/wp-content\/uploads\/2022\/07\/Ultra-thin-Lift-Monitor-with-MIC-500x281.jpg 500w, https:\/\/garrett.pt\/wp-content\/uploads\/2022\/07\/Ultra-thin-Lift-Monitor-with-MIC-1024x576.jpg 1024w, https:\/\/garrett.pt\/wp-content\/uploads\/2022\/07\/Ultra-thin-Lift-Monitor-with-MIC-768x432.jpg 768w, https:\/\/garrett.pt\/wp-content\/uploads\/2022\/07\/Ultra-thin-Lift-Monitor-with-MIC-1536x864.jpg 1536w, https:\/\/garrett.pt\/wp-content\/uploads\/2022\/07\/Ultra-thin-Lift-Monitor-with-MIC-24x14.jpg 24w, https:\/\/garrett.pt\/wp-content\/uploads\/2022\/07\/Ultra-thin-Lift-Monitor-with-MIC-36x20.jpg 36w, https:\/\/garrett.pt\/wp-content\/uploads\/2022\/07\/Ultra-thin-Lift-Monitor-with-MIC-48x27.jpg 48w\" sizes=\"auto, (max-width: 1920px) 100vw, 1920px\" \/>\n\t\t\t<\/dt><\/dl><dl class='gallery-item'>\n\t\t\t<dt class='gallery-icon landscape'>\n\t\t\t\t<img loading=\"lazy\" decoding=\"async\" width=\"1920\" height=\"1080\" src=\"https:\/\/garrett.pt\/wp-content\/uploads\/2022\/07\/wzh201.jpg\" class=\"attachment-full size-full\" alt=\"\" srcset=\"https:\/\/garrett.pt\/wp-content\/uploads\/2022\/07\/wzh201.jpg 1920w, https:\/\/garrett.pt\/wp-content\/uploads\/2022\/07\/wzh201-600x338.jpg 600w, https:\/\/garrett.pt\/wp-content\/uploads\/2022\/07\/wzh201-500x281.jpg 500w, https:\/\/garrett.pt\/wp-content\/uploads\/2022\/07\/wzh201-1024x576.jpg 1024w, https:\/\/garrett.pt\/wp-content\/uploads\/2022\/07\/wzh201-768x432.jpg 768w, https:\/\/garrett.pt\/wp-content\/uploads\/2022\/07\/wzh201-1536x864.jpg 1536w, https:\/\/garrett.pt\/wp-content\/uploads\/2022\/07\/wzh201-24x14.jpg 24w, https:\/\/garrett.pt\/wp-content\/uploads\/2022\/07\/wzh201-36x20.jpg 36w, https:\/\/garrett.pt\/wp-content\/uploads\/2022\/07\/wzh201-48x27.jpg 48w\" sizes=\"auto, (max-width: 1920px) 100vw, 1920px\" \/>\n\t\t\t<\/dt><\/dl><br style=\"clear: both\" \/>\n\t\t<\/div>\n\n<p>&nbsp;<\/p>\n<p>&nbsp;<\/p>","protected":false},"excerpt":{"rendered":"<h3>Paperless solutions for conference speakers.<\/h3>\n<h3>\u00a0Learn more at:<br \/>\n\u2013 <a href=\"https:\/\/www.vissonic.com\/\" target=\"_blank\" rel=\"noopener\">https:\/\/www.vissonic.com\/<\/a><\/h3>\n<p>&nbsp;<\/p>\n<p>&nbsp;<\/p>","protected":false},"featured_media":17036,"comment_status":"closed","ping_status":"closed","template":"","meta":{"cybocfi_hide_featured_image":""},"product_brand":[],"product_cat":[62,301,60,398],"product_tag":[],"class_list":{"0":"post-17032","1":"product","2":"type-product","3":"status-publish","4":"has-post-thumbnail","6":"product_cat-integracao_multimedia","7":"product_cat-sem-categoria","8":"product_cat-video","9":"product_cat-vissonic","10":"post","11":"post-with-thumbnail","12":"post-with-thumbnail-large","14":"first","15":"instock","16":"taxable","17":"shipping-taxable","18":"product-type-simple"},"aioseo_notices":[],"aioseo_head":"\n\t\t<!-- All in One SEO Pro 4.9.6.2 - aioseo.com -->\n\t<meta name=\"description\" content=\"Solu\u00e7\u00f5es paperless para oradores em confer\u00eancias. Saiba mais em: - https:\/\/www.vissonic.com\/\" \/>\n\t<meta name=\"robots\" content=\"max-image-preview:large\" \/>\n\t<meta name=\"google-site-verification\" content=\"V-yzxKXBUCATCiI1W_5bHMqCYZQPH0cGOGjcdwe4AHM\" \/>\n\t<link rel=\"canonical\" href=\"https:\/\/garrett.pt\/en\/product\/sistemas-multimedia-para-conferencias\/\" \/>\n\t<meta name=\"generator\" content=\"All in One SEO Pro (AIOSEO) 4.9.6.2\" \/>\n\t\t<meta property=\"og:locale\" content=\"en_GB\" \/>\n\t\t<meta property=\"og:site_name\" content=\"Garrett Audiovisuais | Projeto e Integra\u00e7\u00e3o de Sistemas Audiovisuais\" \/>\n\t\t<meta property=\"og:type\" content=\"article\" \/>\n\t\t<meta property=\"og:title\" content=\"Sistemas Multimedia para Conferencias | Garrett Audiovisuais\" \/>\n\t\t<meta property=\"og:description\" content=\"Solu\u00e7\u00f5es paperless para oradores em confer\u00eancias. Saiba mais em: - https:\/\/www.vissonic.com\/\" \/>\n\t\t<meta property=\"og:url\" content=\"https:\/\/garrett.pt\/en\/product\/sistemas-multimedia-para-conferencias\/\" \/>\n\t\t<meta property=\"og:image\" content=\"https:\/\/garrett.pt\/wp-content\/uploads\/2022\/07\/multimedia-1.png\" \/>\n\t\t<meta property=\"og:image:secure_url\" content=\"https:\/\/garrett.pt\/wp-content\/uploads\/2022\/07\/multimedia-1.png\" \/>\n\t\t<meta property=\"og:image:width\" content=\"750\" \/>\n\t\t<meta property=\"og:image:height\" content=\"750\" \/>\n\t\t<meta property=\"article:published_time\" content=\"2022-07-22T15:07:48+00:00\" \/>\n\t\t<meta property=\"article:modified_time\" content=\"2022-07-22T15:34:31+00:00\" \/>\n\t\t<meta property=\"article:publisher\" content=\"https:\/\/www.facebook.com\/garrettaudiovisuais\" \/>\n\t\t<meta name=\"twitter:card\" content=\"summary\" \/>\n\t\t<meta name=\"twitter:title\" content=\"Sistemas Multimedia para Conferencias | Garrett Audiovisuais\" \/>\n\t\t<meta name=\"twitter:description\" content=\"Solu\u00e7\u00f5es paperless para oradores em confer\u00eancias. Saiba mais em: - https:\/\/www.vissonic.com\/\" \/>\n\t\t<meta name=\"twitter:image\" content=\"https:\/\/garrett.pt\/wp-content\/uploads\/2022\/07\/multimedia-1.png\" \/>\n\t\t<script type=\"application\/ld+json\" class=\"aioseo-schema\">\n\t\t\t{\"@context\":\"https:\\\/\\\/schema.org\",\"@graph\":[{\"@type\":\"BreadcrumbList\",\"@id\":\"https:\\\/\\\/garrett.pt\\\/en\\\/product\\\/sistemas-multimedia-para-conferencias\\\/#breadcrumblist\",\"itemListElement\":[{\"@type\":\"ListItem\",\"@id\":\"https:\\\/\\\/garrett.pt\\\/en#listItem\",\"position\":1,\"name\":\"Home\",\"item\":\"https:\\\/\\\/garrett.pt\\\/en\",\"nextItem\":{\"@type\":\"ListItem\",\"@id\":\"https:\\\/\\\/garrett.pt\\\/en\\\/?page_id=927#listItem\",\"name\":\"Private: Shop\"}},{\"@type\":\"ListItem\",\"@id\":\"https:\\\/\\\/garrett.pt\\\/en\\\/?page_id=927#listItem\",\"position\":2,\"name\":\"Private: Shop\",\"item\":\"https:\\\/\\\/garrett.pt\\\/en\\\/?page_id=927\",\"nextItem\":{\"@type\":\"ListItem\",\"@id\":\"https:\\\/\\\/garrett.pt\\\/en\\\/product-category\\\/integracao_multimedia\\\/#listItem\",\"name\":\"Integra\\u00e7\\u00e3o e Multimedia\"},\"previousItem\":{\"@type\":\"ListItem\",\"@id\":\"https:\\\/\\\/garrett.pt\\\/en#listItem\",\"name\":\"Home\"}},{\"@type\":\"ListItem\",\"@id\":\"https:\\\/\\\/garrett.pt\\\/en\\\/product-category\\\/integracao_multimedia\\\/#listItem\",\"position\":3,\"name\":\"Integra\\u00e7\\u00e3o e Multimedia\",\"item\":\"https:\\\/\\\/garrett.pt\\\/en\\\/product-category\\\/integracao_multimedia\\\/\",\"nextItem\":{\"@type\":\"ListItem\",\"@id\":\"https:\\\/\\\/garrett.pt\\\/en\\\/product-category\\\/integracao_multimedia\\\/video\\\/#listItem\",\"name\":\"Video\"},\"previousItem\":{\"@type\":\"ListItem\",\"@id\":\"https:\\\/\\\/garrett.pt\\\/en\\\/?page_id=927#listItem\",\"name\":\"Private: Shop\"}},{\"@type\":\"ListItem\",\"@id\":\"https:\\\/\\\/garrett.pt\\\/en\\\/product-category\\\/integracao_multimedia\\\/video\\\/#listItem\",\"position\":4,\"name\":\"Video\",\"item\":\"https:\\\/\\\/garrett.pt\\\/en\\\/product-category\\\/integracao_multimedia\\\/video\\\/\",\"nextItem\":{\"@type\":\"ListItem\",\"@id\":\"https:\\\/\\\/garrett.pt\\\/en\\\/product\\\/sistemas-multimedia-para-conferencias\\\/#listItem\",\"name\":\"Sistemas Multimedia para Conferencias\"},\"previousItem\":{\"@type\":\"ListItem\",\"@id\":\"https:\\\/\\\/garrett.pt\\\/en\\\/product-category\\\/integracao_multimedia\\\/#listItem\",\"name\":\"Integra\\u00e7\\u00e3o e Multimedia\"}},{\"@type\":\"ListItem\",\"@id\":\"https:\\\/\\\/garrett.pt\\\/en\\\/product\\\/sistemas-multimedia-para-conferencias\\\/#listItem\",\"position\":5,\"name\":\"Sistemas Multimedia para Conferencias\",\"previousItem\":{\"@type\":\"ListItem\",\"@id\":\"https:\\\/\\\/garrett.pt\\\/en\\\/product-category\\\/integracao_multimedia\\\/video\\\/#listItem\",\"name\":\"Video\"}}]},{\"@type\":\"ItemPage\",\"@id\":\"https:\\\/\\\/garrett.pt\\\/en\\\/product\\\/sistemas-multimedia-para-conferencias\\\/#itempage\",\"url\":\"https:\\\/\\\/garrett.pt\\\/en\\\/product\\\/sistemas-multimedia-para-conferencias\\\/\",\"name\":\"Sistemas Multimedia para Conferencias | Garrett Audiovisuais\",\"description\":\"Solu\\u00e7\\u00f5es paperless para oradores em confer\\u00eancias. Saiba mais em: - https:\\\/\\\/www.vissonic.com\\\/\",\"inLanguage\":\"en-GB\",\"isPartOf\":{\"@id\":\"https:\\\/\\\/garrett.pt\\\/en\\\/#website\"},\"breadcrumb\":{\"@id\":\"https:\\\/\\\/garrett.pt\\\/en\\\/product\\\/sistemas-multimedia-para-conferencias\\\/#breadcrumblist\"},\"image\":{\"@type\":\"ImageObject\",\"url\":\"https:\\\/\\\/garrett.pt\\\/wp-content\\\/uploads\\\/2022\\\/07\\\/multimedia-1.png\",\"@id\":\"https:\\\/\\\/garrett.pt\\\/en\\\/product\\\/sistemas-multimedia-para-conferencias\\\/#mainImage\",\"width\":750,\"height\":750},\"primaryImageOfPage\":{\"@id\":\"https:\\\/\\\/garrett.pt\\\/en\\\/product\\\/sistemas-multimedia-para-conferencias\\\/#mainImage\"},\"datePublished\":\"2022-07-22T15:07:48+00:00\",\"dateModified\":\"2022-07-22T15:34:31+00:00\"},{\"@type\":\"Organization\",\"@id\":\"https:\\\/\\\/garrett.pt\\\/en\\\/#organization\",\"name\":\"Garrett Audiovisuais\",\"description\":\"Projeto e Integra\\u00e7\\u00e3o de Sistemas Audiovisuais\",\"url\":\"https:\\\/\\\/garrett.pt\\\/en\\\/\",\"telephone\":\"+351214180134\",\"logo\":{\"@type\":\"ImageObject\",\"url\":\"https:\\\/\\\/garrett.pt\\\/wp-content\\\/uploads\\\/2021\\\/10\\\/1378831_10151703628399331_552396504_n.jpg\",\"@id\":\"https:\\\/\\\/garrett.pt\\\/en\\\/product\\\/sistemas-multimedia-para-conferencias\\\/#organizationLogo\",\"width\":650,\"height\":650},\"image\":{\"@id\":\"https:\\\/\\\/garrett.pt\\\/en\\\/product\\\/sistemas-multimedia-para-conferencias\\\/#organizationLogo\"},\"sameAs\":[\"https:\\\/\\\/www.facebook.com\\\/garrettaudiovisuais\",\"https:\\\/\\\/www.instagram.com\\\/garrettaudiovisuais\\\/\",\"https:\\\/\\\/www.youtube.com\\\/channel\\\/UCMLMFyCLpAQ3D4cYmzC34PQ\",\"https:\\\/\\\/www.linkedin.com\\\/company\\\/garrett-audiovisuais\",\"https:\\\/\\\/www.threads.net\\\/@garrettaudiovisuais\",\"https:\\\/\\\/bsky.app\\\/profile\\\/garrettsa.bsky.social\"]},{\"@type\":\"WebPage\",\"@id\":\"https:\\\/\\\/garrett.pt\\\/en\\\/product\\\/sistemas-multimedia-para-conferencias\\\/#webpage\",\"url\":\"https:\\\/\\\/garrett.pt\\\/en\\\/product\\\/sistemas-multimedia-para-conferencias\\\/\",\"name\":\"Sistemas Multimedia para Conferencias | Garrett Audiovisuais\",\"description\":\"Solu\\u00e7\\u00f5es paperless para oradores em confer\\u00eancias. Saiba mais em: - https:\\\/\\\/www.vissonic.com\\\/\",\"inLanguage\":\"en-GB\",\"isPartOf\":{\"@id\":\"https:\\\/\\\/garrett.pt\\\/en\\\/#website\"},\"breadcrumb\":{\"@id\":\"https:\\\/\\\/garrett.pt\\\/en\\\/product\\\/sistemas-multimedia-para-conferencias\\\/#breadcrumblist\"},\"image\":{\"@type\":\"ImageObject\",\"url\":\"https:\\\/\\\/garrett.pt\\\/wp-content\\\/uploads\\\/2022\\\/07\\\/multimedia-1.png\",\"@id\":\"https:\\\/\\\/garrett.pt\\\/en\\\/product\\\/sistemas-multimedia-para-conferencias\\\/#mainImage\",\"width\":750,\"height\":750},\"primaryImageOfPage\":{\"@id\":\"https:\\\/\\\/garrett.pt\\\/en\\\/product\\\/sistemas-multimedia-para-conferencias\\\/#mainImage\"},\"datePublished\":\"2022-07-22T15:07:48+00:00\",\"dateModified\":\"2022-07-22T15:34:31+00:00\"},{\"@type\":\"WebSite\",\"@id\":\"https:\\\/\\\/garrett.pt\\\/en\\\/#website\",\"url\":\"https:\\\/\\\/garrett.pt\\\/en\\\/\",\"name\":\"Garrett Audiovisuais\",\"description\":\"Projeto e Integra\\u00e7\\u00e3o de Sistemas Audiovisuais\",\"inLanguage\":\"en-GB\",\"publisher\":{\"@id\":\"https:\\\/\\\/garrett.pt\\\/en\\\/#organization\"}}]}\n\t\t<\/script>\n\t\t<!-- All in One SEO Pro -->\r\n\t\t<title>Sistemas Multimedia para Conferencias | Garrett Audiovisuais<\/title>\n\n","aioseo_head_json":{"title":"Multimedia Conference Systems | Garrett Audiovisuals","description":"Paperless solutions for conference speakers. Learn more at: https:\/\/www.vissonic.com\/","canonical_url":"https:\/\/garrett.pt\/en\/product\/sistemas-multimedia-para-conferencias\/","robots":"max-image-preview:large","keywords":"","webmasterTools":{"google-site-verification":"V-yzxKXBUCATCiI1W_5bHMqCYZQPH0cGOGjcdwe4AHM","miscellaneous":""},"schema":{"@context":"https:\/\/schema.org","@graph":[{"@type":"BreadcrumbList","@id":"https:\/\/garrett.pt\/en\/product\/sistemas-multimedia-para-conferencias\/#breadcrumblist","itemListElement":[{"@type":"ListItem","@id":"https:\/\/garrett.pt\/en#listItem","position":1,"name":"Home","item":"https:\/\/garrett.pt\/en","nextItem":{"@type":"ListItem","@id":"https:\/\/garrett.pt\/en\/?page_id=927#listItem","name":"Private: Shop"}},{"@type":"ListItem","@id":"https:\/\/garrett.pt\/en\/?page_id=927#listItem","position":2,"name":"Private: Shop","item":"https:\/\/garrett.pt\/en\/?page_id=927","nextItem":{"@type":"ListItem","@id":"https:\/\/garrett.pt\/en\/product-category\/integracao_multimedia\/#listItem","name":"Integra\u00e7\u00e3o e Multimedia"},"previousItem":{"@type":"ListItem","@id":"https:\/\/garrett.pt\/en#listItem","name":"Home"}},{"@type":"ListItem","@id":"https:\/\/garrett.pt\/en\/product-category\/integracao_multimedia\/#listItem","position":3,"name":"Integra\u00e7\u00e3o e Multimedia","item":"https:\/\/garrett.pt\/en\/product-category\/integracao_multimedia\/","nextItem":{"@type":"ListItem","@id":"https:\/\/garrett.pt\/en\/product-category\/integracao_multimedia\/video\/#listItem","name":"Video"},"previousItem":{"@type":"ListItem","@id":"https:\/\/garrett.pt\/en\/?page_id=927#listItem","name":"Private: Shop"}},{"@type":"ListItem","@id":"https:\/\/garrett.pt\/en\/product-category\/integracao_multimedia\/video\/#listItem","position":4,"name":"Video","item":"https:\/\/garrett.pt\/en\/product-category\/integracao_multimedia\/video\/","nextItem":{"@type":"ListItem","@id":"https:\/\/garrett.pt\/en\/product\/sistemas-multimedia-para-conferencias\/#listItem","name":"Sistemas Multimedia para Conferencias"},"previousItem":{"@type":"ListItem","@id":"https:\/\/garrett.pt\/en\/product-category\/integracao_multimedia\/#listItem","name":"Integra\u00e7\u00e3o e Multimedia"}},{"@type":"ListItem","@id":"https:\/\/garrett.pt\/en\/product\/sistemas-multimedia-para-conferencias\/#listItem","position":5,"name":"Sistemas Multimedia para Conferencias","previousItem":{"@type":"ListItem","@id":"https:\/\/garrett.pt\/en\/product-category\/integracao_multimedia\/video\/#listItem","name":"Video"}}]},{"@type":"ItemPage","@id":"https:\/\/garrett.pt\/en\/product\/sistemas-multimedia-para-conferencias\/#itempage","url":"https:\/\/garrett.pt\/en\/product\/sistemas-multimedia-para-conferencias\/","name":"Sistemas Multimedia para Conferencias | Garrett Audiovisuais","description":"Solu\u00e7\u00f5es paperless para oradores em confer\u00eancias. Saiba mais em: - https:\/\/www.vissonic.com\/","inLanguage":"en-GB","isPartOf":{"@id":"https:\/\/garrett.pt\/en\/#website"},"breadcrumb":{"@id":"https:\/\/garrett.pt\/en\/product\/sistemas-multimedia-para-conferencias\/#breadcrumblist"},"image":{"@type":"ImageObject","url":"https:\/\/garrett.pt\/wp-content\/uploads\/2022\/07\/multimedia-1.png","@id":"https:\/\/garrett.pt\/en\/product\/sistemas-multimedia-para-conferencias\/#mainImage","width":750,"height":750},"primaryImageOfPage":{"@id":"https:\/\/garrett.pt\/en\/product\/sistemas-multimedia-para-conferencias\/#mainImage"},"datePublished":"2022-07-22T15:07:48+00:00","dateModified":"2022-07-22T15:34:31+00:00"},{"@type":"Organization","@id":"https:\/\/garrett.pt\/en\/#organization","name":"Garrett Audiovisuais","description":"Projeto e Integra\u00e7\u00e3o de Sistemas Audiovisuais","url":"https:\/\/garrett.pt\/en\/","telephone":"+351214180134","logo":{"@type":"ImageObject","url":"https:\/\/garrett.pt\/wp-content\/uploads\/2021\/10\/1378831_10151703628399331_552396504_n.jpg","@id":"https:\/\/garrett.pt\/en\/product\/sistemas-multimedia-para-conferencias\/#organizationLogo","width":650,"height":650},"image":{"@id":"https:\/\/garrett.pt\/en\/product\/sistemas-multimedia-para-conferencias\/#organizationLogo"},"sameAs":["https:\/\/www.facebook.com\/garrettaudiovisuais","https:\/\/www.instagram.com\/garrettaudiovisuais\/","https:\/\/www.youtube.com\/channel\/UCMLMFyCLpAQ3D4cYmzC34PQ","https:\/\/www.linkedin.com\/company\/garrett-audiovisuais","https:\/\/www.threads.net\/@garrettaudiovisuais","https:\/\/bsky.app\/profile\/garrettsa.bsky.social"]},{"@type":"WebPage","@id":"https:\/\/garrett.pt\/en\/product\/sistemas-multimedia-para-conferencias\/#webpage","url":"https:\/\/garrett.pt\/en\/product\/sistemas-multimedia-para-conferencias\/","name":"Sistemas Multimedia para Conferencias | Garrett Audiovisuais","description":"Solu\u00e7\u00f5es paperless para oradores em confer\u00eancias. Saiba mais em: - https:\/\/www.vissonic.com\/","inLanguage":"en-GB","isPartOf":{"@id":"https:\/\/garrett.pt\/en\/#website"},"breadcrumb":{"@id":"https:\/\/garrett.pt\/en\/product\/sistemas-multimedia-para-conferencias\/#breadcrumblist"},"image":{"@type":"ImageObject","url":"https:\/\/garrett.pt\/wp-content\/uploads\/2022\/07\/multimedia-1.png","@id":"https:\/\/garrett.pt\/en\/product\/sistemas-multimedia-para-conferencias\/#mainImage","width":750,"height":750},"primaryImageOfPage":{"@id":"https:\/\/garrett.pt\/en\/product\/sistemas-multimedia-para-conferencias\/#mainImage"},"datePublished":"2022-07-22T15:07:48+00:00","dateModified":"2022-07-22T15:34:31+00:00"},{"@type":"WebSite","@id":"https:\/\/garrett.pt\/en\/#website","url":"https:\/\/garrett.pt\/en\/","name":"Garrett Audiovisuais","description":"Projeto e Integra\u00e7\u00e3o de Sistemas Audiovisuais","inLanguage":"en-GB","publisher":{"@id":"https:\/\/garrett.pt\/en\/#organization"}}]},"og:locale":"en_GB","og:site_name":"Garrett Audiovisuais | Projeto e Integra\u00e7\u00e3o de Sistemas Audiovisuais","og:type":"article","og:title":"Sistemas Multimedia para Conferencias | Garrett Audiovisuais","og:description":"Solu\u00e7\u00f5es paperless para oradores em confer\u00eancias. Saiba mais em: - https:\/\/www.vissonic.com\/","og:url":"https:\/\/garrett.pt\/en\/product\/sistemas-multimedia-para-conferencias\/","og:image":"https:\/\/garrett.pt\/wp-content\/uploads\/2022\/07\/multimedia-1.png","og:image:secure_url":"https:\/\/garrett.pt\/wp-content\/uploads\/2022\/07\/multimedia-1.png","og:image:width":750,"og:image:height":750,"article:published_time":"2022-07-22T15:07:48+00:00","article:modified_time":"2022-07-22T15:34:31+00:00","article:publisher":"https:\/\/www.facebook.com\/garrettaudiovisuais","twitter:card":"summary","twitter:title":"Sistemas Multimedia para Conferencias | Garrett Audiovisuais","twitter:description":"Solu\u00e7\u00f5es paperless para oradores em confer\u00eancias. Saiba mais em: - https:\/\/www.vissonic.com\/","twitter:image":"https:\/\/garrett.pt\/wp-content\/uploads\/2022\/07\/multimedia-1.png"},"aioseo_meta_data":{"post_id":"17032","title":null,"description":null,"keywords":[],"keyphrases":{"focus":{"keyphrase":"","score":0,"analysis":{"keyphraseInTitle":{"score":0,"maxScore":9,"error":1}}},"additional":[]},"primary_term":null,"canonical_url":null,"og_title":null,"og_description":null,"og_object_type":"default","og_image_type":"default","og_image_url":null,"og_image_width":null,"og_image_height":null,"og_image_custom_url":null,"og_image_custom_fields":null,"og_video":"","og_custom_url":null,"og_article_section":null,"og_article_tags":[],"twitter_use_og":false,"twitter_card":"default","twitter_image_type":"default","twitter_image_url":null,"twitter_image_custom_url":null,"twitter_image_custom_fields":null,"twitter_title":null,"twitter_description":null,"schema":{"blockGraphs":[],"customGraphs":[],"default":{"data":{"Article":[],"Course":[],"Dataset":[],"FAQPage":[],"Movie":[],"Person":[],"Product":[],"ProductReview":[],"Car":[],"Recipe":[],"Service":[],"SoftwareApplication":[],"WebPage":[]},"graphName":"","isEnabled":true},"graphs":[]},"schema_type":"default","schema_type_options":"{\"article\":{\"articleType\":\"BlogPosting\"},\"course\":{\"name\":\"\",\"description\":\"\",\"provider\":\"\"},\"faq\":{\"pages\":[]},\"product\":{\"reviews\":[]},\"recipe\":{\"ingredients\":[],\"instructions\":[],\"keywords\":[]},\"software\":{\"reviews\":[],\"operatingSystems\":[]},\"webPage\":{\"webPageType\":\"WebPage\"},\"blockGraphs\":[]}","pillar_content":false,"robots_default":true,"robots_noindex":false,"robots_noarchive":false,"robots_nosnippet":false,"robots_nofollow":false,"robots_noimageindex":false,"robots_noodp":false,"robots_notranslate":false,"robots_max_snippet":"-1","robots_max_videopreview":"-1","robots_max_imagepreview":"large","priority":null,"frequency":"default","local_seo":null,"seo_analyzer_scan_date":"2025-10-13 19:04:44","breadcrumb_settings":null,"limit_modified_date":false,"reviewed_by":null,"open_ai":null,"ai":null,"created":"2022-07-22 15:07:48","updated":"2025-10-13 19:04:44"},"aioseo_breadcrumb":"<div class=\"aioseo-breadcrumbs\"><span class=\"aioseo-breadcrumb\">\n\t<a href=\"https:\/\/garrett.pt\/en\" title=\"Home\">Home<\/a>\n<\/span><span class=\"aioseo-breadcrumb-separator\">&raquo;<\/span><span class=\"aioseo-breadcrumb\">\n\t<a href=\"https:\/\/garrett.pt\/en\/?page_id=927\" title=\"Private: Shop\">Private: Shop<\/a>\n<\/span><span class=\"aioseo-breadcrumb-separator\">&raquo;<\/span><span class=\"aioseo-breadcrumb\">\n\t<a href=\"https:\/\/garrett.pt\/en\/product-category\/integracao_multimedia\/\" title=\"Integra\u00e7\u00e3o e Multimedia\">Integra\u00e7\u00e3o e Multimedia<\/a>\n<\/span><span class=\"aioseo-breadcrumb-separator\">&raquo;<\/span><span class=\"aioseo-breadcrumb\">\n\t<a href=\"https:\/\/garrett.pt\/en\/product-category\/integracao_multimedia\/video\/\" title=\"Video\">Video<\/a>\n<\/span><span class=\"aioseo-breadcrumb-separator\">&raquo;<\/span><span class=\"aioseo-breadcrumb\">\n\tSistemas Multimedia para Conferencias\n<\/span><\/div>","aioseo_breadcrumb_json":[{"label":"Home","link":"https:\/\/garrett.pt\/en"},{"label":"Private: Shop","link":"https:\/\/garrett.pt\/en\/?page_id=927"},{"label":"Integra\u00e7\u00e3o e Multimedia","link":"https:\/\/garrett.pt\/en\/product-category\/integracao_multimedia\/"},{"label":"Video","link":"https:\/\/garrett.pt\/en\/product-category\/integracao_multimedia\/video\/"},{"label":"Sistemas Multimedia para Conferencias","link":"https:\/\/garrett.pt\/en\/product\/sistemas-multimedia-para-conferencias\/"}],"_links":{"self":[{"href":"https:\/\/garrett.pt\/en\/wp-json\/wp\/v2\/product\/17032","targetHints":{"allow":["GET"]}}],"collection":[{"href":"https:\/\/garrett.pt\/en\/wp-json\/wp\/v2\/product"}],"about":[{"href":"https:\/\/garrett.pt\/en\/wp-json\/wp\/v2\/types\/product"}],"replies":[{"embeddable":true,"href":"https:\/\/garrett.pt\/en\/wp-json\/wp\/v2\/comments?post=17032"}],"wp:featuredmedia":[{"embeddable":true,"href":"https:\/\/garrett.pt\/en\/wp-json\/wp\/v2\/media\/17036"}],"wp:attachment":[{"href":"https:\/\/garrett.pt\/en\/wp-json\/wp\/v2\/media?parent=17032"}],"wp:term":[{"taxonomy":"product_brand","embeddable":true,"href":"https:\/\/garrett.pt\/en\/wp-json\/wp\/v2\/product_brand?post=17032"},{"taxonomy":"product_cat","embeddable":true,"href":"https:\/\/garrett.pt\/en\/wp-json\/wp\/v2\/product_cat?post=17032"},{"taxonomy":"product_tag","embeddable":true,"href":"https:\/\/garrett.pt\/en\/wp-json\/wp\/v2\/product_tag?post=17032"}],"curies":[{"name":"wp","href":"https:\/\/api.w.org\/{rel}","templated":true}]}}