{"id":21998,"date":"2023-09-15T16:28:12","date_gmt":"2023-09-15T16:28:12","guid":{"rendered":"https:\/\/garrett.pt\/?post_type=product&#038;p=21998"},"modified":"2024-06-18T16:46:21","modified_gmt":"2024-06-18T16:46:21","slug":"monitores-profissionais-bravia","status":"publish","type":"product","link":"https:\/\/garrett.pt\/en\/product\/monitores-profissionais-bravia\/","title":{"rendered":"BRAVIA professional monitors"},"content":{"rendered":"<h1 class=\"style-scope ytd-watch-metadata\"><\/h1>\n<p><iframe loading=\"lazy\" title=\"2023 BRAVIA 4K HDR Professional Displays Model Lineup | BZ-L Series | Sony Official\" width=\"720\" height=\"405\" src=\"https:\/\/www.youtube.com\/embed\/yN_rTCxiO5I?feature=oembed&#038;enablejsapi=1&#038;origin=https:\/\/garrett.pt\" frameborder=\"0\" allow=\"accelerometer; autoplay; clipboard-write; encrypted-media; gyroscope; picture-in-picture; web-share\" allowfullscreen><\/iframe><\/p>\n<p>&nbsp;<\/p>\n<p>&nbsp;<\/p>","protected":false},"excerpt":{"rendered":"<p>Slim, power-efficient professional monitors combine 4K or 8K HDR image quality with versatile integration options and low operating costs.<\/p>\n<p>Discover the full range at<a href=\"https:\/\/pro.sony\/en_EE\/products\/pro-displays\" target=\"_blank\" rel=\"noopener\" data-mce-href=\"https:\/\/pro.sony\/en_EE\/products\/pro-displays\"> https:\/\/pro.sony\/en_EE\/products\/pro-displays<\/a><\/p>","protected":false},"featured_media":21999,"comment_status":"closed","ping_status":"closed","template":"","meta":{"cybocfi_hide_featured_image":""},"product_brand":[],"product_cat":[287,288,62,564,60,548],"product_tag":[],"class_list":{"0":"post-21998","1":"product","2":"type-product","3":"status-publish","4":"has-post-thumbnail","6":"product_cat-ecras-profissionais","7":"product_cat-ecras-videowall","8":"product_cat-integracao_multimedia","9":"product_cat-sony","10":"product_cat-video","11":"product_cat-videoconferencia","12":"post","13":"post-with-thumbnail","14":"post-with-thumbnail-large","16":"first","17":"instock","18":"taxable","19":"shipping-taxable","20":"product-type-simple"},"aioseo_notices":[],"aioseo_head":"\n\t\t<!-- All in One SEO Pro 4.9.6.1 - aioseo.com -->\n\t<meta name=\"description\" content=\"Monitores profissionais finos e com baixo consumo de energia combinam qualidade de imagem 4K ou 8K HDR com op\u00e7\u00f5es de integra\u00e7\u00e3o vers\u00e1teis e baixos custos operacionais.Conhe\u00e7a a gama completa em https:\/\/pro.sony\/en_EE\/products\/pro-displays\" \/>\n\t<meta name=\"robots\" content=\"max-image-preview:large\" \/>\n\t<meta name=\"google-site-verification\" content=\"V-yzxKXBUCATCiI1W_5bHMqCYZQPH0cGOGjcdwe4AHM\" \/>\n\t<link rel=\"canonical\" href=\"https:\/\/garrett.pt\/en\/product\/monitores-profissionais-bravia\/\" \/>\n\t<meta name=\"generator\" content=\"All in One SEO Pro (AIOSEO) 4.9.6.1\" \/>\n\t\t<meta property=\"og:locale\" content=\"en_GB\" \/>\n\t\t<meta property=\"og:site_name\" content=\"Garrett Audiovisuais | Projeto e Integra\u00e7\u00e3o de Sistemas Audiovisuais\" \/>\n\t\t<meta property=\"og:type\" content=\"article\" \/>\n\t\t<meta property=\"og:title\" content=\"Monitores profissionais BRAVIA | Garrett Audiovisuais\" \/>\n\t\t<meta property=\"og:description\" content=\"Monitores profissionais finos e com baixo consumo de energia combinam qualidade de imagem 4K ou 8K HDR com op\u00e7\u00f5es de integra\u00e7\u00e3o vers\u00e1teis e baixos custos operacionais.Conhe\u00e7a a gama completa em https:\/\/pro.sony\/en_EE\/products\/pro-displays\" \/>\n\t\t<meta property=\"og:url\" content=\"https:\/\/garrett.pt\/en\/product\/monitores-profissionais-bravia\/\" \/>\n\t\t<meta property=\"og:image\" content=\"https:\/\/garrett.pt\/wp-content\/uploads\/2023\/09\/Bravia_Displays.png\" \/>\n\t\t<meta property=\"og:image:secure_url\" content=\"https:\/\/garrett.pt\/wp-content\/uploads\/2023\/09\/Bravia_Displays.png\" \/>\n\t\t<meta property=\"og:image:width\" content=\"600\" \/>\n\t\t<meta property=\"og:image:height\" content=\"600\" \/>\n\t\t<meta property=\"article:published_time\" content=\"2023-09-15T16:28:12+00:00\" \/>\n\t\t<meta property=\"article:modified_time\" content=\"2024-06-18T16:46:21+00:00\" \/>\n\t\t<meta property=\"article:publisher\" content=\"https:\/\/www.facebook.com\/garrettaudiovisuais\" \/>\n\t\t<meta name=\"twitter:card\" content=\"summary\" \/>\n\t\t<meta name=\"twitter:title\" content=\"Monitores profissionais BRAVIA | Garrett Audiovisuais\" \/>\n\t\t<meta name=\"twitter:description\" content=\"Monitores profissionais finos e com baixo consumo de energia combinam qualidade de imagem 4K ou 8K HDR com op\u00e7\u00f5es de integra\u00e7\u00e3o vers\u00e1teis e baixos custos operacionais.Conhe\u00e7a a gama completa em https:\/\/pro.sony\/en_EE\/products\/pro-displays\" \/>\n\t\t<meta name=\"twitter:image\" content=\"https:\/\/garrett.pt\/wp-content\/uploads\/2023\/09\/Bravia_Displays.png\" \/>\n\t\t<script type=\"application\/ld+json\" class=\"aioseo-schema\">\n\t\t\t{\"@context\":\"https:\\\/\\\/schema.org\",\"@graph\":[{\"@type\":\"BreadcrumbList\",\"@id\":\"https:\\\/\\\/garrett.pt\\\/en\\\/product\\\/monitores-profissionais-bravia\\\/#breadcrumblist\",\"itemListElement\":[{\"@type\":\"ListItem\",\"@id\":\"https:\\\/\\\/garrett.pt\\\/en#listItem\",\"position\":1,\"name\":\"Home\",\"item\":\"https:\\\/\\\/garrett.pt\\\/en\",\"nextItem\":{\"@type\":\"ListItem\",\"@id\":\"https:\\\/\\\/garrett.pt\\\/en\\\/?page_id=927#listItem\",\"name\":\"Private: Shop\"}},{\"@type\":\"ListItem\",\"@id\":\"https:\\\/\\\/garrett.pt\\\/en\\\/?page_id=927#listItem\",\"position\":2,\"name\":\"Private: Shop\",\"item\":\"https:\\\/\\\/garrett.pt\\\/en\\\/?page_id=927\",\"nextItem\":{\"@type\":\"ListItem\",\"@id\":\"https:\\\/\\\/garrett.pt\\\/en\\\/product-category\\\/integracao_multimedia\\\/#listItem\",\"name\":\"Integra\\u00e7\\u00e3o e Multimedia\"},\"previousItem\":{\"@type\":\"ListItem\",\"@id\":\"https:\\\/\\\/garrett.pt\\\/en#listItem\",\"name\":\"Home\"}},{\"@type\":\"ListItem\",\"@id\":\"https:\\\/\\\/garrett.pt\\\/en\\\/product-category\\\/integracao_multimedia\\\/#listItem\",\"position\":3,\"name\":\"Integra\\u00e7\\u00e3o e Multimedia\",\"item\":\"https:\\\/\\\/garrett.pt\\\/en\\\/product-category\\\/integracao_multimedia\\\/\",\"nextItem\":{\"@type\":\"ListItem\",\"@id\":\"https:\\\/\\\/garrett.pt\\\/en\\\/product-category\\\/integracao_multimedia\\\/video\\\/#listItem\",\"name\":\"Video\"},\"previousItem\":{\"@type\":\"ListItem\",\"@id\":\"https:\\\/\\\/garrett.pt\\\/en\\\/?page_id=927#listItem\",\"name\":\"Private: Shop\"}},{\"@type\":\"ListItem\",\"@id\":\"https:\\\/\\\/garrett.pt\\\/en\\\/product-category\\\/integracao_multimedia\\\/video\\\/#listItem\",\"position\":4,\"name\":\"Video\",\"item\":\"https:\\\/\\\/garrett.pt\\\/en\\\/product-category\\\/integracao_multimedia\\\/video\\\/\",\"nextItem\":{\"@type\":\"ListItem\",\"@id\":\"https:\\\/\\\/garrett.pt\\\/en\\\/product-category\\\/integracao_multimedia\\\/video\\\/ecras-profissionais\\\/#listItem\",\"name\":\"Ecr\\u00e3s Profissionais\"},\"previousItem\":{\"@type\":\"ListItem\",\"@id\":\"https:\\\/\\\/garrett.pt\\\/en\\\/product-category\\\/integracao_multimedia\\\/#listItem\",\"name\":\"Integra\\u00e7\\u00e3o e Multimedia\"}},{\"@type\":\"ListItem\",\"@id\":\"https:\\\/\\\/garrett.pt\\\/en\\\/product-category\\\/integracao_multimedia\\\/video\\\/ecras-profissionais\\\/#listItem\",\"position\":5,\"name\":\"Ecr\\u00e3s Profissionais\",\"item\":\"https:\\\/\\\/garrett.pt\\\/en\\\/product-category\\\/integracao_multimedia\\\/video\\\/ecras-profissionais\\\/\",\"nextItem\":{\"@type\":\"ListItem\",\"@id\":\"https:\\\/\\\/garrett.pt\\\/en\\\/product\\\/monitores-profissionais-bravia\\\/#listItem\",\"name\":\"Monitores profissionais BRAVIA\"},\"previousItem\":{\"@type\":\"ListItem\",\"@id\":\"https:\\\/\\\/garrett.pt\\\/en\\\/product-category\\\/integracao_multimedia\\\/video\\\/#listItem\",\"name\":\"Video\"}},{\"@type\":\"ListItem\",\"@id\":\"https:\\\/\\\/garrett.pt\\\/en\\\/product\\\/monitores-profissionais-bravia\\\/#listItem\",\"position\":6,\"name\":\"Monitores profissionais BRAVIA\",\"previousItem\":{\"@type\":\"ListItem\",\"@id\":\"https:\\\/\\\/garrett.pt\\\/en\\\/product-category\\\/integracao_multimedia\\\/video\\\/ecras-profissionais\\\/#listItem\",\"name\":\"Ecr\\u00e3s Profissionais\"}}]},{\"@type\":\"ItemPage\",\"@id\":\"https:\\\/\\\/garrett.pt\\\/en\\\/product\\\/monitores-profissionais-bravia\\\/#itempage\",\"url\":\"https:\\\/\\\/garrett.pt\\\/en\\\/product\\\/monitores-profissionais-bravia\\\/\",\"name\":\"Monitores profissionais BRAVIA | Garrett Audiovisuais\",\"description\":\"Monitores profissionais finos e com baixo consumo de energia combinam qualidade de imagem 4K ou 8K HDR com op\\u00e7\\u00f5es de integra\\u00e7\\u00e3o vers\\u00e1teis e baixos custos operacionais.Conhe\\u00e7a a gama completa em https:\\\/\\\/pro.sony\\\/en_EE\\\/products\\\/pro-displays\",\"inLanguage\":\"en-GB\",\"isPartOf\":{\"@id\":\"https:\\\/\\\/garrett.pt\\\/en\\\/#website\"},\"breadcrumb\":{\"@id\":\"https:\\\/\\\/garrett.pt\\\/en\\\/product\\\/monitores-profissionais-bravia\\\/#breadcrumblist\"},\"image\":{\"@type\":\"ImageObject\",\"url\":\"https:\\\/\\\/garrett.pt\\\/wp-content\\\/uploads\\\/2023\\\/09\\\/Bravia_Displays.png\",\"@id\":\"https:\\\/\\\/garrett.pt\\\/en\\\/product\\\/monitores-profissionais-bravia\\\/#mainImage\",\"width\":600,\"height\":600},\"primaryImageOfPage\":{\"@id\":\"https:\\\/\\\/garrett.pt\\\/en\\\/product\\\/monitores-profissionais-bravia\\\/#mainImage\"},\"datePublished\":\"2023-09-15T16:28:12+00:00\",\"dateModified\":\"2024-06-18T16:46:21+00:00\"},{\"@type\":\"Organization\",\"@id\":\"https:\\\/\\\/garrett.pt\\\/en\\\/#organization\",\"name\":\"Garrett Audiovisuais\",\"description\":\"Projeto e Integra\\u00e7\\u00e3o de Sistemas Audiovisuais\",\"url\":\"https:\\\/\\\/garrett.pt\\\/en\\\/\",\"telephone\":\"+351214180134\",\"logo\":{\"@type\":\"ImageObject\",\"url\":\"https:\\\/\\\/garrett.pt\\\/wp-content\\\/uploads\\\/2021\\\/10\\\/1378831_10151703628399331_552396504_n.jpg\",\"@id\":\"https:\\\/\\\/garrett.pt\\\/en\\\/product\\\/monitores-profissionais-bravia\\\/#organizationLogo\",\"width\":650,\"height\":650},\"image\":{\"@id\":\"https:\\\/\\\/garrett.pt\\\/en\\\/product\\\/monitores-profissionais-bravia\\\/#organizationLogo\"},\"sameAs\":[\"https:\\\/\\\/www.facebook.com\\\/garrettaudiovisuais\",\"https:\\\/\\\/www.instagram.com\\\/garrettaudiovisuais\\\/\",\"https:\\\/\\\/www.youtube.com\\\/channel\\\/UCMLMFyCLpAQ3D4cYmzC34PQ\",\"https:\\\/\\\/www.linkedin.com\\\/company\\\/garrett-audiovisuais\",\"https:\\\/\\\/www.threads.net\\\/@garrettaudiovisuais\",\"https:\\\/\\\/bsky.app\\\/profile\\\/garrettsa.bsky.social\"]},{\"@type\":\"WebPage\",\"@id\":\"https:\\\/\\\/garrett.pt\\\/en\\\/product\\\/monitores-profissionais-bravia\\\/#webpage\",\"url\":\"https:\\\/\\\/garrett.pt\\\/en\\\/product\\\/monitores-profissionais-bravia\\\/\",\"name\":\"Monitores profissionais BRAVIA | Garrett Audiovisuais\",\"description\":\"Monitores profissionais finos e com baixo consumo de energia combinam qualidade de imagem 4K ou 8K HDR com op\\u00e7\\u00f5es de integra\\u00e7\\u00e3o vers\\u00e1teis e baixos custos operacionais.Conhe\\u00e7a a gama completa em https:\\\/\\\/pro.sony\\\/en_EE\\\/products\\\/pro-displays\",\"inLanguage\":\"en-GB\",\"isPartOf\":{\"@id\":\"https:\\\/\\\/garrett.pt\\\/en\\\/#website\"},\"breadcrumb\":{\"@id\":\"https:\\\/\\\/garrett.pt\\\/en\\\/product\\\/monitores-profissionais-bravia\\\/#breadcrumblist\"},\"image\":{\"@type\":\"ImageObject\",\"url\":\"https:\\\/\\\/garrett.pt\\\/wp-content\\\/uploads\\\/2023\\\/09\\\/Bravia_Displays.png\",\"@id\":\"https:\\\/\\\/garrett.pt\\\/en\\\/product\\\/monitores-profissionais-bravia\\\/#mainImage\",\"width\":600,\"height\":600},\"primaryImageOfPage\":{\"@id\":\"https:\\\/\\\/garrett.pt\\\/en\\\/product\\\/monitores-profissionais-bravia\\\/#mainImage\"},\"datePublished\":\"2023-09-15T16:28:12+00:00\",\"dateModified\":\"2024-06-18T16:46:21+00:00\"},{\"@type\":\"WebSite\",\"@id\":\"https:\\\/\\\/garrett.pt\\\/en\\\/#website\",\"url\":\"https:\\\/\\\/garrett.pt\\\/en\\\/\",\"name\":\"Garrett Audiovisuais\",\"description\":\"Projeto e Integra\\u00e7\\u00e3o de Sistemas Audiovisuais\",\"inLanguage\":\"en-GB\",\"publisher\":{\"@id\":\"https:\\\/\\\/garrett.pt\\\/en\\\/#organization\"}}]}\n\t\t<\/script>\n\t\t<!-- All in One SEO Pro -->\r\n\t\t<title>Monitores profissionais BRAVIA | Garrett Audiovisuais<\/title>\n\n","aioseo_head_json":{"title":"BRAVIA Professional Monitors | Garrett Audiovisuals","description":"Slim, power-efficient professional displays combine 4K or 8K HDR picture quality with versatile integration options and low running costs. Discover the full range at https:\/\/pro.sony\/en_EE\/products\/pro-displays","canonical_url":"https:\/\/garrett.pt\/en\/product\/monitores-profissionais-bravia\/","robots":"max-image-preview:large","keywords":"","webmasterTools":{"google-site-verification":"V-yzxKXBUCATCiI1W_5bHMqCYZQPH0cGOGjcdwe4AHM","miscellaneous":""},"schema":{"@context":"https:\/\/schema.org","@graph":[{"@type":"BreadcrumbList","@id":"https:\/\/garrett.pt\/en\/product\/monitores-profissionais-bravia\/#breadcrumblist","itemListElement":[{"@type":"ListItem","@id":"https:\/\/garrett.pt\/en#listItem","position":1,"name":"Home","item":"https:\/\/garrett.pt\/en","nextItem":{"@type":"ListItem","@id":"https:\/\/garrett.pt\/en\/?page_id=927#listItem","name":"Private: Shop"}},{"@type":"ListItem","@id":"https:\/\/garrett.pt\/en\/?page_id=927#listItem","position":2,"name":"Private: Shop","item":"https:\/\/garrett.pt\/en\/?page_id=927","nextItem":{"@type":"ListItem","@id":"https:\/\/garrett.pt\/en\/product-category\/integracao_multimedia\/#listItem","name":"Integra\u00e7\u00e3o e Multimedia"},"previousItem":{"@type":"ListItem","@id":"https:\/\/garrett.pt\/en#listItem","name":"Home"}},{"@type":"ListItem","@id":"https:\/\/garrett.pt\/en\/product-category\/integracao_multimedia\/#listItem","position":3,"name":"Integra\u00e7\u00e3o e Multimedia","item":"https:\/\/garrett.pt\/en\/product-category\/integracao_multimedia\/","nextItem":{"@type":"ListItem","@id":"https:\/\/garrett.pt\/en\/product-category\/integracao_multimedia\/video\/#listItem","name":"Video"},"previousItem":{"@type":"ListItem","@id":"https:\/\/garrett.pt\/en\/?page_id=927#listItem","name":"Private: Shop"}},{"@type":"ListItem","@id":"https:\/\/garrett.pt\/en\/product-category\/integracao_multimedia\/video\/#listItem","position":4,"name":"Video","item":"https:\/\/garrett.pt\/en\/product-category\/integracao_multimedia\/video\/","nextItem":{"@type":"ListItem","@id":"https:\/\/garrett.pt\/en\/product-category\/integracao_multimedia\/video\/ecras-profissionais\/#listItem","name":"Ecr\u00e3s Profissionais"},"previousItem":{"@type":"ListItem","@id":"https:\/\/garrett.pt\/en\/product-category\/integracao_multimedia\/#listItem","name":"Integra\u00e7\u00e3o e Multimedia"}},{"@type":"ListItem","@id":"https:\/\/garrett.pt\/en\/product-category\/integracao_multimedia\/video\/ecras-profissionais\/#listItem","position":5,"name":"Ecr\u00e3s Profissionais","item":"https:\/\/garrett.pt\/en\/product-category\/integracao_multimedia\/video\/ecras-profissionais\/","nextItem":{"@type":"ListItem","@id":"https:\/\/garrett.pt\/en\/product\/monitores-profissionais-bravia\/#listItem","name":"Monitores profissionais BRAVIA"},"previousItem":{"@type":"ListItem","@id":"https:\/\/garrett.pt\/en\/product-category\/integracao_multimedia\/video\/#listItem","name":"Video"}},{"@type":"ListItem","@id":"https:\/\/garrett.pt\/en\/product\/monitores-profissionais-bravia\/#listItem","position":6,"name":"Monitores profissionais BRAVIA","previousItem":{"@type":"ListItem","@id":"https:\/\/garrett.pt\/en\/product-category\/integracao_multimedia\/video\/ecras-profissionais\/#listItem","name":"Ecr\u00e3s Profissionais"}}]},{"@type":"ItemPage","@id":"https:\/\/garrett.pt\/en\/product\/monitores-profissionais-bravia\/#itempage","url":"https:\/\/garrett.pt\/en\/product\/monitores-profissionais-bravia\/","name":"Monitores profissionais BRAVIA | Garrett Audiovisuais","description":"Monitores profissionais finos e com baixo consumo de energia combinam qualidade de imagem 4K ou 8K HDR com op\u00e7\u00f5es de integra\u00e7\u00e3o vers\u00e1teis e baixos custos operacionais.Conhe\u00e7a a gama completa em https:\/\/pro.sony\/en_EE\/products\/pro-displays","inLanguage":"en-GB","isPartOf":{"@id":"https:\/\/garrett.pt\/en\/#website"},"breadcrumb":{"@id":"https:\/\/garrett.pt\/en\/product\/monitores-profissionais-bravia\/#breadcrumblist"},"image":{"@type":"ImageObject","url":"https:\/\/garrett.pt\/wp-content\/uploads\/2023\/09\/Bravia_Displays.png","@id":"https:\/\/garrett.pt\/en\/product\/monitores-profissionais-bravia\/#mainImage","width":600,"height":600},"primaryImageOfPage":{"@id":"https:\/\/garrett.pt\/en\/product\/monitores-profissionais-bravia\/#mainImage"},"datePublished":"2023-09-15T16:28:12+00:00","dateModified":"2024-06-18T16:46:21+00:00"},{"@type":"Organization","@id":"https:\/\/garrett.pt\/en\/#organization","name":"Garrett Audiovisuais","description":"Projeto e Integra\u00e7\u00e3o de Sistemas Audiovisuais","url":"https:\/\/garrett.pt\/en\/","telephone":"+351214180134","logo":{"@type":"ImageObject","url":"https:\/\/garrett.pt\/wp-content\/uploads\/2021\/10\/1378831_10151703628399331_552396504_n.jpg","@id":"https:\/\/garrett.pt\/en\/product\/monitores-profissionais-bravia\/#organizationLogo","width":650,"height":650},"image":{"@id":"https:\/\/garrett.pt\/en\/product\/monitores-profissionais-bravia\/#organizationLogo"},"sameAs":["https:\/\/www.facebook.com\/garrettaudiovisuais","https:\/\/www.instagram.com\/garrettaudiovisuais\/","https:\/\/www.youtube.com\/channel\/UCMLMFyCLpAQ3D4cYmzC34PQ","https:\/\/www.linkedin.com\/company\/garrett-audiovisuais","https:\/\/www.threads.net\/@garrettaudiovisuais","https:\/\/bsky.app\/profile\/garrettsa.bsky.social"]},{"@type":"WebPage","@id":"https:\/\/garrett.pt\/en\/product\/monitores-profissionais-bravia\/#webpage","url":"https:\/\/garrett.pt\/en\/product\/monitores-profissionais-bravia\/","name":"Monitores profissionais BRAVIA | Garrett Audiovisuais","description":"Monitores profissionais finos e com baixo consumo de energia combinam qualidade de imagem 4K ou 8K HDR com op\u00e7\u00f5es de integra\u00e7\u00e3o vers\u00e1teis e baixos custos operacionais.Conhe\u00e7a a gama completa em https:\/\/pro.sony\/en_EE\/products\/pro-displays","inLanguage":"en-GB","isPartOf":{"@id":"https:\/\/garrett.pt\/en\/#website"},"breadcrumb":{"@id":"https:\/\/garrett.pt\/en\/product\/monitores-profissionais-bravia\/#breadcrumblist"},"image":{"@type":"ImageObject","url":"https:\/\/garrett.pt\/wp-content\/uploads\/2023\/09\/Bravia_Displays.png","@id":"https:\/\/garrett.pt\/en\/product\/monitores-profissionais-bravia\/#mainImage","width":600,"height":600},"primaryImageOfPage":{"@id":"https:\/\/garrett.pt\/en\/product\/monitores-profissionais-bravia\/#mainImage"},"datePublished":"2023-09-15T16:28:12+00:00","dateModified":"2024-06-18T16:46:21+00:00"},{"@type":"WebSite","@id":"https:\/\/garrett.pt\/en\/#website","url":"https:\/\/garrett.pt\/en\/","name":"Garrett Audiovisuais","description":"Projeto e Integra\u00e7\u00e3o de Sistemas Audiovisuais","inLanguage":"en-GB","publisher":{"@id":"https:\/\/garrett.pt\/en\/#organization"}}]},"og:locale":"en_GB","og:site_name":"Garrett Audiovisuais | Projeto e Integra\u00e7\u00e3o de Sistemas Audiovisuais","og:type":"article","og:title":"Monitores profissionais BRAVIA | Garrett Audiovisuais","og:description":"Monitores profissionais finos e com baixo consumo de energia combinam qualidade de imagem 4K ou 8K HDR com op\u00e7\u00f5es de integra\u00e7\u00e3o vers\u00e1teis e baixos custos operacionais.Conhe\u00e7a a gama completa em https:\/\/pro.sony\/en_EE\/products\/pro-displays","og:url":"https:\/\/garrett.pt\/en\/product\/monitores-profissionais-bravia\/","og:image":"https:\/\/garrett.pt\/wp-content\/uploads\/2023\/09\/Bravia_Displays.png","og:image:secure_url":"https:\/\/garrett.pt\/wp-content\/uploads\/2023\/09\/Bravia_Displays.png","og:image:width":600,"og:image:height":600,"article:published_time":"2023-09-15T16:28:12+00:00","article:modified_time":"2024-06-18T16:46:21+00:00","article:publisher":"https:\/\/www.facebook.com\/garrettaudiovisuais","twitter:card":"summary","twitter:title":"Monitores profissionais BRAVIA | Garrett Audiovisuais","twitter:description":"Monitores profissionais finos e com baixo consumo de energia combinam qualidade de imagem 4K ou 8K HDR com op\u00e7\u00f5es de integra\u00e7\u00e3o vers\u00e1teis e baixos custos operacionais.Conhe\u00e7a a gama completa em https:\/\/pro.sony\/en_EE\/products\/pro-displays","twitter:image":"https:\/\/garrett.pt\/wp-content\/uploads\/2023\/09\/Bravia_Displays.png"},"aioseo_meta_data":{"post_id":"21998","title":null,"description":null,"keywords":null,"keyphrases":null,"primary_term":null,"canonical_url":null,"og_title":null,"og_description":null,"og_object_type":"default","og_image_type":"default","og_image_url":null,"og_image_width":null,"og_image_height":null,"og_image_custom_url":null,"og_image_custom_fields":null,"og_video":null,"og_custom_url":null,"og_article_section":null,"og_article_tags":null,"twitter_use_og":false,"twitter_card":"default","twitter_image_type":"default","twitter_image_url":null,"twitter_image_custom_url":null,"twitter_image_custom_fields":null,"twitter_title":null,"twitter_description":null,"schema":{"blockGraphs":[],"customGraphs":[],"default":{"data":{"Article":[],"Course":[],"Dataset":[],"FAQPage":[],"Movie":[],"Person":[],"Product":[],"ProductReview":[],"Car":[],"Recipe":[],"Service":[],"SoftwareApplication":[],"WebPage":[]},"graphName":"","isEnabled":true},"graphs":[]},"schema_type":"default","schema_type_options":null,"pillar_content":false,"robots_default":true,"robots_noindex":false,"robots_noarchive":false,"robots_nosnippet":false,"robots_nofollow":false,"robots_noimageindex":false,"robots_noodp":false,"robots_notranslate":false,"robots_max_snippet":null,"robots_max_videopreview":null,"robots_max_imagepreview":"large","priority":null,"frequency":null,"local_seo":null,"seo_analyzer_scan_date":"2025-10-13 19:14:46","breadcrumb_settings":null,"limit_modified_date":false,"reviewed_by":null,"open_ai":null,"ai":null,"created":"2023-10-04 16:31:10","updated":"2025-10-13 19:14:46"},"aioseo_breadcrumb":"<div class=\"aioseo-breadcrumbs\"><span class=\"aioseo-breadcrumb\">\n\t<a href=\"https:\/\/garrett.pt\/en\" title=\"Home\">Home<\/a>\n<\/span><span class=\"aioseo-breadcrumb-separator\">&raquo;<\/span><span class=\"aioseo-breadcrumb\">\n\t<a href=\"https:\/\/garrett.pt\/en\/?page_id=927\" title=\"Private: Shop\">Private: Shop<\/a>\n<\/span><span class=\"aioseo-breadcrumb-separator\">&raquo;<\/span><span class=\"aioseo-breadcrumb\">\n\t<a href=\"https:\/\/garrett.pt\/en\/product-category\/integracao_multimedia\/\" title=\"Integra\u00e7\u00e3o e Multimedia\">Integra\u00e7\u00e3o e Multimedia<\/a>\n<\/span><span class=\"aioseo-breadcrumb-separator\">&raquo;<\/span><span class=\"aioseo-breadcrumb\">\n\t<a href=\"https:\/\/garrett.pt\/en\/product-category\/integracao_multimedia\/video\/\" title=\"Video\">Video<\/a>\n<\/span><span class=\"aioseo-breadcrumb-separator\">&raquo;<\/span><span class=\"aioseo-breadcrumb\">\n\t<a href=\"https:\/\/garrett.pt\/en\/product-category\/integracao_multimedia\/video\/ecras-profissionais\/\" title=\"Ecr\u00e3s Profissionais\">Ecr\u00e3s Profissionais<\/a>\n<\/span><span class=\"aioseo-breadcrumb-separator\">&raquo;<\/span><span class=\"aioseo-breadcrumb\">\n\tMonitores profissionais BRAVIA\n<\/span><\/div>","aioseo_breadcrumb_json":[{"label":"Home","link":"https:\/\/garrett.pt\/en"},{"label":"Private: Shop","link":"https:\/\/garrett.pt\/en\/?page_id=927"},{"label":"Integra\u00e7\u00e3o e Multimedia","link":"https:\/\/garrett.pt\/en\/product-category\/integracao_multimedia\/"},{"label":"Video","link":"https:\/\/garrett.pt\/en\/product-category\/integracao_multimedia\/video\/"},{"label":"Ecr\u00e3s Profissionais","link":"https:\/\/garrett.pt\/en\/product-category\/integracao_multimedia\/video\/ecras-profissionais\/"},{"label":"Monitores profissionais BRAVIA","link":"https:\/\/garrett.pt\/en\/product\/monitores-profissionais-bravia\/"}],"_links":{"self":[{"href":"https:\/\/garrett.pt\/en\/wp-json\/wp\/v2\/product\/21998","targetHints":{"allow":["GET"]}}],"collection":[{"href":"https:\/\/garrett.pt\/en\/wp-json\/wp\/v2\/product"}],"about":[{"href":"https:\/\/garrett.pt\/en\/wp-json\/wp\/v2\/types\/product"}],"replies":[{"embeddable":true,"href":"https:\/\/garrett.pt\/en\/wp-json\/wp\/v2\/comments?post=21998"}],"wp:featuredmedia":[{"embeddable":true,"href":"https:\/\/garrett.pt\/en\/wp-json\/wp\/v2\/media\/21999"}],"wp:attachment":[{"href":"https:\/\/garrett.pt\/en\/wp-json\/wp\/v2\/media?parent=21998"}],"wp:term":[{"taxonomy":"product_brand","embeddable":true,"href":"https:\/\/garrett.pt\/en\/wp-json\/wp\/v2\/product_brand?post=21998"},{"taxonomy":"product_cat","embeddable":true,"href":"https:\/\/garrett.pt\/en\/wp-json\/wp\/v2\/product_cat?post=21998"},{"taxonomy":"product_tag","embeddable":true,"href":"https:\/\/garrett.pt\/en\/wp-json\/wp\/v2\/product_tag?post=21998"}],"curies":[{"name":"wp","href":"https:\/\/api.w.org\/{rel}","templated":true}]}}