{"id":23168,"date":"2024-01-17T11:01:21","date_gmt":"2024-01-17T11:01:21","guid":{"rendered":"https:\/\/garrett.pt\/?post_type=product&#038;p=23168"},"modified":"2024-01-17T11:16:05","modified_gmt":"2024-01-17T11:16:05","slug":"solucoes-para-transmissao-de-dados-sct","status":"publish","type":"product","link":"https:\/\/garrett.pt\/en\/product\/solucoes-para-transmissao-de-dados-sct\/","title":{"rendered":"Solutions for SC&amp;T data transmission"},"content":{"rendered":"<ul>\n<li>\n<h5>Data Converter: <a href=\"https:\/\/www.sct.com.tw\/sub-categories\/data-converter\" target=\"_blank\" rel=\"noopener\">https:\/\/www.sct.com.tw\/sub-categories\/data-converter<\/a><\/h5>\n<\/li>\n<li>\n<h5>Data Extension: <a href=\"https:\/\/www.sct.com.tw\/sub-categories\/data-extension\" target=\"_blank\" rel=\"noopener\">https:\/\/www.sct.com.tw\/sub-categories\/data-extension<\/a><\/h5>\n<\/li>\n<li>\n<h5>Data Distributor:<a href=\"https:\/\/www.sct.com.tw\/sub-categories\/data-distributor\" target=\"_blank\" rel=\"noopener\"> https:\/\/www.sct.com.tw\/sub-categories\/data-distributor<\/a><\/h5>\n<\/li>\n<li>\n<h5>RotarySwitch. <a href=\"https:\/\/www.sct.com.tw\/sub-categories\/rotary-switch\" target=\"_blank\" rel=\"noopener\">https:\/\/www.sct.com.tw\/sub-categories\/rotary-switch<\/a><\/h5>\n<\/li>\n<\/ul>","protected":false},"excerpt":{"rendered":"<h5>Tools for data transmission for RS232\/RS422\/RS485.<\/h5>","protected":false},"featured_media":23166,"comment_status":"closed","ping_status":"closed","template":"","meta":{"cybocfi_hide_featured_image":""},"product_brand":[],"product_cat":[59,205,198,113,62,211,574],"product_tag":[],"class_list":{"0":"post-23168","1":"product","2":"type-product","3":"status-publish","4":"has-post-thumbnail","6":"product_cat-audio","7":"product_cat-cabos-audio","8":"product_cat-conversores","9":"product_cat-distribuidores-de-sinal","10":"product_cat-integracao_multimedia","11":"product_cat-interfaces-para-conexoes","12":"product_cat-sct","13":"post","14":"post-with-thumbnail","15":"post-with-thumbnail-large","17":"first","18":"instock","19":"taxable","20":"shipping-taxable","21":"product-type-simple"},"aioseo_notices":[],"aioseo_head":"\n\t\t<!-- All in One SEO Pro 4.9.6.1 - aioseo.com -->\n\t<meta name=\"description\" content=\"Ferramentas para transmiss\u00e3o de dados para RS232\/RS422\/RS485.\" \/>\n\t<meta name=\"robots\" content=\"max-image-preview:large\" \/>\n\t<meta name=\"google-site-verification\" content=\"V-yzxKXBUCATCiI1W_5bHMqCYZQPH0cGOGjcdwe4AHM\" \/>\n\t<link rel=\"canonical\" href=\"https:\/\/garrett.pt\/en\/product\/solucoes-para-transmissao-de-dados-sct\/\" \/>\n\t<meta name=\"generator\" content=\"All in One SEO Pro (AIOSEO) 4.9.6.1\" \/>\n\t\t<meta property=\"og:locale\" content=\"en_GB\" \/>\n\t\t<meta property=\"og:site_name\" content=\"Garrett Audiovisuais | Projeto e Integra\u00e7\u00e3o de Sistemas Audiovisuais\" \/>\n\t\t<meta property=\"og:type\" content=\"article\" \/>\n\t\t<meta property=\"og:title\" content=\"Solu\u00e7\u00f5es para transmiss\u00e3o de dados SC&amp;T | Garrett Audiovisuais\" \/>\n\t\t<meta property=\"og:description\" content=\"Ferramentas para transmiss\u00e3o de dados para RS232\/RS422\/RS485.\" \/>\n\t\t<meta property=\"og:url\" content=\"https:\/\/garrett.pt\/en\/product\/solucoes-para-transmissao-de-dados-sct\/\" \/>\n\t\t<meta property=\"og:image\" content=\"https:\/\/garrett.pt\/wp-content\/uploads\/2024\/01\/Data_Transmission.png\" \/>\n\t\t<meta property=\"og:image:secure_url\" content=\"https:\/\/garrett.pt\/wp-content\/uploads\/2024\/01\/Data_Transmission.png\" \/>\n\t\t<meta property=\"og:image:width\" content=\"600\" \/>\n\t\t<meta property=\"og:image:height\" content=\"600\" \/>\n\t\t<meta property=\"article:published_time\" content=\"2024-01-17T11:01:21+00:00\" \/>\n\t\t<meta property=\"article:modified_time\" content=\"2024-01-17T11:16:05+00:00\" \/>\n\t\t<meta property=\"article:publisher\" content=\"https:\/\/www.facebook.com\/garrettaudiovisuais\" \/>\n\t\t<meta name=\"twitter:card\" content=\"summary\" \/>\n\t\t<meta name=\"twitter:title\" content=\"Solu\u00e7\u00f5es para transmiss\u00e3o de dados SC&amp;T | Garrett Audiovisuais\" \/>\n\t\t<meta name=\"twitter:description\" content=\"Ferramentas para transmiss\u00e3o de dados para RS232\/RS422\/RS485.\" \/>\n\t\t<meta name=\"twitter:image\" content=\"https:\/\/garrett.pt\/wp-content\/uploads\/2024\/01\/Data_Transmission.png\" \/>\n\t\t<script type=\"application\/ld+json\" class=\"aioseo-schema\">\n\t\t\t{\"@context\":\"https:\\\/\\\/schema.org\",\"@graph\":[{\"@type\":\"BreadcrumbList\",\"@id\":\"https:\\\/\\\/garrett.pt\\\/en\\\/product\\\/solucoes-para-transmissao-de-dados-sct\\\/#breadcrumblist\",\"itemListElement\":[{\"@type\":\"ListItem\",\"@id\":\"https:\\\/\\\/garrett.pt\\\/en#listItem\",\"position\":1,\"name\":\"Home\",\"item\":\"https:\\\/\\\/garrett.pt\\\/en\",\"nextItem\":{\"@type\":\"ListItem\",\"@id\":\"https:\\\/\\\/garrett.pt\\\/en\\\/?page_id=927#listItem\",\"name\":\"Private: Shop\"}},{\"@type\":\"ListItem\",\"@id\":\"https:\\\/\\\/garrett.pt\\\/en\\\/?page_id=927#listItem\",\"position\":2,\"name\":\"Private: Shop\",\"item\":\"https:\\\/\\\/garrett.pt\\\/en\\\/?page_id=927\",\"nextItem\":{\"@type\":\"ListItem\",\"@id\":\"https:\\\/\\\/garrett.pt\\\/en\\\/product-category\\\/audio\\\/#listItem\",\"name\":\"Audio\"},\"previousItem\":{\"@type\":\"ListItem\",\"@id\":\"https:\\\/\\\/garrett.pt\\\/en#listItem\",\"name\":\"Home\"}},{\"@type\":\"ListItem\",\"@id\":\"https:\\\/\\\/garrett.pt\\\/en\\\/product-category\\\/audio\\\/#listItem\",\"position\":3,\"name\":\"Audio\",\"item\":\"https:\\\/\\\/garrett.pt\\\/en\\\/product-category\\\/audio\\\/\",\"nextItem\":{\"@type\":\"ListItem\",\"@id\":\"https:\\\/\\\/garrett.pt\\\/en\\\/product-category\\\/audio\\\/distribuidores-de-sinal\\\/#listItem\",\"name\":\"Distribuidores de Sinal\"},\"previousItem\":{\"@type\":\"ListItem\",\"@id\":\"https:\\\/\\\/garrett.pt\\\/en\\\/?page_id=927#listItem\",\"name\":\"Private: Shop\"}},{\"@type\":\"ListItem\",\"@id\":\"https:\\\/\\\/garrett.pt\\\/en\\\/product-category\\\/audio\\\/distribuidores-de-sinal\\\/#listItem\",\"position\":4,\"name\":\"Distribuidores de Sinal\",\"item\":\"https:\\\/\\\/garrett.pt\\\/en\\\/product-category\\\/audio\\\/distribuidores-de-sinal\\\/\",\"nextItem\":{\"@type\":\"ListItem\",\"@id\":\"https:\\\/\\\/garrett.pt\\\/en\\\/product\\\/solucoes-para-transmissao-de-dados-sct\\\/#listItem\",\"name\":\"Solu\\u00e7\\u00f5es para transmiss\\u00e3o de dados SC&#038;T\"},\"previousItem\":{\"@type\":\"ListItem\",\"@id\":\"https:\\\/\\\/garrett.pt\\\/en\\\/product-category\\\/audio\\\/#listItem\",\"name\":\"Audio\"}},{\"@type\":\"ListItem\",\"@id\":\"https:\\\/\\\/garrett.pt\\\/en\\\/product\\\/solucoes-para-transmissao-de-dados-sct\\\/#listItem\",\"position\":5,\"name\":\"Solu\\u00e7\\u00f5es para transmiss\\u00e3o de dados SC&#038;T\",\"previousItem\":{\"@type\":\"ListItem\",\"@id\":\"https:\\\/\\\/garrett.pt\\\/en\\\/product-category\\\/audio\\\/distribuidores-de-sinal\\\/#listItem\",\"name\":\"Distribuidores de Sinal\"}}]},{\"@type\":\"ItemPage\",\"@id\":\"https:\\\/\\\/garrett.pt\\\/en\\\/product\\\/solucoes-para-transmissao-de-dados-sct\\\/#itempage\",\"url\":\"https:\\\/\\\/garrett.pt\\\/en\\\/product\\\/solucoes-para-transmissao-de-dados-sct\\\/\",\"name\":\"Solu\\u00e7\\u00f5es para transmiss\\u00e3o de dados SC&T | Garrett Audiovisuais\",\"description\":\"Ferramentas para transmiss\\u00e3o de dados para RS232\\\/RS422\\\/RS485.\",\"inLanguage\":\"en-GB\",\"isPartOf\":{\"@id\":\"https:\\\/\\\/garrett.pt\\\/en\\\/#website\"},\"breadcrumb\":{\"@id\":\"https:\\\/\\\/garrett.pt\\\/en\\\/product\\\/solucoes-para-transmissao-de-dados-sct\\\/#breadcrumblist\"},\"image\":{\"@type\":\"ImageObject\",\"url\":\"https:\\\/\\\/garrett.pt\\\/wp-content\\\/uploads\\\/2024\\\/01\\\/Data_Transmission.png\",\"@id\":\"https:\\\/\\\/garrett.pt\\\/en\\\/product\\\/solucoes-para-transmissao-de-dados-sct\\\/#mainImage\",\"width\":600,\"height\":600},\"primaryImageOfPage\":{\"@id\":\"https:\\\/\\\/garrett.pt\\\/en\\\/product\\\/solucoes-para-transmissao-de-dados-sct\\\/#mainImage\"},\"datePublished\":\"2024-01-17T11:01:21+00:00\",\"dateModified\":\"2024-01-17T11:16:05+00:00\"},{\"@type\":\"Organization\",\"@id\":\"https:\\\/\\\/garrett.pt\\\/en\\\/#organization\",\"name\":\"Garrett Audiovisuais\",\"description\":\"Projeto e Integra\\u00e7\\u00e3o de Sistemas Audiovisuais\",\"url\":\"https:\\\/\\\/garrett.pt\\\/en\\\/\",\"telephone\":\"+351214180134\",\"logo\":{\"@type\":\"ImageObject\",\"url\":\"https:\\\/\\\/garrett.pt\\\/wp-content\\\/uploads\\\/2021\\\/10\\\/1378831_10151703628399331_552396504_n.jpg\",\"@id\":\"https:\\\/\\\/garrett.pt\\\/en\\\/product\\\/solucoes-para-transmissao-de-dados-sct\\\/#organizationLogo\",\"width\":650,\"height\":650},\"image\":{\"@id\":\"https:\\\/\\\/garrett.pt\\\/en\\\/product\\\/solucoes-para-transmissao-de-dados-sct\\\/#organizationLogo\"},\"sameAs\":[\"https:\\\/\\\/www.facebook.com\\\/garrettaudiovisuais\",\"https:\\\/\\\/www.instagram.com\\\/garrettaudiovisuais\\\/\",\"https:\\\/\\\/www.youtube.com\\\/channel\\\/UCMLMFyCLpAQ3D4cYmzC34PQ\",\"https:\\\/\\\/www.linkedin.com\\\/company\\\/garrett-audiovisuais\",\"https:\\\/\\\/www.threads.net\\\/@garrettaudiovisuais\",\"https:\\\/\\\/bsky.app\\\/profile\\\/garrettsa.bsky.social\"]},{\"@type\":\"WebPage\",\"@id\":\"https:\\\/\\\/garrett.pt\\\/en\\\/product\\\/solucoes-para-transmissao-de-dados-sct\\\/#webpage\",\"url\":\"https:\\\/\\\/garrett.pt\\\/en\\\/product\\\/solucoes-para-transmissao-de-dados-sct\\\/\",\"name\":\"Solu\\u00e7\\u00f5es para transmiss\\u00e3o de dados SC&T | Garrett Audiovisuais\",\"description\":\"Ferramentas para transmiss\\u00e3o de dados para RS232\\\/RS422\\\/RS485.\",\"inLanguage\":\"en-GB\",\"isPartOf\":{\"@id\":\"https:\\\/\\\/garrett.pt\\\/en\\\/#website\"},\"breadcrumb\":{\"@id\":\"https:\\\/\\\/garrett.pt\\\/en\\\/product\\\/solucoes-para-transmissao-de-dados-sct\\\/#breadcrumblist\"},\"image\":{\"@type\":\"ImageObject\",\"url\":\"https:\\\/\\\/garrett.pt\\\/wp-content\\\/uploads\\\/2024\\\/01\\\/Data_Transmission.png\",\"@id\":\"https:\\\/\\\/garrett.pt\\\/en\\\/product\\\/solucoes-para-transmissao-de-dados-sct\\\/#mainImage\",\"width\":600,\"height\":600},\"primaryImageOfPage\":{\"@id\":\"https:\\\/\\\/garrett.pt\\\/en\\\/product\\\/solucoes-para-transmissao-de-dados-sct\\\/#mainImage\"},\"datePublished\":\"2024-01-17T11:01:21+00:00\",\"dateModified\":\"2024-01-17T11:16:05+00:00\"},{\"@type\":\"WebSite\",\"@id\":\"https:\\\/\\\/garrett.pt\\\/en\\\/#website\",\"url\":\"https:\\\/\\\/garrett.pt\\\/en\\\/\",\"name\":\"Garrett Audiovisuais\",\"description\":\"Projeto e Integra\\u00e7\\u00e3o de Sistemas Audiovisuais\",\"inLanguage\":\"en-GB\",\"publisher\":{\"@id\":\"https:\\\/\\\/garrett.pt\\\/en\\\/#organization\"}}]}\n\t\t<\/script>\n\t\t<!-- All in One SEO Pro -->\r\n\t\t<title>Solu\u00e7\u00f5es para transmiss\u00e3o de dados SC&amp;T | Garrett Audiovisuais<\/title>\n\n","aioseo_head_json":{"title":"SC&amp;T Data Transmission Solutions | Garrett Audiovisuais","description":"Tools for data transmission for RS232\/RS422\/RS485.","canonical_url":"https:\/\/garrett.pt\/en\/product\/solucoes-para-transmissao-de-dados-sct\/","robots":"max-image-preview:large","keywords":"","webmasterTools":{"google-site-verification":"V-yzxKXBUCATCiI1W_5bHMqCYZQPH0cGOGjcdwe4AHM","miscellaneous":""},"schema":{"@context":"https:\/\/schema.org","@graph":[{"@type":"BreadcrumbList","@id":"https:\/\/garrett.pt\/en\/product\/solucoes-para-transmissao-de-dados-sct\/#breadcrumblist","itemListElement":[{"@type":"ListItem","@id":"https:\/\/garrett.pt\/en#listItem","position":1,"name":"Home","item":"https:\/\/garrett.pt\/en","nextItem":{"@type":"ListItem","@id":"https:\/\/garrett.pt\/en\/?page_id=927#listItem","name":"Private: Shop"}},{"@type":"ListItem","@id":"https:\/\/garrett.pt\/en\/?page_id=927#listItem","position":2,"name":"Private: Shop","item":"https:\/\/garrett.pt\/en\/?page_id=927","nextItem":{"@type":"ListItem","@id":"https:\/\/garrett.pt\/en\/product-category\/audio\/#listItem","name":"Audio"},"previousItem":{"@type":"ListItem","@id":"https:\/\/garrett.pt\/en#listItem","name":"Home"}},{"@type":"ListItem","@id":"https:\/\/garrett.pt\/en\/product-category\/audio\/#listItem","position":3,"name":"Audio","item":"https:\/\/garrett.pt\/en\/product-category\/audio\/","nextItem":{"@type":"ListItem","@id":"https:\/\/garrett.pt\/en\/product-category\/audio\/distribuidores-de-sinal\/#listItem","name":"Distribuidores de Sinal"},"previousItem":{"@type":"ListItem","@id":"https:\/\/garrett.pt\/en\/?page_id=927#listItem","name":"Private: Shop"}},{"@type":"ListItem","@id":"https:\/\/garrett.pt\/en\/product-category\/audio\/distribuidores-de-sinal\/#listItem","position":4,"name":"Distribuidores de Sinal","item":"https:\/\/garrett.pt\/en\/product-category\/audio\/distribuidores-de-sinal\/","nextItem":{"@type":"ListItem","@id":"https:\/\/garrett.pt\/en\/product\/solucoes-para-transmissao-de-dados-sct\/#listItem","name":"Solu\u00e7\u00f5es para transmiss\u00e3o de dados SC&#038;T"},"previousItem":{"@type":"ListItem","@id":"https:\/\/garrett.pt\/en\/product-category\/audio\/#listItem","name":"Audio"}},{"@type":"ListItem","@id":"https:\/\/garrett.pt\/en\/product\/solucoes-para-transmissao-de-dados-sct\/#listItem","position":5,"name":"Solu\u00e7\u00f5es para transmiss\u00e3o de dados SC&#038;T","previousItem":{"@type":"ListItem","@id":"https:\/\/garrett.pt\/en\/product-category\/audio\/distribuidores-de-sinal\/#listItem","name":"Distribuidores de Sinal"}}]},{"@type":"ItemPage","@id":"https:\/\/garrett.pt\/en\/product\/solucoes-para-transmissao-de-dados-sct\/#itempage","url":"https:\/\/garrett.pt\/en\/product\/solucoes-para-transmissao-de-dados-sct\/","name":"Solu\u00e7\u00f5es para transmiss\u00e3o de dados SC&T | Garrett Audiovisuais","description":"Ferramentas para transmiss\u00e3o de dados para RS232\/RS422\/RS485.","inLanguage":"en-GB","isPartOf":{"@id":"https:\/\/garrett.pt\/en\/#website"},"breadcrumb":{"@id":"https:\/\/garrett.pt\/en\/product\/solucoes-para-transmissao-de-dados-sct\/#breadcrumblist"},"image":{"@type":"ImageObject","url":"https:\/\/garrett.pt\/wp-content\/uploads\/2024\/01\/Data_Transmission.png","@id":"https:\/\/garrett.pt\/en\/product\/solucoes-para-transmissao-de-dados-sct\/#mainImage","width":600,"height":600},"primaryImageOfPage":{"@id":"https:\/\/garrett.pt\/en\/product\/solucoes-para-transmissao-de-dados-sct\/#mainImage"},"datePublished":"2024-01-17T11:01:21+00:00","dateModified":"2024-01-17T11:16:05+00:00"},{"@type":"Organization","@id":"https:\/\/garrett.pt\/en\/#organization","name":"Garrett Audiovisuais","description":"Projeto e Integra\u00e7\u00e3o de Sistemas Audiovisuais","url":"https:\/\/garrett.pt\/en\/","telephone":"+351214180134","logo":{"@type":"ImageObject","url":"https:\/\/garrett.pt\/wp-content\/uploads\/2021\/10\/1378831_10151703628399331_552396504_n.jpg","@id":"https:\/\/garrett.pt\/en\/product\/solucoes-para-transmissao-de-dados-sct\/#organizationLogo","width":650,"height":650},"image":{"@id":"https:\/\/garrett.pt\/en\/product\/solucoes-para-transmissao-de-dados-sct\/#organizationLogo"},"sameAs":["https:\/\/www.facebook.com\/garrettaudiovisuais","https:\/\/www.instagram.com\/garrettaudiovisuais\/","https:\/\/www.youtube.com\/channel\/UCMLMFyCLpAQ3D4cYmzC34PQ","https:\/\/www.linkedin.com\/company\/garrett-audiovisuais","https:\/\/www.threads.net\/@garrettaudiovisuais","https:\/\/bsky.app\/profile\/garrettsa.bsky.social"]},{"@type":"WebPage","@id":"https:\/\/garrett.pt\/en\/product\/solucoes-para-transmissao-de-dados-sct\/#webpage","url":"https:\/\/garrett.pt\/en\/product\/solucoes-para-transmissao-de-dados-sct\/","name":"Solu\u00e7\u00f5es para transmiss\u00e3o de dados SC&T | Garrett Audiovisuais","description":"Ferramentas para transmiss\u00e3o de dados para RS232\/RS422\/RS485.","inLanguage":"en-GB","isPartOf":{"@id":"https:\/\/garrett.pt\/en\/#website"},"breadcrumb":{"@id":"https:\/\/garrett.pt\/en\/product\/solucoes-para-transmissao-de-dados-sct\/#breadcrumblist"},"image":{"@type":"ImageObject","url":"https:\/\/garrett.pt\/wp-content\/uploads\/2024\/01\/Data_Transmission.png","@id":"https:\/\/garrett.pt\/en\/product\/solucoes-para-transmissao-de-dados-sct\/#mainImage","width":600,"height":600},"primaryImageOfPage":{"@id":"https:\/\/garrett.pt\/en\/product\/solucoes-para-transmissao-de-dados-sct\/#mainImage"},"datePublished":"2024-01-17T11:01:21+00:00","dateModified":"2024-01-17T11:16:05+00:00"},{"@type":"WebSite","@id":"https:\/\/garrett.pt\/en\/#website","url":"https:\/\/garrett.pt\/en\/","name":"Garrett Audiovisuais","description":"Projeto e Integra\u00e7\u00e3o de Sistemas Audiovisuais","inLanguage":"en-GB","publisher":{"@id":"https:\/\/garrett.pt\/en\/#organization"}}]},"og:locale":"en_GB","og:site_name":"Garrett Audiovisuais | Projeto e Integra\u00e7\u00e3o de Sistemas Audiovisuais","og:type":"article","og:title":"Solu\u00e7\u00f5es para transmiss\u00e3o de dados SC&amp;T | Garrett Audiovisuais","og:description":"Ferramentas para transmiss\u00e3o de dados para RS232\/RS422\/RS485.","og:url":"https:\/\/garrett.pt\/en\/product\/solucoes-para-transmissao-de-dados-sct\/","og:image":"https:\/\/garrett.pt\/wp-content\/uploads\/2024\/01\/Data_Transmission.png","og:image:secure_url":"https:\/\/garrett.pt\/wp-content\/uploads\/2024\/01\/Data_Transmission.png","og:image:width":600,"og:image:height":600,"article:published_time":"2024-01-17T11:01:21+00:00","article:modified_time":"2024-01-17T11:16:05+00:00","article:publisher":"https:\/\/www.facebook.com\/garrettaudiovisuais","twitter:card":"summary","twitter:title":"Solu\u00e7\u00f5es para transmiss\u00e3o de dados SC&amp;T | Garrett Audiovisuais","twitter:description":"Ferramentas para transmiss\u00e3o de dados para RS232\/RS422\/RS485.","twitter:image":"https:\/\/garrett.pt\/wp-content\/uploads\/2024\/01\/Data_Transmission.png"},"aioseo_meta_data":{"post_id":"23168","title":null,"description":null,"keywords":[],"keyphrases":{"focus":{"keyphrase":"","score":0,"analysis":{"keyphraseInTitle":{"score":0,"maxScore":9,"error":1}}},"additional":[]},"primary_term":null,"canonical_url":null,"og_title":null,"og_description":null,"og_object_type":"default","og_image_type":"default","og_image_url":null,"og_image_width":null,"og_image_height":null,"og_image_custom_url":null,"og_image_custom_fields":null,"og_video":"","og_custom_url":null,"og_article_section":null,"og_article_tags":[],"twitter_use_og":false,"twitter_card":"default","twitter_image_type":"default","twitter_image_url":null,"twitter_image_custom_url":null,"twitter_image_custom_fields":null,"twitter_title":null,"twitter_description":null,"schema":{"blockGraphs":[],"customGraphs":[],"default":{"data":{"Article":[],"Course":[],"Dataset":[],"FAQPage":[],"Movie":[],"Person":[],"Product":[],"ProductReview":[],"Car":[],"Recipe":[],"Service":[],"SoftwareApplication":[],"WebPage":[]},"graphName":"ItemPage","isEnabled":true},"graphs":[]},"schema_type":"default","schema_type_options":null,"pillar_content":false,"robots_default":true,"robots_noindex":false,"robots_noarchive":false,"robots_nosnippet":false,"robots_nofollow":false,"robots_noimageindex":false,"robots_noodp":false,"robots_notranslate":false,"robots_max_snippet":"-1","robots_max_videopreview":"-1","robots_max_imagepreview":"large","priority":null,"frequency":"default","local_seo":null,"seo_analyzer_scan_date":"2025-10-13 19:16:19","breadcrumb_settings":null,"limit_modified_date":false,"reviewed_by":null,"open_ai":"{\"title\":{\"suggestions\":[],\"usage\":0},\"description\":{\"suggestions\":[],\"usage\":0}}","ai":null,"created":"2024-01-17 11:01:21","updated":"2025-10-13 19:16:19"},"aioseo_breadcrumb":"<div class=\"aioseo-breadcrumbs\"><span class=\"aioseo-breadcrumb\">\n\t<a href=\"https:\/\/garrett.pt\/en\" title=\"Home\">Home<\/a>\n<\/span><span class=\"aioseo-breadcrumb-separator\">&raquo;<\/span><span class=\"aioseo-breadcrumb\">\n\t<a href=\"https:\/\/garrett.pt\/en\/?page_id=927\" title=\"Private: Shop\">Private: Shop<\/a>\n<\/span><span class=\"aioseo-breadcrumb-separator\">&raquo;<\/span><span class=\"aioseo-breadcrumb\">\n\t<a href=\"https:\/\/garrett.pt\/en\/product-category\/audio\/\" title=\"Audio\">Audio<\/a>\n<\/span><span class=\"aioseo-breadcrumb-separator\">&raquo;<\/span><span class=\"aioseo-breadcrumb\">\n\t<a href=\"https:\/\/garrett.pt\/en\/product-category\/audio\/distribuidores-de-sinal\/\" title=\"Distribuidores de Sinal\">Distribuidores de Sinal<\/a>\n<\/span><span class=\"aioseo-breadcrumb-separator\">&raquo;<\/span><span class=\"aioseo-breadcrumb\">\n\tSolu\u00e7\u00f5es para transmiss\u00e3o de dados SC&amp;T\n<\/span><\/div>","aioseo_breadcrumb_json":[{"label":"Home","link":"https:\/\/garrett.pt\/en"},{"label":"Private: Shop","link":"https:\/\/garrett.pt\/en\/?page_id=927"},{"label":"Audio","link":"https:\/\/garrett.pt\/en\/product-category\/audio\/"},{"label":"Distribuidores de Sinal","link":"https:\/\/garrett.pt\/en\/product-category\/audio\/distribuidores-de-sinal\/"},{"label":"Solu\u00e7\u00f5es para transmiss\u00e3o de dados SC&#038;T","link":"https:\/\/garrett.pt\/en\/product\/solucoes-para-transmissao-de-dados-sct\/"}],"_links":{"self":[{"href":"https:\/\/garrett.pt\/en\/wp-json\/wp\/v2\/product\/23168","targetHints":{"allow":["GET"]}}],"collection":[{"href":"https:\/\/garrett.pt\/en\/wp-json\/wp\/v2\/product"}],"about":[{"href":"https:\/\/garrett.pt\/en\/wp-json\/wp\/v2\/types\/product"}],"replies":[{"embeddable":true,"href":"https:\/\/garrett.pt\/en\/wp-json\/wp\/v2\/comments?post=23168"}],"wp:featuredmedia":[{"embeddable":true,"href":"https:\/\/garrett.pt\/en\/wp-json\/wp\/v2\/media\/23166"}],"wp:attachment":[{"href":"https:\/\/garrett.pt\/en\/wp-json\/wp\/v2\/media?parent=23168"}],"wp:term":[{"taxonomy":"product_brand","embeddable":true,"href":"https:\/\/garrett.pt\/en\/wp-json\/wp\/v2\/product_brand?post=23168"},{"taxonomy":"product_cat","embeddable":true,"href":"https:\/\/garrett.pt\/en\/wp-json\/wp\/v2\/product_cat?post=23168"},{"taxonomy":"product_tag","embeddable":true,"href":"https:\/\/garrett.pt\/en\/wp-json\/wp\/v2\/product_tag?post=23168"}],"curies":[{"name":"wp","href":"https:\/\/api.w.org\/{rel}","templated":true}]}}