{"id":23246,"date":"2024-01-26T16:03:30","date_gmt":"2024-01-26T16:03:30","guid":{"rendered":"https:\/\/garrett.pt\/?post_type=product&#038;p=23246"},"modified":"2024-01-26T16:38:08","modified_gmt":"2024-01-26T16:38:08","slug":"cablagem-com-gestao-integrada-netio","status":"publish","type":"product","link":"https:\/\/garrett.pt\/en\/product\/cablagem-com-gestao-integrada-netio\/","title":{"rendered":"Cabling with Integrated Management"},"content":{"rendered":"<style type=\"text\/css\">\n\t\t\t#gallery-1 {\n\t\t\t\tmargin: auto;\n\t\t\t}\n\t\t\t#gallery-1 .gallery-item {\n\t\t\t\tfloat: left;\n\t\t\t\tmargin-top: 10px;\n\t\t\t\ttext-align: center;\n\t\t\t\twidth: 100%;\n\t\t\t}\n\t\t\t#gallery-1 img {\n\t\t\t\tborder: 2px solid #cfcfcf;\n\t\t\t}\n\t\t\t#gallery-1 .gallery-caption {\n\t\t\t\tmargin-left: 0;\n\t\t\t}\n\t\t\t\/* see gallery_shortcode() in wp-includes\/media.php *\/\n\t\t<\/style>\n\t\t<div id='gallery-1' class='gallery galleryid-23246 gallery-columns-1 gallery-size-full'><dl class='gallery-item'>\n\t\t\t<dt class='gallery-icon landscape'>\n\t\t\t\t<img loading=\"lazy\" decoding=\"async\" width=\"2400\" height=\"1800\" src=\"https:\/\/garrett.pt\/wp-content\/uploads\/2024\/01\/PowerCable-REST-101F-iFL_en_1.png\" class=\"attachment-full size-full\" alt=\"\" srcset=\"https:\/\/garrett.pt\/wp-content\/uploads\/2024\/01\/PowerCable-REST-101F-iFL_en_1.png 2400w, https:\/\/garrett.pt\/wp-content\/uploads\/2024\/01\/PowerCable-REST-101F-iFL_en_1-500x375.png 500w, https:\/\/garrett.pt\/wp-content\/uploads\/2024\/01\/PowerCable-REST-101F-iFL_en_1-1024x768.png 1024w, https:\/\/garrett.pt\/wp-content\/uploads\/2024\/01\/PowerCable-REST-101F-iFL_en_1-768x576.png 768w, https:\/\/garrett.pt\/wp-content\/uploads\/2024\/01\/PowerCable-REST-101F-iFL_en_1-1536x1152.png 1536w, https:\/\/garrett.pt\/wp-content\/uploads\/2024\/01\/PowerCable-REST-101F-iFL_en_1-2048x1536.png 2048w, https:\/\/garrett.pt\/wp-content\/uploads\/2024\/01\/PowerCable-REST-101F-iFL_en_1-16x12.png 16w, https:\/\/garrett.pt\/wp-content\/uploads\/2024\/01\/PowerCable-REST-101F-iFL_en_1-600x450.png 600w\" sizes=\"auto, (max-width: 2400px) 100vw, 2400px\" \/>\n\t\t\t<\/dt><\/dl><br style=\"clear: both\" \/><dl class='gallery-item'>\n\t\t\t<dt class='gallery-icon landscape'>\n\t\t\t\t<img loading=\"lazy\" decoding=\"async\" width=\"2400\" height=\"1800\" src=\"https:\/\/garrett.pt\/wp-content\/uploads\/2024\/01\/iFL_PowerCable_2KZ_bg_en.png\" class=\"attachment-full size-full\" alt=\"\" srcset=\"https:\/\/garrett.pt\/wp-content\/uploads\/2024\/01\/iFL_PowerCable_2KZ_bg_en.png 2400w, https:\/\/garrett.pt\/wp-content\/uploads\/2024\/01\/iFL_PowerCable_2KZ_bg_en-500x375.png 500w, https:\/\/garrett.pt\/wp-content\/uploads\/2024\/01\/iFL_PowerCable_2KZ_bg_en-1024x768.png 1024w, https:\/\/garrett.pt\/wp-content\/uploads\/2024\/01\/iFL_PowerCable_2KZ_bg_en-768x576.png 768w, https:\/\/garrett.pt\/wp-content\/uploads\/2024\/01\/iFL_PowerCable_2KZ_bg_en-1536x1152.png 1536w, https:\/\/garrett.pt\/wp-content\/uploads\/2024\/01\/iFL_PowerCable_2KZ_bg_en-2048x1536.png 2048w, https:\/\/garrett.pt\/wp-content\/uploads\/2024\/01\/iFL_PowerCable_2KZ_bg_en-16x12.png 16w, https:\/\/garrett.pt\/wp-content\/uploads\/2024\/01\/iFL_PowerCable_2KZ_bg_en-600x450.png 600w\" sizes=\"auto, (max-width: 2400px) 100vw, 2400px\" \/>\n\t\t\t<\/dt><\/dl><br style=\"clear: both\" \/><dl class='gallery-item'>\n\t\t\t<dt class='gallery-icon landscape'>\n\t\t\t\t<img loading=\"lazy\" decoding=\"async\" width=\"2400\" height=\"1800\" src=\"https:\/\/garrett.pt\/wp-content\/uploads\/2024\/01\/iFL_PowerCable_2PZ_BG_en.png\" class=\"attachment-full size-full\" alt=\"\" srcset=\"https:\/\/garrett.pt\/wp-content\/uploads\/2024\/01\/iFL_PowerCable_2PZ_BG_en.png 2400w, https:\/\/garrett.pt\/wp-content\/uploads\/2024\/01\/iFL_PowerCable_2PZ_BG_en-500x375.png 500w, https:\/\/garrett.pt\/wp-content\/uploads\/2024\/01\/iFL_PowerCable_2PZ_BG_en-1024x768.png 1024w, https:\/\/garrett.pt\/wp-content\/uploads\/2024\/01\/iFL_PowerCable_2PZ_BG_en-768x576.png 768w, https:\/\/garrett.pt\/wp-content\/uploads\/2024\/01\/iFL_PowerCable_2PZ_BG_en-1536x1152.png 1536w, https:\/\/garrett.pt\/wp-content\/uploads\/2024\/01\/iFL_PowerCable_2PZ_BG_en-2048x1536.png 2048w, https:\/\/garrett.pt\/wp-content\/uploads\/2024\/01\/iFL_PowerCable_2PZ_BG_en-16x12.png 16w, https:\/\/garrett.pt\/wp-content\/uploads\/2024\/01\/iFL_PowerCable_2PZ_BG_en-600x450.png 600w\" sizes=\"auto, (max-width: 2400px) 100vw, 2400px\" \/>\n\t\t\t<\/dt><\/dl><br style=\"clear: both\" \/>\n\t\t<\/div>\n\n<p>&nbsp;<\/p>\n<p><strong>Learn more at: <a href=\"https:\/\/www.netio-products.com\/en\/products\/all-products\" target=\"_blank\" rel=\"noopener\">https:\/\/www.netio-products.com\/en\/products\/all-products<\/a><\/strong><\/p>\n<p>&nbsp;<\/p>","protected":false},"excerpt":{"rendered":"<h5>Analysis and control systems for incorporation into electrical cabling<\/h5>\n<p>Learn more at: <a href=\"https:\/\/www.netio-products.com\/en\/products\/all-products\" target=\"_blank\" rel=\"noopener\">https:\/\/www.netio-products.com\/en\/products\/all-products<\/a><\/p>","protected":false},"featured_media":23237,"comment_status":"closed","ping_status":"closed","template":"","meta":{"cybocfi_hide_featured_image":""},"product_brand":[],"product_cat":[210,62,575],"product_tag":[],"class_list":{"0":"post-23246","1":"product","2":"type-product","3":"status-publish","4":"has-post-thumbnail","6":"product_cat-gestao-de-energia","7":"product_cat-integracao_multimedia","8":"product_cat-netio","9":"post","10":"post-with-thumbnail","11":"post-with-thumbnail-large","13":"first","14":"instock","15":"taxable","16":"shipping-taxable","17":"product-type-simple"},"aioseo_notices":[],"aioseo_head":"\n\t\t<!-- All in One SEO Pro 4.9.6.1 - aioseo.com -->\n\t<meta name=\"description\" content=\"Sistemas de analise e controlo para incorpora\u00e7\u00e3o em cablagem el\u00e9trica Saiba mais em: https:\/\/www.netio-products.com\/en\/products\/all-products\" \/>\n\t<meta name=\"robots\" content=\"max-image-preview:large\" \/>\n\t<meta name=\"google-site-verification\" content=\"V-yzxKXBUCATCiI1W_5bHMqCYZQPH0cGOGjcdwe4AHM\" \/>\n\t<link rel=\"canonical\" href=\"https:\/\/garrett.pt\/en\/product\/cablagem-com-gestao-integrada-netio\/\" \/>\n\t<meta name=\"generator\" content=\"All in One SEO Pro (AIOSEO) 4.9.6.1\" \/>\n\t\t<meta property=\"og:locale\" content=\"en_GB\" \/>\n\t\t<meta property=\"og:site_name\" content=\"Garrett Audiovisuais | Projeto e Integra\u00e7\u00e3o de Sistemas Audiovisuais\" \/>\n\t\t<meta property=\"og:type\" content=\"article\" \/>\n\t\t<meta property=\"og:title\" content=\"Cablagem com Gest\u00e3o Integrada | Garrett Audiovisuais\" \/>\n\t\t<meta property=\"og:description\" content=\"Sistemas de analise e controlo para incorpora\u00e7\u00e3o em cablagem el\u00e9trica Saiba mais em: https:\/\/www.netio-products.com\/en\/products\/all-products\" \/>\n\t\t<meta property=\"og:url\" content=\"https:\/\/garrett.pt\/en\/product\/cablagem-com-gestao-integrada-netio\/\" \/>\n\t\t<meta property=\"og:image\" content=\"https:\/\/garrett.pt\/wp-content\/uploads\/2024\/01\/cabos.png\" \/>\n\t\t<meta property=\"og:image:secure_url\" content=\"https:\/\/garrett.pt\/wp-content\/uploads\/2024\/01\/cabos.png\" \/>\n\t\t<meta property=\"og:image:width\" content=\"600\" \/>\n\t\t<meta property=\"og:image:height\" content=\"600\" \/>\n\t\t<meta property=\"article:published_time\" content=\"2024-01-26T16:03:30+00:00\" \/>\n\t\t<meta property=\"article:modified_time\" content=\"2024-01-26T16:38:08+00:00\" \/>\n\t\t<meta property=\"article:publisher\" content=\"https:\/\/www.facebook.com\/garrettaudiovisuais\" \/>\n\t\t<meta name=\"twitter:card\" content=\"summary\" \/>\n\t\t<meta name=\"twitter:title\" content=\"Cablagem com Gest\u00e3o Integrada | Garrett Audiovisuais\" \/>\n\t\t<meta name=\"twitter:description\" content=\"Sistemas de analise e controlo para incorpora\u00e7\u00e3o em cablagem el\u00e9trica Saiba mais em: https:\/\/www.netio-products.com\/en\/products\/all-products\" \/>\n\t\t<meta name=\"twitter:image\" content=\"https:\/\/garrett.pt\/wp-content\/uploads\/2024\/01\/cabos.png\" \/>\n\t\t<script type=\"application\/ld+json\" class=\"aioseo-schema\">\n\t\t\t{\"@context\":\"https:\\\/\\\/schema.org\",\"@graph\":[{\"@type\":\"BreadcrumbList\",\"@id\":\"https:\\\/\\\/garrett.pt\\\/en\\\/product\\\/cablagem-com-gestao-integrada-netio\\\/#breadcrumblist\",\"itemListElement\":[{\"@type\":\"ListItem\",\"@id\":\"https:\\\/\\\/garrett.pt\\\/en#listItem\",\"position\":1,\"name\":\"Home\",\"item\":\"https:\\\/\\\/garrett.pt\\\/en\",\"nextItem\":{\"@type\":\"ListItem\",\"@id\":\"https:\\\/\\\/garrett.pt\\\/en\\\/?page_id=927#listItem\",\"name\":\"Private: Shop\"}},{\"@type\":\"ListItem\",\"@id\":\"https:\\\/\\\/garrett.pt\\\/en\\\/?page_id=927#listItem\",\"position\":2,\"name\":\"Private: Shop\",\"item\":\"https:\\\/\\\/garrett.pt\\\/en\\\/?page_id=927\",\"nextItem\":{\"@type\":\"ListItem\",\"@id\":\"https:\\\/\\\/garrett.pt\\\/en\\\/product-category\\\/integracao_multimedia\\\/#listItem\",\"name\":\"Integra\\u00e7\\u00e3o e Multimedia\"},\"previousItem\":{\"@type\":\"ListItem\",\"@id\":\"https:\\\/\\\/garrett.pt\\\/en#listItem\",\"name\":\"Home\"}},{\"@type\":\"ListItem\",\"@id\":\"https:\\\/\\\/garrett.pt\\\/en\\\/product-category\\\/integracao_multimedia\\\/#listItem\",\"position\":3,\"name\":\"Integra\\u00e7\\u00e3o e Multimedia\",\"item\":\"https:\\\/\\\/garrett.pt\\\/en\\\/product-category\\\/integracao_multimedia\\\/\",\"nextItem\":{\"@type\":\"ListItem\",\"@id\":\"https:\\\/\\\/garrett.pt\\\/en\\\/product-category\\\/integracao_multimedia\\\/gestao-de-energia\\\/#listItem\",\"name\":\"Gest\\u00e3o de Energia\"},\"previousItem\":{\"@type\":\"ListItem\",\"@id\":\"https:\\\/\\\/garrett.pt\\\/en\\\/?page_id=927#listItem\",\"name\":\"Private: Shop\"}},{\"@type\":\"ListItem\",\"@id\":\"https:\\\/\\\/garrett.pt\\\/en\\\/product-category\\\/integracao_multimedia\\\/gestao-de-energia\\\/#listItem\",\"position\":4,\"name\":\"Gest\\u00e3o de Energia\",\"item\":\"https:\\\/\\\/garrett.pt\\\/en\\\/product-category\\\/integracao_multimedia\\\/gestao-de-energia\\\/\",\"nextItem\":{\"@type\":\"ListItem\",\"@id\":\"https:\\\/\\\/garrett.pt\\\/en\\\/product\\\/cablagem-com-gestao-integrada-netio\\\/#listItem\",\"name\":\"Cablagem com Gest\\u00e3o Integrada\"},\"previousItem\":{\"@type\":\"ListItem\",\"@id\":\"https:\\\/\\\/garrett.pt\\\/en\\\/product-category\\\/integracao_multimedia\\\/#listItem\",\"name\":\"Integra\\u00e7\\u00e3o e Multimedia\"}},{\"@type\":\"ListItem\",\"@id\":\"https:\\\/\\\/garrett.pt\\\/en\\\/product\\\/cablagem-com-gestao-integrada-netio\\\/#listItem\",\"position\":5,\"name\":\"Cablagem com Gest\\u00e3o Integrada\",\"previousItem\":{\"@type\":\"ListItem\",\"@id\":\"https:\\\/\\\/garrett.pt\\\/en\\\/product-category\\\/integracao_multimedia\\\/gestao-de-energia\\\/#listItem\",\"name\":\"Gest\\u00e3o de Energia\"}}]},{\"@type\":\"ItemPage\",\"@id\":\"https:\\\/\\\/garrett.pt\\\/en\\\/product\\\/cablagem-com-gestao-integrada-netio\\\/#itempage\",\"url\":\"https:\\\/\\\/garrett.pt\\\/en\\\/product\\\/cablagem-com-gestao-integrada-netio\\\/\",\"name\":\"Cablagem com Gest\\u00e3o Integrada | Garrett Audiovisuais\",\"description\":\"Sistemas de analise e controlo para incorpora\\u00e7\\u00e3o em cablagem el\\u00e9trica Saiba mais em: https:\\\/\\\/www.netio-products.com\\\/en\\\/products\\\/all-products\",\"inLanguage\":\"en-GB\",\"isPartOf\":{\"@id\":\"https:\\\/\\\/garrett.pt\\\/en\\\/#website\"},\"breadcrumb\":{\"@id\":\"https:\\\/\\\/garrett.pt\\\/en\\\/product\\\/cablagem-com-gestao-integrada-netio\\\/#breadcrumblist\"},\"image\":{\"@type\":\"ImageObject\",\"url\":\"https:\\\/\\\/garrett.pt\\\/wp-content\\\/uploads\\\/2024\\\/01\\\/cabos.png\",\"@id\":\"https:\\\/\\\/garrett.pt\\\/en\\\/product\\\/cablagem-com-gestao-integrada-netio\\\/#mainImage\",\"width\":600,\"height\":600},\"primaryImageOfPage\":{\"@id\":\"https:\\\/\\\/garrett.pt\\\/en\\\/product\\\/cablagem-com-gestao-integrada-netio\\\/#mainImage\"},\"datePublished\":\"2024-01-26T16:03:30+00:00\",\"dateModified\":\"2024-01-26T16:38:08+00:00\"},{\"@type\":\"Organization\",\"@id\":\"https:\\\/\\\/garrett.pt\\\/en\\\/#organization\",\"name\":\"Garrett Audiovisuais\",\"description\":\"Projeto e Integra\\u00e7\\u00e3o de Sistemas Audiovisuais\",\"url\":\"https:\\\/\\\/garrett.pt\\\/en\\\/\",\"telephone\":\"+351214180134\",\"logo\":{\"@type\":\"ImageObject\",\"url\":\"https:\\\/\\\/garrett.pt\\\/wp-content\\\/uploads\\\/2021\\\/10\\\/1378831_10151703628399331_552396504_n.jpg\",\"@id\":\"https:\\\/\\\/garrett.pt\\\/en\\\/product\\\/cablagem-com-gestao-integrada-netio\\\/#organizationLogo\",\"width\":650,\"height\":650},\"image\":{\"@id\":\"https:\\\/\\\/garrett.pt\\\/en\\\/product\\\/cablagem-com-gestao-integrada-netio\\\/#organizationLogo\"},\"sameAs\":[\"https:\\\/\\\/www.facebook.com\\\/garrettaudiovisuais\",\"https:\\\/\\\/www.instagram.com\\\/garrettaudiovisuais\\\/\",\"https:\\\/\\\/www.youtube.com\\\/channel\\\/UCMLMFyCLpAQ3D4cYmzC34PQ\",\"https:\\\/\\\/www.linkedin.com\\\/company\\\/garrett-audiovisuais\",\"https:\\\/\\\/www.threads.net\\\/@garrettaudiovisuais\",\"https:\\\/\\\/bsky.app\\\/profile\\\/garrettsa.bsky.social\"]},{\"@type\":\"WebPage\",\"@id\":\"https:\\\/\\\/garrett.pt\\\/en\\\/product\\\/cablagem-com-gestao-integrada-netio\\\/#webpage\",\"url\":\"https:\\\/\\\/garrett.pt\\\/en\\\/product\\\/cablagem-com-gestao-integrada-netio\\\/\",\"name\":\"Cablagem com Gest\\u00e3o Integrada | Garrett Audiovisuais\",\"description\":\"Sistemas de analise e controlo para incorpora\\u00e7\\u00e3o em cablagem el\\u00e9trica Saiba mais em: https:\\\/\\\/www.netio-products.com\\\/en\\\/products\\\/all-products\",\"inLanguage\":\"en-GB\",\"isPartOf\":{\"@id\":\"https:\\\/\\\/garrett.pt\\\/en\\\/#website\"},\"breadcrumb\":{\"@id\":\"https:\\\/\\\/garrett.pt\\\/en\\\/product\\\/cablagem-com-gestao-integrada-netio\\\/#breadcrumblist\"},\"image\":{\"@type\":\"ImageObject\",\"url\":\"https:\\\/\\\/garrett.pt\\\/wp-content\\\/uploads\\\/2024\\\/01\\\/cabos.png\",\"@id\":\"https:\\\/\\\/garrett.pt\\\/en\\\/product\\\/cablagem-com-gestao-integrada-netio\\\/#mainImage\",\"width\":600,\"height\":600},\"primaryImageOfPage\":{\"@id\":\"https:\\\/\\\/garrett.pt\\\/en\\\/product\\\/cablagem-com-gestao-integrada-netio\\\/#mainImage\"},\"datePublished\":\"2024-01-26T16:03:30+00:00\",\"dateModified\":\"2024-01-26T16:38:08+00:00\"},{\"@type\":\"WebSite\",\"@id\":\"https:\\\/\\\/garrett.pt\\\/en\\\/#website\",\"url\":\"https:\\\/\\\/garrett.pt\\\/en\\\/\",\"name\":\"Garrett Audiovisuais\",\"description\":\"Projeto e Integra\\u00e7\\u00e3o de Sistemas Audiovisuais\",\"inLanguage\":\"en-GB\",\"publisher\":{\"@id\":\"https:\\\/\\\/garrett.pt\\\/en\\\/#organization\"}}]}\n\t\t<\/script>\n\t\t<!-- All in One SEO Pro -->\r\n\t\t<title>Cablagem com Gest\u00e3o Integrada | Garrett Audiovisuais<\/title>\n\n","aioseo_head_json":{"title":"Integrated Wiring Management | Garrett Audiovisuals","description":"Analysis and control systems for incorporation into electrical wiring. Learn more at: https:\/\/www.netio-products.com\/en\/products\/all-products","canonical_url":"https:\/\/garrett.pt\/en\/product\/cablagem-com-gestao-integrada-netio\/","robots":"max-image-preview:large","keywords":"","webmasterTools":{"google-site-verification":"V-yzxKXBUCATCiI1W_5bHMqCYZQPH0cGOGjcdwe4AHM","miscellaneous":""},"schema":{"@context":"https:\/\/schema.org","@graph":[{"@type":"BreadcrumbList","@id":"https:\/\/garrett.pt\/en\/product\/cablagem-com-gestao-integrada-netio\/#breadcrumblist","itemListElement":[{"@type":"ListItem","@id":"https:\/\/garrett.pt\/en#listItem","position":1,"name":"Home","item":"https:\/\/garrett.pt\/en","nextItem":{"@type":"ListItem","@id":"https:\/\/garrett.pt\/en\/?page_id=927#listItem","name":"Private: Shop"}},{"@type":"ListItem","@id":"https:\/\/garrett.pt\/en\/?page_id=927#listItem","position":2,"name":"Private: Shop","item":"https:\/\/garrett.pt\/en\/?page_id=927","nextItem":{"@type":"ListItem","@id":"https:\/\/garrett.pt\/en\/product-category\/integracao_multimedia\/#listItem","name":"Integra\u00e7\u00e3o e Multimedia"},"previousItem":{"@type":"ListItem","@id":"https:\/\/garrett.pt\/en#listItem","name":"Home"}},{"@type":"ListItem","@id":"https:\/\/garrett.pt\/en\/product-category\/integracao_multimedia\/#listItem","position":3,"name":"Integra\u00e7\u00e3o e Multimedia","item":"https:\/\/garrett.pt\/en\/product-category\/integracao_multimedia\/","nextItem":{"@type":"ListItem","@id":"https:\/\/garrett.pt\/en\/product-category\/integracao_multimedia\/gestao-de-energia\/#listItem","name":"Gest\u00e3o de Energia"},"previousItem":{"@type":"ListItem","@id":"https:\/\/garrett.pt\/en\/?page_id=927#listItem","name":"Private: Shop"}},{"@type":"ListItem","@id":"https:\/\/garrett.pt\/en\/product-category\/integracao_multimedia\/gestao-de-energia\/#listItem","position":4,"name":"Gest\u00e3o de Energia","item":"https:\/\/garrett.pt\/en\/product-category\/integracao_multimedia\/gestao-de-energia\/","nextItem":{"@type":"ListItem","@id":"https:\/\/garrett.pt\/en\/product\/cablagem-com-gestao-integrada-netio\/#listItem","name":"Cablagem com Gest\u00e3o Integrada"},"previousItem":{"@type":"ListItem","@id":"https:\/\/garrett.pt\/en\/product-category\/integracao_multimedia\/#listItem","name":"Integra\u00e7\u00e3o e Multimedia"}},{"@type":"ListItem","@id":"https:\/\/garrett.pt\/en\/product\/cablagem-com-gestao-integrada-netio\/#listItem","position":5,"name":"Cablagem com Gest\u00e3o Integrada","previousItem":{"@type":"ListItem","@id":"https:\/\/garrett.pt\/en\/product-category\/integracao_multimedia\/gestao-de-energia\/#listItem","name":"Gest\u00e3o de Energia"}}]},{"@type":"ItemPage","@id":"https:\/\/garrett.pt\/en\/product\/cablagem-com-gestao-integrada-netio\/#itempage","url":"https:\/\/garrett.pt\/en\/product\/cablagem-com-gestao-integrada-netio\/","name":"Cablagem com Gest\u00e3o Integrada | Garrett Audiovisuais","description":"Sistemas de analise e controlo para incorpora\u00e7\u00e3o em cablagem el\u00e9trica Saiba mais em: https:\/\/www.netio-products.com\/en\/products\/all-products","inLanguage":"en-GB","isPartOf":{"@id":"https:\/\/garrett.pt\/en\/#website"},"breadcrumb":{"@id":"https:\/\/garrett.pt\/en\/product\/cablagem-com-gestao-integrada-netio\/#breadcrumblist"},"image":{"@type":"ImageObject","url":"https:\/\/garrett.pt\/wp-content\/uploads\/2024\/01\/cabos.png","@id":"https:\/\/garrett.pt\/en\/product\/cablagem-com-gestao-integrada-netio\/#mainImage","width":600,"height":600},"primaryImageOfPage":{"@id":"https:\/\/garrett.pt\/en\/product\/cablagem-com-gestao-integrada-netio\/#mainImage"},"datePublished":"2024-01-26T16:03:30+00:00","dateModified":"2024-01-26T16:38:08+00:00"},{"@type":"Organization","@id":"https:\/\/garrett.pt\/en\/#organization","name":"Garrett Audiovisuais","description":"Projeto e Integra\u00e7\u00e3o de Sistemas Audiovisuais","url":"https:\/\/garrett.pt\/en\/","telephone":"+351214180134","logo":{"@type":"ImageObject","url":"https:\/\/garrett.pt\/wp-content\/uploads\/2021\/10\/1378831_10151703628399331_552396504_n.jpg","@id":"https:\/\/garrett.pt\/en\/product\/cablagem-com-gestao-integrada-netio\/#organizationLogo","width":650,"height":650},"image":{"@id":"https:\/\/garrett.pt\/en\/product\/cablagem-com-gestao-integrada-netio\/#organizationLogo"},"sameAs":["https:\/\/www.facebook.com\/garrettaudiovisuais","https:\/\/www.instagram.com\/garrettaudiovisuais\/","https:\/\/www.youtube.com\/channel\/UCMLMFyCLpAQ3D4cYmzC34PQ","https:\/\/www.linkedin.com\/company\/garrett-audiovisuais","https:\/\/www.threads.net\/@garrettaudiovisuais","https:\/\/bsky.app\/profile\/garrettsa.bsky.social"]},{"@type":"WebPage","@id":"https:\/\/garrett.pt\/en\/product\/cablagem-com-gestao-integrada-netio\/#webpage","url":"https:\/\/garrett.pt\/en\/product\/cablagem-com-gestao-integrada-netio\/","name":"Cablagem com Gest\u00e3o Integrada | Garrett Audiovisuais","description":"Sistemas de analise e controlo para incorpora\u00e7\u00e3o em cablagem el\u00e9trica Saiba mais em: https:\/\/www.netio-products.com\/en\/products\/all-products","inLanguage":"en-GB","isPartOf":{"@id":"https:\/\/garrett.pt\/en\/#website"},"breadcrumb":{"@id":"https:\/\/garrett.pt\/en\/product\/cablagem-com-gestao-integrada-netio\/#breadcrumblist"},"image":{"@type":"ImageObject","url":"https:\/\/garrett.pt\/wp-content\/uploads\/2024\/01\/cabos.png","@id":"https:\/\/garrett.pt\/en\/product\/cablagem-com-gestao-integrada-netio\/#mainImage","width":600,"height":600},"primaryImageOfPage":{"@id":"https:\/\/garrett.pt\/en\/product\/cablagem-com-gestao-integrada-netio\/#mainImage"},"datePublished":"2024-01-26T16:03:30+00:00","dateModified":"2024-01-26T16:38:08+00:00"},{"@type":"WebSite","@id":"https:\/\/garrett.pt\/en\/#website","url":"https:\/\/garrett.pt\/en\/","name":"Garrett Audiovisuais","description":"Projeto e Integra\u00e7\u00e3o de Sistemas Audiovisuais","inLanguage":"en-GB","publisher":{"@id":"https:\/\/garrett.pt\/en\/#organization"}}]},"og:locale":"en_GB","og:site_name":"Garrett Audiovisuais | Projeto e Integra\u00e7\u00e3o de Sistemas Audiovisuais","og:type":"article","og:title":"Cablagem com Gest\u00e3o Integrada | Garrett Audiovisuais","og:description":"Sistemas de analise e controlo para incorpora\u00e7\u00e3o em cablagem el\u00e9trica Saiba mais em: https:\/\/www.netio-products.com\/en\/products\/all-products","og:url":"https:\/\/garrett.pt\/en\/product\/cablagem-com-gestao-integrada-netio\/","og:image":"https:\/\/garrett.pt\/wp-content\/uploads\/2024\/01\/cabos.png","og:image:secure_url":"https:\/\/garrett.pt\/wp-content\/uploads\/2024\/01\/cabos.png","og:image:width":600,"og:image:height":600,"article:published_time":"2024-01-26T16:03:30+00:00","article:modified_time":"2024-01-26T16:38:08+00:00","article:publisher":"https:\/\/www.facebook.com\/garrettaudiovisuais","twitter:card":"summary","twitter:title":"Cablagem com Gest\u00e3o Integrada | Garrett Audiovisuais","twitter:description":"Sistemas de analise e controlo para incorpora\u00e7\u00e3o em cablagem el\u00e9trica Saiba mais em: https:\/\/www.netio-products.com\/en\/products\/all-products","twitter:image":"https:\/\/garrett.pt\/wp-content\/uploads\/2024\/01\/cabos.png"},"aioseo_meta_data":{"post_id":"23246","title":null,"description":null,"keywords":[],"keyphrases":{"focus":{"keyphrase":"","score":0,"analysis":{"keyphraseInTitle":{"score":0,"maxScore":9,"error":1}}},"additional":[]},"primary_term":null,"canonical_url":null,"og_title":null,"og_description":null,"og_object_type":"default","og_image_type":"default","og_image_url":null,"og_image_width":null,"og_image_height":null,"og_image_custom_url":null,"og_image_custom_fields":null,"og_video":"","og_custom_url":null,"og_article_section":null,"og_article_tags":[],"twitter_use_og":false,"twitter_card":"default","twitter_image_type":"default","twitter_image_url":null,"twitter_image_custom_url":null,"twitter_image_custom_fields":null,"twitter_title":null,"twitter_description":null,"schema":{"blockGraphs":[],"customGraphs":[],"default":{"data":{"Article":[],"Course":[],"Dataset":[],"FAQPage":[],"Movie":[],"Person":[],"Product":[],"ProductReview":[],"Car":[],"Recipe":[],"Service":[],"SoftwareApplication":[],"WebPage":[]},"graphName":"ItemPage","isEnabled":true},"graphs":[]},"schema_type":"default","schema_type_options":null,"pillar_content":false,"robots_default":true,"robots_noindex":false,"robots_noarchive":false,"robots_nosnippet":false,"robots_nofollow":false,"robots_noimageindex":false,"robots_noodp":false,"robots_notranslate":false,"robots_max_snippet":"-1","robots_max_videopreview":"-1","robots_max_imagepreview":"large","priority":null,"frequency":"default","local_seo":null,"seo_analyzer_scan_date":"2025-10-13 19:17:40","breadcrumb_settings":null,"limit_modified_date":false,"reviewed_by":null,"open_ai":"{\"title\":{\"suggestions\":[],\"usage\":0},\"description\":{\"suggestions\":[],\"usage\":0}}","ai":null,"created":"2024-01-26 15:54:30","updated":"2025-10-13 19:17:40"},"aioseo_breadcrumb":"<div class=\"aioseo-breadcrumbs\"><span class=\"aioseo-breadcrumb\">\n\t<a href=\"https:\/\/garrett.pt\/en\" title=\"Home\">Home<\/a>\n<\/span><span class=\"aioseo-breadcrumb-separator\">&raquo;<\/span><span class=\"aioseo-breadcrumb\">\n\t<a href=\"https:\/\/garrett.pt\/en\/?page_id=927\" title=\"Private: Shop\">Private: Shop<\/a>\n<\/span><span class=\"aioseo-breadcrumb-separator\">&raquo;<\/span><span class=\"aioseo-breadcrumb\">\n\t<a href=\"https:\/\/garrett.pt\/en\/product-category\/integracao_multimedia\/\" title=\"Integra\u00e7\u00e3o e Multimedia\">Integra\u00e7\u00e3o e Multimedia<\/a>\n<\/span><span class=\"aioseo-breadcrumb-separator\">&raquo;<\/span><span class=\"aioseo-breadcrumb\">\n\t<a href=\"https:\/\/garrett.pt\/en\/product-category\/integracao_multimedia\/gestao-de-energia\/\" title=\"Gest\u00e3o de Energia\">Gest\u00e3o de Energia<\/a>\n<\/span><span class=\"aioseo-breadcrumb-separator\">&raquo;<\/span><span class=\"aioseo-breadcrumb\">\n\tCablagem com Gest\u00e3o Integrada\n<\/span><\/div>","aioseo_breadcrumb_json":[{"label":"Home","link":"https:\/\/garrett.pt\/en"},{"label":"Private: Shop","link":"https:\/\/garrett.pt\/en\/?page_id=927"},{"label":"Integra\u00e7\u00e3o e Multimedia","link":"https:\/\/garrett.pt\/en\/product-category\/integracao_multimedia\/"},{"label":"Gest\u00e3o de Energia","link":"https:\/\/garrett.pt\/en\/product-category\/integracao_multimedia\/gestao-de-energia\/"},{"label":"Cablagem com Gest\u00e3o Integrada","link":"https:\/\/garrett.pt\/en\/product\/cablagem-com-gestao-integrada-netio\/"}],"_links":{"self":[{"href":"https:\/\/garrett.pt\/en\/wp-json\/wp\/v2\/product\/23246","targetHints":{"allow":["GET"]}}],"collection":[{"href":"https:\/\/garrett.pt\/en\/wp-json\/wp\/v2\/product"}],"about":[{"href":"https:\/\/garrett.pt\/en\/wp-json\/wp\/v2\/types\/product"}],"replies":[{"embeddable":true,"href":"https:\/\/garrett.pt\/en\/wp-json\/wp\/v2\/comments?post=23246"}],"wp:featuredmedia":[{"embeddable":true,"href":"https:\/\/garrett.pt\/en\/wp-json\/wp\/v2\/media\/23237"}],"wp:attachment":[{"href":"https:\/\/garrett.pt\/en\/wp-json\/wp\/v2\/media?parent=23246"}],"wp:term":[{"taxonomy":"product_brand","embeddable":true,"href":"https:\/\/garrett.pt\/en\/wp-json\/wp\/v2\/product_brand?post=23246"},{"taxonomy":"product_cat","embeddable":true,"href":"https:\/\/garrett.pt\/en\/wp-json\/wp\/v2\/product_cat?post=23246"},{"taxonomy":"product_tag","embeddable":true,"href":"https:\/\/garrett.pt\/en\/wp-json\/wp\/v2\/product_tag?post=23246"}],"curies":[{"name":"wp","href":"https:\/\/api.w.org\/{rel}","templated":true}]}}