{"id":24407,"date":"2024-06-14T14:47:55","date_gmt":"2024-06-14T14:47:55","guid":{"rendered":"https:\/\/garrett.pt\/?post_type=product&#038;p=24407"},"modified":"2024-07-02T09:06:33","modified_gmt":"2024-07-02T09:06:33","slug":"neat-bar","status":"publish","type":"product","link":"https:\/\/garrett.pt\/en\/product\/neat-bar\/","title":{"rendered":"NeatBar"},"content":{"rendered":"<p><iframe loading=\"lazy\" title=\"Neat Bar quick overview\" width=\"720\" height=\"405\" src=\"https:\/\/www.youtube.com\/embed\/7bqutVOdEoY?start=14&#038;feature=oembed&#038;enablejsapi=1&#038;origin=https:\/\/garrett.pt\" frameborder=\"0\" allow=\"accelerometer; autoplay; clipboard-write; encrypted-media; gyroscope; picture-in-picture; web-share\" referrerpolicy=\"strict-origin-when-cross-origin\" allowfullscreen><\/iframe><\/p>","protected":false},"excerpt":{"rendered":"<h4>O Neat Bar \u00e9 um dispositivo simples e elegante, com design compacto, mas altamente capaz, para Zoom ou Microsoft Teams. \u00c9 perfeito para levar \u00e1udio e v\u00eddeo de qualidade superior para as salas de reuni\u00e3o, gabinetes ou focus groups at\u00e9 dez pessoas. Pode-se instalar a Neat Bar acima ou abaixo de um ou dois monitores, e o Neat Pad est\u00e1 inclu\u00eddo, o touchpad din\u00e2mico, que poder\u00e1 ser usado para controlar reuni\u00f5es ou exibir a disponibilidade da sala fora da sala: <a href=\"https:\/\/neat.no\/bar\/\" target=\"_blank\" rel=\"noopener\">https:\/\/neat.no\/bar\/<\/a><\/h4>\n<div class=\"c-bb-product-description__field c-bb-product-description__short-desc\">\n<div class=\"c-bb-product-description__field c-bb-product-description__long-desc\">[maxbutton id=\"10\" url=\"https:\/\/garrett.pt\/neat\" text=\"Voltar a Neat\" ]<\/div>\n<\/div>\n","protected":false},"featured_media":24547,"comment_status":"closed","ping_status":"closed","template":"","meta":{"cybocfi_hide_featured_image":""},"product_brand":[],"product_cat":[62,584,548],"product_tag":[],"class_list":{"0":"post-24407","1":"product","2":"type-product","3":"status-publish","4":"has-post-thumbnail","6":"product_cat-integracao_multimedia","7":"product_cat-neat","8":"product_cat-videoconferencia","9":"post","10":"post-with-thumbnail","11":"post-with-thumbnail-large","13":"first","14":"instock","15":"taxable","16":"shipping-taxable","17":"product-type-simple"},"aioseo_notices":[],"aioseo_head":"\n\t\t<!-- All in One SEO Pro 4.9.6.2 - aioseo.com -->\n\t<meta name=\"description\" content=\"O Neat Bar \u00e9 um dispositivo simples e elegante, com design compacto, mas altamente capaz, para Zoom ou Microsoft Teams. \u00c9 perfeito para levar \u00e1udio e v\u00eddeo de qualidade superior para as salas de reuni\u00e3o, gabinetes ou focus groups at\u00e9 dez pessoas. Pode-se instalar a Neat Bar acima ou abaixo de um ou dois monitores, e o Neat Pad est\u00e1 inclu\u00eddo, o touchpad din\u00e2mico, que poder\u00e1 ser usado para controlar reuni\u00f5es ou exibir a disponibilidade da sala fora da sala: https:\/\/neat.no\/bar\/\" \/>\n\t<meta name=\"robots\" content=\"max-image-preview:large\" \/>\n\t<meta name=\"google-site-verification\" content=\"V-yzxKXBUCATCiI1W_5bHMqCYZQPH0cGOGjcdwe4AHM\" \/>\n\t<link rel=\"canonical\" href=\"https:\/\/garrett.pt\/en\/product\/neat-bar\/\" \/>\n\t<meta name=\"generator\" content=\"All in One SEO Pro (AIOSEO) 4.9.6.2\" \/>\n\t\t<meta property=\"og:locale\" content=\"en_GB\" \/>\n\t\t<meta property=\"og:site_name\" content=\"Garrett Audiovisuais | Projeto e Integra\u00e7\u00e3o de Sistemas Audiovisuais\" \/>\n\t\t<meta property=\"og:type\" content=\"article\" \/>\n\t\t<meta property=\"og:title\" content=\"Neat Bar | Garrett Audiovisuais\" \/>\n\t\t<meta property=\"og:description\" content=\"O Neat Bar \u00e9 um dispositivo simples e elegante, com design compacto, mas altamente capaz, para Zoom ou Microsoft Teams. \u00c9 perfeito para levar \u00e1udio e v\u00eddeo de qualidade superior para as salas de reuni\u00e3o, gabinetes ou focus groups at\u00e9 dez pessoas. Pode-se instalar a Neat Bar acima ou abaixo de um ou dois monitores, e o Neat Pad est\u00e1 inclu\u00eddo, o touchpad din\u00e2mico, que poder\u00e1 ser usado para controlar reuni\u00f5es ou exibir a disponibilidade da sala fora da sala: https:\/\/neat.no\/bar\/\" \/>\n\t\t<meta property=\"og:url\" content=\"https:\/\/garrett.pt\/en\/product\/neat-bar\/\" \/>\n\t\t<meta property=\"og:image\" content=\"https:\/\/garrett.pt\/wp-content\/uploads\/2024\/06\/bar1-1.png\" \/>\n\t\t<meta property=\"og:image:secure_url\" content=\"https:\/\/garrett.pt\/wp-content\/uploads\/2024\/06\/bar1-1.png\" \/>\n\t\t<meta property=\"og:image:width\" content=\"651\" \/>\n\t\t<meta property=\"og:image:height\" content=\"651\" \/>\n\t\t<meta property=\"article:published_time\" content=\"2024-06-14T14:47:55+00:00\" \/>\n\t\t<meta property=\"article:modified_time\" content=\"2024-07-02T09:06:33+00:00\" \/>\n\t\t<meta property=\"article:publisher\" content=\"https:\/\/www.facebook.com\/garrettaudiovisuais\" \/>\n\t\t<meta name=\"twitter:card\" content=\"summary\" \/>\n\t\t<meta name=\"twitter:title\" content=\"Neat Bar | Garrett Audiovisuais\" \/>\n\t\t<meta name=\"twitter:description\" content=\"O Neat Bar \u00e9 um dispositivo simples e elegante, com design compacto, mas altamente capaz, para Zoom ou Microsoft Teams. \u00c9 perfeito para levar \u00e1udio e v\u00eddeo de qualidade superior para as salas de reuni\u00e3o, gabinetes ou focus groups at\u00e9 dez pessoas. Pode-se instalar a Neat Bar acima ou abaixo de um ou dois monitores, e o Neat Pad est\u00e1 inclu\u00eddo, o touchpad din\u00e2mico, que poder\u00e1 ser usado para controlar reuni\u00f5es ou exibir a disponibilidade da sala fora da sala: https:\/\/neat.no\/bar\/\" \/>\n\t\t<meta name=\"twitter:image\" content=\"https:\/\/garrett.pt\/wp-content\/uploads\/2024\/06\/bar1-1.png\" \/>\n\t\t<script type=\"application\/ld+json\" class=\"aioseo-schema\">\n\t\t\t{\"@context\":\"https:\\\/\\\/schema.org\",\"@graph\":[{\"@type\":\"BreadcrumbList\",\"@id\":\"https:\\\/\\\/garrett.pt\\\/en\\\/product\\\/neat-bar\\\/#breadcrumblist\",\"itemListElement\":[{\"@type\":\"ListItem\",\"@id\":\"https:\\\/\\\/garrett.pt\\\/en#listItem\",\"position\":1,\"name\":\"Home\",\"item\":\"https:\\\/\\\/garrett.pt\\\/en\",\"nextItem\":{\"@type\":\"ListItem\",\"@id\":\"https:\\\/\\\/garrett.pt\\\/en\\\/?page_id=927#listItem\",\"name\":\"Private: Shop\"}},{\"@type\":\"ListItem\",\"@id\":\"https:\\\/\\\/garrett.pt\\\/en\\\/?page_id=927#listItem\",\"position\":2,\"name\":\"Private: Shop\",\"item\":\"https:\\\/\\\/garrett.pt\\\/en\\\/?page_id=927\",\"nextItem\":{\"@type\":\"ListItem\",\"@id\":\"https:\\\/\\\/garrett.pt\\\/en\\\/product-category\\\/integracao_multimedia\\\/#listItem\",\"name\":\"Integra\\u00e7\\u00e3o e Multimedia\"},\"previousItem\":{\"@type\":\"ListItem\",\"@id\":\"https:\\\/\\\/garrett.pt\\\/en#listItem\",\"name\":\"Home\"}},{\"@type\":\"ListItem\",\"@id\":\"https:\\\/\\\/garrett.pt\\\/en\\\/product-category\\\/integracao_multimedia\\\/#listItem\",\"position\":3,\"name\":\"Integra\\u00e7\\u00e3o e Multimedia\",\"item\":\"https:\\\/\\\/garrett.pt\\\/en\\\/product-category\\\/integracao_multimedia\\\/\",\"nextItem\":{\"@type\":\"ListItem\",\"@id\":\"https:\\\/\\\/garrett.pt\\\/en\\\/product-category\\\/integracao_multimedia\\\/videoconferencia\\\/#listItem\",\"name\":\"videoconferencia\"},\"previousItem\":{\"@type\":\"ListItem\",\"@id\":\"https:\\\/\\\/garrett.pt\\\/en\\\/?page_id=927#listItem\",\"name\":\"Private: Shop\"}},{\"@type\":\"ListItem\",\"@id\":\"https:\\\/\\\/garrett.pt\\\/en\\\/product-category\\\/integracao_multimedia\\\/videoconferencia\\\/#listItem\",\"position\":4,\"name\":\"videoconferencia\",\"item\":\"https:\\\/\\\/garrett.pt\\\/en\\\/product-category\\\/integracao_multimedia\\\/videoconferencia\\\/\",\"nextItem\":{\"@type\":\"ListItem\",\"@id\":\"https:\\\/\\\/garrett.pt\\\/en\\\/product\\\/neat-bar\\\/#listItem\",\"name\":\"Neat Bar\"},\"previousItem\":{\"@type\":\"ListItem\",\"@id\":\"https:\\\/\\\/garrett.pt\\\/en\\\/product-category\\\/integracao_multimedia\\\/#listItem\",\"name\":\"Integra\\u00e7\\u00e3o e Multimedia\"}},{\"@type\":\"ListItem\",\"@id\":\"https:\\\/\\\/garrett.pt\\\/en\\\/product\\\/neat-bar\\\/#listItem\",\"position\":5,\"name\":\"Neat Bar\",\"previousItem\":{\"@type\":\"ListItem\",\"@id\":\"https:\\\/\\\/garrett.pt\\\/en\\\/product-category\\\/integracao_multimedia\\\/videoconferencia\\\/#listItem\",\"name\":\"videoconferencia\"}}]},{\"@type\":\"ItemPage\",\"@id\":\"https:\\\/\\\/garrett.pt\\\/en\\\/product\\\/neat-bar\\\/#itempage\",\"url\":\"https:\\\/\\\/garrett.pt\\\/en\\\/product\\\/neat-bar\\\/\",\"name\":\"Neat Bar | Garrett Audiovisuais\",\"description\":\"O Neat Bar \\u00e9 um dispositivo simples e elegante, com design compacto, mas altamente capaz, para Zoom ou Microsoft Teams. \\u00c9 perfeito para levar \\u00e1udio e v\\u00eddeo de qualidade superior para as salas de reuni\\u00e3o, gabinetes ou focus groups at\\u00e9 dez pessoas. Pode-se instalar a Neat Bar acima ou abaixo de um ou dois monitores, e o Neat Pad est\\u00e1 inclu\\u00eddo, o touchpad din\\u00e2mico, que poder\\u00e1 ser usado para controlar reuni\\u00f5es ou exibir a disponibilidade da sala fora da sala: https:\\\/\\\/neat.no\\\/bar\\\/\",\"inLanguage\":\"en-GB\",\"isPartOf\":{\"@id\":\"https:\\\/\\\/garrett.pt\\\/en\\\/#website\"},\"breadcrumb\":{\"@id\":\"https:\\\/\\\/garrett.pt\\\/en\\\/product\\\/neat-bar\\\/#breadcrumblist\"},\"image\":{\"@type\":\"ImageObject\",\"url\":\"https:\\\/\\\/garrett.pt\\\/wp-content\\\/uploads\\\/2024\\\/06\\\/bar1-1.png\",\"@id\":\"https:\\\/\\\/garrett.pt\\\/en\\\/product\\\/neat-bar\\\/#mainImage\",\"width\":651,\"height\":651},\"primaryImageOfPage\":{\"@id\":\"https:\\\/\\\/garrett.pt\\\/en\\\/product\\\/neat-bar\\\/#mainImage\"},\"datePublished\":\"2024-06-14T14:47:55+00:00\",\"dateModified\":\"2024-07-02T09:06:33+00:00\"},{\"@type\":\"Organization\",\"@id\":\"https:\\\/\\\/garrett.pt\\\/en\\\/#organization\",\"name\":\"Garrett Audiovisuais\",\"description\":\"Projeto e Integra\\u00e7\\u00e3o de Sistemas Audiovisuais\",\"url\":\"https:\\\/\\\/garrett.pt\\\/en\\\/\",\"telephone\":\"+351214180134\",\"logo\":{\"@type\":\"ImageObject\",\"url\":\"https:\\\/\\\/garrett.pt\\\/wp-content\\\/uploads\\\/2021\\\/10\\\/1378831_10151703628399331_552396504_n.jpg\",\"@id\":\"https:\\\/\\\/garrett.pt\\\/en\\\/product\\\/neat-bar\\\/#organizationLogo\",\"width\":650,\"height\":650},\"image\":{\"@id\":\"https:\\\/\\\/garrett.pt\\\/en\\\/product\\\/neat-bar\\\/#organizationLogo\"},\"sameAs\":[\"https:\\\/\\\/www.facebook.com\\\/garrettaudiovisuais\",\"https:\\\/\\\/www.instagram.com\\\/garrettaudiovisuais\\\/\",\"https:\\\/\\\/www.youtube.com\\\/channel\\\/UCMLMFyCLpAQ3D4cYmzC34PQ\",\"https:\\\/\\\/www.linkedin.com\\\/company\\\/garrett-audiovisuais\",\"https:\\\/\\\/www.threads.net\\\/@garrettaudiovisuais\",\"https:\\\/\\\/bsky.app\\\/profile\\\/garrettsa.bsky.social\"]},{\"@type\":\"WebPage\",\"@id\":\"https:\\\/\\\/garrett.pt\\\/en\\\/product\\\/neat-bar\\\/#webpage\",\"url\":\"https:\\\/\\\/garrett.pt\\\/en\\\/product\\\/neat-bar\\\/\",\"name\":\"Neat Bar | Garrett Audiovisuais\",\"description\":\"O Neat Bar \\u00e9 um dispositivo simples e elegante, com design compacto, mas altamente capaz, para Zoom ou Microsoft Teams. \\u00c9 perfeito para levar \\u00e1udio e v\\u00eddeo de qualidade superior para as salas de reuni\\u00e3o, gabinetes ou focus groups at\\u00e9 dez pessoas. Pode-se instalar a Neat Bar acima ou abaixo de um ou dois monitores, e o Neat Pad est\\u00e1 inclu\\u00eddo, o touchpad din\\u00e2mico, que poder\\u00e1 ser usado para controlar reuni\\u00f5es ou exibir a disponibilidade da sala fora da sala: https:\\\/\\\/neat.no\\\/bar\\\/\",\"inLanguage\":\"en-GB\",\"isPartOf\":{\"@id\":\"https:\\\/\\\/garrett.pt\\\/en\\\/#website\"},\"breadcrumb\":{\"@id\":\"https:\\\/\\\/garrett.pt\\\/en\\\/product\\\/neat-bar\\\/#breadcrumblist\"},\"image\":{\"@type\":\"ImageObject\",\"url\":\"https:\\\/\\\/garrett.pt\\\/wp-content\\\/uploads\\\/2024\\\/06\\\/bar1-1.png\",\"@id\":\"https:\\\/\\\/garrett.pt\\\/en\\\/product\\\/neat-bar\\\/#mainImage\",\"width\":651,\"height\":651},\"primaryImageOfPage\":{\"@id\":\"https:\\\/\\\/garrett.pt\\\/en\\\/product\\\/neat-bar\\\/#mainImage\"},\"datePublished\":\"2024-06-14T14:47:55+00:00\",\"dateModified\":\"2024-07-02T09:06:33+00:00\"},{\"@type\":\"WebSite\",\"@id\":\"https:\\\/\\\/garrett.pt\\\/en\\\/#website\",\"url\":\"https:\\\/\\\/garrett.pt\\\/en\\\/\",\"name\":\"Garrett Audiovisuais\",\"description\":\"Projeto e Integra\\u00e7\\u00e3o de Sistemas Audiovisuais\",\"inLanguage\":\"en-GB\",\"publisher\":{\"@id\":\"https:\\\/\\\/garrett.pt\\\/en\\\/#organization\"}}]}\n\t\t<\/script>\n\t\t<!-- All in One SEO Pro -->\r\n\t\t<title>Neat Bar | Garrett Audiovisuais<\/title>\n\n","aioseo_head_json":{"title":"Neat Bar | Garrett Audiovisuals","description":"The Neat Bar is a simple and elegant device with a compact yet highly capable design for Zoom or Microsoft Teams. It&#039;s perfect for bringing superior audio and video to meeting rooms, offices, or focus groups for up to ten people. The Neat Bar can be installed above or below one or two monitors, and the included Neat Pad, the dynamic touchpad, can be used to control meetings or display room availability from outside the room: https:\/\/neat.no\/bar\/","canonical_url":"https:\/\/garrett.pt\/en\/product\/neat-bar\/","robots":"max-image-preview:large","keywords":"","webmasterTools":{"google-site-verification":"V-yzxKXBUCATCiI1W_5bHMqCYZQPH0cGOGjcdwe4AHM","miscellaneous":""},"schema":{"@context":"https:\/\/schema.org","@graph":[{"@type":"BreadcrumbList","@id":"https:\/\/garrett.pt\/en\/product\/neat-bar\/#breadcrumblist","itemListElement":[{"@type":"ListItem","@id":"https:\/\/garrett.pt\/en#listItem","position":1,"name":"Home","item":"https:\/\/garrett.pt\/en","nextItem":{"@type":"ListItem","@id":"https:\/\/garrett.pt\/en\/?page_id=927#listItem","name":"Private: Shop"}},{"@type":"ListItem","@id":"https:\/\/garrett.pt\/en\/?page_id=927#listItem","position":2,"name":"Private: Shop","item":"https:\/\/garrett.pt\/en\/?page_id=927","nextItem":{"@type":"ListItem","@id":"https:\/\/garrett.pt\/en\/product-category\/integracao_multimedia\/#listItem","name":"Integra\u00e7\u00e3o e Multimedia"},"previousItem":{"@type":"ListItem","@id":"https:\/\/garrett.pt\/en#listItem","name":"Home"}},{"@type":"ListItem","@id":"https:\/\/garrett.pt\/en\/product-category\/integracao_multimedia\/#listItem","position":3,"name":"Integra\u00e7\u00e3o e Multimedia","item":"https:\/\/garrett.pt\/en\/product-category\/integracao_multimedia\/","nextItem":{"@type":"ListItem","@id":"https:\/\/garrett.pt\/en\/product-category\/integracao_multimedia\/videoconferencia\/#listItem","name":"videoconferencia"},"previousItem":{"@type":"ListItem","@id":"https:\/\/garrett.pt\/en\/?page_id=927#listItem","name":"Private: Shop"}},{"@type":"ListItem","@id":"https:\/\/garrett.pt\/en\/product-category\/integracao_multimedia\/videoconferencia\/#listItem","position":4,"name":"videoconferencia","item":"https:\/\/garrett.pt\/en\/product-category\/integracao_multimedia\/videoconferencia\/","nextItem":{"@type":"ListItem","@id":"https:\/\/garrett.pt\/en\/product\/neat-bar\/#listItem","name":"Neat Bar"},"previousItem":{"@type":"ListItem","@id":"https:\/\/garrett.pt\/en\/product-category\/integracao_multimedia\/#listItem","name":"Integra\u00e7\u00e3o e Multimedia"}},{"@type":"ListItem","@id":"https:\/\/garrett.pt\/en\/product\/neat-bar\/#listItem","position":5,"name":"Neat Bar","previousItem":{"@type":"ListItem","@id":"https:\/\/garrett.pt\/en\/product-category\/integracao_multimedia\/videoconferencia\/#listItem","name":"videoconferencia"}}]},{"@type":"ItemPage","@id":"https:\/\/garrett.pt\/en\/product\/neat-bar\/#itempage","url":"https:\/\/garrett.pt\/en\/product\/neat-bar\/","name":"Neat Bar | Garrett Audiovisuais","description":"O Neat Bar \u00e9 um dispositivo simples e elegante, com design compacto, mas altamente capaz, para Zoom ou Microsoft Teams. \u00c9 perfeito para levar \u00e1udio e v\u00eddeo de qualidade superior para as salas de reuni\u00e3o, gabinetes ou focus groups at\u00e9 dez pessoas. Pode-se instalar a Neat Bar acima ou abaixo de um ou dois monitores, e o Neat Pad est\u00e1 inclu\u00eddo, o touchpad din\u00e2mico, que poder\u00e1 ser usado para controlar reuni\u00f5es ou exibir a disponibilidade da sala fora da sala: https:\/\/neat.no\/bar\/","inLanguage":"en-GB","isPartOf":{"@id":"https:\/\/garrett.pt\/en\/#website"},"breadcrumb":{"@id":"https:\/\/garrett.pt\/en\/product\/neat-bar\/#breadcrumblist"},"image":{"@type":"ImageObject","url":"https:\/\/garrett.pt\/wp-content\/uploads\/2024\/06\/bar1-1.png","@id":"https:\/\/garrett.pt\/en\/product\/neat-bar\/#mainImage","width":651,"height":651},"primaryImageOfPage":{"@id":"https:\/\/garrett.pt\/en\/product\/neat-bar\/#mainImage"},"datePublished":"2024-06-14T14:47:55+00:00","dateModified":"2024-07-02T09:06:33+00:00"},{"@type":"Organization","@id":"https:\/\/garrett.pt\/en\/#organization","name":"Garrett Audiovisuais","description":"Projeto e Integra\u00e7\u00e3o de Sistemas Audiovisuais","url":"https:\/\/garrett.pt\/en\/","telephone":"+351214180134","logo":{"@type":"ImageObject","url":"https:\/\/garrett.pt\/wp-content\/uploads\/2021\/10\/1378831_10151703628399331_552396504_n.jpg","@id":"https:\/\/garrett.pt\/en\/product\/neat-bar\/#organizationLogo","width":650,"height":650},"image":{"@id":"https:\/\/garrett.pt\/en\/product\/neat-bar\/#organizationLogo"},"sameAs":["https:\/\/www.facebook.com\/garrettaudiovisuais","https:\/\/www.instagram.com\/garrettaudiovisuais\/","https:\/\/www.youtube.com\/channel\/UCMLMFyCLpAQ3D4cYmzC34PQ","https:\/\/www.linkedin.com\/company\/garrett-audiovisuais","https:\/\/www.threads.net\/@garrettaudiovisuais","https:\/\/bsky.app\/profile\/garrettsa.bsky.social"]},{"@type":"WebPage","@id":"https:\/\/garrett.pt\/en\/product\/neat-bar\/#webpage","url":"https:\/\/garrett.pt\/en\/product\/neat-bar\/","name":"Neat Bar | Garrett Audiovisuais","description":"O Neat Bar \u00e9 um dispositivo simples e elegante, com design compacto, mas altamente capaz, para Zoom ou Microsoft Teams. \u00c9 perfeito para levar \u00e1udio e v\u00eddeo de qualidade superior para as salas de reuni\u00e3o, gabinetes ou focus groups at\u00e9 dez pessoas. Pode-se instalar a Neat Bar acima ou abaixo de um ou dois monitores, e o Neat Pad est\u00e1 inclu\u00eddo, o touchpad din\u00e2mico, que poder\u00e1 ser usado para controlar reuni\u00f5es ou exibir a disponibilidade da sala fora da sala: https:\/\/neat.no\/bar\/","inLanguage":"en-GB","isPartOf":{"@id":"https:\/\/garrett.pt\/en\/#website"},"breadcrumb":{"@id":"https:\/\/garrett.pt\/en\/product\/neat-bar\/#breadcrumblist"},"image":{"@type":"ImageObject","url":"https:\/\/garrett.pt\/wp-content\/uploads\/2024\/06\/bar1-1.png","@id":"https:\/\/garrett.pt\/en\/product\/neat-bar\/#mainImage","width":651,"height":651},"primaryImageOfPage":{"@id":"https:\/\/garrett.pt\/en\/product\/neat-bar\/#mainImage"},"datePublished":"2024-06-14T14:47:55+00:00","dateModified":"2024-07-02T09:06:33+00:00"},{"@type":"WebSite","@id":"https:\/\/garrett.pt\/en\/#website","url":"https:\/\/garrett.pt\/en\/","name":"Garrett Audiovisuais","description":"Projeto e Integra\u00e7\u00e3o de Sistemas Audiovisuais","inLanguage":"en-GB","publisher":{"@id":"https:\/\/garrett.pt\/en\/#organization"}}]},"og:locale":"en_GB","og:site_name":"Garrett Audiovisuais | Projeto e Integra\u00e7\u00e3o de Sistemas Audiovisuais","og:type":"article","og:title":"Neat Bar | Garrett Audiovisuais","og:description":"O Neat Bar \u00e9 um dispositivo simples e elegante, com design compacto, mas altamente capaz, para Zoom ou Microsoft Teams. \u00c9 perfeito para levar \u00e1udio e v\u00eddeo de qualidade superior para as salas de reuni\u00e3o, gabinetes ou focus groups at\u00e9 dez pessoas. Pode-se instalar a Neat Bar acima ou abaixo de um ou dois monitores, e o Neat Pad est\u00e1 inclu\u00eddo, o touchpad din\u00e2mico, que poder\u00e1 ser usado para controlar reuni\u00f5es ou exibir a disponibilidade da sala fora da sala: https:\/\/neat.no\/bar\/","og:url":"https:\/\/garrett.pt\/en\/product\/neat-bar\/","og:image":"https:\/\/garrett.pt\/wp-content\/uploads\/2024\/06\/bar1-1.png","og:image:secure_url":"https:\/\/garrett.pt\/wp-content\/uploads\/2024\/06\/bar1-1.png","og:image:width":651,"og:image:height":651,"article:published_time":"2024-06-14T14:47:55+00:00","article:modified_time":"2024-07-02T09:06:33+00:00","article:publisher":"https:\/\/www.facebook.com\/garrettaudiovisuais","twitter:card":"summary","twitter:title":"Neat Bar | Garrett Audiovisuais","twitter:description":"O Neat Bar \u00e9 um dispositivo simples e elegante, com design compacto, mas altamente capaz, para Zoom ou Microsoft Teams. \u00c9 perfeito para levar \u00e1udio e v\u00eddeo de qualidade superior para as salas de reuni\u00e3o, gabinetes ou focus groups at\u00e9 dez pessoas. Pode-se instalar a Neat Bar acima ou abaixo de um ou dois monitores, e o Neat Pad est\u00e1 inclu\u00eddo, o touchpad din\u00e2mico, que poder\u00e1 ser usado para controlar reuni\u00f5es ou exibir a disponibilidade da sala fora da sala: https:\/\/neat.no\/bar\/","twitter:image":"https:\/\/garrett.pt\/wp-content\/uploads\/2024\/06\/bar1-1.png"},"aioseo_meta_data":{"post_id":"24407","title":null,"description":null,"keywords":null,"keyphrases":{"focus":{"keyphrase":"Videoconfer\u00eancia","score":56,"analysis":{"keyphraseInTitle":{"score":3,"maxScore":9,"error":1},"keyphraseInDescription":{"score":3,"maxScore":9,"error":1},"keyphraseLength":{"score":9,"maxScore":9,"error":0,"length":2},"keyphraseInURL":{"score":1,"maxScore":5,"error":1},"keyphraseInIntroduction":{"score":3,"maxScore":9,"error":1},"keyphraseInSubHeadings":[],"keyphraseInImageAlt":[],"keywordDensity":{"type":"best","score":9,"maxScore":9,"error":0}}},"additional":[{"keyphrase":"conferencia","score":67,"analysis":{"keyphraseInDescription":{"score":3,"maxScore":9,"error":1},"keyphraseLength":{"score":9,"maxScore":9,"error":0,"length":1},"keyphraseInIntroduction":{"score":3,"maxScore":9,"error":1},"keyphraseInImageAlt":[],"keywordDensity":{"type":"best","score":9,"maxScore":9,"error":0}}}]},"primary_term":null,"canonical_url":null,"og_title":null,"og_description":null,"og_object_type":"default","og_image_type":"default","og_image_url":null,"og_image_width":null,"og_image_height":null,"og_image_custom_url":null,"og_image_custom_fields":null,"og_video":"","og_custom_url":null,"og_article_section":null,"og_article_tags":null,"twitter_use_og":false,"twitter_card":"default","twitter_image_type":"default","twitter_image_url":null,"twitter_image_custom_url":null,"twitter_image_custom_fields":null,"twitter_title":null,"twitter_description":null,"schema":{"blockGraphs":[],"customGraphs":[],"default":{"data":{"Article":[],"Course":[],"Dataset":[],"FAQPage":[],"Movie":[],"Person":[],"Product":[],"ProductReview":[],"Car":[],"Recipe":[],"Service":[],"SoftwareApplication":[],"WebPage":[]},"graphName":"ItemPage","isEnabled":true},"graphs":[]},"schema_type":"default","schema_type_options":null,"pillar_content":false,"robots_default":true,"robots_noindex":false,"robots_noarchive":false,"robots_nosnippet":false,"robots_nofollow":false,"robots_noimageindex":false,"robots_noodp":false,"robots_notranslate":false,"robots_max_snippet":"-1","robots_max_videopreview":"-1","robots_max_imagepreview":"large","priority":null,"frequency":"default","local_seo":null,"seo_analyzer_scan_date":"2025-10-13 19:22:41","breadcrumb_settings":null,"limit_modified_date":false,"reviewed_by":null,"open_ai":"{\"title\":{\"suggestions\":[],\"usage\":0},\"description\":{\"suggestions\":[],\"usage\":0}}","ai":null,"created":"2024-06-14 14:47:55","updated":"2025-10-13 19:22:41"},"aioseo_breadcrumb":"<div class=\"aioseo-breadcrumbs\"><span class=\"aioseo-breadcrumb\">\n\t<a href=\"https:\/\/garrett.pt\/en\" title=\"Home\">Home<\/a>\n<\/span><span class=\"aioseo-breadcrumb-separator\">&raquo;<\/span><span class=\"aioseo-breadcrumb\">\n\t<a href=\"https:\/\/garrett.pt\/en\/?page_id=927\" title=\"Private: Shop\">Private: Shop<\/a>\n<\/span><span class=\"aioseo-breadcrumb-separator\">&raquo;<\/span><span class=\"aioseo-breadcrumb\">\n\t<a href=\"https:\/\/garrett.pt\/en\/product-category\/integracao_multimedia\/\" title=\"Integra\u00e7\u00e3o e Multimedia\">Integra\u00e7\u00e3o e Multimedia<\/a>\n<\/span><span class=\"aioseo-breadcrumb-separator\">&raquo;<\/span><span class=\"aioseo-breadcrumb\">\n\t<a href=\"https:\/\/garrett.pt\/en\/product-category\/integracao_multimedia\/videoconferencia\/\" title=\"videoconferencia\">videoconferencia<\/a>\n<\/span><span class=\"aioseo-breadcrumb-separator\">&raquo;<\/span><span class=\"aioseo-breadcrumb\">\n\tNeat Bar\n<\/span><\/div>","aioseo_breadcrumb_json":[{"label":"Home","link":"https:\/\/garrett.pt\/en"},{"label":"Private: Shop","link":"https:\/\/garrett.pt\/en\/?page_id=927"},{"label":"Integra\u00e7\u00e3o e Multimedia","link":"https:\/\/garrett.pt\/en\/product-category\/integracao_multimedia\/"},{"label":"videoconferencia","link":"https:\/\/garrett.pt\/en\/product-category\/integracao_multimedia\/videoconferencia\/"},{"label":"Neat Bar","link":"https:\/\/garrett.pt\/en\/product\/neat-bar\/"}],"_links":{"self":[{"href":"https:\/\/garrett.pt\/en\/wp-json\/wp\/v2\/product\/24407","targetHints":{"allow":["GET"]}}],"collection":[{"href":"https:\/\/garrett.pt\/en\/wp-json\/wp\/v2\/product"}],"about":[{"href":"https:\/\/garrett.pt\/en\/wp-json\/wp\/v2\/types\/product"}],"replies":[{"embeddable":true,"href":"https:\/\/garrett.pt\/en\/wp-json\/wp\/v2\/comments?post=24407"}],"wp:featuredmedia":[{"embeddable":true,"href":"https:\/\/garrett.pt\/en\/wp-json\/wp\/v2\/media\/24547"}],"wp:attachment":[{"href":"https:\/\/garrett.pt\/en\/wp-json\/wp\/v2\/media?parent=24407"}],"wp:term":[{"taxonomy":"product_brand","embeddable":true,"href":"https:\/\/garrett.pt\/en\/wp-json\/wp\/v2\/product_brand?post=24407"},{"taxonomy":"product_cat","embeddable":true,"href":"https:\/\/garrett.pt\/en\/wp-json\/wp\/v2\/product_cat?post=24407"},{"taxonomy":"product_tag","embeddable":true,"href":"https:\/\/garrett.pt\/en\/wp-json\/wp\/v2\/product_tag?post=24407"}],"curies":[{"name":"wp","href":"https:\/\/api.w.org\/{rel}","templated":true}]}}