{"id":2472,"date":"2016-03-11T10:16:38","date_gmt":"2016-03-11T10:16:38","guid":{"rendered":"http:\/\/ptm.garrett.pt\/?post_type=product&#038;p=2472"},"modified":"2021-11-18T17:24:45","modified_gmt":"2021-11-18T17:24:45","slug":"microfones-para-instrumentos","status":"publish","type":"product","link":"https:\/\/garrett.pt\/en\/product\/microfones-para-instrumentos\/","title":{"rendered":"Microphones for Instruments"},"content":{"rendered":"<ul>\n<li>Drums<\/li>\n<li>Percussion<\/li>\n<li>strings<\/li>\n<li>breath<\/li>\n<li>keys<\/li>\n<\/ul>","protected":false},"excerpt":{"rendered":"<p><span style=\"font-weight: 400;\">It is a long tradition of Beyerdynamic, the manufacture of microphones that capture the sound of musical instruments. From percussion instruments, acoustic or electric stringed instruments, wind instruments and keys, the German brand always presents a solution for musicians and sound technicians.<\/span><\/p>","protected":false},"featured_media":15018,"comment_status":"closed","ping_status":"closed","template":"","meta":{"cybocfi_hide_featured_image":""},"product_brand":[],"product_cat":[59,72,180],"product_tag":[],"class_list":{"0":"post-2472","1":"product","2":"type-product","3":"status-publish","4":"has-post-thumbnail","6":"product_cat-audio","7":"product_cat-beyerdynamic","8":"product_cat-microfones-instrumentos","9":"post","10":"post-with-thumbnail","11":"post-with-thumbnail-large","13":"first","14":"instock","15":"taxable","16":"shipping-taxable","17":"product-type-simple"},"aioseo_notices":[],"aioseo_head":"\n\t\t<!-- All in One SEO Pro 4.9.6.1 - aioseo.com -->\n\t<meta name=\"description\" content=\"\u00c9 uma longa tradi\u00e7\u00e3o da Beyerdynamic, a do fabrico de microfones de capta\u00e7\u00e3o do som de instrumentos musicais. Desde instrumentos de percurs\u00e3o, instrumentos de cordas ac\u00fasticos ou eletricos, instrumentos de sopro e teclas, as marca alem\u00e3 apresenta sempre uma solu\u00e7\u00e3o para os m\u00fasicos e t\u00e9cnicos de som.\" \/>\n\t<meta name=\"robots\" content=\"max-image-preview:large\" \/>\n\t<meta name=\"google-site-verification\" content=\"V-yzxKXBUCATCiI1W_5bHMqCYZQPH0cGOGjcdwe4AHM\" \/>\n\t<link rel=\"canonical\" href=\"https:\/\/garrett.pt\/en\/product\/microfones-para-instrumentos\/\" \/>\n\t<meta name=\"generator\" content=\"All in One SEO Pro (AIOSEO) 4.9.6.1\" \/>\n\t\t<meta property=\"og:locale\" content=\"en_GB\" \/>\n\t\t<meta property=\"og:site_name\" content=\"Garrett Audiovisuais | Projeto e Integra\u00e7\u00e3o de Sistemas Audiovisuais\" \/>\n\t\t<meta property=\"og:type\" content=\"article\" \/>\n\t\t<meta property=\"og:title\" content=\"Microfones para Instrumentos | Garrett Audiovisuais\" \/>\n\t\t<meta property=\"og:description\" content=\"\u00c9 uma longa tradi\u00e7\u00e3o da Beyerdynamic, a do fabrico de microfones de capta\u00e7\u00e3o do som de instrumentos musicais. Desde instrumentos de percurs\u00e3o, instrumentos de cordas ac\u00fasticos ou eletricos, instrumentos de sopro e teclas, as marca alem\u00e3 apresenta sempre uma solu\u00e7\u00e3o para os m\u00fasicos e t\u00e9cnicos de som.\" \/>\n\t\t<meta property=\"og:url\" content=\"https:\/\/garrett.pt\/en\/product\/microfones-para-instrumentos\/\" \/>\n\t\t<meta property=\"og:image\" content=\"https:\/\/garrett.pt\/wp-content\/uploads\/2016\/03\/Mics_Instrumentos.png\" \/>\n\t\t<meta property=\"og:image:secure_url\" content=\"https:\/\/garrett.pt\/wp-content\/uploads\/2016\/03\/Mics_Instrumentos.png\" \/>\n\t\t<meta property=\"og:image:width\" content=\"750\" \/>\n\t\t<meta property=\"og:image:height\" content=\"750\" \/>\n\t\t<meta property=\"article:published_time\" content=\"2016-03-11T10:16:38+00:00\" \/>\n\t\t<meta property=\"article:modified_time\" content=\"2021-11-18T17:24:45+00:00\" \/>\n\t\t<meta property=\"article:publisher\" content=\"https:\/\/www.facebook.com\/garrettaudiovisuais\" \/>\n\t\t<meta name=\"twitter:card\" content=\"summary\" \/>\n\t\t<meta name=\"twitter:title\" content=\"Microfones para Instrumentos | Garrett Audiovisuais\" \/>\n\t\t<meta name=\"twitter:description\" content=\"\u00c9 uma longa tradi\u00e7\u00e3o da Beyerdynamic, a do fabrico de microfones de capta\u00e7\u00e3o do som de instrumentos musicais. Desde instrumentos de percurs\u00e3o, instrumentos de cordas ac\u00fasticos ou eletricos, instrumentos de sopro e teclas, as marca alem\u00e3 apresenta sempre uma solu\u00e7\u00e3o para os m\u00fasicos e t\u00e9cnicos de som.\" \/>\n\t\t<meta name=\"twitter:image\" content=\"https:\/\/garrett.pt\/wp-content\/uploads\/2016\/03\/Mics_Instrumentos.png\" \/>\n\t\t<script type=\"application\/ld+json\" class=\"aioseo-schema\">\n\t\t\t{\"@context\":\"https:\\\/\\\/schema.org\",\"@graph\":[{\"@type\":\"BreadcrumbList\",\"@id\":\"https:\\\/\\\/garrett.pt\\\/en\\\/product\\\/microfones-para-instrumentos\\\/#breadcrumblist\",\"itemListElement\":[{\"@type\":\"ListItem\",\"@id\":\"https:\\\/\\\/garrett.pt\\\/en#listItem\",\"position\":1,\"name\":\"Home\",\"item\":\"https:\\\/\\\/garrett.pt\\\/en\",\"nextItem\":{\"@type\":\"ListItem\",\"@id\":\"https:\\\/\\\/garrett.pt\\\/en\\\/?page_id=927#listItem\",\"name\":\"Private: Shop\"}},{\"@type\":\"ListItem\",\"@id\":\"https:\\\/\\\/garrett.pt\\\/en\\\/?page_id=927#listItem\",\"position\":2,\"name\":\"Private: Shop\",\"item\":\"https:\\\/\\\/garrett.pt\\\/en\\\/?page_id=927\",\"nextItem\":{\"@type\":\"ListItem\",\"@id\":\"https:\\\/\\\/garrett.pt\\\/en\\\/product-category\\\/audio\\\/#listItem\",\"name\":\"Audio\"},\"previousItem\":{\"@type\":\"ListItem\",\"@id\":\"https:\\\/\\\/garrett.pt\\\/en#listItem\",\"name\":\"Home\"}},{\"@type\":\"ListItem\",\"@id\":\"https:\\\/\\\/garrett.pt\\\/en\\\/product-category\\\/audio\\\/#listItem\",\"position\":3,\"name\":\"Audio\",\"item\":\"https:\\\/\\\/garrett.pt\\\/en\\\/product-category\\\/audio\\\/\",\"nextItem\":{\"@type\":\"ListItem\",\"@id\":\"https:\\\/\\\/garrett.pt\\\/en\\\/product-category\\\/audio\\\/microfones-instrumentos\\\/#listItem\",\"name\":\"Microfones Instrumentos\"},\"previousItem\":{\"@type\":\"ListItem\",\"@id\":\"https:\\\/\\\/garrett.pt\\\/en\\\/?page_id=927#listItem\",\"name\":\"Private: Shop\"}},{\"@type\":\"ListItem\",\"@id\":\"https:\\\/\\\/garrett.pt\\\/en\\\/product-category\\\/audio\\\/microfones-instrumentos\\\/#listItem\",\"position\":4,\"name\":\"Microfones Instrumentos\",\"item\":\"https:\\\/\\\/garrett.pt\\\/en\\\/product-category\\\/audio\\\/microfones-instrumentos\\\/\",\"nextItem\":{\"@type\":\"ListItem\",\"@id\":\"https:\\\/\\\/garrett.pt\\\/en\\\/product\\\/microfones-para-instrumentos\\\/#listItem\",\"name\":\"Microfones para Instrumentos\"},\"previousItem\":{\"@type\":\"ListItem\",\"@id\":\"https:\\\/\\\/garrett.pt\\\/en\\\/product-category\\\/audio\\\/#listItem\",\"name\":\"Audio\"}},{\"@type\":\"ListItem\",\"@id\":\"https:\\\/\\\/garrett.pt\\\/en\\\/product\\\/microfones-para-instrumentos\\\/#listItem\",\"position\":5,\"name\":\"Microfones para Instrumentos\",\"previousItem\":{\"@type\":\"ListItem\",\"@id\":\"https:\\\/\\\/garrett.pt\\\/en\\\/product-category\\\/audio\\\/microfones-instrumentos\\\/#listItem\",\"name\":\"Microfones Instrumentos\"}}]},{\"@type\":\"ItemPage\",\"@id\":\"https:\\\/\\\/garrett.pt\\\/en\\\/product\\\/microfones-para-instrumentos\\\/#itempage\",\"url\":\"https:\\\/\\\/garrett.pt\\\/en\\\/product\\\/microfones-para-instrumentos\\\/\",\"name\":\"Microfones para Instrumentos | Garrett Audiovisuais\",\"description\":\"\\u00c9 uma longa tradi\\u00e7\\u00e3o da Beyerdynamic, a do fabrico de microfones de capta\\u00e7\\u00e3o do som de instrumentos musicais. Desde instrumentos de percurs\\u00e3o, instrumentos de cordas ac\\u00fasticos ou eletricos, instrumentos de sopro e teclas, as marca alem\\u00e3 apresenta sempre uma solu\\u00e7\\u00e3o para os m\\u00fasicos e t\\u00e9cnicos de som.\",\"inLanguage\":\"en-GB\",\"isPartOf\":{\"@id\":\"https:\\\/\\\/garrett.pt\\\/en\\\/#website\"},\"breadcrumb\":{\"@id\":\"https:\\\/\\\/garrett.pt\\\/en\\\/product\\\/microfones-para-instrumentos\\\/#breadcrumblist\"},\"image\":{\"@type\":\"ImageObject\",\"url\":\"https:\\\/\\\/garrett.pt\\\/wp-content\\\/uploads\\\/2016\\\/03\\\/Mics_Instrumentos.png\",\"@id\":\"https:\\\/\\\/garrett.pt\\\/en\\\/product\\\/microfones-para-instrumentos\\\/#mainImage\",\"width\":750,\"height\":750},\"primaryImageOfPage\":{\"@id\":\"https:\\\/\\\/garrett.pt\\\/en\\\/product\\\/microfones-para-instrumentos\\\/#mainImage\"},\"datePublished\":\"2016-03-11T10:16:38+00:00\",\"dateModified\":\"2021-11-18T17:24:45+00:00\"},{\"@type\":\"Organization\",\"@id\":\"https:\\\/\\\/garrett.pt\\\/en\\\/#organization\",\"name\":\"Garrett Audiovisuais\",\"description\":\"Projeto e Integra\\u00e7\\u00e3o de Sistemas Audiovisuais\",\"url\":\"https:\\\/\\\/garrett.pt\\\/en\\\/\",\"telephone\":\"+351214180134\",\"logo\":{\"@type\":\"ImageObject\",\"url\":\"https:\\\/\\\/garrett.pt\\\/wp-content\\\/uploads\\\/2021\\\/10\\\/1378831_10151703628399331_552396504_n.jpg\",\"@id\":\"https:\\\/\\\/garrett.pt\\\/en\\\/product\\\/microfones-para-instrumentos\\\/#organizationLogo\",\"width\":650,\"height\":650},\"image\":{\"@id\":\"https:\\\/\\\/garrett.pt\\\/en\\\/product\\\/microfones-para-instrumentos\\\/#organizationLogo\"},\"sameAs\":[\"https:\\\/\\\/www.facebook.com\\\/garrettaudiovisuais\",\"https:\\\/\\\/www.instagram.com\\\/garrettaudiovisuais\\\/\",\"https:\\\/\\\/www.youtube.com\\\/channel\\\/UCMLMFyCLpAQ3D4cYmzC34PQ\",\"https:\\\/\\\/www.linkedin.com\\\/company\\\/garrett-audiovisuais\",\"https:\\\/\\\/www.threads.net\\\/@garrettaudiovisuais\",\"https:\\\/\\\/bsky.app\\\/profile\\\/garrettsa.bsky.social\"]},{\"@type\":\"WebPage\",\"@id\":\"https:\\\/\\\/garrett.pt\\\/en\\\/product\\\/microfones-para-instrumentos\\\/#webpage\",\"url\":\"https:\\\/\\\/garrett.pt\\\/en\\\/product\\\/microfones-para-instrumentos\\\/\",\"name\":\"Microfones para Instrumentos | Garrett Audiovisuais\",\"description\":\"\\u00c9 uma longa tradi\\u00e7\\u00e3o da Beyerdynamic, a do fabrico de microfones de capta\\u00e7\\u00e3o do som de instrumentos musicais. Desde instrumentos de percurs\\u00e3o, instrumentos de cordas ac\\u00fasticos ou eletricos, instrumentos de sopro e teclas, as marca alem\\u00e3 apresenta sempre uma solu\\u00e7\\u00e3o para os m\\u00fasicos e t\\u00e9cnicos de som.\",\"inLanguage\":\"en-GB\",\"isPartOf\":{\"@id\":\"https:\\\/\\\/garrett.pt\\\/en\\\/#website\"},\"breadcrumb\":{\"@id\":\"https:\\\/\\\/garrett.pt\\\/en\\\/product\\\/microfones-para-instrumentos\\\/#breadcrumblist\"},\"image\":{\"@type\":\"ImageObject\",\"url\":\"https:\\\/\\\/garrett.pt\\\/wp-content\\\/uploads\\\/2016\\\/03\\\/Mics_Instrumentos.png\",\"@id\":\"https:\\\/\\\/garrett.pt\\\/en\\\/product\\\/microfones-para-instrumentos\\\/#mainImage\",\"width\":750,\"height\":750},\"primaryImageOfPage\":{\"@id\":\"https:\\\/\\\/garrett.pt\\\/en\\\/product\\\/microfones-para-instrumentos\\\/#mainImage\"},\"datePublished\":\"2016-03-11T10:16:38+00:00\",\"dateModified\":\"2021-11-18T17:24:45+00:00\"},{\"@type\":\"WebSite\",\"@id\":\"https:\\\/\\\/garrett.pt\\\/en\\\/#website\",\"url\":\"https:\\\/\\\/garrett.pt\\\/en\\\/\",\"name\":\"Garrett Audiovisuais\",\"description\":\"Projeto e Integra\\u00e7\\u00e3o de Sistemas Audiovisuais\",\"inLanguage\":\"en-GB\",\"publisher\":{\"@id\":\"https:\\\/\\\/garrett.pt\\\/en\\\/#organization\"}}]}\n\t\t<\/script>\n\t\t<!-- All in One SEO Pro -->\r\n\t\t<title>Microfones para Instrumentos | Garrett Audiovisuais<\/title>\n\n","aioseo_head_json":{"title":"Instrument Microphones | Garrett Audiovisuals","description":"It is a long tradition of Beyerdynamic, the manufacture of microphones that capture the sound of musical instruments. From percussion instruments, acoustic or electric stringed instruments, wind instruments and keys, the German brand always presents a solution for musicians and sound technicians.","canonical_url":"https:\/\/garrett.pt\/en\/product\/microfones-para-instrumentos\/","robots":"max-image-preview:large","keywords":"","webmasterTools":{"google-site-verification":"V-yzxKXBUCATCiI1W_5bHMqCYZQPH0cGOGjcdwe4AHM","miscellaneous":""},"schema":{"@context":"https:\/\/schema.org","@graph":[{"@type":"BreadcrumbList","@id":"https:\/\/garrett.pt\/en\/product\/microfones-para-instrumentos\/#breadcrumblist","itemListElement":[{"@type":"ListItem","@id":"https:\/\/garrett.pt\/en#listItem","position":1,"name":"Home","item":"https:\/\/garrett.pt\/en","nextItem":{"@type":"ListItem","@id":"https:\/\/garrett.pt\/en\/?page_id=927#listItem","name":"Private: Shop"}},{"@type":"ListItem","@id":"https:\/\/garrett.pt\/en\/?page_id=927#listItem","position":2,"name":"Private: Shop","item":"https:\/\/garrett.pt\/en\/?page_id=927","nextItem":{"@type":"ListItem","@id":"https:\/\/garrett.pt\/en\/product-category\/audio\/#listItem","name":"Audio"},"previousItem":{"@type":"ListItem","@id":"https:\/\/garrett.pt\/en#listItem","name":"Home"}},{"@type":"ListItem","@id":"https:\/\/garrett.pt\/en\/product-category\/audio\/#listItem","position":3,"name":"Audio","item":"https:\/\/garrett.pt\/en\/product-category\/audio\/","nextItem":{"@type":"ListItem","@id":"https:\/\/garrett.pt\/en\/product-category\/audio\/microfones-instrumentos\/#listItem","name":"Microfones Instrumentos"},"previousItem":{"@type":"ListItem","@id":"https:\/\/garrett.pt\/en\/?page_id=927#listItem","name":"Private: Shop"}},{"@type":"ListItem","@id":"https:\/\/garrett.pt\/en\/product-category\/audio\/microfones-instrumentos\/#listItem","position":4,"name":"Microfones Instrumentos","item":"https:\/\/garrett.pt\/en\/product-category\/audio\/microfones-instrumentos\/","nextItem":{"@type":"ListItem","@id":"https:\/\/garrett.pt\/en\/product\/microfones-para-instrumentos\/#listItem","name":"Microfones para Instrumentos"},"previousItem":{"@type":"ListItem","@id":"https:\/\/garrett.pt\/en\/product-category\/audio\/#listItem","name":"Audio"}},{"@type":"ListItem","@id":"https:\/\/garrett.pt\/en\/product\/microfones-para-instrumentos\/#listItem","position":5,"name":"Microfones para Instrumentos","previousItem":{"@type":"ListItem","@id":"https:\/\/garrett.pt\/en\/product-category\/audio\/microfones-instrumentos\/#listItem","name":"Microfones Instrumentos"}}]},{"@type":"ItemPage","@id":"https:\/\/garrett.pt\/en\/product\/microfones-para-instrumentos\/#itempage","url":"https:\/\/garrett.pt\/en\/product\/microfones-para-instrumentos\/","name":"Microfones para Instrumentos | Garrett Audiovisuais","description":"\u00c9 uma longa tradi\u00e7\u00e3o da Beyerdynamic, a do fabrico de microfones de capta\u00e7\u00e3o do som de instrumentos musicais. Desde instrumentos de percurs\u00e3o, instrumentos de cordas ac\u00fasticos ou eletricos, instrumentos de sopro e teclas, as marca alem\u00e3 apresenta sempre uma solu\u00e7\u00e3o para os m\u00fasicos e t\u00e9cnicos de som.","inLanguage":"en-GB","isPartOf":{"@id":"https:\/\/garrett.pt\/en\/#website"},"breadcrumb":{"@id":"https:\/\/garrett.pt\/en\/product\/microfones-para-instrumentos\/#breadcrumblist"},"image":{"@type":"ImageObject","url":"https:\/\/garrett.pt\/wp-content\/uploads\/2016\/03\/Mics_Instrumentos.png","@id":"https:\/\/garrett.pt\/en\/product\/microfones-para-instrumentos\/#mainImage","width":750,"height":750},"primaryImageOfPage":{"@id":"https:\/\/garrett.pt\/en\/product\/microfones-para-instrumentos\/#mainImage"},"datePublished":"2016-03-11T10:16:38+00:00","dateModified":"2021-11-18T17:24:45+00:00"},{"@type":"Organization","@id":"https:\/\/garrett.pt\/en\/#organization","name":"Garrett Audiovisuais","description":"Projeto e Integra\u00e7\u00e3o de Sistemas Audiovisuais","url":"https:\/\/garrett.pt\/en\/","telephone":"+351214180134","logo":{"@type":"ImageObject","url":"https:\/\/garrett.pt\/wp-content\/uploads\/2021\/10\/1378831_10151703628399331_552396504_n.jpg","@id":"https:\/\/garrett.pt\/en\/product\/microfones-para-instrumentos\/#organizationLogo","width":650,"height":650},"image":{"@id":"https:\/\/garrett.pt\/en\/product\/microfones-para-instrumentos\/#organizationLogo"},"sameAs":["https:\/\/www.facebook.com\/garrettaudiovisuais","https:\/\/www.instagram.com\/garrettaudiovisuais\/","https:\/\/www.youtube.com\/channel\/UCMLMFyCLpAQ3D4cYmzC34PQ","https:\/\/www.linkedin.com\/company\/garrett-audiovisuais","https:\/\/www.threads.net\/@garrettaudiovisuais","https:\/\/bsky.app\/profile\/garrettsa.bsky.social"]},{"@type":"WebPage","@id":"https:\/\/garrett.pt\/en\/product\/microfones-para-instrumentos\/#webpage","url":"https:\/\/garrett.pt\/en\/product\/microfones-para-instrumentos\/","name":"Microfones para Instrumentos | Garrett Audiovisuais","description":"\u00c9 uma longa tradi\u00e7\u00e3o da Beyerdynamic, a do fabrico de microfones de capta\u00e7\u00e3o do som de instrumentos musicais. Desde instrumentos de percurs\u00e3o, instrumentos de cordas ac\u00fasticos ou eletricos, instrumentos de sopro e teclas, as marca alem\u00e3 apresenta sempre uma solu\u00e7\u00e3o para os m\u00fasicos e t\u00e9cnicos de som.","inLanguage":"en-GB","isPartOf":{"@id":"https:\/\/garrett.pt\/en\/#website"},"breadcrumb":{"@id":"https:\/\/garrett.pt\/en\/product\/microfones-para-instrumentos\/#breadcrumblist"},"image":{"@type":"ImageObject","url":"https:\/\/garrett.pt\/wp-content\/uploads\/2016\/03\/Mics_Instrumentos.png","@id":"https:\/\/garrett.pt\/en\/product\/microfones-para-instrumentos\/#mainImage","width":750,"height":750},"primaryImageOfPage":{"@id":"https:\/\/garrett.pt\/en\/product\/microfones-para-instrumentos\/#mainImage"},"datePublished":"2016-03-11T10:16:38+00:00","dateModified":"2021-11-18T17:24:45+00:00"},{"@type":"WebSite","@id":"https:\/\/garrett.pt\/en\/#website","url":"https:\/\/garrett.pt\/en\/","name":"Garrett Audiovisuais","description":"Projeto e Integra\u00e7\u00e3o de Sistemas Audiovisuais","inLanguage":"en-GB","publisher":{"@id":"https:\/\/garrett.pt\/en\/#organization"}}]},"og:locale":"en_GB","og:site_name":"Garrett Audiovisuais | Projeto e Integra\u00e7\u00e3o de Sistemas Audiovisuais","og:type":"article","og:title":"Microfones para Instrumentos | Garrett Audiovisuais","og:description":"\u00c9 uma longa tradi\u00e7\u00e3o da Beyerdynamic, a do fabrico de microfones de capta\u00e7\u00e3o do som de instrumentos musicais. Desde instrumentos de percurs\u00e3o, instrumentos de cordas ac\u00fasticos ou eletricos, instrumentos de sopro e teclas, as marca alem\u00e3 apresenta sempre uma solu\u00e7\u00e3o para os m\u00fasicos e t\u00e9cnicos de som.","og:url":"https:\/\/garrett.pt\/en\/product\/microfones-para-instrumentos\/","og:image":"https:\/\/garrett.pt\/wp-content\/uploads\/2016\/03\/Mics_Instrumentos.png","og:image:secure_url":"https:\/\/garrett.pt\/wp-content\/uploads\/2016\/03\/Mics_Instrumentos.png","og:image:width":750,"og:image:height":750,"article:published_time":"2016-03-11T10:16:38+00:00","article:modified_time":"2021-11-18T17:24:45+00:00","article:publisher":"https:\/\/www.facebook.com\/garrettaudiovisuais","twitter:card":"summary","twitter:title":"Microfones para Instrumentos | Garrett Audiovisuais","twitter:description":"\u00c9 uma longa tradi\u00e7\u00e3o da Beyerdynamic, a do fabrico de microfones de capta\u00e7\u00e3o do som de instrumentos musicais. Desde instrumentos de percurs\u00e3o, instrumentos de cordas ac\u00fasticos ou eletricos, instrumentos de sopro e teclas, as marca alem\u00e3 apresenta sempre uma solu\u00e7\u00e3o para os m\u00fasicos e t\u00e9cnicos de som.","twitter:image":"https:\/\/garrett.pt\/wp-content\/uploads\/2016\/03\/Mics_Instrumentos.png"},"aioseo_meta_data":{"post_id":"2472","title":null,"description":null,"keywords":[],"keyphrases":{"focus":[],"additional":[]},"primary_term":null,"canonical_url":null,"og_title":null,"og_description":null,"og_object_type":"default","og_image_type":"default","og_image_url":null,"og_image_width":null,"og_image_height":null,"og_image_custom_url":null,"og_image_custom_fields":null,"og_video":"","og_custom_url":null,"og_article_section":null,"og_article_tags":[],"twitter_use_og":false,"twitter_card":"default","twitter_image_type":"default","twitter_image_url":null,"twitter_image_custom_url":null,"twitter_image_custom_fields":null,"twitter_title":null,"twitter_description":null,"schema":{"blockGraphs":[],"customGraphs":[],"default":{"data":{"Article":[],"Course":[],"Dataset":[],"FAQPage":[],"Movie":[],"Person":[],"Product":[],"ProductReview":[],"Car":[],"Recipe":[],"Service":[],"SoftwareApplication":[],"WebPage":[]},"graphName":"","isEnabled":true},"graphs":[]},"schema_type":"default","schema_type_options":"{\"article\":{\"articleType\":\"BlogPosting\"},\"course\":{\"name\":\"\",\"description\":\"\",\"provider\":\"\"},\"faq\":{\"pages\":[]},\"product\":{\"reviews\":[]},\"recipe\":{\"ingredients\":[],\"instructions\":[],\"keywords\":[]},\"software\":{\"reviews\":[],\"operatingSystems\":[]},\"webPage\":{\"webPageType\":\"WebPage\"}}","pillar_content":false,"robots_default":true,"robots_noindex":false,"robots_noarchive":false,"robots_nosnippet":false,"robots_nofollow":false,"robots_noimageindex":false,"robots_noodp":false,"robots_notranslate":false,"robots_max_snippet":"-1","robots_max_videopreview":"-1","robots_max_imagepreview":"large","priority":null,"frequency":"default","local_seo":null,"seo_analyzer_scan_date":"2025-10-13 18:10:42","breadcrumb_settings":null,"limit_modified_date":false,"reviewed_by":null,"open_ai":null,"ai":null,"created":"2021-09-22 12:29:54","updated":"2025-10-13 18:10:42"},"aioseo_breadcrumb":"<div class=\"aioseo-breadcrumbs\"><span class=\"aioseo-breadcrumb\">\n\t<a href=\"https:\/\/garrett.pt\/en\" title=\"Home\">Home<\/a>\n<\/span><span class=\"aioseo-breadcrumb-separator\">&raquo;<\/span><span class=\"aioseo-breadcrumb\">\n\t<a href=\"https:\/\/garrett.pt\/en\/?page_id=927\" title=\"Private: Shop\">Private: Shop<\/a>\n<\/span><span class=\"aioseo-breadcrumb-separator\">&raquo;<\/span><span class=\"aioseo-breadcrumb\">\n\t<a href=\"https:\/\/garrett.pt\/en\/product-category\/audio\/\" title=\"Audio\">Audio<\/a>\n<\/span><span class=\"aioseo-breadcrumb-separator\">&raquo;<\/span><span class=\"aioseo-breadcrumb\">\n\t<a href=\"https:\/\/garrett.pt\/en\/product-category\/audio\/microfones-instrumentos\/\" title=\"Microfones Instrumentos\">Microfones Instrumentos<\/a>\n<\/span><span class=\"aioseo-breadcrumb-separator\">&raquo;<\/span><span class=\"aioseo-breadcrumb\">\n\tMicrofones para Instrumentos\n<\/span><\/div>","aioseo_breadcrumb_json":[{"label":"Home","link":"https:\/\/garrett.pt\/en"},{"label":"Private: Shop","link":"https:\/\/garrett.pt\/en\/?page_id=927"},{"label":"Audio","link":"https:\/\/garrett.pt\/en\/product-category\/audio\/"},{"label":"Microfones Instrumentos","link":"https:\/\/garrett.pt\/en\/product-category\/audio\/microfones-instrumentos\/"},{"label":"Microfones para Instrumentos","link":"https:\/\/garrett.pt\/en\/product\/microfones-para-instrumentos\/"}],"_links":{"self":[{"href":"https:\/\/garrett.pt\/en\/wp-json\/wp\/v2\/product\/2472","targetHints":{"allow":["GET"]}}],"collection":[{"href":"https:\/\/garrett.pt\/en\/wp-json\/wp\/v2\/product"}],"about":[{"href":"https:\/\/garrett.pt\/en\/wp-json\/wp\/v2\/types\/product"}],"replies":[{"embeddable":true,"href":"https:\/\/garrett.pt\/en\/wp-json\/wp\/v2\/comments?post=2472"}],"wp:featuredmedia":[{"embeddable":true,"href":"https:\/\/garrett.pt\/en\/wp-json\/wp\/v2\/media\/15018"}],"wp:attachment":[{"href":"https:\/\/garrett.pt\/en\/wp-json\/wp\/v2\/media?parent=2472"}],"wp:term":[{"taxonomy":"product_brand","embeddable":true,"href":"https:\/\/garrett.pt\/en\/wp-json\/wp\/v2\/product_brand?post=2472"},{"taxonomy":"product_cat","embeddable":true,"href":"https:\/\/garrett.pt\/en\/wp-json\/wp\/v2\/product_cat?post=2472"},{"taxonomy":"product_tag","embeddable":true,"href":"https:\/\/garrett.pt\/en\/wp-json\/wp\/v2\/product_tag?post=2472"}],"curies":[{"name":"wp","href":"https:\/\/api.w.org\/{rel}","templated":true}]}}