{"id":2473,"date":"2016-03-11T10:26:12","date_gmt":"2016-03-11T10:26:12","guid":{"rendered":"http:\/\/ptm.garrett.pt\/?post_type=product&#038;p=2473"},"modified":"2023-02-10T17:13:51","modified_gmt":"2023-02-10T17:13:51","slug":"auscultadores-e-headsets","status":"publish","type":"product","link":"https:\/\/garrett.pt\/en\/product\/auscultadores-e-headsets\/","title":{"rendered":"Headphones and Headsets"},"content":{"rendered":"<ul>\n<li><span style=\"font-weight: 400;\">Applications: Home \/ Mobile \/ Gamming and Multimedia \/ Studio and Stage \/ Dl \/ Interpreter \/ Intercom, Broadcast and TV \/ Audiometry \/ Hearing Aid.<\/span><\/li>\n<\/ul>","protected":false},"excerpt":{"rendered":"<p><span style=\"font-weight: 400;\">A marca que desenvolveu os primeiros headphones din\u00e2micos do mundo em 1937, tem vindo desde essa data a aperfei\u00e7oar os seus equipamentos em qualidade e em n\u00famero de solu\u00e7\u00f5es dispon\u00edveis. Uma linha transversal de equipamentos que v\u00e3o dos simples auriculares, aos Headsets para broadcast ou auscultadores Hifi.<\/span><span style=\"font-weight: 400;\"><br \/>\n<\/span><br \/>\nSaiba mais em: <a href=\"https:\/\/europe.beyerdynamic.com\/headphones-headsets.html\" target=\"_blank\" rel=\"noopener\">https:\/\/europe.beyerdynamic.com\/headphones-headsets.html<\/a><\/p>\n<p>&nbsp;<\/p>\n<p style=\"text-align: center;\">[maxbutton id=\"10\" url=\"https:\/\/loja.garrett.pt\/loja\/\" text=\"encomende em loja.garrett.pt\" window=\"new\" ]<\/p>\n","protected":false},"featured_media":15012,"comment_status":"closed","ping_status":"closed","template":"","meta":{"cybocfi_hide_featured_image":""},"product_brand":[],"product_cat":[59,107,72],"product_tag":[],"class_list":{"0":"post-2473","1":"product","2":"type-product","3":"status-publish","4":"has-post-thumbnail","6":"product_cat-audio","7":"product_cat-auscultadores","8":"product_cat-beyerdynamic","9":"post","10":"post-with-thumbnail","11":"post-with-thumbnail-large","13":"first","14":"instock","15":"taxable","16":"shipping-taxable","17":"product-type-simple"},"aioseo_notices":[],"aioseo_head":"\n\t\t<!-- All in One SEO Pro 4.9.6.1 - aioseo.com -->\n\t<meta name=\"description\" content=\"A marca que desenvolveu os primeiros headphones din\u00e2micos do mundo em 1937, tem vindo desde essa data a aperfei\u00e7oar os seus equipamentos em qualidade e em n\u00famero de solu\u00e7\u00f5es dispon\u00edveis. Uma linha transversal de equipamentos que v\u00e3o dos simples auriculares, aos Headsets para broadcast ou auscultadores Hifi. Saiba mais em: https:\/\/europe.beyerdynamic.com\/headphones-headsets.html\" \/>\n\t<meta name=\"robots\" content=\"max-image-preview:large\" \/>\n\t<meta name=\"google-site-verification\" content=\"V-yzxKXBUCATCiI1W_5bHMqCYZQPH0cGOGjcdwe4AHM\" \/>\n\t<link rel=\"canonical\" href=\"https:\/\/garrett.pt\/en\/product\/auscultadores-e-headsets\/\" \/>\n\t<meta name=\"generator\" content=\"All in One SEO Pro (AIOSEO) 4.9.6.1\" \/>\n\t\t<meta property=\"og:locale\" content=\"en_GB\" \/>\n\t\t<meta property=\"og:site_name\" content=\"Garrett Audiovisuais | Projeto e Integra\u00e7\u00e3o de Sistemas Audiovisuais\" \/>\n\t\t<meta property=\"og:type\" content=\"article\" \/>\n\t\t<meta property=\"og:title\" content=\"Auscultadores e Headsets | Garrett Audiovisuais\" \/>\n\t\t<meta property=\"og:description\" content=\"A marca que desenvolveu os primeiros headphones din\u00e2micos do mundo em 1937, tem vindo desde essa data a aperfei\u00e7oar os seus equipamentos em qualidade e em n\u00famero de solu\u00e7\u00f5es dispon\u00edveis. Uma linha transversal de equipamentos que v\u00e3o dos simples auriculares, aos Headsets para broadcast ou auscultadores Hifi. Saiba mais em: https:\/\/europe.beyerdynamic.com\/headphones-headsets.html\" \/>\n\t\t<meta property=\"og:url\" content=\"https:\/\/garrett.pt\/en\/product\/auscultadores-e-headsets\/\" \/>\n\t\t<meta property=\"og:image\" content=\"https:\/\/garrett.pt\/wp-content\/uploads\/2016\/03\/Auscultadores.png\" \/>\n\t\t<meta property=\"og:image:secure_url\" content=\"https:\/\/garrett.pt\/wp-content\/uploads\/2016\/03\/Auscultadores.png\" \/>\n\t\t<meta property=\"og:image:width\" content=\"750\" \/>\n\t\t<meta property=\"og:image:height\" content=\"750\" \/>\n\t\t<meta property=\"article:published_time\" content=\"2016-03-11T10:26:12+00:00\" \/>\n\t\t<meta property=\"article:modified_time\" content=\"2023-02-10T17:13:51+00:00\" \/>\n\t\t<meta property=\"article:publisher\" content=\"https:\/\/www.facebook.com\/garrettaudiovisuais\" \/>\n\t\t<meta name=\"twitter:card\" content=\"summary\" \/>\n\t\t<meta name=\"twitter:title\" content=\"Auscultadores e Headsets | Garrett Audiovisuais\" \/>\n\t\t<meta name=\"twitter:description\" content=\"A marca que desenvolveu os primeiros headphones din\u00e2micos do mundo em 1937, tem vindo desde essa data a aperfei\u00e7oar os seus equipamentos em qualidade e em n\u00famero de solu\u00e7\u00f5es dispon\u00edveis. Uma linha transversal de equipamentos que v\u00e3o dos simples auriculares, aos Headsets para broadcast ou auscultadores Hifi. Saiba mais em: https:\/\/europe.beyerdynamic.com\/headphones-headsets.html\" \/>\n\t\t<meta name=\"twitter:image\" content=\"https:\/\/garrett.pt\/wp-content\/uploads\/2016\/03\/Auscultadores.png\" \/>\n\t\t<script type=\"application\/ld+json\" class=\"aioseo-schema\">\n\t\t\t{\"@context\":\"https:\\\/\\\/schema.org\",\"@graph\":[{\"@type\":\"BreadcrumbList\",\"@id\":\"https:\\\/\\\/garrett.pt\\\/en\\\/product\\\/auscultadores-e-headsets\\\/#breadcrumblist\",\"itemListElement\":[{\"@type\":\"ListItem\",\"@id\":\"https:\\\/\\\/garrett.pt\\\/en#listItem\",\"position\":1,\"name\":\"Home\",\"item\":\"https:\\\/\\\/garrett.pt\\\/en\",\"nextItem\":{\"@type\":\"ListItem\",\"@id\":\"https:\\\/\\\/garrett.pt\\\/en\\\/?page_id=927#listItem\",\"name\":\"Private: Shop\"}},{\"@type\":\"ListItem\",\"@id\":\"https:\\\/\\\/garrett.pt\\\/en\\\/?page_id=927#listItem\",\"position\":2,\"name\":\"Private: Shop\",\"item\":\"https:\\\/\\\/garrett.pt\\\/en\\\/?page_id=927\",\"nextItem\":{\"@type\":\"ListItem\",\"@id\":\"https:\\\/\\\/garrett.pt\\\/en\\\/product-category\\\/audio\\\/#listItem\",\"name\":\"Audio\"},\"previousItem\":{\"@type\":\"ListItem\",\"@id\":\"https:\\\/\\\/garrett.pt\\\/en#listItem\",\"name\":\"Home\"}},{\"@type\":\"ListItem\",\"@id\":\"https:\\\/\\\/garrett.pt\\\/en\\\/product-category\\\/audio\\\/#listItem\",\"position\":3,\"name\":\"Audio\",\"item\":\"https:\\\/\\\/garrett.pt\\\/en\\\/product-category\\\/audio\\\/\",\"nextItem\":{\"@type\":\"ListItem\",\"@id\":\"https:\\\/\\\/garrett.pt\\\/en\\\/product-category\\\/audio\\\/auscultadores\\\/#listItem\",\"name\":\"Auscultadores\"},\"previousItem\":{\"@type\":\"ListItem\",\"@id\":\"https:\\\/\\\/garrett.pt\\\/en\\\/?page_id=927#listItem\",\"name\":\"Private: Shop\"}},{\"@type\":\"ListItem\",\"@id\":\"https:\\\/\\\/garrett.pt\\\/en\\\/product-category\\\/audio\\\/auscultadores\\\/#listItem\",\"position\":4,\"name\":\"Auscultadores\",\"item\":\"https:\\\/\\\/garrett.pt\\\/en\\\/product-category\\\/audio\\\/auscultadores\\\/\",\"nextItem\":{\"@type\":\"ListItem\",\"@id\":\"https:\\\/\\\/garrett.pt\\\/en\\\/product\\\/auscultadores-e-headsets\\\/#listItem\",\"name\":\"Auscultadores e Headsets\"},\"previousItem\":{\"@type\":\"ListItem\",\"@id\":\"https:\\\/\\\/garrett.pt\\\/en\\\/product-category\\\/audio\\\/#listItem\",\"name\":\"Audio\"}},{\"@type\":\"ListItem\",\"@id\":\"https:\\\/\\\/garrett.pt\\\/en\\\/product\\\/auscultadores-e-headsets\\\/#listItem\",\"position\":5,\"name\":\"Auscultadores e Headsets\",\"previousItem\":{\"@type\":\"ListItem\",\"@id\":\"https:\\\/\\\/garrett.pt\\\/en\\\/product-category\\\/audio\\\/auscultadores\\\/#listItem\",\"name\":\"Auscultadores\"}}]},{\"@type\":\"ItemPage\",\"@id\":\"https:\\\/\\\/garrett.pt\\\/en\\\/product\\\/auscultadores-e-headsets\\\/#itempage\",\"url\":\"https:\\\/\\\/garrett.pt\\\/en\\\/product\\\/auscultadores-e-headsets\\\/\",\"name\":\"Auscultadores e Headsets | Garrett Audiovisuais\",\"description\":\"A marca que desenvolveu os primeiros headphones din\\u00e2micos do mundo em 1937, tem vindo desde essa data a aperfei\\u00e7oar os seus equipamentos em qualidade e em n\\u00famero de solu\\u00e7\\u00f5es dispon\\u00edveis. Uma linha transversal de equipamentos que v\\u00e3o dos simples auriculares, aos Headsets para broadcast ou auscultadores Hifi. Saiba mais em: https:\\\/\\\/europe.beyerdynamic.com\\\/headphones-headsets.html\",\"inLanguage\":\"en-GB\",\"isPartOf\":{\"@id\":\"https:\\\/\\\/garrett.pt\\\/en\\\/#website\"},\"breadcrumb\":{\"@id\":\"https:\\\/\\\/garrett.pt\\\/en\\\/product\\\/auscultadores-e-headsets\\\/#breadcrumblist\"},\"image\":{\"@type\":\"ImageObject\",\"url\":\"https:\\\/\\\/garrett.pt\\\/wp-content\\\/uploads\\\/2016\\\/03\\\/Auscultadores.png\",\"@id\":\"https:\\\/\\\/garrett.pt\\\/en\\\/product\\\/auscultadores-e-headsets\\\/#mainImage\",\"width\":750,\"height\":750},\"primaryImageOfPage\":{\"@id\":\"https:\\\/\\\/garrett.pt\\\/en\\\/product\\\/auscultadores-e-headsets\\\/#mainImage\"},\"datePublished\":\"2016-03-11T10:26:12+00:00\",\"dateModified\":\"2023-02-10T17:13:51+00:00\"},{\"@type\":\"Organization\",\"@id\":\"https:\\\/\\\/garrett.pt\\\/en\\\/#organization\",\"name\":\"Garrett Audiovisuais\",\"description\":\"Projeto e Integra\\u00e7\\u00e3o de Sistemas Audiovisuais\",\"url\":\"https:\\\/\\\/garrett.pt\\\/en\\\/\",\"telephone\":\"+351214180134\",\"logo\":{\"@type\":\"ImageObject\",\"url\":\"https:\\\/\\\/garrett.pt\\\/wp-content\\\/uploads\\\/2021\\\/10\\\/1378831_10151703628399331_552396504_n.jpg\",\"@id\":\"https:\\\/\\\/garrett.pt\\\/en\\\/product\\\/auscultadores-e-headsets\\\/#organizationLogo\",\"width\":650,\"height\":650},\"image\":{\"@id\":\"https:\\\/\\\/garrett.pt\\\/en\\\/product\\\/auscultadores-e-headsets\\\/#organizationLogo\"},\"sameAs\":[\"https:\\\/\\\/www.facebook.com\\\/garrettaudiovisuais\",\"https:\\\/\\\/www.instagram.com\\\/garrettaudiovisuais\\\/\",\"https:\\\/\\\/www.youtube.com\\\/channel\\\/UCMLMFyCLpAQ3D4cYmzC34PQ\",\"https:\\\/\\\/www.linkedin.com\\\/company\\\/garrett-audiovisuais\",\"https:\\\/\\\/www.threads.net\\\/@garrettaudiovisuais\",\"https:\\\/\\\/bsky.app\\\/profile\\\/garrettsa.bsky.social\"]},{\"@type\":\"WebPage\",\"@id\":\"https:\\\/\\\/garrett.pt\\\/en\\\/product\\\/auscultadores-e-headsets\\\/#webpage\",\"url\":\"https:\\\/\\\/garrett.pt\\\/en\\\/product\\\/auscultadores-e-headsets\\\/\",\"name\":\"Auscultadores e Headsets | Garrett Audiovisuais\",\"description\":\"A marca que desenvolveu os primeiros headphones din\\u00e2micos do mundo em 1937, tem vindo desde essa data a aperfei\\u00e7oar os seus equipamentos em qualidade e em n\\u00famero de solu\\u00e7\\u00f5es dispon\\u00edveis. Uma linha transversal de equipamentos que v\\u00e3o dos simples auriculares, aos Headsets para broadcast ou auscultadores Hifi. Saiba mais em: https:\\\/\\\/europe.beyerdynamic.com\\\/headphones-headsets.html\",\"inLanguage\":\"en-GB\",\"isPartOf\":{\"@id\":\"https:\\\/\\\/garrett.pt\\\/en\\\/#website\"},\"breadcrumb\":{\"@id\":\"https:\\\/\\\/garrett.pt\\\/en\\\/product\\\/auscultadores-e-headsets\\\/#breadcrumblist\"},\"image\":{\"@type\":\"ImageObject\",\"url\":\"https:\\\/\\\/garrett.pt\\\/wp-content\\\/uploads\\\/2016\\\/03\\\/Auscultadores.png\",\"@id\":\"https:\\\/\\\/garrett.pt\\\/en\\\/product\\\/auscultadores-e-headsets\\\/#mainImage\",\"width\":750,\"height\":750},\"primaryImageOfPage\":{\"@id\":\"https:\\\/\\\/garrett.pt\\\/en\\\/product\\\/auscultadores-e-headsets\\\/#mainImage\"},\"datePublished\":\"2016-03-11T10:26:12+00:00\",\"dateModified\":\"2023-02-10T17:13:51+00:00\"},{\"@type\":\"WebSite\",\"@id\":\"https:\\\/\\\/garrett.pt\\\/en\\\/#website\",\"url\":\"https:\\\/\\\/garrett.pt\\\/en\\\/\",\"name\":\"Garrett Audiovisuais\",\"description\":\"Projeto e Integra\\u00e7\\u00e3o de Sistemas Audiovisuais\",\"inLanguage\":\"en-GB\",\"publisher\":{\"@id\":\"https:\\\/\\\/garrett.pt\\\/en\\\/#organization\"}}]}\n\t\t<\/script>\n\t\t<!-- All in One SEO Pro -->\r\n\t\t<title>Auscultadores e Headsets | Garrett Audiovisuais<\/title>\n\n","aioseo_head_json":{"title":"Headphones and Headsets | Garrett Audiovisuais","description":"The brand that developed the world&#039;s first dynamic headphones in 1937 has since perfected its equipment in terms of quality and the number of solutions available. A comprehensive line of equipment ranging from simple earbuds to broadcast headsets and HiFi headphones. Learn more at: https:\/\/europe.beyerdynamic.com\/headphones-headsets.html","canonical_url":"https:\/\/garrett.pt\/en\/product\/auscultadores-e-headsets\/","robots":"max-image-preview:large","keywords":"","webmasterTools":{"google-site-verification":"V-yzxKXBUCATCiI1W_5bHMqCYZQPH0cGOGjcdwe4AHM","miscellaneous":""},"schema":{"@context":"https:\/\/schema.org","@graph":[{"@type":"BreadcrumbList","@id":"https:\/\/garrett.pt\/en\/product\/auscultadores-e-headsets\/#breadcrumblist","itemListElement":[{"@type":"ListItem","@id":"https:\/\/garrett.pt\/en#listItem","position":1,"name":"Home","item":"https:\/\/garrett.pt\/en","nextItem":{"@type":"ListItem","@id":"https:\/\/garrett.pt\/en\/?page_id=927#listItem","name":"Private: Shop"}},{"@type":"ListItem","@id":"https:\/\/garrett.pt\/en\/?page_id=927#listItem","position":2,"name":"Private: Shop","item":"https:\/\/garrett.pt\/en\/?page_id=927","nextItem":{"@type":"ListItem","@id":"https:\/\/garrett.pt\/en\/product-category\/audio\/#listItem","name":"Audio"},"previousItem":{"@type":"ListItem","@id":"https:\/\/garrett.pt\/en#listItem","name":"Home"}},{"@type":"ListItem","@id":"https:\/\/garrett.pt\/en\/product-category\/audio\/#listItem","position":3,"name":"Audio","item":"https:\/\/garrett.pt\/en\/product-category\/audio\/","nextItem":{"@type":"ListItem","@id":"https:\/\/garrett.pt\/en\/product-category\/audio\/auscultadores\/#listItem","name":"Auscultadores"},"previousItem":{"@type":"ListItem","@id":"https:\/\/garrett.pt\/en\/?page_id=927#listItem","name":"Private: Shop"}},{"@type":"ListItem","@id":"https:\/\/garrett.pt\/en\/product-category\/audio\/auscultadores\/#listItem","position":4,"name":"Auscultadores","item":"https:\/\/garrett.pt\/en\/product-category\/audio\/auscultadores\/","nextItem":{"@type":"ListItem","@id":"https:\/\/garrett.pt\/en\/product\/auscultadores-e-headsets\/#listItem","name":"Auscultadores e Headsets"},"previousItem":{"@type":"ListItem","@id":"https:\/\/garrett.pt\/en\/product-category\/audio\/#listItem","name":"Audio"}},{"@type":"ListItem","@id":"https:\/\/garrett.pt\/en\/product\/auscultadores-e-headsets\/#listItem","position":5,"name":"Auscultadores e Headsets","previousItem":{"@type":"ListItem","@id":"https:\/\/garrett.pt\/en\/product-category\/audio\/auscultadores\/#listItem","name":"Auscultadores"}}]},{"@type":"ItemPage","@id":"https:\/\/garrett.pt\/en\/product\/auscultadores-e-headsets\/#itempage","url":"https:\/\/garrett.pt\/en\/product\/auscultadores-e-headsets\/","name":"Auscultadores e Headsets | Garrett Audiovisuais","description":"A marca que desenvolveu os primeiros headphones din\u00e2micos do mundo em 1937, tem vindo desde essa data a aperfei\u00e7oar os seus equipamentos em qualidade e em n\u00famero de solu\u00e7\u00f5es dispon\u00edveis. Uma linha transversal de equipamentos que v\u00e3o dos simples auriculares, aos Headsets para broadcast ou auscultadores Hifi. Saiba mais em: https:\/\/europe.beyerdynamic.com\/headphones-headsets.html","inLanguage":"en-GB","isPartOf":{"@id":"https:\/\/garrett.pt\/en\/#website"},"breadcrumb":{"@id":"https:\/\/garrett.pt\/en\/product\/auscultadores-e-headsets\/#breadcrumblist"},"image":{"@type":"ImageObject","url":"https:\/\/garrett.pt\/wp-content\/uploads\/2016\/03\/Auscultadores.png","@id":"https:\/\/garrett.pt\/en\/product\/auscultadores-e-headsets\/#mainImage","width":750,"height":750},"primaryImageOfPage":{"@id":"https:\/\/garrett.pt\/en\/product\/auscultadores-e-headsets\/#mainImage"},"datePublished":"2016-03-11T10:26:12+00:00","dateModified":"2023-02-10T17:13:51+00:00"},{"@type":"Organization","@id":"https:\/\/garrett.pt\/en\/#organization","name":"Garrett Audiovisuais","description":"Projeto e Integra\u00e7\u00e3o de Sistemas Audiovisuais","url":"https:\/\/garrett.pt\/en\/","telephone":"+351214180134","logo":{"@type":"ImageObject","url":"https:\/\/garrett.pt\/wp-content\/uploads\/2021\/10\/1378831_10151703628399331_552396504_n.jpg","@id":"https:\/\/garrett.pt\/en\/product\/auscultadores-e-headsets\/#organizationLogo","width":650,"height":650},"image":{"@id":"https:\/\/garrett.pt\/en\/product\/auscultadores-e-headsets\/#organizationLogo"},"sameAs":["https:\/\/www.facebook.com\/garrettaudiovisuais","https:\/\/www.instagram.com\/garrettaudiovisuais\/","https:\/\/www.youtube.com\/channel\/UCMLMFyCLpAQ3D4cYmzC34PQ","https:\/\/www.linkedin.com\/company\/garrett-audiovisuais","https:\/\/www.threads.net\/@garrettaudiovisuais","https:\/\/bsky.app\/profile\/garrettsa.bsky.social"]},{"@type":"WebPage","@id":"https:\/\/garrett.pt\/en\/product\/auscultadores-e-headsets\/#webpage","url":"https:\/\/garrett.pt\/en\/product\/auscultadores-e-headsets\/","name":"Auscultadores e Headsets | Garrett Audiovisuais","description":"A marca que desenvolveu os primeiros headphones din\u00e2micos do mundo em 1937, tem vindo desde essa data a aperfei\u00e7oar os seus equipamentos em qualidade e em n\u00famero de solu\u00e7\u00f5es dispon\u00edveis. Uma linha transversal de equipamentos que v\u00e3o dos simples auriculares, aos Headsets para broadcast ou auscultadores Hifi. Saiba mais em: https:\/\/europe.beyerdynamic.com\/headphones-headsets.html","inLanguage":"en-GB","isPartOf":{"@id":"https:\/\/garrett.pt\/en\/#website"},"breadcrumb":{"@id":"https:\/\/garrett.pt\/en\/product\/auscultadores-e-headsets\/#breadcrumblist"},"image":{"@type":"ImageObject","url":"https:\/\/garrett.pt\/wp-content\/uploads\/2016\/03\/Auscultadores.png","@id":"https:\/\/garrett.pt\/en\/product\/auscultadores-e-headsets\/#mainImage","width":750,"height":750},"primaryImageOfPage":{"@id":"https:\/\/garrett.pt\/en\/product\/auscultadores-e-headsets\/#mainImage"},"datePublished":"2016-03-11T10:26:12+00:00","dateModified":"2023-02-10T17:13:51+00:00"},{"@type":"WebSite","@id":"https:\/\/garrett.pt\/en\/#website","url":"https:\/\/garrett.pt\/en\/","name":"Garrett Audiovisuais","description":"Projeto e Integra\u00e7\u00e3o de Sistemas Audiovisuais","inLanguage":"en-GB","publisher":{"@id":"https:\/\/garrett.pt\/en\/#organization"}}]},"og:locale":"en_GB","og:site_name":"Garrett Audiovisuais | Projeto e Integra\u00e7\u00e3o de Sistemas Audiovisuais","og:type":"article","og:title":"Auscultadores e Headsets | Garrett Audiovisuais","og:description":"A marca que desenvolveu os primeiros headphones din\u00e2micos do mundo em 1937, tem vindo desde essa data a aperfei\u00e7oar os seus equipamentos em qualidade e em n\u00famero de solu\u00e7\u00f5es dispon\u00edveis. Uma linha transversal de equipamentos que v\u00e3o dos simples auriculares, aos Headsets para broadcast ou auscultadores Hifi. Saiba mais em: https:\/\/europe.beyerdynamic.com\/headphones-headsets.html","og:url":"https:\/\/garrett.pt\/en\/product\/auscultadores-e-headsets\/","og:image":"https:\/\/garrett.pt\/wp-content\/uploads\/2016\/03\/Auscultadores.png","og:image:secure_url":"https:\/\/garrett.pt\/wp-content\/uploads\/2016\/03\/Auscultadores.png","og:image:width":750,"og:image:height":750,"article:published_time":"2016-03-11T10:26:12+00:00","article:modified_time":"2023-02-10T17:13:51+00:00","article:publisher":"https:\/\/www.facebook.com\/garrettaudiovisuais","twitter:card":"summary","twitter:title":"Auscultadores e Headsets | Garrett Audiovisuais","twitter:description":"A marca que desenvolveu os primeiros headphones din\u00e2micos do mundo em 1937, tem vindo desde essa data a aperfei\u00e7oar os seus equipamentos em qualidade e em n\u00famero de solu\u00e7\u00f5es dispon\u00edveis. Uma linha transversal de equipamentos que v\u00e3o dos simples auriculares, aos Headsets para broadcast ou auscultadores Hifi. Saiba mais em: https:\/\/europe.beyerdynamic.com\/headphones-headsets.html","twitter:image":"https:\/\/garrett.pt\/wp-content\/uploads\/2016\/03\/Auscultadores.png"},"aioseo_meta_data":{"post_id":"2473","title":null,"description":null,"keywords":[],"keyphrases":{"focus":{"keyphrase":"","score":0,"analysis":{"keyphraseInTitle":{"score":0,"maxScore":9,"error":1}}},"additional":[]},"primary_term":null,"canonical_url":null,"og_title":null,"og_description":null,"og_object_type":"default","og_image_type":"default","og_image_url":null,"og_image_width":null,"og_image_height":null,"og_image_custom_url":null,"og_image_custom_fields":null,"og_video":"","og_custom_url":null,"og_article_section":null,"og_article_tags":[],"twitter_use_og":false,"twitter_card":"default","twitter_image_type":"default","twitter_image_url":null,"twitter_image_custom_url":null,"twitter_image_custom_fields":null,"twitter_title":null,"twitter_description":null,"schema":{"blockGraphs":[],"customGraphs":[],"default":{"data":{"Article":[],"Course":[],"Dataset":[],"FAQPage":[],"Movie":[],"Person":[],"Product":[],"ProductReview":[],"Car":[],"Recipe":[],"Service":[],"SoftwareApplication":[],"WebPage":[]},"graphName":"ItemPage","isEnabled":true},"graphs":[]},"schema_type":"default","schema_type_options":"{\"article\":{\"articleType\":\"BlogPosting\"},\"course\":{\"name\":\"\",\"description\":\"\",\"provider\":\"\"},\"faq\":{\"pages\":[]},\"product\":{\"reviews\":[]},\"recipe\":{\"ingredients\":[],\"instructions\":[],\"keywords\":[]},\"software\":{\"reviews\":[],\"operatingSystems\":[]},\"webPage\":{\"webPageType\":\"WebPage\"}}","pillar_content":false,"robots_default":true,"robots_noindex":false,"robots_noarchive":false,"robots_nosnippet":false,"robots_nofollow":false,"robots_noimageindex":false,"robots_noodp":false,"robots_notranslate":false,"robots_max_snippet":"-1","robots_max_videopreview":"-1","robots_max_imagepreview":"large","priority":null,"frequency":"default","local_seo":null,"seo_analyzer_scan_date":"2025-10-13 18:11:54","breadcrumb_settings":null,"limit_modified_date":false,"reviewed_by":null,"open_ai":null,"ai":null,"created":"2021-09-22 12:29:54","updated":"2025-10-13 18:11:54"},"aioseo_breadcrumb":"<div class=\"aioseo-breadcrumbs\"><span class=\"aioseo-breadcrumb\">\n\t<a href=\"https:\/\/garrett.pt\/en\" title=\"Home\">Home<\/a>\n<\/span><span class=\"aioseo-breadcrumb-separator\">&raquo;<\/span><span class=\"aioseo-breadcrumb\">\n\t<a href=\"https:\/\/garrett.pt\/en\/?page_id=927\" title=\"Private: Shop\">Private: Shop<\/a>\n<\/span><span class=\"aioseo-breadcrumb-separator\">&raquo;<\/span><span class=\"aioseo-breadcrumb\">\n\t<a href=\"https:\/\/garrett.pt\/en\/product-category\/audio\/\" title=\"Audio\">Audio<\/a>\n<\/span><span class=\"aioseo-breadcrumb-separator\">&raquo;<\/span><span class=\"aioseo-breadcrumb\">\n\t<a href=\"https:\/\/garrett.pt\/en\/product-category\/audio\/auscultadores\/\" title=\"Auscultadores\">Auscultadores<\/a>\n<\/span><span class=\"aioseo-breadcrumb-separator\">&raquo;<\/span><span class=\"aioseo-breadcrumb\">\n\tAuscultadores e Headsets\n<\/span><\/div>","aioseo_breadcrumb_json":[{"label":"Home","link":"https:\/\/garrett.pt\/en"},{"label":"Private: Shop","link":"https:\/\/garrett.pt\/en\/?page_id=927"},{"label":"Audio","link":"https:\/\/garrett.pt\/en\/product-category\/audio\/"},{"label":"Auscultadores","link":"https:\/\/garrett.pt\/en\/product-category\/audio\/auscultadores\/"},{"label":"Auscultadores e Headsets","link":"https:\/\/garrett.pt\/en\/product\/auscultadores-e-headsets\/"}],"_links":{"self":[{"href":"https:\/\/garrett.pt\/en\/wp-json\/wp\/v2\/product\/2473","targetHints":{"allow":["GET"]}}],"collection":[{"href":"https:\/\/garrett.pt\/en\/wp-json\/wp\/v2\/product"}],"about":[{"href":"https:\/\/garrett.pt\/en\/wp-json\/wp\/v2\/types\/product"}],"replies":[{"embeddable":true,"href":"https:\/\/garrett.pt\/en\/wp-json\/wp\/v2\/comments?post=2473"}],"wp:featuredmedia":[{"embeddable":true,"href":"https:\/\/garrett.pt\/en\/wp-json\/wp\/v2\/media\/15012"}],"wp:attachment":[{"href":"https:\/\/garrett.pt\/en\/wp-json\/wp\/v2\/media?parent=2473"}],"wp:term":[{"taxonomy":"product_brand","embeddable":true,"href":"https:\/\/garrett.pt\/en\/wp-json\/wp\/v2\/product_brand?post=2473"},{"taxonomy":"product_cat","embeddable":true,"href":"https:\/\/garrett.pt\/en\/wp-json\/wp\/v2\/product_cat?post=2473"},{"taxonomy":"product_tag","embeddable":true,"href":"https:\/\/garrett.pt\/en\/wp-json\/wp\/v2\/product_tag?post=2473"}],"curies":[{"name":"wp","href":"https:\/\/api.w.org\/{rel}","templated":true}]}}