{"id":2552,"date":"2016-03-16T12:37:01","date_gmt":"2016-03-16T12:37:01","guid":{"rendered":"http:\/\/ptm.garrett.pt\/?post_type=product&#038;p=2552"},"modified":"2020-04-06T09:25:13","modified_gmt":"2020-04-06T09:25:13","slug":"sistemas-de-distribuicao-audio-multi-zonas","status":"publish","type":"product","link":"https:\/\/garrett.pt\/en\/product\/sistemas-de-distribuicao-audio-multi-zonas\/","title":{"rendered":"Multi-Zone Audio Distribution Systems"},"content":{"rendered":"<ul>\n<li>MCA Series<\/li>\n<li>HERE<\/li>\n<li>A-BUS Series<\/li>\n<li>XStream<\/li>\n<li>Integration Partnerships<\/li>\n<\/ul>","protected":false},"excerpt":{"rendered":"<p><span style=\"font-weight: 400;\">There are several systems that Russound currently offers, each one designed for different applications, but with a great degree of interoperability between them.<\/span><\/p>\n<p><span style=\"font-weight: 400;\">Learn more at:\u00a0<a href=\"https:\/\/russound.com\/products\/audio-systems\" target=\"_blank\" rel=\"noopener\">https:\/\/russound.com\/products\/audio-systems<\/a><\/span><\/p>","protected":false},"featured_media":2593,"comment_status":"closed","ping_status":"closed","template":"","meta":{"cybocfi_hide_featured_image":""},"product_brand":[],"product_cat":[59,95,209],"product_tag":[],"class_list":{"0":"post-2552","1":"product","2":"type-product","3":"status-publish","4":"has-post-thumbnail","6":"product_cat-audio","7":"product_cat-russound","8":"product_cat-sistemas-multi-zonas","9":"post","10":"post-with-thumbnail","11":"post-with-thumbnail-large","13":"first","14":"instock","15":"taxable","16":"shipping-taxable","17":"product-type-simple"},"aioseo_notices":[],"aioseo_head":"\n\t\t<!-- All in One SEO Pro 4.9.6.2 - aioseo.com -->\n\t<meta name=\"description\" content=\"S\u00e3o v\u00e1rios os sistemas que a Russound disponibiliza atualmente, desenhados cada um deles para aplica\u00e7\u00f5es diferentes, mas com um grande grau de interoperabilidade entre si. Saiba mais em: https:\/\/russound.com\/products\/audio-systems\" \/>\n\t<meta name=\"robots\" content=\"max-image-preview:large\" \/>\n\t<meta name=\"google-site-verification\" content=\"V-yzxKXBUCATCiI1W_5bHMqCYZQPH0cGOGjcdwe4AHM\" \/>\n\t<link rel=\"canonical\" href=\"https:\/\/garrett.pt\/en\/product\/sistemas-de-distribuicao-audio-multi-zonas\/\" \/>\n\t<meta name=\"generator\" content=\"All in One SEO Pro (AIOSEO) 4.9.6.2\" \/>\n\t\t<meta property=\"og:locale\" content=\"en_GB\" \/>\n\t\t<meta property=\"og:site_name\" content=\"Garrett Audiovisuais | Projeto e Integra\u00e7\u00e3o de Sistemas Audiovisuais\" \/>\n\t\t<meta property=\"og:type\" content=\"article\" \/>\n\t\t<meta property=\"og:title\" content=\"Sistemas de Distribui\u00e7\u00e3o Audio Multi-Zonas | Garrett Audiovisuais\" \/>\n\t\t<meta property=\"og:description\" content=\"S\u00e3o v\u00e1rios os sistemas que a Russound disponibiliza atualmente, desenhados cada um deles para aplica\u00e7\u00f5es diferentes, mas com um grande grau de interoperabilidade entre si. Saiba mais em: https:\/\/russound.com\/products\/audio-systems\" \/>\n\t\t<meta property=\"og:url\" content=\"https:\/\/garrett.pt\/en\/product\/sistemas-de-distribuicao-audio-multi-zonas\/\" \/>\n\t\t<meta property=\"og:image\" content=\"https:\/\/garrett.pt\/wp-content\/uploads\/2016\/03\/Russound_Sistemas_de_distribuicao_Audio_Multi-Zonas.png\" \/>\n\t\t<meta property=\"og:image:secure_url\" content=\"https:\/\/garrett.pt\/wp-content\/uploads\/2016\/03\/Russound_Sistemas_de_distribuicao_Audio_Multi-Zonas.png\" \/>\n\t\t<meta property=\"og:image:width\" content=\"500\" \/>\n\t\t<meta property=\"og:image:height\" content=\"500\" \/>\n\t\t<meta property=\"article:published_time\" content=\"2016-03-16T12:37:01+00:00\" \/>\n\t\t<meta property=\"article:modified_time\" content=\"2020-04-06T09:25:13+00:00\" \/>\n\t\t<meta property=\"article:publisher\" content=\"https:\/\/www.facebook.com\/garrettaudiovisuais\" \/>\n\t\t<meta name=\"twitter:card\" content=\"summary\" \/>\n\t\t<meta name=\"twitter:title\" content=\"Sistemas de Distribui\u00e7\u00e3o Audio Multi-Zonas | Garrett Audiovisuais\" \/>\n\t\t<meta name=\"twitter:description\" content=\"S\u00e3o v\u00e1rios os sistemas que a Russound disponibiliza atualmente, desenhados cada um deles para aplica\u00e7\u00f5es diferentes, mas com um grande grau de interoperabilidade entre si. Saiba mais em: https:\/\/russound.com\/products\/audio-systems\" \/>\n\t\t<meta name=\"twitter:image\" content=\"https:\/\/garrett.pt\/wp-content\/uploads\/2016\/03\/Russound_Sistemas_de_distribuicao_Audio_Multi-Zonas.png\" \/>\n\t\t<script type=\"application\/ld+json\" class=\"aioseo-schema\">\n\t\t\t{\"@context\":\"https:\\\/\\\/schema.org\",\"@graph\":[{\"@type\":\"BreadcrumbList\",\"@id\":\"https:\\\/\\\/garrett.pt\\\/en\\\/product\\\/sistemas-de-distribuicao-audio-multi-zonas\\\/#breadcrumblist\",\"itemListElement\":[{\"@type\":\"ListItem\",\"@id\":\"https:\\\/\\\/garrett.pt\\\/en#listItem\",\"position\":1,\"name\":\"Home\",\"item\":\"https:\\\/\\\/garrett.pt\\\/en\",\"nextItem\":{\"@type\":\"ListItem\",\"@id\":\"https:\\\/\\\/garrett.pt\\\/en\\\/?page_id=927#listItem\",\"name\":\"Private: Shop\"}},{\"@type\":\"ListItem\",\"@id\":\"https:\\\/\\\/garrett.pt\\\/en\\\/?page_id=927#listItem\",\"position\":2,\"name\":\"Private: Shop\",\"item\":\"https:\\\/\\\/garrett.pt\\\/en\\\/?page_id=927\",\"nextItem\":{\"@type\":\"ListItem\",\"@id\":\"https:\\\/\\\/garrett.pt\\\/en\\\/product-category\\\/audio\\\/#listItem\",\"name\":\"Audio\"},\"previousItem\":{\"@type\":\"ListItem\",\"@id\":\"https:\\\/\\\/garrett.pt\\\/en#listItem\",\"name\":\"Home\"}},{\"@type\":\"ListItem\",\"@id\":\"https:\\\/\\\/garrett.pt\\\/en\\\/product-category\\\/audio\\\/#listItem\",\"position\":3,\"name\":\"Audio\",\"item\":\"https:\\\/\\\/garrett.pt\\\/en\\\/product-category\\\/audio\\\/\",\"nextItem\":{\"@type\":\"ListItem\",\"@id\":\"https:\\\/\\\/garrett.pt\\\/en\\\/product-category\\\/audio\\\/sistemas-multi-zonas\\\/#listItem\",\"name\":\"Sistemas Multi-zonas\"},\"previousItem\":{\"@type\":\"ListItem\",\"@id\":\"https:\\\/\\\/garrett.pt\\\/en\\\/?page_id=927#listItem\",\"name\":\"Private: Shop\"}},{\"@type\":\"ListItem\",\"@id\":\"https:\\\/\\\/garrett.pt\\\/en\\\/product-category\\\/audio\\\/sistemas-multi-zonas\\\/#listItem\",\"position\":4,\"name\":\"Sistemas Multi-zonas\",\"item\":\"https:\\\/\\\/garrett.pt\\\/en\\\/product-category\\\/audio\\\/sistemas-multi-zonas\\\/\",\"nextItem\":{\"@type\":\"ListItem\",\"@id\":\"https:\\\/\\\/garrett.pt\\\/en\\\/product\\\/sistemas-de-distribuicao-audio-multi-zonas\\\/#listItem\",\"name\":\"Sistemas de Distribui\\u00e7\\u00e3o Audio Multi-Zonas\"},\"previousItem\":{\"@type\":\"ListItem\",\"@id\":\"https:\\\/\\\/garrett.pt\\\/en\\\/product-category\\\/audio\\\/#listItem\",\"name\":\"Audio\"}},{\"@type\":\"ListItem\",\"@id\":\"https:\\\/\\\/garrett.pt\\\/en\\\/product\\\/sistemas-de-distribuicao-audio-multi-zonas\\\/#listItem\",\"position\":5,\"name\":\"Sistemas de Distribui\\u00e7\\u00e3o Audio Multi-Zonas\",\"previousItem\":{\"@type\":\"ListItem\",\"@id\":\"https:\\\/\\\/garrett.pt\\\/en\\\/product-category\\\/audio\\\/sistemas-multi-zonas\\\/#listItem\",\"name\":\"Sistemas Multi-zonas\"}}]},{\"@type\":\"ItemPage\",\"@id\":\"https:\\\/\\\/garrett.pt\\\/en\\\/product\\\/sistemas-de-distribuicao-audio-multi-zonas\\\/#itempage\",\"url\":\"https:\\\/\\\/garrett.pt\\\/en\\\/product\\\/sistemas-de-distribuicao-audio-multi-zonas\\\/\",\"name\":\"Sistemas de Distribui\\u00e7\\u00e3o Audio Multi-Zonas | Garrett Audiovisuais\",\"description\":\"S\\u00e3o v\\u00e1rios os sistemas que a Russound disponibiliza atualmente, desenhados cada um deles para aplica\\u00e7\\u00f5es diferentes, mas com um grande grau de interoperabilidade entre si. Saiba mais em: https:\\\/\\\/russound.com\\\/products\\\/audio-systems\",\"inLanguage\":\"en-GB\",\"isPartOf\":{\"@id\":\"https:\\\/\\\/garrett.pt\\\/en\\\/#website\"},\"breadcrumb\":{\"@id\":\"https:\\\/\\\/garrett.pt\\\/en\\\/product\\\/sistemas-de-distribuicao-audio-multi-zonas\\\/#breadcrumblist\"},\"image\":{\"@type\":\"ImageObject\",\"url\":\"https:\\\/\\\/garrett.pt\\\/wp-content\\\/uploads\\\/2016\\\/03\\\/Russound_Sistemas_de_distribuicao_Audio_Multi-Zonas.png\",\"@id\":\"https:\\\/\\\/garrett.pt\\\/en\\\/product\\\/sistemas-de-distribuicao-audio-multi-zonas\\\/#mainImage\",\"width\":500,\"height\":500},\"primaryImageOfPage\":{\"@id\":\"https:\\\/\\\/garrett.pt\\\/en\\\/product\\\/sistemas-de-distribuicao-audio-multi-zonas\\\/#mainImage\"},\"datePublished\":\"2016-03-16T12:37:01+00:00\",\"dateModified\":\"2020-04-06T09:25:13+00:00\"},{\"@type\":\"Organization\",\"@id\":\"https:\\\/\\\/garrett.pt\\\/en\\\/#organization\",\"name\":\"Garrett Audiovisuais\",\"description\":\"Projeto e Integra\\u00e7\\u00e3o de Sistemas Audiovisuais\",\"url\":\"https:\\\/\\\/garrett.pt\\\/en\\\/\",\"telephone\":\"+351214180134\",\"logo\":{\"@type\":\"ImageObject\",\"url\":\"https:\\\/\\\/garrett.pt\\\/wp-content\\\/uploads\\\/2021\\\/10\\\/1378831_10151703628399331_552396504_n.jpg\",\"@id\":\"https:\\\/\\\/garrett.pt\\\/en\\\/product\\\/sistemas-de-distribuicao-audio-multi-zonas\\\/#organizationLogo\",\"width\":650,\"height\":650},\"image\":{\"@id\":\"https:\\\/\\\/garrett.pt\\\/en\\\/product\\\/sistemas-de-distribuicao-audio-multi-zonas\\\/#organizationLogo\"},\"sameAs\":[\"https:\\\/\\\/www.facebook.com\\\/garrettaudiovisuais\",\"https:\\\/\\\/www.instagram.com\\\/garrettaudiovisuais\\\/\",\"https:\\\/\\\/www.youtube.com\\\/channel\\\/UCMLMFyCLpAQ3D4cYmzC34PQ\",\"https:\\\/\\\/www.linkedin.com\\\/company\\\/garrett-audiovisuais\",\"https:\\\/\\\/www.threads.net\\\/@garrettaudiovisuais\",\"https:\\\/\\\/bsky.app\\\/profile\\\/garrettsa.bsky.social\"]},{\"@type\":\"WebPage\",\"@id\":\"https:\\\/\\\/garrett.pt\\\/en\\\/product\\\/sistemas-de-distribuicao-audio-multi-zonas\\\/#webpage\",\"url\":\"https:\\\/\\\/garrett.pt\\\/en\\\/product\\\/sistemas-de-distribuicao-audio-multi-zonas\\\/\",\"name\":\"Sistemas de Distribui\\u00e7\\u00e3o Audio Multi-Zonas | Garrett Audiovisuais\",\"description\":\"S\\u00e3o v\\u00e1rios os sistemas que a Russound disponibiliza atualmente, desenhados cada um deles para aplica\\u00e7\\u00f5es diferentes, mas com um grande grau de interoperabilidade entre si. Saiba mais em: https:\\\/\\\/russound.com\\\/products\\\/audio-systems\",\"inLanguage\":\"en-GB\",\"isPartOf\":{\"@id\":\"https:\\\/\\\/garrett.pt\\\/en\\\/#website\"},\"breadcrumb\":{\"@id\":\"https:\\\/\\\/garrett.pt\\\/en\\\/product\\\/sistemas-de-distribuicao-audio-multi-zonas\\\/#breadcrumblist\"},\"image\":{\"@type\":\"ImageObject\",\"url\":\"https:\\\/\\\/garrett.pt\\\/wp-content\\\/uploads\\\/2016\\\/03\\\/Russound_Sistemas_de_distribuicao_Audio_Multi-Zonas.png\",\"@id\":\"https:\\\/\\\/garrett.pt\\\/en\\\/product\\\/sistemas-de-distribuicao-audio-multi-zonas\\\/#mainImage\",\"width\":500,\"height\":500},\"primaryImageOfPage\":{\"@id\":\"https:\\\/\\\/garrett.pt\\\/en\\\/product\\\/sistemas-de-distribuicao-audio-multi-zonas\\\/#mainImage\"},\"datePublished\":\"2016-03-16T12:37:01+00:00\",\"dateModified\":\"2020-04-06T09:25:13+00:00\"},{\"@type\":\"WebSite\",\"@id\":\"https:\\\/\\\/garrett.pt\\\/en\\\/#website\",\"url\":\"https:\\\/\\\/garrett.pt\\\/en\\\/\",\"name\":\"Garrett Audiovisuais\",\"description\":\"Projeto e Integra\\u00e7\\u00e3o de Sistemas Audiovisuais\",\"inLanguage\":\"en-GB\",\"publisher\":{\"@id\":\"https:\\\/\\\/garrett.pt\\\/en\\\/#organization\"}}]}\n\t\t<\/script>\n\t\t<!-- All in One SEO Pro -->\r\n\t\t<title>Sistemas de Distribui\u00e7\u00e3o Audio Multi-Zonas | Garrett Audiovisuais<\/title>\n\n","aioseo_head_json":{"title":"Multi-Zone Audio Distribution Systems | Garrett Audiovisuals","description":"Russound currently offers several systems, each designed for different applications but with a high degree of interoperability. Learn more at: https:\/\/russound.com\/products\/audio-systems","canonical_url":"https:\/\/garrett.pt\/en\/product\/sistemas-de-distribuicao-audio-multi-zonas\/","robots":"max-image-preview:large","keywords":"","webmasterTools":{"google-site-verification":"V-yzxKXBUCATCiI1W_5bHMqCYZQPH0cGOGjcdwe4AHM","miscellaneous":""},"schema":{"@context":"https:\/\/schema.org","@graph":[{"@type":"BreadcrumbList","@id":"https:\/\/garrett.pt\/en\/product\/sistemas-de-distribuicao-audio-multi-zonas\/#breadcrumblist","itemListElement":[{"@type":"ListItem","@id":"https:\/\/garrett.pt\/en#listItem","position":1,"name":"Home","item":"https:\/\/garrett.pt\/en","nextItem":{"@type":"ListItem","@id":"https:\/\/garrett.pt\/en\/?page_id=927#listItem","name":"Private: Shop"}},{"@type":"ListItem","@id":"https:\/\/garrett.pt\/en\/?page_id=927#listItem","position":2,"name":"Private: Shop","item":"https:\/\/garrett.pt\/en\/?page_id=927","nextItem":{"@type":"ListItem","@id":"https:\/\/garrett.pt\/en\/product-category\/audio\/#listItem","name":"Audio"},"previousItem":{"@type":"ListItem","@id":"https:\/\/garrett.pt\/en#listItem","name":"Home"}},{"@type":"ListItem","@id":"https:\/\/garrett.pt\/en\/product-category\/audio\/#listItem","position":3,"name":"Audio","item":"https:\/\/garrett.pt\/en\/product-category\/audio\/","nextItem":{"@type":"ListItem","@id":"https:\/\/garrett.pt\/en\/product-category\/audio\/sistemas-multi-zonas\/#listItem","name":"Sistemas Multi-zonas"},"previousItem":{"@type":"ListItem","@id":"https:\/\/garrett.pt\/en\/?page_id=927#listItem","name":"Private: Shop"}},{"@type":"ListItem","@id":"https:\/\/garrett.pt\/en\/product-category\/audio\/sistemas-multi-zonas\/#listItem","position":4,"name":"Sistemas Multi-zonas","item":"https:\/\/garrett.pt\/en\/product-category\/audio\/sistemas-multi-zonas\/","nextItem":{"@type":"ListItem","@id":"https:\/\/garrett.pt\/en\/product\/sistemas-de-distribuicao-audio-multi-zonas\/#listItem","name":"Sistemas de Distribui\u00e7\u00e3o Audio Multi-Zonas"},"previousItem":{"@type":"ListItem","@id":"https:\/\/garrett.pt\/en\/product-category\/audio\/#listItem","name":"Audio"}},{"@type":"ListItem","@id":"https:\/\/garrett.pt\/en\/product\/sistemas-de-distribuicao-audio-multi-zonas\/#listItem","position":5,"name":"Sistemas de Distribui\u00e7\u00e3o Audio Multi-Zonas","previousItem":{"@type":"ListItem","@id":"https:\/\/garrett.pt\/en\/product-category\/audio\/sistemas-multi-zonas\/#listItem","name":"Sistemas Multi-zonas"}}]},{"@type":"ItemPage","@id":"https:\/\/garrett.pt\/en\/product\/sistemas-de-distribuicao-audio-multi-zonas\/#itempage","url":"https:\/\/garrett.pt\/en\/product\/sistemas-de-distribuicao-audio-multi-zonas\/","name":"Sistemas de Distribui\u00e7\u00e3o Audio Multi-Zonas | Garrett Audiovisuais","description":"S\u00e3o v\u00e1rios os sistemas que a Russound disponibiliza atualmente, desenhados cada um deles para aplica\u00e7\u00f5es diferentes, mas com um grande grau de interoperabilidade entre si. Saiba mais em: https:\/\/russound.com\/products\/audio-systems","inLanguage":"en-GB","isPartOf":{"@id":"https:\/\/garrett.pt\/en\/#website"},"breadcrumb":{"@id":"https:\/\/garrett.pt\/en\/product\/sistemas-de-distribuicao-audio-multi-zonas\/#breadcrumblist"},"image":{"@type":"ImageObject","url":"https:\/\/garrett.pt\/wp-content\/uploads\/2016\/03\/Russound_Sistemas_de_distribuicao_Audio_Multi-Zonas.png","@id":"https:\/\/garrett.pt\/en\/product\/sistemas-de-distribuicao-audio-multi-zonas\/#mainImage","width":500,"height":500},"primaryImageOfPage":{"@id":"https:\/\/garrett.pt\/en\/product\/sistemas-de-distribuicao-audio-multi-zonas\/#mainImage"},"datePublished":"2016-03-16T12:37:01+00:00","dateModified":"2020-04-06T09:25:13+00:00"},{"@type":"Organization","@id":"https:\/\/garrett.pt\/en\/#organization","name":"Garrett Audiovisuais","description":"Projeto e Integra\u00e7\u00e3o de Sistemas Audiovisuais","url":"https:\/\/garrett.pt\/en\/","telephone":"+351214180134","logo":{"@type":"ImageObject","url":"https:\/\/garrett.pt\/wp-content\/uploads\/2021\/10\/1378831_10151703628399331_552396504_n.jpg","@id":"https:\/\/garrett.pt\/en\/product\/sistemas-de-distribuicao-audio-multi-zonas\/#organizationLogo","width":650,"height":650},"image":{"@id":"https:\/\/garrett.pt\/en\/product\/sistemas-de-distribuicao-audio-multi-zonas\/#organizationLogo"},"sameAs":["https:\/\/www.facebook.com\/garrettaudiovisuais","https:\/\/www.instagram.com\/garrettaudiovisuais\/","https:\/\/www.youtube.com\/channel\/UCMLMFyCLpAQ3D4cYmzC34PQ","https:\/\/www.linkedin.com\/company\/garrett-audiovisuais","https:\/\/www.threads.net\/@garrettaudiovisuais","https:\/\/bsky.app\/profile\/garrettsa.bsky.social"]},{"@type":"WebPage","@id":"https:\/\/garrett.pt\/en\/product\/sistemas-de-distribuicao-audio-multi-zonas\/#webpage","url":"https:\/\/garrett.pt\/en\/product\/sistemas-de-distribuicao-audio-multi-zonas\/","name":"Sistemas de Distribui\u00e7\u00e3o Audio Multi-Zonas | Garrett Audiovisuais","description":"S\u00e3o v\u00e1rios os sistemas que a Russound disponibiliza atualmente, desenhados cada um deles para aplica\u00e7\u00f5es diferentes, mas com um grande grau de interoperabilidade entre si. Saiba mais em: https:\/\/russound.com\/products\/audio-systems","inLanguage":"en-GB","isPartOf":{"@id":"https:\/\/garrett.pt\/en\/#website"},"breadcrumb":{"@id":"https:\/\/garrett.pt\/en\/product\/sistemas-de-distribuicao-audio-multi-zonas\/#breadcrumblist"},"image":{"@type":"ImageObject","url":"https:\/\/garrett.pt\/wp-content\/uploads\/2016\/03\/Russound_Sistemas_de_distribuicao_Audio_Multi-Zonas.png","@id":"https:\/\/garrett.pt\/en\/product\/sistemas-de-distribuicao-audio-multi-zonas\/#mainImage","width":500,"height":500},"primaryImageOfPage":{"@id":"https:\/\/garrett.pt\/en\/product\/sistemas-de-distribuicao-audio-multi-zonas\/#mainImage"},"datePublished":"2016-03-16T12:37:01+00:00","dateModified":"2020-04-06T09:25:13+00:00"},{"@type":"WebSite","@id":"https:\/\/garrett.pt\/en\/#website","url":"https:\/\/garrett.pt\/en\/","name":"Garrett Audiovisuais","description":"Projeto e Integra\u00e7\u00e3o de Sistemas Audiovisuais","inLanguage":"en-GB","publisher":{"@id":"https:\/\/garrett.pt\/en\/#organization"}}]},"og:locale":"en_GB","og:site_name":"Garrett Audiovisuais | Projeto e Integra\u00e7\u00e3o de Sistemas Audiovisuais","og:type":"article","og:title":"Sistemas de Distribui\u00e7\u00e3o Audio Multi-Zonas | Garrett Audiovisuais","og:description":"S\u00e3o v\u00e1rios os sistemas que a Russound disponibiliza atualmente, desenhados cada um deles para aplica\u00e7\u00f5es diferentes, mas com um grande grau de interoperabilidade entre si. Saiba mais em: https:\/\/russound.com\/products\/audio-systems","og:url":"https:\/\/garrett.pt\/en\/product\/sistemas-de-distribuicao-audio-multi-zonas\/","og:image":"https:\/\/garrett.pt\/wp-content\/uploads\/2016\/03\/Russound_Sistemas_de_distribuicao_Audio_Multi-Zonas.png","og:image:secure_url":"https:\/\/garrett.pt\/wp-content\/uploads\/2016\/03\/Russound_Sistemas_de_distribuicao_Audio_Multi-Zonas.png","og:image:width":500,"og:image:height":500,"article:published_time":"2016-03-16T12:37:01+00:00","article:modified_time":"2020-04-06T09:25:13+00:00","article:publisher":"https:\/\/www.facebook.com\/garrettaudiovisuais","twitter:card":"summary","twitter:title":"Sistemas de Distribui\u00e7\u00e3o Audio Multi-Zonas | Garrett Audiovisuais","twitter:description":"S\u00e3o v\u00e1rios os sistemas que a Russound disponibiliza atualmente, desenhados cada um deles para aplica\u00e7\u00f5es diferentes, mas com um grande grau de interoperabilidade entre si. Saiba mais em: https:\/\/russound.com\/products\/audio-systems","twitter:image":"https:\/\/garrett.pt\/wp-content\/uploads\/2016\/03\/Russound_Sistemas_de_distribuicao_Audio_Multi-Zonas.png"},"aioseo_meta_data":{"post_id":"2552","title":null,"description":null,"keywords":null,"keyphrases":null,"primary_term":null,"canonical_url":null,"og_title":null,"og_description":null,"og_object_type":"default","og_image_type":"default","og_image_url":null,"og_image_width":null,"og_image_height":null,"og_image_custom_url":null,"og_image_custom_fields":null,"og_video":null,"og_custom_url":null,"og_article_section":null,"og_article_tags":null,"twitter_use_og":false,"twitter_card":"default","twitter_image_type":"default","twitter_image_url":null,"twitter_image_custom_url":null,"twitter_image_custom_fields":null,"twitter_title":null,"twitter_description":null,"schema":{"blockGraphs":[],"customGraphs":[],"default":{"data":{"Article":[],"Course":[],"Dataset":[],"FAQPage":[],"Movie":[],"Person":[],"Product":[],"ProductReview":[],"Car":[],"Recipe":[],"Service":[],"SoftwareApplication":[],"WebPage":[]},"graphName":"","isEnabled":true},"graphs":[]},"schema_type":null,"schema_type_options":null,"pillar_content":false,"robots_default":true,"robots_noindex":false,"robots_noarchive":false,"robots_nosnippet":false,"robots_nofollow":false,"robots_noimageindex":false,"robots_noodp":false,"robots_notranslate":false,"robots_max_snippet":null,"robots_max_videopreview":null,"robots_max_imagepreview":"large","priority":null,"frequency":null,"local_seo":null,"seo_analyzer_scan_date":"2025-10-13 18:17:57","breadcrumb_settings":null,"limit_modified_date":false,"reviewed_by":null,"open_ai":null,"ai":null,"created":"2021-09-22 12:33:57","updated":"2025-10-13 18:17:57"},"aioseo_breadcrumb":"<div class=\"aioseo-breadcrumbs\"><span class=\"aioseo-breadcrumb\">\n\t<a href=\"https:\/\/garrett.pt\/en\" title=\"Home\">Home<\/a>\n<\/span><span class=\"aioseo-breadcrumb-separator\">&raquo;<\/span><span class=\"aioseo-breadcrumb\">\n\t<a href=\"https:\/\/garrett.pt\/en\/?page_id=927\" title=\"Private: Shop\">Private: Shop<\/a>\n<\/span><span class=\"aioseo-breadcrumb-separator\">&raquo;<\/span><span class=\"aioseo-breadcrumb\">\n\t<a href=\"https:\/\/garrett.pt\/en\/product-category\/audio\/\" title=\"Audio\">Audio<\/a>\n<\/span><span class=\"aioseo-breadcrumb-separator\">&raquo;<\/span><span class=\"aioseo-breadcrumb\">\n\t<a href=\"https:\/\/garrett.pt\/en\/product-category\/audio\/sistemas-multi-zonas\/\" title=\"Sistemas Multi-zonas\">Sistemas Multi-zonas<\/a>\n<\/span><span class=\"aioseo-breadcrumb-separator\">&raquo;<\/span><span class=\"aioseo-breadcrumb\">\n\tSistemas de Distribui\u00e7\u00e3o Audio Multi-Zonas\n<\/span><\/div>","aioseo_breadcrumb_json":[{"label":"Home","link":"https:\/\/garrett.pt\/en"},{"label":"Private: Shop","link":"https:\/\/garrett.pt\/en\/?page_id=927"},{"label":"Audio","link":"https:\/\/garrett.pt\/en\/product-category\/audio\/"},{"label":"Sistemas Multi-zonas","link":"https:\/\/garrett.pt\/en\/product-category\/audio\/sistemas-multi-zonas\/"},{"label":"Sistemas de Distribui\u00e7\u00e3o Audio Multi-Zonas","link":"https:\/\/garrett.pt\/en\/product\/sistemas-de-distribuicao-audio-multi-zonas\/"}],"_links":{"self":[{"href":"https:\/\/garrett.pt\/en\/wp-json\/wp\/v2\/product\/2552","targetHints":{"allow":["GET"]}}],"collection":[{"href":"https:\/\/garrett.pt\/en\/wp-json\/wp\/v2\/product"}],"about":[{"href":"https:\/\/garrett.pt\/en\/wp-json\/wp\/v2\/types\/product"}],"replies":[{"embeddable":true,"href":"https:\/\/garrett.pt\/en\/wp-json\/wp\/v2\/comments?post=2552"}],"wp:featuredmedia":[{"embeddable":true,"href":"https:\/\/garrett.pt\/en\/wp-json\/wp\/v2\/media\/2593"}],"wp:attachment":[{"href":"https:\/\/garrett.pt\/en\/wp-json\/wp\/v2\/media?parent=2552"}],"wp:term":[{"taxonomy":"product_brand","embeddable":true,"href":"https:\/\/garrett.pt\/en\/wp-json\/wp\/v2\/product_brand?post=2552"},{"taxonomy":"product_cat","embeddable":true,"href":"https:\/\/garrett.pt\/en\/wp-json\/wp\/v2\/product_cat?post=2552"},{"taxonomy":"product_tag","embeddable":true,"href":"https:\/\/garrett.pt\/en\/wp-json\/wp\/v2\/product_tag?post=2552"}],"curies":[{"name":"wp","href":"https:\/\/api.w.org\/{rel}","templated":true}]}}