{"id":2554,"date":"2016-03-16T12:45:35","date_gmt":"2016-03-16T12:45:35","guid":{"rendered":"http:\/\/ptm.garrett.pt\/?post_type=product&#038;p=2554"},"modified":"2020-04-06T09:19:38","modified_gmt":"2020-04-06T09:19:38","slug":"colunas-de-som-outdoor","status":"publish","type":"product","link":"https:\/\/garrett.pt\/en\/product\/colunas-de-som-outdoor\/","title":{"rendered":"Outdoor Sound Speakers"},"content":{"rendered":"<ul>\n<li>Conventional Columns<\/li>\n<li>Rock columns<\/li>\n<\/ul>","protected":false},"excerpt":{"rendered":"<p><span style=\"font-weight: 400;\">A wide range of loudspeakers for outdoor sound distribution, such as for gardens and terraces, resistant to weather conditions and with \u201crock\u201d models suitable for better integration into the space.<\/span><\/p>\n<p>Learn more at:\u00a0<a href=\"https:\/\/russound.com\/products\/speakers\/outdoor-speakers\" target=\"_blank\" rel=\"noopener\">https:\/\/russound.com\/products\/speakers\/outdoor-speakers<\/a><\/p>","protected":false},"featured_media":2592,"comment_status":"closed","ping_status":"closed","template":"","meta":{"cybocfi_hide_featured_image":""},"product_brand":[],"product_cat":[59,182,187,95],"product_tag":[],"class_list":{"0":"post-2554","1":"product","2":"type-product","3":"status-publish","4":"has-post-thumbnail","6":"product_cat-audio","7":"product_cat-colunas","8":"product_cat-integracao","9":"product_cat-russound","10":"post","11":"post-with-thumbnail","12":"post-with-thumbnail-large","14":"first","15":"instock","16":"taxable","17":"shipping-taxable","18":"product-type-simple"},"aioseo_notices":[],"aioseo_head":"\n\t\t<!-- All in One SEO Pro 4.9.6.2 - aioseo.com -->\n\t<meta name=\"description\" content=\"Uma gama variada de colunas para distribui\u00e7\u00e3o de som para o exterior, como para jardins e esplanadas, resistentes \u00e0s condi\u00e7\u00f5es atmosf\u00e9ricas e com modelos \u201crocha\u201d adequados para uma melhor integra\u00e7\u00e3o no espa\u00e7o. Saiba mais em: https:\/\/russound.com\/products\/speakers\/outdoor-speakers\" \/>\n\t<meta name=\"robots\" content=\"max-image-preview:large\" \/>\n\t<meta name=\"google-site-verification\" content=\"V-yzxKXBUCATCiI1W_5bHMqCYZQPH0cGOGjcdwe4AHM\" \/>\n\t<link rel=\"canonical\" href=\"https:\/\/garrett.pt\/en\/product\/colunas-de-som-outdoor\/\" \/>\n\t<meta name=\"generator\" content=\"All in One SEO Pro (AIOSEO) 4.9.6.2\" \/>\n\t\t<meta property=\"og:locale\" content=\"en_GB\" \/>\n\t\t<meta property=\"og:site_name\" content=\"Garrett Audiovisuais | Projeto e Integra\u00e7\u00e3o de Sistemas Audiovisuais\" \/>\n\t\t<meta property=\"og:type\" content=\"article\" \/>\n\t\t<meta property=\"og:title\" content=\"Colunas de Som Outdoor | Garrett Audiovisuais\" \/>\n\t\t<meta property=\"og:description\" content=\"Uma gama variada de colunas para distribui\u00e7\u00e3o de som para o exterior, como para jardins e esplanadas, resistentes \u00e0s condi\u00e7\u00f5es atmosf\u00e9ricas e com modelos \u201crocha\u201d adequados para uma melhor integra\u00e7\u00e3o no espa\u00e7o. Saiba mais em: https:\/\/russound.com\/products\/speakers\/outdoor-speakers\" \/>\n\t\t<meta property=\"og:url\" content=\"https:\/\/garrett.pt\/en\/product\/colunas-de-som-outdoor\/\" \/>\n\t\t<meta property=\"og:image\" content=\"https:\/\/garrett.pt\/wp-content\/uploads\/2016\/03\/Russound_Colunas_de_Som_Outdoor.png\" \/>\n\t\t<meta property=\"og:image:secure_url\" content=\"https:\/\/garrett.pt\/wp-content\/uploads\/2016\/03\/Russound_Colunas_de_Som_Outdoor.png\" \/>\n\t\t<meta property=\"og:image:width\" content=\"500\" \/>\n\t\t<meta property=\"og:image:height\" content=\"500\" \/>\n\t\t<meta property=\"article:published_time\" content=\"2016-03-16T12:45:35+00:00\" \/>\n\t\t<meta property=\"article:modified_time\" content=\"2020-04-06T09:19:38+00:00\" \/>\n\t\t<meta property=\"article:publisher\" content=\"https:\/\/www.facebook.com\/garrettaudiovisuais\" \/>\n\t\t<meta name=\"twitter:card\" content=\"summary\" \/>\n\t\t<meta name=\"twitter:title\" content=\"Colunas de Som Outdoor | Garrett Audiovisuais\" \/>\n\t\t<meta name=\"twitter:description\" content=\"Uma gama variada de colunas para distribui\u00e7\u00e3o de som para o exterior, como para jardins e esplanadas, resistentes \u00e0s condi\u00e7\u00f5es atmosf\u00e9ricas e com modelos \u201crocha\u201d adequados para uma melhor integra\u00e7\u00e3o no espa\u00e7o. Saiba mais em: https:\/\/russound.com\/products\/speakers\/outdoor-speakers\" \/>\n\t\t<meta name=\"twitter:image\" content=\"https:\/\/garrett.pt\/wp-content\/uploads\/2016\/03\/Russound_Colunas_de_Som_Outdoor.png\" \/>\n\t\t<script type=\"application\/ld+json\" class=\"aioseo-schema\">\n\t\t\t{\"@context\":\"https:\\\/\\\/schema.org\",\"@graph\":[{\"@type\":\"BreadcrumbList\",\"@id\":\"https:\\\/\\\/garrett.pt\\\/en\\\/product\\\/colunas-de-som-outdoor\\\/#breadcrumblist\",\"itemListElement\":[{\"@type\":\"ListItem\",\"@id\":\"https:\\\/\\\/garrett.pt\\\/en#listItem\",\"position\":1,\"name\":\"Home\",\"item\":\"https:\\\/\\\/garrett.pt\\\/en\",\"nextItem\":{\"@type\":\"ListItem\",\"@id\":\"https:\\\/\\\/garrett.pt\\\/en\\\/?page_id=927#listItem\",\"name\":\"Private: Shop\"}},{\"@type\":\"ListItem\",\"@id\":\"https:\\\/\\\/garrett.pt\\\/en\\\/?page_id=927#listItem\",\"position\":2,\"name\":\"Private: Shop\",\"item\":\"https:\\\/\\\/garrett.pt\\\/en\\\/?page_id=927\",\"nextItem\":{\"@type\":\"ListItem\",\"@id\":\"https:\\\/\\\/garrett.pt\\\/en\\\/product-category\\\/audio\\\/#listItem\",\"name\":\"Audio\"},\"previousItem\":{\"@type\":\"ListItem\",\"@id\":\"https:\\\/\\\/garrett.pt\\\/en#listItem\",\"name\":\"Home\"}},{\"@type\":\"ListItem\",\"@id\":\"https:\\\/\\\/garrett.pt\\\/en\\\/product-category\\\/audio\\\/#listItem\",\"position\":3,\"name\":\"Audio\",\"item\":\"https:\\\/\\\/garrett.pt\\\/en\\\/product-category\\\/audio\\\/\",\"nextItem\":{\"@type\":\"ListItem\",\"@id\":\"https:\\\/\\\/garrett.pt\\\/en\\\/product-category\\\/audio\\\/colunas\\\/#listItem\",\"name\":\"Colunas\"},\"previousItem\":{\"@type\":\"ListItem\",\"@id\":\"https:\\\/\\\/garrett.pt\\\/en\\\/?page_id=927#listItem\",\"name\":\"Private: Shop\"}},{\"@type\":\"ListItem\",\"@id\":\"https:\\\/\\\/garrett.pt\\\/en\\\/product-category\\\/audio\\\/colunas\\\/#listItem\",\"position\":4,\"name\":\"Colunas\",\"item\":\"https:\\\/\\\/garrett.pt\\\/en\\\/product-category\\\/audio\\\/colunas\\\/\",\"nextItem\":{\"@type\":\"ListItem\",\"@id\":\"https:\\\/\\\/garrett.pt\\\/en\\\/product-category\\\/audio\\\/colunas\\\/integracao\\\/#listItem\",\"name\":\"Integra\\u00e7\\u00e3o\"},\"previousItem\":{\"@type\":\"ListItem\",\"@id\":\"https:\\\/\\\/garrett.pt\\\/en\\\/product-category\\\/audio\\\/#listItem\",\"name\":\"Audio\"}},{\"@type\":\"ListItem\",\"@id\":\"https:\\\/\\\/garrett.pt\\\/en\\\/product-category\\\/audio\\\/colunas\\\/integracao\\\/#listItem\",\"position\":5,\"name\":\"Integra\\u00e7\\u00e3o\",\"item\":\"https:\\\/\\\/garrett.pt\\\/en\\\/product-category\\\/audio\\\/colunas\\\/integracao\\\/\",\"nextItem\":{\"@type\":\"ListItem\",\"@id\":\"https:\\\/\\\/garrett.pt\\\/en\\\/product\\\/colunas-de-som-outdoor\\\/#listItem\",\"name\":\"Colunas de Som Outdoor\"},\"previousItem\":{\"@type\":\"ListItem\",\"@id\":\"https:\\\/\\\/garrett.pt\\\/en\\\/product-category\\\/audio\\\/colunas\\\/#listItem\",\"name\":\"Colunas\"}},{\"@type\":\"ListItem\",\"@id\":\"https:\\\/\\\/garrett.pt\\\/en\\\/product\\\/colunas-de-som-outdoor\\\/#listItem\",\"position\":6,\"name\":\"Colunas de Som Outdoor\",\"previousItem\":{\"@type\":\"ListItem\",\"@id\":\"https:\\\/\\\/garrett.pt\\\/en\\\/product-category\\\/audio\\\/colunas\\\/integracao\\\/#listItem\",\"name\":\"Integra\\u00e7\\u00e3o\"}}]},{\"@type\":\"ItemPage\",\"@id\":\"https:\\\/\\\/garrett.pt\\\/en\\\/product\\\/colunas-de-som-outdoor\\\/#itempage\",\"url\":\"https:\\\/\\\/garrett.pt\\\/en\\\/product\\\/colunas-de-som-outdoor\\\/\",\"name\":\"Colunas de Som Outdoor | Garrett Audiovisuais\",\"description\":\"Uma gama variada de colunas para distribui\\u00e7\\u00e3o de som para o exterior, como para jardins e esplanadas, resistentes \\u00e0s condi\\u00e7\\u00f5es atmosf\\u00e9ricas e com modelos \\u201crocha\\u201d adequados para uma melhor integra\\u00e7\\u00e3o no espa\\u00e7o. Saiba mais em: https:\\\/\\\/russound.com\\\/products\\\/speakers\\\/outdoor-speakers\",\"inLanguage\":\"en-GB\",\"isPartOf\":{\"@id\":\"https:\\\/\\\/garrett.pt\\\/en\\\/#website\"},\"breadcrumb\":{\"@id\":\"https:\\\/\\\/garrett.pt\\\/en\\\/product\\\/colunas-de-som-outdoor\\\/#breadcrumblist\"},\"image\":{\"@type\":\"ImageObject\",\"url\":\"https:\\\/\\\/garrett.pt\\\/wp-content\\\/uploads\\\/2016\\\/03\\\/Russound_Colunas_de_Som_Outdoor.png\",\"@id\":\"https:\\\/\\\/garrett.pt\\\/en\\\/product\\\/colunas-de-som-outdoor\\\/#mainImage\",\"width\":500,\"height\":500},\"primaryImageOfPage\":{\"@id\":\"https:\\\/\\\/garrett.pt\\\/en\\\/product\\\/colunas-de-som-outdoor\\\/#mainImage\"},\"datePublished\":\"2016-03-16T12:45:35+00:00\",\"dateModified\":\"2020-04-06T09:19:38+00:00\"},{\"@type\":\"Organization\",\"@id\":\"https:\\\/\\\/garrett.pt\\\/en\\\/#organization\",\"name\":\"Garrett Audiovisuais\",\"description\":\"Projeto e Integra\\u00e7\\u00e3o de Sistemas Audiovisuais\",\"url\":\"https:\\\/\\\/garrett.pt\\\/en\\\/\",\"telephone\":\"+351214180134\",\"logo\":{\"@type\":\"ImageObject\",\"url\":\"https:\\\/\\\/garrett.pt\\\/wp-content\\\/uploads\\\/2021\\\/10\\\/1378831_10151703628399331_552396504_n.jpg\",\"@id\":\"https:\\\/\\\/garrett.pt\\\/en\\\/product\\\/colunas-de-som-outdoor\\\/#organizationLogo\",\"width\":650,\"height\":650},\"image\":{\"@id\":\"https:\\\/\\\/garrett.pt\\\/en\\\/product\\\/colunas-de-som-outdoor\\\/#organizationLogo\"},\"sameAs\":[\"https:\\\/\\\/www.facebook.com\\\/garrettaudiovisuais\",\"https:\\\/\\\/www.instagram.com\\\/garrettaudiovisuais\\\/\",\"https:\\\/\\\/www.youtube.com\\\/channel\\\/UCMLMFyCLpAQ3D4cYmzC34PQ\",\"https:\\\/\\\/www.linkedin.com\\\/company\\\/garrett-audiovisuais\",\"https:\\\/\\\/www.threads.net\\\/@garrettaudiovisuais\",\"https:\\\/\\\/bsky.app\\\/profile\\\/garrettsa.bsky.social\"]},{\"@type\":\"WebPage\",\"@id\":\"https:\\\/\\\/garrett.pt\\\/en\\\/product\\\/colunas-de-som-outdoor\\\/#webpage\",\"url\":\"https:\\\/\\\/garrett.pt\\\/en\\\/product\\\/colunas-de-som-outdoor\\\/\",\"name\":\"Colunas de Som Outdoor | Garrett Audiovisuais\",\"description\":\"Uma gama variada de colunas para distribui\\u00e7\\u00e3o de som para o exterior, como para jardins e esplanadas, resistentes \\u00e0s condi\\u00e7\\u00f5es atmosf\\u00e9ricas e com modelos \\u201crocha\\u201d adequados para uma melhor integra\\u00e7\\u00e3o no espa\\u00e7o. Saiba mais em: https:\\\/\\\/russound.com\\\/products\\\/speakers\\\/outdoor-speakers\",\"inLanguage\":\"en-GB\",\"isPartOf\":{\"@id\":\"https:\\\/\\\/garrett.pt\\\/en\\\/#website\"},\"breadcrumb\":{\"@id\":\"https:\\\/\\\/garrett.pt\\\/en\\\/product\\\/colunas-de-som-outdoor\\\/#breadcrumblist\"},\"image\":{\"@type\":\"ImageObject\",\"url\":\"https:\\\/\\\/garrett.pt\\\/wp-content\\\/uploads\\\/2016\\\/03\\\/Russound_Colunas_de_Som_Outdoor.png\",\"@id\":\"https:\\\/\\\/garrett.pt\\\/en\\\/product\\\/colunas-de-som-outdoor\\\/#mainImage\",\"width\":500,\"height\":500},\"primaryImageOfPage\":{\"@id\":\"https:\\\/\\\/garrett.pt\\\/en\\\/product\\\/colunas-de-som-outdoor\\\/#mainImage\"},\"datePublished\":\"2016-03-16T12:45:35+00:00\",\"dateModified\":\"2020-04-06T09:19:38+00:00\"},{\"@type\":\"WebSite\",\"@id\":\"https:\\\/\\\/garrett.pt\\\/en\\\/#website\",\"url\":\"https:\\\/\\\/garrett.pt\\\/en\\\/\",\"name\":\"Garrett Audiovisuais\",\"description\":\"Projeto e Integra\\u00e7\\u00e3o de Sistemas Audiovisuais\",\"inLanguage\":\"en-GB\",\"publisher\":{\"@id\":\"https:\\\/\\\/garrett.pt\\\/en\\\/#organization\"}}]}\n\t\t<\/script>\n\t\t<!-- All in One SEO Pro -->\r\n\t\t<title>Colunas de Som Outdoor | Garrett Audiovisuais<\/title>\n\n","aioseo_head_json":{"title":"Outdoor Speakers | Garrett Audiovisuals","description":"A wide range of weather-resistant speakers for outdoor sound distribution, such as in gardens and terraces, with &quot;rock&quot; models suitable for better integration into the space. Learn more at: https:\/\/russound.com\/products\/speakers\/outdoor-speakers","canonical_url":"https:\/\/garrett.pt\/en\/product\/colunas-de-som-outdoor\/","robots":"max-image-preview:large","keywords":"","webmasterTools":{"google-site-verification":"V-yzxKXBUCATCiI1W_5bHMqCYZQPH0cGOGjcdwe4AHM","miscellaneous":""},"schema":{"@context":"https:\/\/schema.org","@graph":[{"@type":"BreadcrumbList","@id":"https:\/\/garrett.pt\/en\/product\/colunas-de-som-outdoor\/#breadcrumblist","itemListElement":[{"@type":"ListItem","@id":"https:\/\/garrett.pt\/en#listItem","position":1,"name":"Home","item":"https:\/\/garrett.pt\/en","nextItem":{"@type":"ListItem","@id":"https:\/\/garrett.pt\/en\/?page_id=927#listItem","name":"Private: Shop"}},{"@type":"ListItem","@id":"https:\/\/garrett.pt\/en\/?page_id=927#listItem","position":2,"name":"Private: Shop","item":"https:\/\/garrett.pt\/en\/?page_id=927","nextItem":{"@type":"ListItem","@id":"https:\/\/garrett.pt\/en\/product-category\/audio\/#listItem","name":"Audio"},"previousItem":{"@type":"ListItem","@id":"https:\/\/garrett.pt\/en#listItem","name":"Home"}},{"@type":"ListItem","@id":"https:\/\/garrett.pt\/en\/product-category\/audio\/#listItem","position":3,"name":"Audio","item":"https:\/\/garrett.pt\/en\/product-category\/audio\/","nextItem":{"@type":"ListItem","@id":"https:\/\/garrett.pt\/en\/product-category\/audio\/colunas\/#listItem","name":"Colunas"},"previousItem":{"@type":"ListItem","@id":"https:\/\/garrett.pt\/en\/?page_id=927#listItem","name":"Private: Shop"}},{"@type":"ListItem","@id":"https:\/\/garrett.pt\/en\/product-category\/audio\/colunas\/#listItem","position":4,"name":"Colunas","item":"https:\/\/garrett.pt\/en\/product-category\/audio\/colunas\/","nextItem":{"@type":"ListItem","@id":"https:\/\/garrett.pt\/en\/product-category\/audio\/colunas\/integracao\/#listItem","name":"Integra\u00e7\u00e3o"},"previousItem":{"@type":"ListItem","@id":"https:\/\/garrett.pt\/en\/product-category\/audio\/#listItem","name":"Audio"}},{"@type":"ListItem","@id":"https:\/\/garrett.pt\/en\/product-category\/audio\/colunas\/integracao\/#listItem","position":5,"name":"Integra\u00e7\u00e3o","item":"https:\/\/garrett.pt\/en\/product-category\/audio\/colunas\/integracao\/","nextItem":{"@type":"ListItem","@id":"https:\/\/garrett.pt\/en\/product\/colunas-de-som-outdoor\/#listItem","name":"Colunas de Som Outdoor"},"previousItem":{"@type":"ListItem","@id":"https:\/\/garrett.pt\/en\/product-category\/audio\/colunas\/#listItem","name":"Colunas"}},{"@type":"ListItem","@id":"https:\/\/garrett.pt\/en\/product\/colunas-de-som-outdoor\/#listItem","position":6,"name":"Colunas de Som Outdoor","previousItem":{"@type":"ListItem","@id":"https:\/\/garrett.pt\/en\/product-category\/audio\/colunas\/integracao\/#listItem","name":"Integra\u00e7\u00e3o"}}]},{"@type":"ItemPage","@id":"https:\/\/garrett.pt\/en\/product\/colunas-de-som-outdoor\/#itempage","url":"https:\/\/garrett.pt\/en\/product\/colunas-de-som-outdoor\/","name":"Colunas de Som Outdoor | Garrett Audiovisuais","description":"Uma gama variada de colunas para distribui\u00e7\u00e3o de som para o exterior, como para jardins e esplanadas, resistentes \u00e0s condi\u00e7\u00f5es atmosf\u00e9ricas e com modelos \u201crocha\u201d adequados para uma melhor integra\u00e7\u00e3o no espa\u00e7o. Saiba mais em: https:\/\/russound.com\/products\/speakers\/outdoor-speakers","inLanguage":"en-GB","isPartOf":{"@id":"https:\/\/garrett.pt\/en\/#website"},"breadcrumb":{"@id":"https:\/\/garrett.pt\/en\/product\/colunas-de-som-outdoor\/#breadcrumblist"},"image":{"@type":"ImageObject","url":"https:\/\/garrett.pt\/wp-content\/uploads\/2016\/03\/Russound_Colunas_de_Som_Outdoor.png","@id":"https:\/\/garrett.pt\/en\/product\/colunas-de-som-outdoor\/#mainImage","width":500,"height":500},"primaryImageOfPage":{"@id":"https:\/\/garrett.pt\/en\/product\/colunas-de-som-outdoor\/#mainImage"},"datePublished":"2016-03-16T12:45:35+00:00","dateModified":"2020-04-06T09:19:38+00:00"},{"@type":"Organization","@id":"https:\/\/garrett.pt\/en\/#organization","name":"Garrett Audiovisuais","description":"Projeto e Integra\u00e7\u00e3o de Sistemas Audiovisuais","url":"https:\/\/garrett.pt\/en\/","telephone":"+351214180134","logo":{"@type":"ImageObject","url":"https:\/\/garrett.pt\/wp-content\/uploads\/2021\/10\/1378831_10151703628399331_552396504_n.jpg","@id":"https:\/\/garrett.pt\/en\/product\/colunas-de-som-outdoor\/#organizationLogo","width":650,"height":650},"image":{"@id":"https:\/\/garrett.pt\/en\/product\/colunas-de-som-outdoor\/#organizationLogo"},"sameAs":["https:\/\/www.facebook.com\/garrettaudiovisuais","https:\/\/www.instagram.com\/garrettaudiovisuais\/","https:\/\/www.youtube.com\/channel\/UCMLMFyCLpAQ3D4cYmzC34PQ","https:\/\/www.linkedin.com\/company\/garrett-audiovisuais","https:\/\/www.threads.net\/@garrettaudiovisuais","https:\/\/bsky.app\/profile\/garrettsa.bsky.social"]},{"@type":"WebPage","@id":"https:\/\/garrett.pt\/en\/product\/colunas-de-som-outdoor\/#webpage","url":"https:\/\/garrett.pt\/en\/product\/colunas-de-som-outdoor\/","name":"Colunas de Som Outdoor | Garrett Audiovisuais","description":"Uma gama variada de colunas para distribui\u00e7\u00e3o de som para o exterior, como para jardins e esplanadas, resistentes \u00e0s condi\u00e7\u00f5es atmosf\u00e9ricas e com modelos \u201crocha\u201d adequados para uma melhor integra\u00e7\u00e3o no espa\u00e7o. Saiba mais em: https:\/\/russound.com\/products\/speakers\/outdoor-speakers","inLanguage":"en-GB","isPartOf":{"@id":"https:\/\/garrett.pt\/en\/#website"},"breadcrumb":{"@id":"https:\/\/garrett.pt\/en\/product\/colunas-de-som-outdoor\/#breadcrumblist"},"image":{"@type":"ImageObject","url":"https:\/\/garrett.pt\/wp-content\/uploads\/2016\/03\/Russound_Colunas_de_Som_Outdoor.png","@id":"https:\/\/garrett.pt\/en\/product\/colunas-de-som-outdoor\/#mainImage","width":500,"height":500},"primaryImageOfPage":{"@id":"https:\/\/garrett.pt\/en\/product\/colunas-de-som-outdoor\/#mainImage"},"datePublished":"2016-03-16T12:45:35+00:00","dateModified":"2020-04-06T09:19:38+00:00"},{"@type":"WebSite","@id":"https:\/\/garrett.pt\/en\/#website","url":"https:\/\/garrett.pt\/en\/","name":"Garrett Audiovisuais","description":"Projeto e Integra\u00e7\u00e3o de Sistemas Audiovisuais","inLanguage":"en-GB","publisher":{"@id":"https:\/\/garrett.pt\/en\/#organization"}}]},"og:locale":"en_GB","og:site_name":"Garrett Audiovisuais | Projeto e Integra\u00e7\u00e3o de Sistemas Audiovisuais","og:type":"article","og:title":"Colunas de Som Outdoor | Garrett Audiovisuais","og:description":"Uma gama variada de colunas para distribui\u00e7\u00e3o de som para o exterior, como para jardins e esplanadas, resistentes \u00e0s condi\u00e7\u00f5es atmosf\u00e9ricas e com modelos \u201crocha\u201d adequados para uma melhor integra\u00e7\u00e3o no espa\u00e7o. Saiba mais em: https:\/\/russound.com\/products\/speakers\/outdoor-speakers","og:url":"https:\/\/garrett.pt\/en\/product\/colunas-de-som-outdoor\/","og:image":"https:\/\/garrett.pt\/wp-content\/uploads\/2016\/03\/Russound_Colunas_de_Som_Outdoor.png","og:image:secure_url":"https:\/\/garrett.pt\/wp-content\/uploads\/2016\/03\/Russound_Colunas_de_Som_Outdoor.png","og:image:width":500,"og:image:height":500,"article:published_time":"2016-03-16T12:45:35+00:00","article:modified_time":"2020-04-06T09:19:38+00:00","article:publisher":"https:\/\/www.facebook.com\/garrettaudiovisuais","twitter:card":"summary","twitter:title":"Colunas de Som Outdoor | Garrett Audiovisuais","twitter:description":"Uma gama variada de colunas para distribui\u00e7\u00e3o de som para o exterior, como para jardins e esplanadas, resistentes \u00e0s condi\u00e7\u00f5es atmosf\u00e9ricas e com modelos \u201crocha\u201d adequados para uma melhor integra\u00e7\u00e3o no espa\u00e7o. Saiba mais em: https:\/\/russound.com\/products\/speakers\/outdoor-speakers","twitter:image":"https:\/\/garrett.pt\/wp-content\/uploads\/2016\/03\/Russound_Colunas_de_Som_Outdoor.png"},"aioseo_meta_data":{"post_id":"2554","title":null,"description":null,"keywords":null,"keyphrases":null,"primary_term":null,"canonical_url":null,"og_title":null,"og_description":null,"og_object_type":"default","og_image_type":"default","og_image_url":null,"og_image_width":null,"og_image_height":null,"og_image_custom_url":null,"og_image_custom_fields":null,"og_video":null,"og_custom_url":null,"og_article_section":null,"og_article_tags":null,"twitter_use_og":false,"twitter_card":"default","twitter_image_type":"default","twitter_image_url":null,"twitter_image_custom_url":null,"twitter_image_custom_fields":null,"twitter_title":null,"twitter_description":null,"schema":{"blockGraphs":[],"customGraphs":[],"default":{"data":{"Article":[],"Course":[],"Dataset":[],"FAQPage":[],"Movie":[],"Person":[],"Product":[],"ProductReview":[],"Car":[],"Recipe":[],"Service":[],"SoftwareApplication":[],"WebPage":[]},"graphName":"","isEnabled":true},"graphs":[]},"schema_type":null,"schema_type_options":null,"pillar_content":false,"robots_default":true,"robots_noindex":false,"robots_noarchive":false,"robots_nosnippet":false,"robots_nofollow":false,"robots_noimageindex":false,"robots_noodp":false,"robots_notranslate":false,"robots_max_snippet":null,"robots_max_videopreview":null,"robots_max_imagepreview":"large","priority":null,"frequency":null,"local_seo":null,"seo_analyzer_scan_date":"2025-10-13 18:18:00","breadcrumb_settings":null,"limit_modified_date":false,"reviewed_by":null,"open_ai":null,"ai":null,"created":"2021-09-22 12:33:57","updated":"2025-10-13 18:18:00"},"aioseo_breadcrumb":"<div class=\"aioseo-breadcrumbs\"><span class=\"aioseo-breadcrumb\">\n\t<a href=\"https:\/\/garrett.pt\/en\" title=\"Home\">Home<\/a>\n<\/span><span class=\"aioseo-breadcrumb-separator\">&raquo;<\/span><span class=\"aioseo-breadcrumb\">\n\t<a href=\"https:\/\/garrett.pt\/en\/?page_id=927\" title=\"Private: Shop\">Private: Shop<\/a>\n<\/span><span class=\"aioseo-breadcrumb-separator\">&raquo;<\/span><span class=\"aioseo-breadcrumb\">\n\t<a href=\"https:\/\/garrett.pt\/en\/product-category\/audio\/\" title=\"Audio\">Audio<\/a>\n<\/span><span class=\"aioseo-breadcrumb-separator\">&raquo;<\/span><span class=\"aioseo-breadcrumb\">\n\t<a href=\"https:\/\/garrett.pt\/en\/product-category\/audio\/colunas\/\" title=\"Colunas\">Colunas<\/a>\n<\/span><span class=\"aioseo-breadcrumb-separator\">&raquo;<\/span><span class=\"aioseo-breadcrumb\">\n\t<a href=\"https:\/\/garrett.pt\/en\/product-category\/audio\/colunas\/integracao\/\" title=\"Integra\u00e7\u00e3o\">Integra\u00e7\u00e3o<\/a>\n<\/span><span class=\"aioseo-breadcrumb-separator\">&raquo;<\/span><span class=\"aioseo-breadcrumb\">\n\tColunas de Som Outdoor\n<\/span><\/div>","aioseo_breadcrumb_json":[{"label":"Home","link":"https:\/\/garrett.pt\/en"},{"label":"Private: Shop","link":"https:\/\/garrett.pt\/en\/?page_id=927"},{"label":"Audio","link":"https:\/\/garrett.pt\/en\/product-category\/audio\/"},{"label":"Colunas","link":"https:\/\/garrett.pt\/en\/product-category\/audio\/colunas\/"},{"label":"Integra\u00e7\u00e3o","link":"https:\/\/garrett.pt\/en\/product-category\/audio\/colunas\/integracao\/"},{"label":"Colunas de Som Outdoor","link":"https:\/\/garrett.pt\/en\/product\/colunas-de-som-outdoor\/"}],"_links":{"self":[{"href":"https:\/\/garrett.pt\/en\/wp-json\/wp\/v2\/product\/2554","targetHints":{"allow":["GET"]}}],"collection":[{"href":"https:\/\/garrett.pt\/en\/wp-json\/wp\/v2\/product"}],"about":[{"href":"https:\/\/garrett.pt\/en\/wp-json\/wp\/v2\/types\/product"}],"replies":[{"embeddable":true,"href":"https:\/\/garrett.pt\/en\/wp-json\/wp\/v2\/comments?post=2554"}],"wp:featuredmedia":[{"embeddable":true,"href":"https:\/\/garrett.pt\/en\/wp-json\/wp\/v2\/media\/2592"}],"wp:attachment":[{"href":"https:\/\/garrett.pt\/en\/wp-json\/wp\/v2\/media?parent=2554"}],"wp:term":[{"taxonomy":"product_brand","embeddable":true,"href":"https:\/\/garrett.pt\/en\/wp-json\/wp\/v2\/product_brand?post=2554"},{"taxonomy":"product_cat","embeddable":true,"href":"https:\/\/garrett.pt\/en\/wp-json\/wp\/v2\/product_cat?post=2554"},{"taxonomy":"product_tag","embeddable":true,"href":"https:\/\/garrett.pt\/en\/wp-json\/wp\/v2\/product_tag?post=2554"}],"curies":[{"name":"wp","href":"https:\/\/api.w.org\/{rel}","templated":true}]}}