{"id":2557,"date":"2016-03-16T17:03:18","date_gmt":"2016-03-16T17:03:18","guid":{"rendered":"http:\/\/ptm.garrett.pt\/?post_type=product&#038;p=2557"},"modified":"2016-03-23T09:33:24","modified_gmt":"2016-03-23T09:33:24","slug":"controladores-3","status":"publish","type":"product","link":"https:\/\/garrett.pt\/en\/product\/controladores-3\/","title":{"rendered":"controllers"},"content":{"rendered":"<ul>\n<li>controlCUE-hub<\/li>\n<li>controlCUE-versatile<\/li>\n<li>controlCUE-one<\/li>\n<li>controlCUE-two<\/li>\n<li>controlCUE-versatile-d<\/li>\n<li>controlCUE-dali-d<\/li>\n<li>controlCUE-knx-d<\/li>\n<li>controlCUE-dmx-d<\/li>\n<li>controlCUE-enocean-d<\/li>\n<li>smartCUE-relay<\/li>\n<li>smartCUE-versatile<\/li>\n<li>smartCUE-versatile-d<\/li>\n<li>nodeCUE-led4-w<\/li>\n<li>nodeCUE-relay2-w<\/li>\n<li>smartCUE-zero<\/li>\n<li>smartCUE-one<\/li>\n<li>smartCUE-two<\/li>\n<li>smartCUE-three<\/li>\n<li>smartCUE-zero-wifi<\/li>\n<li>smartCUE-one-wifi<\/li>\n<li>smartCUE-two-wifi<\/li>\n<li>smartCUE-three-wifi<\/li>\n<\/ul>","protected":false},"excerpt":{"rendered":"<p><span style=\"font-weight: 400;\">With or without a built-in processor, CUE controllers can take on stand-alone functions, integrated into large multimedia systems.<\/span><span style=\"font-weight: 400;\"><br \/>\n<\/span><\/p>","protected":false},"featured_media":2597,"comment_status":"closed","ping_status":"closed","template":"","meta":{"cybocfi_hide_featured_image":""},"product_brand":[],"product_cat":[64,75,62],"product_tag":[],"class_list":{"0":"post-2557","1":"product","2":"type-product","3":"status-publish","4":"has-post-thumbnail","6":"product_cat-controladores","7":"product_cat-cue-systems","8":"product_cat-integracao_multimedia","9":"post","10":"post-with-thumbnail","11":"post-with-thumbnail-large","13":"first","14":"instock","15":"taxable","16":"shipping-taxable","17":"product-type-simple"},"aioseo_notices":[],"aioseo_head":"\n\t\t<!-- All in One SEO Pro 4.9.6.1 - aioseo.com -->\n\t<meta name=\"description\" content=\"Com ou sem processador incorporado, os controladores CUE podem assumir fun\u00e7\u00f5es em stand alone, integrados em amplos sistemas de multim\u00e9dia.\" \/>\n\t<meta name=\"robots\" content=\"max-image-preview:large\" \/>\n\t<meta name=\"google-site-verification\" content=\"V-yzxKXBUCATCiI1W_5bHMqCYZQPH0cGOGjcdwe4AHM\" \/>\n\t<link rel=\"canonical\" href=\"https:\/\/garrett.pt\/en\/product\/controladores-3\/\" \/>\n\t<meta name=\"generator\" content=\"All in One SEO Pro (AIOSEO) 4.9.6.1\" \/>\n\t\t<meta property=\"og:locale\" content=\"en_GB\" \/>\n\t\t<meta property=\"og:site_name\" content=\"Garrett Audiovisuais | Projeto e Integra\u00e7\u00e3o de Sistemas Audiovisuais\" \/>\n\t\t<meta property=\"og:type\" content=\"article\" \/>\n\t\t<meta property=\"og:title\" content=\"Controladores | Garrett Audiovisuais\" \/>\n\t\t<meta property=\"og:description\" content=\"Com ou sem processador incorporado, os controladores CUE podem assumir fun\u00e7\u00f5es em stand alone, integrados em amplos sistemas de multim\u00e9dia.\" \/>\n\t\t<meta property=\"og:url\" content=\"https:\/\/garrett.pt\/en\/product\/controladores-3\/\" \/>\n\t\t<meta property=\"og:image\" content=\"https:\/\/garrett.pt\/wp-content\/uploads\/2016\/03\/CUE_Controladores.png\" \/>\n\t\t<meta property=\"og:image:secure_url\" content=\"https:\/\/garrett.pt\/wp-content\/uploads\/2016\/03\/CUE_Controladores.png\" \/>\n\t\t<meta property=\"og:image:width\" content=\"500\" \/>\n\t\t<meta property=\"og:image:height\" content=\"500\" \/>\n\t\t<meta property=\"article:published_time\" content=\"2016-03-16T17:03:18+00:00\" \/>\n\t\t<meta property=\"article:modified_time\" content=\"2016-03-23T09:33:24+00:00\" \/>\n\t\t<meta property=\"article:publisher\" content=\"https:\/\/www.facebook.com\/garrettaudiovisuais\" \/>\n\t\t<meta name=\"twitter:card\" content=\"summary\" \/>\n\t\t<meta name=\"twitter:title\" content=\"Controladores | Garrett Audiovisuais\" \/>\n\t\t<meta name=\"twitter:description\" content=\"Com ou sem processador incorporado, os controladores CUE podem assumir fun\u00e7\u00f5es em stand alone, integrados em amplos sistemas de multim\u00e9dia.\" \/>\n\t\t<meta name=\"twitter:image\" content=\"https:\/\/garrett.pt\/wp-content\/uploads\/2016\/03\/CUE_Controladores.png\" \/>\n\t\t<script type=\"application\/ld+json\" class=\"aioseo-schema\">\n\t\t\t{\"@context\":\"https:\\\/\\\/schema.org\",\"@graph\":[{\"@type\":\"BreadcrumbList\",\"@id\":\"https:\\\/\\\/garrett.pt\\\/en\\\/product\\\/controladores-3\\\/#breadcrumblist\",\"itemListElement\":[{\"@type\":\"ListItem\",\"@id\":\"https:\\\/\\\/garrett.pt\\\/en#listItem\",\"position\":1,\"name\":\"Home\",\"item\":\"https:\\\/\\\/garrett.pt\\\/en\",\"nextItem\":{\"@type\":\"ListItem\",\"@id\":\"https:\\\/\\\/garrett.pt\\\/en\\\/?page_id=927#listItem\",\"name\":\"Private: Shop\"}},{\"@type\":\"ListItem\",\"@id\":\"https:\\\/\\\/garrett.pt\\\/en\\\/?page_id=927#listItem\",\"position\":2,\"name\":\"Private: Shop\",\"item\":\"https:\\\/\\\/garrett.pt\\\/en\\\/?page_id=927\",\"nextItem\":{\"@type\":\"ListItem\",\"@id\":\"https:\\\/\\\/garrett.pt\\\/en\\\/product-category\\\/integracao_multimedia\\\/#listItem\",\"name\":\"Integra\\u00e7\\u00e3o e Multimedia\"},\"previousItem\":{\"@type\":\"ListItem\",\"@id\":\"https:\\\/\\\/garrett.pt\\\/en#listItem\",\"name\":\"Home\"}},{\"@type\":\"ListItem\",\"@id\":\"https:\\\/\\\/garrett.pt\\\/en\\\/product-category\\\/integracao_multimedia\\\/#listItem\",\"position\":3,\"name\":\"Integra\\u00e7\\u00e3o e Multimedia\",\"item\":\"https:\\\/\\\/garrett.pt\\\/en\\\/product-category\\\/integracao_multimedia\\\/\",\"nextItem\":{\"@type\":\"ListItem\",\"@id\":\"https:\\\/\\\/garrett.pt\\\/en\\\/product-category\\\/integracao_multimedia\\\/controladores\\\/#listItem\",\"name\":\"Controladores\"},\"previousItem\":{\"@type\":\"ListItem\",\"@id\":\"https:\\\/\\\/garrett.pt\\\/en\\\/?page_id=927#listItem\",\"name\":\"Private: Shop\"}},{\"@type\":\"ListItem\",\"@id\":\"https:\\\/\\\/garrett.pt\\\/en\\\/product-category\\\/integracao_multimedia\\\/controladores\\\/#listItem\",\"position\":4,\"name\":\"Controladores\",\"item\":\"https:\\\/\\\/garrett.pt\\\/en\\\/product-category\\\/integracao_multimedia\\\/controladores\\\/\",\"nextItem\":{\"@type\":\"ListItem\",\"@id\":\"https:\\\/\\\/garrett.pt\\\/en\\\/product\\\/controladores-3\\\/#listItem\",\"name\":\"Controladores\"},\"previousItem\":{\"@type\":\"ListItem\",\"@id\":\"https:\\\/\\\/garrett.pt\\\/en\\\/product-category\\\/integracao_multimedia\\\/#listItem\",\"name\":\"Integra\\u00e7\\u00e3o e Multimedia\"}},{\"@type\":\"ListItem\",\"@id\":\"https:\\\/\\\/garrett.pt\\\/en\\\/product\\\/controladores-3\\\/#listItem\",\"position\":5,\"name\":\"Controladores\",\"previousItem\":{\"@type\":\"ListItem\",\"@id\":\"https:\\\/\\\/garrett.pt\\\/en\\\/product-category\\\/integracao_multimedia\\\/controladores\\\/#listItem\",\"name\":\"Controladores\"}}]},{\"@type\":\"ItemPage\",\"@id\":\"https:\\\/\\\/garrett.pt\\\/en\\\/product\\\/controladores-3\\\/#itempage\",\"url\":\"https:\\\/\\\/garrett.pt\\\/en\\\/product\\\/controladores-3\\\/\",\"name\":\"Controladores | Garrett Audiovisuais\",\"description\":\"Com ou sem processador incorporado, os controladores CUE podem assumir fun\\u00e7\\u00f5es em stand alone, integrados em amplos sistemas de multim\\u00e9dia.\",\"inLanguage\":\"en-GB\",\"isPartOf\":{\"@id\":\"https:\\\/\\\/garrett.pt\\\/en\\\/#website\"},\"breadcrumb\":{\"@id\":\"https:\\\/\\\/garrett.pt\\\/en\\\/product\\\/controladores-3\\\/#breadcrumblist\"},\"image\":{\"@type\":\"ImageObject\",\"url\":\"https:\\\/\\\/garrett.pt\\\/wp-content\\\/uploads\\\/2016\\\/03\\\/CUE_Controladores.png\",\"@id\":\"https:\\\/\\\/garrett.pt\\\/en\\\/product\\\/controladores-3\\\/#mainImage\",\"width\":500,\"height\":500},\"primaryImageOfPage\":{\"@id\":\"https:\\\/\\\/garrett.pt\\\/en\\\/product\\\/controladores-3\\\/#mainImage\"},\"datePublished\":\"2016-03-16T17:03:18+00:00\",\"dateModified\":\"2016-03-23T09:33:24+00:00\"},{\"@type\":\"Organization\",\"@id\":\"https:\\\/\\\/garrett.pt\\\/en\\\/#organization\",\"name\":\"Garrett Audiovisuais\",\"description\":\"Projeto e Integra\\u00e7\\u00e3o de Sistemas Audiovisuais\",\"url\":\"https:\\\/\\\/garrett.pt\\\/en\\\/\",\"telephone\":\"+351214180134\",\"logo\":{\"@type\":\"ImageObject\",\"url\":\"https:\\\/\\\/garrett.pt\\\/wp-content\\\/uploads\\\/2021\\\/10\\\/1378831_10151703628399331_552396504_n.jpg\",\"@id\":\"https:\\\/\\\/garrett.pt\\\/en\\\/product\\\/controladores-3\\\/#organizationLogo\",\"width\":650,\"height\":650},\"image\":{\"@id\":\"https:\\\/\\\/garrett.pt\\\/en\\\/product\\\/controladores-3\\\/#organizationLogo\"},\"sameAs\":[\"https:\\\/\\\/www.facebook.com\\\/garrettaudiovisuais\",\"https:\\\/\\\/www.instagram.com\\\/garrettaudiovisuais\\\/\",\"https:\\\/\\\/www.youtube.com\\\/channel\\\/UCMLMFyCLpAQ3D4cYmzC34PQ\",\"https:\\\/\\\/www.linkedin.com\\\/company\\\/garrett-audiovisuais\",\"https:\\\/\\\/www.threads.net\\\/@garrettaudiovisuais\",\"https:\\\/\\\/bsky.app\\\/profile\\\/garrettsa.bsky.social\"]},{\"@type\":\"WebPage\",\"@id\":\"https:\\\/\\\/garrett.pt\\\/en\\\/product\\\/controladores-3\\\/#webpage\",\"url\":\"https:\\\/\\\/garrett.pt\\\/en\\\/product\\\/controladores-3\\\/\",\"name\":\"Controladores | Garrett Audiovisuais\",\"description\":\"Com ou sem processador incorporado, os controladores CUE podem assumir fun\\u00e7\\u00f5es em stand alone, integrados em amplos sistemas de multim\\u00e9dia.\",\"inLanguage\":\"en-GB\",\"isPartOf\":{\"@id\":\"https:\\\/\\\/garrett.pt\\\/en\\\/#website\"},\"breadcrumb\":{\"@id\":\"https:\\\/\\\/garrett.pt\\\/en\\\/product\\\/controladores-3\\\/#breadcrumblist\"},\"image\":{\"@type\":\"ImageObject\",\"url\":\"https:\\\/\\\/garrett.pt\\\/wp-content\\\/uploads\\\/2016\\\/03\\\/CUE_Controladores.png\",\"@id\":\"https:\\\/\\\/garrett.pt\\\/en\\\/product\\\/controladores-3\\\/#mainImage\",\"width\":500,\"height\":500},\"primaryImageOfPage\":{\"@id\":\"https:\\\/\\\/garrett.pt\\\/en\\\/product\\\/controladores-3\\\/#mainImage\"},\"datePublished\":\"2016-03-16T17:03:18+00:00\",\"dateModified\":\"2016-03-23T09:33:24+00:00\"},{\"@type\":\"WebSite\",\"@id\":\"https:\\\/\\\/garrett.pt\\\/en\\\/#website\",\"url\":\"https:\\\/\\\/garrett.pt\\\/en\\\/\",\"name\":\"Garrett Audiovisuais\",\"description\":\"Projeto e Integra\\u00e7\\u00e3o de Sistemas Audiovisuais\",\"inLanguage\":\"en-GB\",\"publisher\":{\"@id\":\"https:\\\/\\\/garrett.pt\\\/en\\\/#organization\"}}]}\n\t\t<\/script>\n\t\t<!-- All in One SEO Pro -->\r\n\t\t<title>Controladores | Garrett Audiovisuais<\/title>\n\n","aioseo_head_json":{"title":"Controllers | Garrett Audiovisuals","description":"With or without a built-in processor, CUE controllers can take on stand-alone functions, integrated into large multimedia systems.","canonical_url":"https:\/\/garrett.pt\/en\/product\/controladores-3\/","robots":"max-image-preview:large","keywords":"","webmasterTools":{"google-site-verification":"V-yzxKXBUCATCiI1W_5bHMqCYZQPH0cGOGjcdwe4AHM","miscellaneous":""},"schema":{"@context":"https:\/\/schema.org","@graph":[{"@type":"BreadcrumbList","@id":"https:\/\/garrett.pt\/en\/product\/controladores-3\/#breadcrumblist","itemListElement":[{"@type":"ListItem","@id":"https:\/\/garrett.pt\/en#listItem","position":1,"name":"Home","item":"https:\/\/garrett.pt\/en","nextItem":{"@type":"ListItem","@id":"https:\/\/garrett.pt\/en\/?page_id=927#listItem","name":"Private: Shop"}},{"@type":"ListItem","@id":"https:\/\/garrett.pt\/en\/?page_id=927#listItem","position":2,"name":"Private: Shop","item":"https:\/\/garrett.pt\/en\/?page_id=927","nextItem":{"@type":"ListItem","@id":"https:\/\/garrett.pt\/en\/product-category\/integracao_multimedia\/#listItem","name":"Integra\u00e7\u00e3o e Multimedia"},"previousItem":{"@type":"ListItem","@id":"https:\/\/garrett.pt\/en#listItem","name":"Home"}},{"@type":"ListItem","@id":"https:\/\/garrett.pt\/en\/product-category\/integracao_multimedia\/#listItem","position":3,"name":"Integra\u00e7\u00e3o e Multimedia","item":"https:\/\/garrett.pt\/en\/product-category\/integracao_multimedia\/","nextItem":{"@type":"ListItem","@id":"https:\/\/garrett.pt\/en\/product-category\/integracao_multimedia\/controladores\/#listItem","name":"Controladores"},"previousItem":{"@type":"ListItem","@id":"https:\/\/garrett.pt\/en\/?page_id=927#listItem","name":"Private: Shop"}},{"@type":"ListItem","@id":"https:\/\/garrett.pt\/en\/product-category\/integracao_multimedia\/controladores\/#listItem","position":4,"name":"Controladores","item":"https:\/\/garrett.pt\/en\/product-category\/integracao_multimedia\/controladores\/","nextItem":{"@type":"ListItem","@id":"https:\/\/garrett.pt\/en\/product\/controladores-3\/#listItem","name":"Controladores"},"previousItem":{"@type":"ListItem","@id":"https:\/\/garrett.pt\/en\/product-category\/integracao_multimedia\/#listItem","name":"Integra\u00e7\u00e3o e Multimedia"}},{"@type":"ListItem","@id":"https:\/\/garrett.pt\/en\/product\/controladores-3\/#listItem","position":5,"name":"Controladores","previousItem":{"@type":"ListItem","@id":"https:\/\/garrett.pt\/en\/product-category\/integracao_multimedia\/controladores\/#listItem","name":"Controladores"}}]},{"@type":"ItemPage","@id":"https:\/\/garrett.pt\/en\/product\/controladores-3\/#itempage","url":"https:\/\/garrett.pt\/en\/product\/controladores-3\/","name":"Controladores | Garrett Audiovisuais","description":"Com ou sem processador incorporado, os controladores CUE podem assumir fun\u00e7\u00f5es em stand alone, integrados em amplos sistemas de multim\u00e9dia.","inLanguage":"en-GB","isPartOf":{"@id":"https:\/\/garrett.pt\/en\/#website"},"breadcrumb":{"@id":"https:\/\/garrett.pt\/en\/product\/controladores-3\/#breadcrumblist"},"image":{"@type":"ImageObject","url":"https:\/\/garrett.pt\/wp-content\/uploads\/2016\/03\/CUE_Controladores.png","@id":"https:\/\/garrett.pt\/en\/product\/controladores-3\/#mainImage","width":500,"height":500},"primaryImageOfPage":{"@id":"https:\/\/garrett.pt\/en\/product\/controladores-3\/#mainImage"},"datePublished":"2016-03-16T17:03:18+00:00","dateModified":"2016-03-23T09:33:24+00:00"},{"@type":"Organization","@id":"https:\/\/garrett.pt\/en\/#organization","name":"Garrett Audiovisuais","description":"Projeto e Integra\u00e7\u00e3o de Sistemas Audiovisuais","url":"https:\/\/garrett.pt\/en\/","telephone":"+351214180134","logo":{"@type":"ImageObject","url":"https:\/\/garrett.pt\/wp-content\/uploads\/2021\/10\/1378831_10151703628399331_552396504_n.jpg","@id":"https:\/\/garrett.pt\/en\/product\/controladores-3\/#organizationLogo","width":650,"height":650},"image":{"@id":"https:\/\/garrett.pt\/en\/product\/controladores-3\/#organizationLogo"},"sameAs":["https:\/\/www.facebook.com\/garrettaudiovisuais","https:\/\/www.instagram.com\/garrettaudiovisuais\/","https:\/\/www.youtube.com\/channel\/UCMLMFyCLpAQ3D4cYmzC34PQ","https:\/\/www.linkedin.com\/company\/garrett-audiovisuais","https:\/\/www.threads.net\/@garrettaudiovisuais","https:\/\/bsky.app\/profile\/garrettsa.bsky.social"]},{"@type":"WebPage","@id":"https:\/\/garrett.pt\/en\/product\/controladores-3\/#webpage","url":"https:\/\/garrett.pt\/en\/product\/controladores-3\/","name":"Controladores | Garrett Audiovisuais","description":"Com ou sem processador incorporado, os controladores CUE podem assumir fun\u00e7\u00f5es em stand alone, integrados em amplos sistemas de multim\u00e9dia.","inLanguage":"en-GB","isPartOf":{"@id":"https:\/\/garrett.pt\/en\/#website"},"breadcrumb":{"@id":"https:\/\/garrett.pt\/en\/product\/controladores-3\/#breadcrumblist"},"image":{"@type":"ImageObject","url":"https:\/\/garrett.pt\/wp-content\/uploads\/2016\/03\/CUE_Controladores.png","@id":"https:\/\/garrett.pt\/en\/product\/controladores-3\/#mainImage","width":500,"height":500},"primaryImageOfPage":{"@id":"https:\/\/garrett.pt\/en\/product\/controladores-3\/#mainImage"},"datePublished":"2016-03-16T17:03:18+00:00","dateModified":"2016-03-23T09:33:24+00:00"},{"@type":"WebSite","@id":"https:\/\/garrett.pt\/en\/#website","url":"https:\/\/garrett.pt\/en\/","name":"Garrett Audiovisuais","description":"Projeto e Integra\u00e7\u00e3o de Sistemas Audiovisuais","inLanguage":"en-GB","publisher":{"@id":"https:\/\/garrett.pt\/en\/#organization"}}]},"og:locale":"en_GB","og:site_name":"Garrett Audiovisuais | Projeto e Integra\u00e7\u00e3o de Sistemas Audiovisuais","og:type":"article","og:title":"Controladores | Garrett Audiovisuais","og:description":"Com ou sem processador incorporado, os controladores CUE podem assumir fun\u00e7\u00f5es em stand alone, integrados em amplos sistemas de multim\u00e9dia.","og:url":"https:\/\/garrett.pt\/en\/product\/controladores-3\/","og:image":"https:\/\/garrett.pt\/wp-content\/uploads\/2016\/03\/CUE_Controladores.png","og:image:secure_url":"https:\/\/garrett.pt\/wp-content\/uploads\/2016\/03\/CUE_Controladores.png","og:image:width":500,"og:image:height":500,"article:published_time":"2016-03-16T17:03:18+00:00","article:modified_time":"2016-03-23T09:33:24+00:00","article:publisher":"https:\/\/www.facebook.com\/garrettaudiovisuais","twitter:card":"summary","twitter:title":"Controladores | Garrett Audiovisuais","twitter:description":"Com ou sem processador incorporado, os controladores CUE podem assumir fun\u00e7\u00f5es em stand alone, integrados em amplos sistemas de multim\u00e9dia.","twitter:image":"https:\/\/garrett.pt\/wp-content\/uploads\/2016\/03\/CUE_Controladores.png"},"aioseo_meta_data":{"post_id":"2557","title":null,"description":null,"keywords":null,"keyphrases":null,"primary_term":null,"canonical_url":null,"og_title":null,"og_description":null,"og_object_type":"default","og_image_type":"default","og_image_url":null,"og_image_width":null,"og_image_height":null,"og_image_custom_url":null,"og_image_custom_fields":null,"og_video":null,"og_custom_url":null,"og_article_section":null,"og_article_tags":null,"twitter_use_og":false,"twitter_card":"default","twitter_image_type":"default","twitter_image_url":null,"twitter_image_custom_url":null,"twitter_image_custom_fields":null,"twitter_title":null,"twitter_description":null,"schema":{"blockGraphs":[],"customGraphs":[],"default":{"data":{"Article":[],"Course":[],"Dataset":[],"FAQPage":[],"Movie":[],"Person":[],"Product":[],"ProductReview":[],"Car":[],"Recipe":[],"Service":[],"SoftwareApplication":[],"WebPage":[]},"graphName":"","isEnabled":true},"graphs":[]},"schema_type":null,"schema_type_options":null,"pillar_content":false,"robots_default":true,"robots_noindex":false,"robots_noarchive":false,"robots_nosnippet":false,"robots_nofollow":false,"robots_noimageindex":false,"robots_noodp":false,"robots_notranslate":false,"robots_max_snippet":null,"robots_max_videopreview":null,"robots_max_imagepreview":"large","priority":null,"frequency":null,"local_seo":null,"seo_analyzer_scan_date":"2025-10-13 18:19:48","breadcrumb_settings":null,"limit_modified_date":false,"reviewed_by":null,"open_ai":null,"ai":null,"created":"2021-09-22 12:34:55","updated":"2025-10-13 18:19:48"},"aioseo_breadcrumb":"<div class=\"aioseo-breadcrumbs\"><span class=\"aioseo-breadcrumb\">\n\t<a href=\"https:\/\/garrett.pt\/en\" title=\"Home\">Home<\/a>\n<\/span><span class=\"aioseo-breadcrumb-separator\">&raquo;<\/span><span class=\"aioseo-breadcrumb\">\n\t<a href=\"https:\/\/garrett.pt\/en\/?page_id=927\" title=\"Private: Shop\">Private: Shop<\/a>\n<\/span><span class=\"aioseo-breadcrumb-separator\">&raquo;<\/span><span class=\"aioseo-breadcrumb\">\n\t<a href=\"https:\/\/garrett.pt\/en\/product-category\/integracao_multimedia\/\" title=\"Integra\u00e7\u00e3o e Multimedia\">Integra\u00e7\u00e3o e Multimedia<\/a>\n<\/span><span class=\"aioseo-breadcrumb-separator\">&raquo;<\/span><span class=\"aioseo-breadcrumb\">\n\t<a href=\"https:\/\/garrett.pt\/en\/product-category\/integracao_multimedia\/controladores\/\" title=\"Controladores\">Controladores<\/a>\n<\/span><span class=\"aioseo-breadcrumb-separator\">&raquo;<\/span><span class=\"aioseo-breadcrumb\">\n\tControladores\n<\/span><\/div>","aioseo_breadcrumb_json":[{"label":"Home","link":"https:\/\/garrett.pt\/en"},{"label":"Private: Shop","link":"https:\/\/garrett.pt\/en\/?page_id=927"},{"label":"Integra\u00e7\u00e3o e Multimedia","link":"https:\/\/garrett.pt\/en\/product-category\/integracao_multimedia\/"},{"label":"Controladores","link":"https:\/\/garrett.pt\/en\/product-category\/integracao_multimedia\/controladores\/"},{"label":"Controladores","link":"https:\/\/garrett.pt\/en\/product\/controladores-3\/"}],"_links":{"self":[{"href":"https:\/\/garrett.pt\/en\/wp-json\/wp\/v2\/product\/2557","targetHints":{"allow":["GET"]}}],"collection":[{"href":"https:\/\/garrett.pt\/en\/wp-json\/wp\/v2\/product"}],"about":[{"href":"https:\/\/garrett.pt\/en\/wp-json\/wp\/v2\/types\/product"}],"replies":[{"embeddable":true,"href":"https:\/\/garrett.pt\/en\/wp-json\/wp\/v2\/comments?post=2557"}],"wp:featuredmedia":[{"embeddable":true,"href":"https:\/\/garrett.pt\/en\/wp-json\/wp\/v2\/media\/2597"}],"wp:attachment":[{"href":"https:\/\/garrett.pt\/en\/wp-json\/wp\/v2\/media?parent=2557"}],"wp:term":[{"taxonomy":"product_brand","embeddable":true,"href":"https:\/\/garrett.pt\/en\/wp-json\/wp\/v2\/product_brand?post=2557"},{"taxonomy":"product_cat","embeddable":true,"href":"https:\/\/garrett.pt\/en\/wp-json\/wp\/v2\/product_cat?post=2557"},{"taxonomy":"product_tag","embeddable":true,"href":"https:\/\/garrett.pt\/en\/wp-json\/wp\/v2\/product_tag?post=2557"}],"curies":[{"name":"wp","href":"https:\/\/api.w.org\/{rel}","templated":true}]}}