{"id":2569,"date":"2016-03-18T10:38:19","date_gmt":"2016-03-18T10:38:19","guid":{"rendered":"http:\/\/ptm.garrett.pt\/?post_type=product&#038;p=2569"},"modified":"2016-03-18T10:38:19","modified_gmt":"2016-03-18T10:38:19","slug":"consolas-de-controlo-de-iluminacao-vista","status":"publish","type":"product","link":"https:\/\/garrett.pt\/en\/product\/consolas-de-controlo-de-iluminacao-vista\/","title":{"rendered":"Lighting Control Consoles \u2013 VISTA"},"content":{"rendered":"<p><span style=\"font-weight: 400;\">\u2013 Vista L5: designed and developed with the contribution of those responsible for the best lighting shows worldwide. A new 21\u201d HD screen with Wacom tablet allows the user to quickly and intuitively manage motorized projectors, media servers and LED systems. Through this screen, you can see the entire rig at once and have instant access to presets, palettes, effects and more. The sharpness of the screen allows you to add a lot of information, realized in a clear graphic.<\/span><\/p>\n<p><span style=\"font-weight: 400;\">In addition to a large screen, the L5 has all the tools to create and manage any lighting\/multimedia show, such as, for example, the 16 DMX universes processed internally, a backlit keyboard to work in dark environments and the 25 physical playbacks subtitled by LCD&#039;s. and that can be unfolded giving 70 playbacks per page.<\/span><\/p>\n<p><span style=\"font-weight: 400;\">The new Vista L5 is ready for the most demanding performance imaginable. The breath is guaranteed by an Intel Core i7 processor with 8GB of DRAM, running on a super stable Linux Operating System. All this compartmentalized in an extremely light, resistant and stylish unibody chassis. <\/span><\/p>\n<p><span style=\"font-weight: 400;\">Combining 2nd generation software with an extremely well-crafted design, the new Vista L5 thus proves that lighting\/multimedia control at the highest level doesn&#039;t necessarily have to be a complicated thing!.<\/p>\n<p>\u2013 Vista I3 Console: The Nova Jands VISTA i3 responds to the request of many lighting technicians, presenting a compact table but with a Processor, Linux OS and Control Software incorporated.<\/span><\/p>","protected":false},"excerpt":{"rendered":"<p><span style=\"font-weight: 400;\">A line of lighting control tables, precursor of the WYSIWYG concept.<\/span><\/p>","protected":false},"featured_media":2611,"comment_status":"closed","ping_status":"closed","template":"","meta":{"cybocfi_hide_featured_image":""},"product_brand":[],"product_cat":[61,85,217],"product_tag":[],"class_list":{"0":"post-2569","1":"product","2":"type-product","3":"status-publish","4":"has-post-thumbnail","6":"product_cat-iluminacao","7":"product_cat-jands-vista","8":"product_cat-mesas-de-controlo","9":"post","10":"post-with-thumbnail","11":"post-with-thumbnail-large","13":"first","14":"instock","15":"taxable","16":"shipping-taxable","17":"product-type-simple"},"aioseo_notices":[],"aioseo_head":"\n\t\t<!-- All in One SEO Pro 4.9.6.1 - aioseo.com -->\n\t<meta name=\"description\" content=\"Uma linha de mesas de controlo de ilumina\u00e7\u00e3o, percursora do conceito WYSIWYG.\" \/>\n\t<meta name=\"robots\" content=\"max-image-preview:large\" \/>\n\t<meta name=\"google-site-verification\" content=\"V-yzxKXBUCATCiI1W_5bHMqCYZQPH0cGOGjcdwe4AHM\" \/>\n\t<link rel=\"canonical\" href=\"https:\/\/garrett.pt\/en\/product\/consolas-de-controlo-de-iluminacao-vista\/\" \/>\n\t<meta name=\"generator\" content=\"All in One SEO Pro (AIOSEO) 4.9.6.1\" \/>\n\t\t<meta property=\"og:locale\" content=\"en_GB\" \/>\n\t\t<meta property=\"og:site_name\" content=\"Garrett Audiovisuais | Projeto e Integra\u00e7\u00e3o de Sistemas Audiovisuais\" \/>\n\t\t<meta property=\"og:type\" content=\"article\" \/>\n\t\t<meta property=\"og:title\" content=\"Consolas de Controlo de Ilumina\u00e7\u00e3o \u2013 VISTA | Garrett Audiovisuais\" \/>\n\t\t<meta property=\"og:description\" content=\"Uma linha de mesas de controlo de ilumina\u00e7\u00e3o, percursora do conceito WYSIWYG.\" \/>\n\t\t<meta property=\"og:url\" content=\"https:\/\/garrett.pt\/en\/product\/consolas-de-controlo-de-iluminacao-vista\/\" \/>\n\t\t<meta property=\"og:image\" content=\"https:\/\/garrett.pt\/wp-content\/uploads\/2016\/03\/JandsVista_MesasWYSIWYG.png\" \/>\n\t\t<meta property=\"og:image:secure_url\" content=\"https:\/\/garrett.pt\/wp-content\/uploads\/2016\/03\/JandsVista_MesasWYSIWYG.png\" \/>\n\t\t<meta property=\"og:image:width\" content=\"500\" \/>\n\t\t<meta property=\"og:image:height\" content=\"500\" \/>\n\t\t<meta property=\"article:published_time\" content=\"2016-03-18T10:38:19+00:00\" \/>\n\t\t<meta property=\"article:modified_time\" content=\"2016-03-18T10:38:19+00:00\" \/>\n\t\t<meta property=\"article:publisher\" content=\"https:\/\/www.facebook.com\/garrettaudiovisuais\" \/>\n\t\t<meta name=\"twitter:card\" content=\"summary\" \/>\n\t\t<meta name=\"twitter:title\" content=\"Consolas de Controlo de Ilumina\u00e7\u00e3o \u2013 VISTA | Garrett Audiovisuais\" \/>\n\t\t<meta name=\"twitter:description\" content=\"Uma linha de mesas de controlo de ilumina\u00e7\u00e3o, percursora do conceito WYSIWYG.\" \/>\n\t\t<meta name=\"twitter:image\" content=\"https:\/\/garrett.pt\/wp-content\/uploads\/2016\/03\/JandsVista_MesasWYSIWYG.png\" \/>\n\t\t<script type=\"application\/ld+json\" class=\"aioseo-schema\">\n\t\t\t{\"@context\":\"https:\\\/\\\/schema.org\",\"@graph\":[{\"@type\":\"BreadcrumbList\",\"@id\":\"https:\\\/\\\/garrett.pt\\\/en\\\/product\\\/consolas-de-controlo-de-iluminacao-vista\\\/#breadcrumblist\",\"itemListElement\":[{\"@type\":\"ListItem\",\"@id\":\"https:\\\/\\\/garrett.pt\\\/en#listItem\",\"position\":1,\"name\":\"Home\",\"item\":\"https:\\\/\\\/garrett.pt\\\/en\",\"nextItem\":{\"@type\":\"ListItem\",\"@id\":\"https:\\\/\\\/garrett.pt\\\/en\\\/?page_id=927#listItem\",\"name\":\"Private: Shop\"}},{\"@type\":\"ListItem\",\"@id\":\"https:\\\/\\\/garrett.pt\\\/en\\\/?page_id=927#listItem\",\"position\":2,\"name\":\"Private: Shop\",\"item\":\"https:\\\/\\\/garrett.pt\\\/en\\\/?page_id=927\",\"nextItem\":{\"@type\":\"ListItem\",\"@id\":\"https:\\\/\\\/garrett.pt\\\/en\\\/product-category\\\/iluminacao\\\/#listItem\",\"name\":\"Ilumina\\u00e7\\u00e3o\"},\"previousItem\":{\"@type\":\"ListItem\",\"@id\":\"https:\\\/\\\/garrett.pt\\\/en#listItem\",\"name\":\"Home\"}},{\"@type\":\"ListItem\",\"@id\":\"https:\\\/\\\/garrett.pt\\\/en\\\/product-category\\\/iluminacao\\\/#listItem\",\"position\":3,\"name\":\"Ilumina\\u00e7\\u00e3o\",\"item\":\"https:\\\/\\\/garrett.pt\\\/en\\\/product-category\\\/iluminacao\\\/\",\"nextItem\":{\"@type\":\"ListItem\",\"@id\":\"https:\\\/\\\/garrett.pt\\\/en\\\/product-category\\\/iluminacao\\\/mesas-de-controlo\\\/#listItem\",\"name\":\"Mesas de Controlo\"},\"previousItem\":{\"@type\":\"ListItem\",\"@id\":\"https:\\\/\\\/garrett.pt\\\/en\\\/?page_id=927#listItem\",\"name\":\"Private: Shop\"}},{\"@type\":\"ListItem\",\"@id\":\"https:\\\/\\\/garrett.pt\\\/en\\\/product-category\\\/iluminacao\\\/mesas-de-controlo\\\/#listItem\",\"position\":4,\"name\":\"Mesas de Controlo\",\"item\":\"https:\\\/\\\/garrett.pt\\\/en\\\/product-category\\\/iluminacao\\\/mesas-de-controlo\\\/\",\"nextItem\":{\"@type\":\"ListItem\",\"@id\":\"https:\\\/\\\/garrett.pt\\\/en\\\/product\\\/consolas-de-controlo-de-iluminacao-vista\\\/#listItem\",\"name\":\"Consolas de Controlo de Ilumina\\u00e7\\u00e3o &#8211; VISTA\"},\"previousItem\":{\"@type\":\"ListItem\",\"@id\":\"https:\\\/\\\/garrett.pt\\\/en\\\/product-category\\\/iluminacao\\\/#listItem\",\"name\":\"Ilumina\\u00e7\\u00e3o\"}},{\"@type\":\"ListItem\",\"@id\":\"https:\\\/\\\/garrett.pt\\\/en\\\/product\\\/consolas-de-controlo-de-iluminacao-vista\\\/#listItem\",\"position\":5,\"name\":\"Consolas de Controlo de Ilumina\\u00e7\\u00e3o &#8211; VISTA\",\"previousItem\":{\"@type\":\"ListItem\",\"@id\":\"https:\\\/\\\/garrett.pt\\\/en\\\/product-category\\\/iluminacao\\\/mesas-de-controlo\\\/#listItem\",\"name\":\"Mesas de Controlo\"}}]},{\"@type\":\"ItemPage\",\"@id\":\"https:\\\/\\\/garrett.pt\\\/en\\\/product\\\/consolas-de-controlo-de-iluminacao-vista\\\/#itempage\",\"url\":\"https:\\\/\\\/garrett.pt\\\/en\\\/product\\\/consolas-de-controlo-de-iluminacao-vista\\\/\",\"name\":\"Consolas de Controlo de Ilumina\\u00e7\\u00e3o \\u2013 VISTA | Garrett Audiovisuais\",\"description\":\"Uma linha de mesas de controlo de ilumina\\u00e7\\u00e3o, percursora do conceito WYSIWYG.\",\"inLanguage\":\"en-GB\",\"isPartOf\":{\"@id\":\"https:\\\/\\\/garrett.pt\\\/en\\\/#website\"},\"breadcrumb\":{\"@id\":\"https:\\\/\\\/garrett.pt\\\/en\\\/product\\\/consolas-de-controlo-de-iluminacao-vista\\\/#breadcrumblist\"},\"image\":{\"@type\":\"ImageObject\",\"url\":\"https:\\\/\\\/garrett.pt\\\/wp-content\\\/uploads\\\/2016\\\/03\\\/JandsVista_MesasWYSIWYG.png\",\"@id\":\"https:\\\/\\\/garrett.pt\\\/en\\\/product\\\/consolas-de-controlo-de-iluminacao-vista\\\/#mainImage\",\"width\":500,\"height\":500},\"primaryImageOfPage\":{\"@id\":\"https:\\\/\\\/garrett.pt\\\/en\\\/product\\\/consolas-de-controlo-de-iluminacao-vista\\\/#mainImage\"},\"datePublished\":\"2016-03-18T10:38:19+00:00\",\"dateModified\":\"2016-03-18T10:38:19+00:00\"},{\"@type\":\"Organization\",\"@id\":\"https:\\\/\\\/garrett.pt\\\/en\\\/#organization\",\"name\":\"Garrett Audiovisuais\",\"description\":\"Projeto e Integra\\u00e7\\u00e3o de Sistemas Audiovisuais\",\"url\":\"https:\\\/\\\/garrett.pt\\\/en\\\/\",\"telephone\":\"+351214180134\",\"logo\":{\"@type\":\"ImageObject\",\"url\":\"https:\\\/\\\/garrett.pt\\\/wp-content\\\/uploads\\\/2021\\\/10\\\/1378831_10151703628399331_552396504_n.jpg\",\"@id\":\"https:\\\/\\\/garrett.pt\\\/en\\\/product\\\/consolas-de-controlo-de-iluminacao-vista\\\/#organizationLogo\",\"width\":650,\"height\":650},\"image\":{\"@id\":\"https:\\\/\\\/garrett.pt\\\/en\\\/product\\\/consolas-de-controlo-de-iluminacao-vista\\\/#organizationLogo\"},\"sameAs\":[\"https:\\\/\\\/www.facebook.com\\\/garrettaudiovisuais\",\"https:\\\/\\\/www.instagram.com\\\/garrettaudiovisuais\\\/\",\"https:\\\/\\\/www.youtube.com\\\/channel\\\/UCMLMFyCLpAQ3D4cYmzC34PQ\",\"https:\\\/\\\/www.linkedin.com\\\/company\\\/garrett-audiovisuais\",\"https:\\\/\\\/www.threads.net\\\/@garrettaudiovisuais\",\"https:\\\/\\\/bsky.app\\\/profile\\\/garrettsa.bsky.social\"]},{\"@type\":\"WebPage\",\"@id\":\"https:\\\/\\\/garrett.pt\\\/en\\\/product\\\/consolas-de-controlo-de-iluminacao-vista\\\/#webpage\",\"url\":\"https:\\\/\\\/garrett.pt\\\/en\\\/product\\\/consolas-de-controlo-de-iluminacao-vista\\\/\",\"name\":\"Consolas de Controlo de Ilumina\\u00e7\\u00e3o \\u2013 VISTA | Garrett Audiovisuais\",\"description\":\"Uma linha de mesas de controlo de ilumina\\u00e7\\u00e3o, percursora do conceito WYSIWYG.\",\"inLanguage\":\"en-GB\",\"isPartOf\":{\"@id\":\"https:\\\/\\\/garrett.pt\\\/en\\\/#website\"},\"breadcrumb\":{\"@id\":\"https:\\\/\\\/garrett.pt\\\/en\\\/product\\\/consolas-de-controlo-de-iluminacao-vista\\\/#breadcrumblist\"},\"image\":{\"@type\":\"ImageObject\",\"url\":\"https:\\\/\\\/garrett.pt\\\/wp-content\\\/uploads\\\/2016\\\/03\\\/JandsVista_MesasWYSIWYG.png\",\"@id\":\"https:\\\/\\\/garrett.pt\\\/en\\\/product\\\/consolas-de-controlo-de-iluminacao-vista\\\/#mainImage\",\"width\":500,\"height\":500},\"primaryImageOfPage\":{\"@id\":\"https:\\\/\\\/garrett.pt\\\/en\\\/product\\\/consolas-de-controlo-de-iluminacao-vista\\\/#mainImage\"},\"datePublished\":\"2016-03-18T10:38:19+00:00\",\"dateModified\":\"2016-03-18T10:38:19+00:00\"},{\"@type\":\"WebSite\",\"@id\":\"https:\\\/\\\/garrett.pt\\\/en\\\/#website\",\"url\":\"https:\\\/\\\/garrett.pt\\\/en\\\/\",\"name\":\"Garrett Audiovisuais\",\"description\":\"Projeto e Integra\\u00e7\\u00e3o de Sistemas Audiovisuais\",\"inLanguage\":\"en-GB\",\"publisher\":{\"@id\":\"https:\\\/\\\/garrett.pt\\\/en\\\/#organization\"}}]}\n\t\t<\/script>\n\t\t<!-- All in One SEO Pro -->\r\n\t\t<title>Consolas de Controlo de Ilumina\u00e7\u00e3o \u2013 VISTA | Garrett Audiovisuais<\/title>\n\n","aioseo_head_json":{"title":"Lighting Control Consoles \u2013 VISTA | Garrett Audiovisuals","description":"A line of lighting control tables, precursor of the WYSIWYG concept.","canonical_url":"https:\/\/garrett.pt\/en\/product\/consolas-de-controlo-de-iluminacao-vista\/","robots":"max-image-preview:large","keywords":"","webmasterTools":{"google-site-verification":"V-yzxKXBUCATCiI1W_5bHMqCYZQPH0cGOGjcdwe4AHM","miscellaneous":""},"schema":{"@context":"https:\/\/schema.org","@graph":[{"@type":"BreadcrumbList","@id":"https:\/\/garrett.pt\/en\/product\/consolas-de-controlo-de-iluminacao-vista\/#breadcrumblist","itemListElement":[{"@type":"ListItem","@id":"https:\/\/garrett.pt\/en#listItem","position":1,"name":"Home","item":"https:\/\/garrett.pt\/en","nextItem":{"@type":"ListItem","@id":"https:\/\/garrett.pt\/en\/?page_id=927#listItem","name":"Private: Shop"}},{"@type":"ListItem","@id":"https:\/\/garrett.pt\/en\/?page_id=927#listItem","position":2,"name":"Private: Shop","item":"https:\/\/garrett.pt\/en\/?page_id=927","nextItem":{"@type":"ListItem","@id":"https:\/\/garrett.pt\/en\/product-category\/iluminacao\/#listItem","name":"Ilumina\u00e7\u00e3o"},"previousItem":{"@type":"ListItem","@id":"https:\/\/garrett.pt\/en#listItem","name":"Home"}},{"@type":"ListItem","@id":"https:\/\/garrett.pt\/en\/product-category\/iluminacao\/#listItem","position":3,"name":"Ilumina\u00e7\u00e3o","item":"https:\/\/garrett.pt\/en\/product-category\/iluminacao\/","nextItem":{"@type":"ListItem","@id":"https:\/\/garrett.pt\/en\/product-category\/iluminacao\/mesas-de-controlo\/#listItem","name":"Mesas de Controlo"},"previousItem":{"@type":"ListItem","@id":"https:\/\/garrett.pt\/en\/?page_id=927#listItem","name":"Private: Shop"}},{"@type":"ListItem","@id":"https:\/\/garrett.pt\/en\/product-category\/iluminacao\/mesas-de-controlo\/#listItem","position":4,"name":"Mesas de Controlo","item":"https:\/\/garrett.pt\/en\/product-category\/iluminacao\/mesas-de-controlo\/","nextItem":{"@type":"ListItem","@id":"https:\/\/garrett.pt\/en\/product\/consolas-de-controlo-de-iluminacao-vista\/#listItem","name":"Consolas de Controlo de Ilumina\u00e7\u00e3o &#8211; VISTA"},"previousItem":{"@type":"ListItem","@id":"https:\/\/garrett.pt\/en\/product-category\/iluminacao\/#listItem","name":"Ilumina\u00e7\u00e3o"}},{"@type":"ListItem","@id":"https:\/\/garrett.pt\/en\/product\/consolas-de-controlo-de-iluminacao-vista\/#listItem","position":5,"name":"Consolas de Controlo de Ilumina\u00e7\u00e3o &#8211; VISTA","previousItem":{"@type":"ListItem","@id":"https:\/\/garrett.pt\/en\/product-category\/iluminacao\/mesas-de-controlo\/#listItem","name":"Mesas de Controlo"}}]},{"@type":"ItemPage","@id":"https:\/\/garrett.pt\/en\/product\/consolas-de-controlo-de-iluminacao-vista\/#itempage","url":"https:\/\/garrett.pt\/en\/product\/consolas-de-controlo-de-iluminacao-vista\/","name":"Consolas de Controlo de Ilumina\u00e7\u00e3o \u2013 VISTA | Garrett Audiovisuais","description":"Uma linha de mesas de controlo de ilumina\u00e7\u00e3o, percursora do conceito WYSIWYG.","inLanguage":"en-GB","isPartOf":{"@id":"https:\/\/garrett.pt\/en\/#website"},"breadcrumb":{"@id":"https:\/\/garrett.pt\/en\/product\/consolas-de-controlo-de-iluminacao-vista\/#breadcrumblist"},"image":{"@type":"ImageObject","url":"https:\/\/garrett.pt\/wp-content\/uploads\/2016\/03\/JandsVista_MesasWYSIWYG.png","@id":"https:\/\/garrett.pt\/en\/product\/consolas-de-controlo-de-iluminacao-vista\/#mainImage","width":500,"height":500},"primaryImageOfPage":{"@id":"https:\/\/garrett.pt\/en\/product\/consolas-de-controlo-de-iluminacao-vista\/#mainImage"},"datePublished":"2016-03-18T10:38:19+00:00","dateModified":"2016-03-18T10:38:19+00:00"},{"@type":"Organization","@id":"https:\/\/garrett.pt\/en\/#organization","name":"Garrett Audiovisuais","description":"Projeto e Integra\u00e7\u00e3o de Sistemas Audiovisuais","url":"https:\/\/garrett.pt\/en\/","telephone":"+351214180134","logo":{"@type":"ImageObject","url":"https:\/\/garrett.pt\/wp-content\/uploads\/2021\/10\/1378831_10151703628399331_552396504_n.jpg","@id":"https:\/\/garrett.pt\/en\/product\/consolas-de-controlo-de-iluminacao-vista\/#organizationLogo","width":650,"height":650},"image":{"@id":"https:\/\/garrett.pt\/en\/product\/consolas-de-controlo-de-iluminacao-vista\/#organizationLogo"},"sameAs":["https:\/\/www.facebook.com\/garrettaudiovisuais","https:\/\/www.instagram.com\/garrettaudiovisuais\/","https:\/\/www.youtube.com\/channel\/UCMLMFyCLpAQ3D4cYmzC34PQ","https:\/\/www.linkedin.com\/company\/garrett-audiovisuais","https:\/\/www.threads.net\/@garrettaudiovisuais","https:\/\/bsky.app\/profile\/garrettsa.bsky.social"]},{"@type":"WebPage","@id":"https:\/\/garrett.pt\/en\/product\/consolas-de-controlo-de-iluminacao-vista\/#webpage","url":"https:\/\/garrett.pt\/en\/product\/consolas-de-controlo-de-iluminacao-vista\/","name":"Consolas de Controlo de Ilumina\u00e7\u00e3o \u2013 VISTA | Garrett Audiovisuais","description":"Uma linha de mesas de controlo de ilumina\u00e7\u00e3o, percursora do conceito WYSIWYG.","inLanguage":"en-GB","isPartOf":{"@id":"https:\/\/garrett.pt\/en\/#website"},"breadcrumb":{"@id":"https:\/\/garrett.pt\/en\/product\/consolas-de-controlo-de-iluminacao-vista\/#breadcrumblist"},"image":{"@type":"ImageObject","url":"https:\/\/garrett.pt\/wp-content\/uploads\/2016\/03\/JandsVista_MesasWYSIWYG.png","@id":"https:\/\/garrett.pt\/en\/product\/consolas-de-controlo-de-iluminacao-vista\/#mainImage","width":500,"height":500},"primaryImageOfPage":{"@id":"https:\/\/garrett.pt\/en\/product\/consolas-de-controlo-de-iluminacao-vista\/#mainImage"},"datePublished":"2016-03-18T10:38:19+00:00","dateModified":"2016-03-18T10:38:19+00:00"},{"@type":"WebSite","@id":"https:\/\/garrett.pt\/en\/#website","url":"https:\/\/garrett.pt\/en\/","name":"Garrett Audiovisuais","description":"Projeto e Integra\u00e7\u00e3o de Sistemas Audiovisuais","inLanguage":"en-GB","publisher":{"@id":"https:\/\/garrett.pt\/en\/#organization"}}]},"og:locale":"en_GB","og:site_name":"Garrett Audiovisuais | Projeto e Integra\u00e7\u00e3o de Sistemas Audiovisuais","og:type":"article","og:title":"Consolas de Controlo de Ilumina\u00e7\u00e3o \u2013 VISTA | Garrett Audiovisuais","og:description":"Uma linha de mesas de controlo de ilumina\u00e7\u00e3o, percursora do conceito WYSIWYG.","og:url":"https:\/\/garrett.pt\/en\/product\/consolas-de-controlo-de-iluminacao-vista\/","og:image":"https:\/\/garrett.pt\/wp-content\/uploads\/2016\/03\/JandsVista_MesasWYSIWYG.png","og:image:secure_url":"https:\/\/garrett.pt\/wp-content\/uploads\/2016\/03\/JandsVista_MesasWYSIWYG.png","og:image:width":500,"og:image:height":500,"article:published_time":"2016-03-18T10:38:19+00:00","article:modified_time":"2016-03-18T10:38:19+00:00","article:publisher":"https:\/\/www.facebook.com\/garrettaudiovisuais","twitter:card":"summary","twitter:title":"Consolas de Controlo de Ilumina\u00e7\u00e3o \u2013 VISTA | Garrett Audiovisuais","twitter:description":"Uma linha de mesas de controlo de ilumina\u00e7\u00e3o, percursora do conceito WYSIWYG.","twitter:image":"https:\/\/garrett.pt\/wp-content\/uploads\/2016\/03\/JandsVista_MesasWYSIWYG.png"},"aioseo_meta_data":{"post_id":"2569","title":null,"description":null,"keywords":null,"keyphrases":null,"primary_term":null,"canonical_url":null,"og_title":null,"og_description":null,"og_object_type":"default","og_image_type":"default","og_image_url":null,"og_image_width":null,"og_image_height":null,"og_image_custom_url":null,"og_image_custom_fields":null,"og_video":null,"og_custom_url":null,"og_article_section":null,"og_article_tags":null,"twitter_use_og":false,"twitter_card":"default","twitter_image_type":"default","twitter_image_url":null,"twitter_image_custom_url":null,"twitter_image_custom_fields":null,"twitter_title":null,"twitter_description":null,"schema":{"blockGraphs":[],"customGraphs":[],"default":{"data":{"Article":[],"Course":[],"Dataset":[],"FAQPage":[],"Movie":[],"Person":[],"Product":[],"ProductReview":[],"Car":[],"Recipe":[],"Service":[],"SoftwareApplication":[],"WebPage":[]},"graphName":"","isEnabled":true},"graphs":[]},"schema_type":null,"schema_type_options":null,"pillar_content":false,"robots_default":true,"robots_noindex":false,"robots_noarchive":false,"robots_nosnippet":false,"robots_nofollow":false,"robots_noimageindex":false,"robots_noodp":false,"robots_notranslate":false,"robots_max_snippet":null,"robots_max_videopreview":null,"robots_max_imagepreview":"large","priority":null,"frequency":null,"local_seo":null,"seo_analyzer_scan_date":"2025-10-13 18:19:55","breadcrumb_settings":null,"limit_modified_date":false,"reviewed_by":null,"open_ai":null,"ai":null,"created":"2021-09-22 12:35:44","updated":"2025-10-13 18:19:55"},"aioseo_breadcrumb":"<div class=\"aioseo-breadcrumbs\"><span class=\"aioseo-breadcrumb\">\n\t<a href=\"https:\/\/garrett.pt\/en\" title=\"Home\">Home<\/a>\n<\/span><span class=\"aioseo-breadcrumb-separator\">&raquo;<\/span><span class=\"aioseo-breadcrumb\">\n\t<a href=\"https:\/\/garrett.pt\/en\/?page_id=927\" title=\"Private: Shop\">Private: Shop<\/a>\n<\/span><span class=\"aioseo-breadcrumb-separator\">&raquo;<\/span><span class=\"aioseo-breadcrumb\">\n\t<a href=\"https:\/\/garrett.pt\/en\/product-category\/iluminacao\/\" title=\"Ilumina\u00e7\u00e3o\">Ilumina\u00e7\u00e3o<\/a>\n<\/span><span class=\"aioseo-breadcrumb-separator\">&raquo;<\/span><span class=\"aioseo-breadcrumb\">\n\t<a href=\"https:\/\/garrett.pt\/en\/product-category\/iluminacao\/mesas-de-controlo\/\" title=\"Mesas de Controlo\">Mesas de Controlo<\/a>\n<\/span><span class=\"aioseo-breadcrumb-separator\">&raquo;<\/span><span class=\"aioseo-breadcrumb\">\n\tConsolas de Controlo de Ilumina\u00e7\u00e3o \u2013 VISTA\n<\/span><\/div>","aioseo_breadcrumb_json":[{"label":"Home","link":"https:\/\/garrett.pt\/en"},{"label":"Private: Shop","link":"https:\/\/garrett.pt\/en\/?page_id=927"},{"label":"Ilumina\u00e7\u00e3o","link":"https:\/\/garrett.pt\/en\/product-category\/iluminacao\/"},{"label":"Mesas de Controlo","link":"https:\/\/garrett.pt\/en\/product-category\/iluminacao\/mesas-de-controlo\/"},{"label":"Consolas de Controlo de Ilumina\u00e7\u00e3o &#8211; VISTA","link":"https:\/\/garrett.pt\/en\/product\/consolas-de-controlo-de-iluminacao-vista\/"}],"_links":{"self":[{"href":"https:\/\/garrett.pt\/en\/wp-json\/wp\/v2\/product\/2569","targetHints":{"allow":["GET"]}}],"collection":[{"href":"https:\/\/garrett.pt\/en\/wp-json\/wp\/v2\/product"}],"about":[{"href":"https:\/\/garrett.pt\/en\/wp-json\/wp\/v2\/types\/product"}],"replies":[{"embeddable":true,"href":"https:\/\/garrett.pt\/en\/wp-json\/wp\/v2\/comments?post=2569"}],"wp:featuredmedia":[{"embeddable":true,"href":"https:\/\/garrett.pt\/en\/wp-json\/wp\/v2\/media\/2611"}],"wp:attachment":[{"href":"https:\/\/garrett.pt\/en\/wp-json\/wp\/v2\/media?parent=2569"}],"wp:term":[{"taxonomy":"product_brand","embeddable":true,"href":"https:\/\/garrett.pt\/en\/wp-json\/wp\/v2\/product_brand?post=2569"},{"taxonomy":"product_cat","embeddable":true,"href":"https:\/\/garrett.pt\/en\/wp-json\/wp\/v2\/product_cat?post=2569"},{"taxonomy":"product_tag","embeddable":true,"href":"https:\/\/garrett.pt\/en\/wp-json\/wp\/v2\/product_tag?post=2569"}],"curies":[{"name":"wp","href":"https:\/\/api.w.org\/{rel}","templated":true}]}}