{"id":25896,"date":"2024-11-05T12:45:42","date_gmt":"2024-11-05T12:45:42","guid":{"rendered":"https:\/\/garrett.pt\/?post_type=product&#038;p=25896"},"modified":"2025-03-12T09:16:12","modified_gmt":"2025-03-12T09:16:12","slug":"cwm-226t-tripe-para-microfone","status":"publish","type":"product","link":"https:\/\/garrett.pt\/en\/product\/cwm-226t-tripe-para-microfone\/","title":{"rendered":"CWM-226T \u2013 Microphone Tripod"},"content":{"rendered":"","protected":false},"excerpt":{"rendered":"<ul>\n<li>\n<h5>Altura entre 990 e 1690 mm<\/h5>\n<\/li>\n<li>\n<h5>Bra\u00e7o telesc\u00f3pico de 550 a 920 mm<\/h5>\n<\/li>\n<li>\n<h5>Peso : 2,9 kg<\/h5>\n<\/li>\n<\/ul>\n<h5>TRIP\u00c9 DE MICROFONE CWM-226T<\/h5>\n<p>&nbsp;<\/p>\n[maxbutton id=\"10\" url=\"https:\/\/garrett.pt\/cosmoworld\" text=\"Voltar a CosmoWorld\" ]\n","protected":false},"featured_media":25897,"comment_status":"closed","ping_status":"closed","template":"","meta":{"cybocfi_hide_featured_image":""},"product_brand":[],"product_cat":[585,271,233,228],"product_tag":[],"class_list":{"0":"post-25896","1":"product","2":"type-product","3":"status-publish","4":"has-post-thumbnail","6":"product_cat-cosmoworld","7":"product_cat-ditribuicao-musicos-bandas","8":"product_cat-stands","9":"product_cat-suportes","10":"post","11":"post-with-thumbnail","12":"post-with-thumbnail-large","14":"first","15":"instock","16":"taxable","17":"shipping-taxable","18":"product-type-simple"},"aioseo_notices":[],"aioseo_head":"\n\t\t<!-- All in One SEO Pro 4.9.6.1 - aioseo.com -->\n\t<meta name=\"description\" content=\"Altura entre 990 e 1690 mm Bra\u00e7o telesc\u00f3pico de 550 a 920 mm Peso : 2,9 kg TRIP\u00c9 DE MICROFONE CWM-226T\" \/>\n\t<meta name=\"robots\" content=\"max-image-preview:large\" \/>\n\t<meta name=\"google-site-verification\" content=\"V-yzxKXBUCATCiI1W_5bHMqCYZQPH0cGOGjcdwe4AHM\" \/>\n\t<link rel=\"canonical\" href=\"https:\/\/garrett.pt\/en\/product\/cwm-226t-tripe-para-microfone\/\" \/>\n\t<meta name=\"generator\" content=\"All in One SEO Pro (AIOSEO) 4.9.6.1\" \/>\n\t\t<meta property=\"og:locale\" content=\"en_GB\" \/>\n\t\t<meta property=\"og:site_name\" content=\"Garrett Audiovisuais | Projeto e Integra\u00e7\u00e3o de Sistemas Audiovisuais\" \/>\n\t\t<meta property=\"og:type\" content=\"article\" \/>\n\t\t<meta property=\"og:title\" content=\"CWM-226T \u2013 Trip\u00e9 para microfone | Garrett Audiovisuais\" \/>\n\t\t<meta property=\"og:description\" content=\"Altura entre 990 e 1690 mm Bra\u00e7o telesc\u00f3pico de 550 a 920 mm Peso : 2,9 kg TRIP\u00c9 DE MICROFONE CWM-226T\" \/>\n\t\t<meta property=\"og:url\" content=\"https:\/\/garrett.pt\/en\/product\/cwm-226t-tripe-para-microfone\/\" \/>\n\t\t<meta property=\"og:image\" content=\"https:\/\/garrett.pt\/wp-content\/uploads\/2024\/11\/m_226st.png\" \/>\n\t\t<meta property=\"og:image:secure_url\" content=\"https:\/\/garrett.pt\/wp-content\/uploads\/2024\/11\/m_226st.png\" \/>\n\t\t<meta property=\"og:image:width\" content=\"1000\" \/>\n\t\t<meta property=\"og:image:height\" content=\"1002\" \/>\n\t\t<meta property=\"article:published_time\" content=\"2024-11-05T12:45:42+00:00\" \/>\n\t\t<meta property=\"article:modified_time\" content=\"2025-03-12T09:16:12+00:00\" \/>\n\t\t<meta property=\"article:publisher\" content=\"https:\/\/www.facebook.com\/garrettaudiovisuais\" \/>\n\t\t<meta name=\"twitter:card\" content=\"summary\" \/>\n\t\t<meta name=\"twitter:title\" content=\"CWM-226T \u2013 Trip\u00e9 para microfone | Garrett Audiovisuais\" \/>\n\t\t<meta name=\"twitter:description\" content=\"Altura entre 990 e 1690 mm Bra\u00e7o telesc\u00f3pico de 550 a 920 mm Peso : 2,9 kg TRIP\u00c9 DE MICROFONE CWM-226T\" \/>\n\t\t<meta name=\"twitter:image\" content=\"https:\/\/garrett.pt\/wp-content\/uploads\/2024\/11\/m_226st.png\" \/>\n\t\t<script type=\"application\/ld+json\" class=\"aioseo-schema\">\n\t\t\t{\"@context\":\"https:\\\/\\\/schema.org\",\"@graph\":[{\"@type\":\"BreadcrumbList\",\"@id\":\"https:\\\/\\\/garrett.pt\\\/en\\\/product\\\/cwm-226t-tripe-para-microfone\\\/#breadcrumblist\",\"itemListElement\":[{\"@type\":\"ListItem\",\"@id\":\"https:\\\/\\\/garrett.pt\\\/en#listItem\",\"position\":1,\"name\":\"Home\",\"item\":\"https:\\\/\\\/garrett.pt\\\/en\",\"nextItem\":{\"@type\":\"ListItem\",\"@id\":\"https:\\\/\\\/garrett.pt\\\/en\\\/?page_id=927#listItem\",\"name\":\"Private: Shop\"}},{\"@type\":\"ListItem\",\"@id\":\"https:\\\/\\\/garrett.pt\\\/en\\\/?page_id=927#listItem\",\"position\":2,\"name\":\"Private: Shop\",\"item\":\"https:\\\/\\\/garrett.pt\\\/en\\\/?page_id=927\",\"nextItem\":{\"@type\":\"ListItem\",\"@id\":\"https:\\\/\\\/garrett.pt\\\/en\\\/product-category\\\/estruturas-acessorios\\\/#listItem\",\"name\":\"Estruturas e Acess\\u00f3rios\"},\"previousItem\":{\"@type\":\"ListItem\",\"@id\":\"https:\\\/\\\/garrett.pt\\\/en#listItem\",\"name\":\"Home\"}},{\"@type\":\"ListItem\",\"@id\":\"https:\\\/\\\/garrett.pt\\\/en\\\/product-category\\\/estruturas-acessorios\\\/#listItem\",\"position\":3,\"name\":\"Estruturas e Acess\\u00f3rios\",\"item\":\"https:\\\/\\\/garrett.pt\\\/en\\\/product-category\\\/estruturas-acessorios\\\/\",\"nextItem\":{\"@type\":\"ListItem\",\"@id\":\"https:\\\/\\\/garrett.pt\\\/en\\\/product-category\\\/estruturas-acessorios\\\/stands\\\/#listItem\",\"name\":\"Stands\"},\"previousItem\":{\"@type\":\"ListItem\",\"@id\":\"https:\\\/\\\/garrett.pt\\\/en\\\/?page_id=927#listItem\",\"name\":\"Private: Shop\"}},{\"@type\":\"ListItem\",\"@id\":\"https:\\\/\\\/garrett.pt\\\/en\\\/product-category\\\/estruturas-acessorios\\\/stands\\\/#listItem\",\"position\":4,\"name\":\"Stands\",\"item\":\"https:\\\/\\\/garrett.pt\\\/en\\\/product-category\\\/estruturas-acessorios\\\/stands\\\/\",\"nextItem\":{\"@type\":\"ListItem\",\"@id\":\"https:\\\/\\\/garrett.pt\\\/en\\\/product\\\/cwm-226t-tripe-para-microfone\\\/#listItem\",\"name\":\"CWM-226T &#8211; Trip\\u00e9 para microfone\"},\"previousItem\":{\"@type\":\"ListItem\",\"@id\":\"https:\\\/\\\/garrett.pt\\\/en\\\/product-category\\\/estruturas-acessorios\\\/#listItem\",\"name\":\"Estruturas e Acess\\u00f3rios\"}},{\"@type\":\"ListItem\",\"@id\":\"https:\\\/\\\/garrett.pt\\\/en\\\/product\\\/cwm-226t-tripe-para-microfone\\\/#listItem\",\"position\":5,\"name\":\"CWM-226T &#8211; Trip\\u00e9 para microfone\",\"previousItem\":{\"@type\":\"ListItem\",\"@id\":\"https:\\\/\\\/garrett.pt\\\/en\\\/product-category\\\/estruturas-acessorios\\\/stands\\\/#listItem\",\"name\":\"Stands\"}}]},{\"@type\":\"ItemPage\",\"@id\":\"https:\\\/\\\/garrett.pt\\\/en\\\/product\\\/cwm-226t-tripe-para-microfone\\\/#itempage\",\"url\":\"https:\\\/\\\/garrett.pt\\\/en\\\/product\\\/cwm-226t-tripe-para-microfone\\\/\",\"name\":\"CWM-226T \\u2013 Trip\\u00e9 para microfone | Garrett Audiovisuais\",\"description\":\"Altura entre 990 e 1690 mm Bra\\u00e7o telesc\\u00f3pico de 550 a 920 mm Peso : 2,9 kg TRIP\\u00c9 DE MICROFONE CWM-226T\",\"inLanguage\":\"en-GB\",\"isPartOf\":{\"@id\":\"https:\\\/\\\/garrett.pt\\\/en\\\/#website\"},\"breadcrumb\":{\"@id\":\"https:\\\/\\\/garrett.pt\\\/en\\\/product\\\/cwm-226t-tripe-para-microfone\\\/#breadcrumblist\"},\"image\":{\"@type\":\"ImageObject\",\"url\":\"https:\\\/\\\/garrett.pt\\\/wp-content\\\/uploads\\\/2024\\\/11\\\/m_226st.png\",\"@id\":\"https:\\\/\\\/garrett.pt\\\/en\\\/product\\\/cwm-226t-tripe-para-microfone\\\/#mainImage\",\"width\":1000,\"height\":1002,\"caption\":\"m_226st\"},\"primaryImageOfPage\":{\"@id\":\"https:\\\/\\\/garrett.pt\\\/en\\\/product\\\/cwm-226t-tripe-para-microfone\\\/#mainImage\"},\"datePublished\":\"2024-11-05T12:45:42+00:00\",\"dateModified\":\"2025-03-12T09:16:12+00:00\"},{\"@type\":\"Organization\",\"@id\":\"https:\\\/\\\/garrett.pt\\\/en\\\/#organization\",\"name\":\"Garrett Audiovisuais\",\"description\":\"Projeto e Integra\\u00e7\\u00e3o de Sistemas Audiovisuais\",\"url\":\"https:\\\/\\\/garrett.pt\\\/en\\\/\",\"telephone\":\"+351214180134\",\"logo\":{\"@type\":\"ImageObject\",\"url\":\"https:\\\/\\\/garrett.pt\\\/wp-content\\\/uploads\\\/2021\\\/10\\\/1378831_10151703628399331_552396504_n.jpg\",\"@id\":\"https:\\\/\\\/garrett.pt\\\/en\\\/product\\\/cwm-226t-tripe-para-microfone\\\/#organizationLogo\",\"width\":650,\"height\":650},\"image\":{\"@id\":\"https:\\\/\\\/garrett.pt\\\/en\\\/product\\\/cwm-226t-tripe-para-microfone\\\/#organizationLogo\"},\"sameAs\":[\"https:\\\/\\\/www.facebook.com\\\/garrettaudiovisuais\",\"https:\\\/\\\/www.instagram.com\\\/garrettaudiovisuais\\\/\",\"https:\\\/\\\/www.youtube.com\\\/channel\\\/UCMLMFyCLpAQ3D4cYmzC34PQ\",\"https:\\\/\\\/www.linkedin.com\\\/company\\\/garrett-audiovisuais\",\"https:\\\/\\\/www.threads.net\\\/@garrettaudiovisuais\",\"https:\\\/\\\/bsky.app\\\/profile\\\/garrettsa.bsky.social\"]},{\"@type\":\"WebPage\",\"@id\":\"https:\\\/\\\/garrett.pt\\\/en\\\/product\\\/cwm-226t-tripe-para-microfone\\\/#webpage\",\"url\":\"https:\\\/\\\/garrett.pt\\\/en\\\/product\\\/cwm-226t-tripe-para-microfone\\\/\",\"name\":\"CWM-226T \\u2013 Trip\\u00e9 para microfone | Garrett Audiovisuais\",\"description\":\"Altura entre 990 e 1690 mm Bra\\u00e7o telesc\\u00f3pico de 550 a 920 mm Peso : 2,9 kg TRIP\\u00c9 DE MICROFONE CWM-226T\",\"inLanguage\":\"en-GB\",\"isPartOf\":{\"@id\":\"https:\\\/\\\/garrett.pt\\\/en\\\/#website\"},\"breadcrumb\":{\"@id\":\"https:\\\/\\\/garrett.pt\\\/en\\\/product\\\/cwm-226t-tripe-para-microfone\\\/#breadcrumblist\"},\"image\":{\"@type\":\"ImageObject\",\"url\":\"https:\\\/\\\/garrett.pt\\\/wp-content\\\/uploads\\\/2024\\\/11\\\/m_226st.png\",\"@id\":\"https:\\\/\\\/garrett.pt\\\/en\\\/product\\\/cwm-226t-tripe-para-microfone\\\/#mainImage\",\"width\":1000,\"height\":1002,\"caption\":\"m_226st\"},\"primaryImageOfPage\":{\"@id\":\"https:\\\/\\\/garrett.pt\\\/en\\\/product\\\/cwm-226t-tripe-para-microfone\\\/#mainImage\"},\"datePublished\":\"2024-11-05T12:45:42+00:00\",\"dateModified\":\"2025-03-12T09:16:12+00:00\"},{\"@type\":\"WebSite\",\"@id\":\"https:\\\/\\\/garrett.pt\\\/en\\\/#website\",\"url\":\"https:\\\/\\\/garrett.pt\\\/en\\\/\",\"name\":\"Garrett Audiovisuais\",\"description\":\"Projeto e Integra\\u00e7\\u00e3o de Sistemas Audiovisuais\",\"inLanguage\":\"en-GB\",\"publisher\":{\"@id\":\"https:\\\/\\\/garrett.pt\\\/en\\\/#organization\"}}]}\n\t\t<\/script>\n\t\t<!-- All in One SEO Pro -->\r\n\t\t<title>CWM-226T \u2013 Trip\u00e9 para microfone | Garrett Audiovisuais<\/title>\n\n","aioseo_head_json":{"title":"CWM-226T \u2013 Microphone Tripod | Garrett Audiovisuals","description":"Height between 990 and 1690 mm Telescopic arm from 550 to 920 mm Weight: 2.9 kg MICROPHONE TRIPOD CWM-226T","canonical_url":"https:\/\/garrett.pt\/en\/product\/cwm-226t-tripe-para-microfone\/","robots":"max-image-preview:large","keywords":"","webmasterTools":{"google-site-verification":"V-yzxKXBUCATCiI1W_5bHMqCYZQPH0cGOGjcdwe4AHM","miscellaneous":""},"schema":{"@context":"https:\/\/schema.org","@graph":[{"@type":"BreadcrumbList","@id":"https:\/\/garrett.pt\/en\/product\/cwm-226t-tripe-para-microfone\/#breadcrumblist","itemListElement":[{"@type":"ListItem","@id":"https:\/\/garrett.pt\/en#listItem","position":1,"name":"Home","item":"https:\/\/garrett.pt\/en","nextItem":{"@type":"ListItem","@id":"https:\/\/garrett.pt\/en\/?page_id=927#listItem","name":"Private: Shop"}},{"@type":"ListItem","@id":"https:\/\/garrett.pt\/en\/?page_id=927#listItem","position":2,"name":"Private: Shop","item":"https:\/\/garrett.pt\/en\/?page_id=927","nextItem":{"@type":"ListItem","@id":"https:\/\/garrett.pt\/en\/product-category\/estruturas-acessorios\/#listItem","name":"Estruturas e Acess\u00f3rios"},"previousItem":{"@type":"ListItem","@id":"https:\/\/garrett.pt\/en#listItem","name":"Home"}},{"@type":"ListItem","@id":"https:\/\/garrett.pt\/en\/product-category\/estruturas-acessorios\/#listItem","position":3,"name":"Estruturas e Acess\u00f3rios","item":"https:\/\/garrett.pt\/en\/product-category\/estruturas-acessorios\/","nextItem":{"@type":"ListItem","@id":"https:\/\/garrett.pt\/en\/product-category\/estruturas-acessorios\/stands\/#listItem","name":"Stands"},"previousItem":{"@type":"ListItem","@id":"https:\/\/garrett.pt\/en\/?page_id=927#listItem","name":"Private: Shop"}},{"@type":"ListItem","@id":"https:\/\/garrett.pt\/en\/product-category\/estruturas-acessorios\/stands\/#listItem","position":4,"name":"Stands","item":"https:\/\/garrett.pt\/en\/product-category\/estruturas-acessorios\/stands\/","nextItem":{"@type":"ListItem","@id":"https:\/\/garrett.pt\/en\/product\/cwm-226t-tripe-para-microfone\/#listItem","name":"CWM-226T &#8211; Trip\u00e9 para microfone"},"previousItem":{"@type":"ListItem","@id":"https:\/\/garrett.pt\/en\/product-category\/estruturas-acessorios\/#listItem","name":"Estruturas e Acess\u00f3rios"}},{"@type":"ListItem","@id":"https:\/\/garrett.pt\/en\/product\/cwm-226t-tripe-para-microfone\/#listItem","position":5,"name":"CWM-226T &#8211; Trip\u00e9 para microfone","previousItem":{"@type":"ListItem","@id":"https:\/\/garrett.pt\/en\/product-category\/estruturas-acessorios\/stands\/#listItem","name":"Stands"}}]},{"@type":"ItemPage","@id":"https:\/\/garrett.pt\/en\/product\/cwm-226t-tripe-para-microfone\/#itempage","url":"https:\/\/garrett.pt\/en\/product\/cwm-226t-tripe-para-microfone\/","name":"CWM-226T \u2013 Trip\u00e9 para microfone | Garrett Audiovisuais","description":"Altura entre 990 e 1690 mm Bra\u00e7o telesc\u00f3pico de 550 a 920 mm Peso : 2,9 kg TRIP\u00c9 DE MICROFONE CWM-226T","inLanguage":"en-GB","isPartOf":{"@id":"https:\/\/garrett.pt\/en\/#website"},"breadcrumb":{"@id":"https:\/\/garrett.pt\/en\/product\/cwm-226t-tripe-para-microfone\/#breadcrumblist"},"image":{"@type":"ImageObject","url":"https:\/\/garrett.pt\/wp-content\/uploads\/2024\/11\/m_226st.png","@id":"https:\/\/garrett.pt\/en\/product\/cwm-226t-tripe-para-microfone\/#mainImage","width":1000,"height":1002,"caption":"m_226st"},"primaryImageOfPage":{"@id":"https:\/\/garrett.pt\/en\/product\/cwm-226t-tripe-para-microfone\/#mainImage"},"datePublished":"2024-11-05T12:45:42+00:00","dateModified":"2025-03-12T09:16:12+00:00"},{"@type":"Organization","@id":"https:\/\/garrett.pt\/en\/#organization","name":"Garrett Audiovisuais","description":"Projeto e Integra\u00e7\u00e3o de Sistemas Audiovisuais","url":"https:\/\/garrett.pt\/en\/","telephone":"+351214180134","logo":{"@type":"ImageObject","url":"https:\/\/garrett.pt\/wp-content\/uploads\/2021\/10\/1378831_10151703628399331_552396504_n.jpg","@id":"https:\/\/garrett.pt\/en\/product\/cwm-226t-tripe-para-microfone\/#organizationLogo","width":650,"height":650},"image":{"@id":"https:\/\/garrett.pt\/en\/product\/cwm-226t-tripe-para-microfone\/#organizationLogo"},"sameAs":["https:\/\/www.facebook.com\/garrettaudiovisuais","https:\/\/www.instagram.com\/garrettaudiovisuais\/","https:\/\/www.youtube.com\/channel\/UCMLMFyCLpAQ3D4cYmzC34PQ","https:\/\/www.linkedin.com\/company\/garrett-audiovisuais","https:\/\/www.threads.net\/@garrettaudiovisuais","https:\/\/bsky.app\/profile\/garrettsa.bsky.social"]},{"@type":"WebPage","@id":"https:\/\/garrett.pt\/en\/product\/cwm-226t-tripe-para-microfone\/#webpage","url":"https:\/\/garrett.pt\/en\/product\/cwm-226t-tripe-para-microfone\/","name":"CWM-226T \u2013 Trip\u00e9 para microfone | Garrett Audiovisuais","description":"Altura entre 990 e 1690 mm Bra\u00e7o telesc\u00f3pico de 550 a 920 mm Peso : 2,9 kg TRIP\u00c9 DE MICROFONE CWM-226T","inLanguage":"en-GB","isPartOf":{"@id":"https:\/\/garrett.pt\/en\/#website"},"breadcrumb":{"@id":"https:\/\/garrett.pt\/en\/product\/cwm-226t-tripe-para-microfone\/#breadcrumblist"},"image":{"@type":"ImageObject","url":"https:\/\/garrett.pt\/wp-content\/uploads\/2024\/11\/m_226st.png","@id":"https:\/\/garrett.pt\/en\/product\/cwm-226t-tripe-para-microfone\/#mainImage","width":1000,"height":1002,"caption":"m_226st"},"primaryImageOfPage":{"@id":"https:\/\/garrett.pt\/en\/product\/cwm-226t-tripe-para-microfone\/#mainImage"},"datePublished":"2024-11-05T12:45:42+00:00","dateModified":"2025-03-12T09:16:12+00:00"},{"@type":"WebSite","@id":"https:\/\/garrett.pt\/en\/#website","url":"https:\/\/garrett.pt\/en\/","name":"Garrett Audiovisuais","description":"Projeto e Integra\u00e7\u00e3o de Sistemas Audiovisuais","inLanguage":"en-GB","publisher":{"@id":"https:\/\/garrett.pt\/en\/#organization"}}]},"og:locale":"en_GB","og:site_name":"Garrett Audiovisuais | Projeto e Integra\u00e7\u00e3o de Sistemas Audiovisuais","og:type":"article","og:title":"CWM-226T \u2013 Trip\u00e9 para microfone | Garrett Audiovisuais","og:description":"Altura entre 990 e 1690 mm Bra\u00e7o telesc\u00f3pico de 550 a 920 mm Peso : 2,9 kg TRIP\u00c9 DE MICROFONE CWM-226T","og:url":"https:\/\/garrett.pt\/en\/product\/cwm-226t-tripe-para-microfone\/","og:image":"https:\/\/garrett.pt\/wp-content\/uploads\/2024\/11\/m_226st.png","og:image:secure_url":"https:\/\/garrett.pt\/wp-content\/uploads\/2024\/11\/m_226st.png","og:image:width":1000,"og:image:height":1002,"article:published_time":"2024-11-05T12:45:42+00:00","article:modified_time":"2025-03-12T09:16:12+00:00","article:publisher":"https:\/\/www.facebook.com\/garrettaudiovisuais","twitter:card":"summary","twitter:title":"CWM-226T \u2013 Trip\u00e9 para microfone | Garrett Audiovisuais","twitter:description":"Altura entre 990 e 1690 mm Bra\u00e7o telesc\u00f3pico de 550 a 920 mm Peso : 2,9 kg TRIP\u00c9 DE MICROFONE CWM-226T","twitter:image":"https:\/\/garrett.pt\/wp-content\/uploads\/2024\/11\/m_226st.png"},"aioseo_meta_data":{"post_id":"25896","title":null,"description":null,"keywords":null,"keyphrases":{"focus":{"keyphrase":"Trip\u00e9 para microfone.","score":0,"analysis":[]}},"primary_term":null,"canonical_url":null,"og_title":null,"og_description":null,"og_object_type":"default","og_image_type":"default","og_image_url":null,"og_image_width":null,"og_image_height":null,"og_image_custom_url":null,"og_image_custom_fields":null,"og_video":"","og_custom_url":null,"og_article_section":null,"og_article_tags":null,"twitter_use_og":false,"twitter_card":"default","twitter_image_type":"default","twitter_image_url":null,"twitter_image_custom_url":null,"twitter_image_custom_fields":null,"twitter_title":null,"twitter_description":null,"schema":{"blockGraphs":[],"customGraphs":[],"default":{"data":{"Article":[],"Course":[],"Dataset":[],"FAQPage":[],"Movie":[],"Person":[],"Product":[],"ProductReview":[],"Car":[],"Recipe":[],"Service":[],"SoftwareApplication":[],"WebPage":[]},"graphName":"ItemPage","isEnabled":true},"graphs":[],"defaultGraph":"","defaultPostTypeGraph":""},"schema_type":null,"schema_type_options":null,"pillar_content":false,"robots_default":true,"robots_noindex":false,"robots_noarchive":false,"robots_nosnippet":false,"robots_nofollow":false,"robots_noimageindex":false,"robots_noodp":false,"robots_notranslate":false,"robots_max_snippet":"-1","robots_max_videopreview":"-1","robots_max_imagepreview":"large","priority":null,"frequency":"default","local_seo":null,"seo_analyzer_scan_date":"2026-02-11 12:50:23","breadcrumb_settings":null,"limit_modified_date":false,"reviewed_by":null,"open_ai":"{\"title\":{\"suggestions\":[],\"usage\":0},\"description\":{\"suggestions\":[],\"usage\":0}}","ai":null,"created":"2024-11-05 12:45:42","updated":"2026-02-11 12:50:23"},"aioseo_breadcrumb":"<div class=\"aioseo-breadcrumbs\"><span class=\"aioseo-breadcrumb\">\n\t<a href=\"https:\/\/garrett.pt\/en\" title=\"Home\">Home<\/a>\n<\/span><span class=\"aioseo-breadcrumb-separator\">&raquo;<\/span><span class=\"aioseo-breadcrumb\">\n\t<a href=\"https:\/\/garrett.pt\/en\/?page_id=927\" title=\"Private: Shop\">Private: Shop<\/a>\n<\/span><span class=\"aioseo-breadcrumb-separator\">&raquo;<\/span><span class=\"aioseo-breadcrumb\">\n\t<a href=\"https:\/\/garrett.pt\/en\/product-category\/estruturas-acessorios\/\" title=\"Estruturas e Acess\u00f3rios\">Estruturas e Acess\u00f3rios<\/a>\n<\/span><span class=\"aioseo-breadcrumb-separator\">&raquo;<\/span><span class=\"aioseo-breadcrumb\">\n\t<a href=\"https:\/\/garrett.pt\/en\/product-category\/estruturas-acessorios\/stands\/\" title=\"Stands\">Stands<\/a>\n<\/span><span class=\"aioseo-breadcrumb-separator\">&raquo;<\/span><span class=\"aioseo-breadcrumb\">\n\tCWM-226T \u2013 Trip\u00e9 para microfone\n<\/span><\/div>","aioseo_breadcrumb_json":[{"label":"Home","link":"https:\/\/garrett.pt\/en"},{"label":"Private: Shop","link":"https:\/\/garrett.pt\/en\/?page_id=927"},{"label":"Estruturas e Acess\u00f3rios","link":"https:\/\/garrett.pt\/en\/product-category\/estruturas-acessorios\/"},{"label":"Stands","link":"https:\/\/garrett.pt\/en\/product-category\/estruturas-acessorios\/stands\/"},{"label":"CWM-226T &#8211; Trip\u00e9 para microfone","link":"https:\/\/garrett.pt\/en\/product\/cwm-226t-tripe-para-microfone\/"}],"_links":{"self":[{"href":"https:\/\/garrett.pt\/en\/wp-json\/wp\/v2\/product\/25896","targetHints":{"allow":["GET"]}}],"collection":[{"href":"https:\/\/garrett.pt\/en\/wp-json\/wp\/v2\/product"}],"about":[{"href":"https:\/\/garrett.pt\/en\/wp-json\/wp\/v2\/types\/product"}],"replies":[{"embeddable":true,"href":"https:\/\/garrett.pt\/en\/wp-json\/wp\/v2\/comments?post=25896"}],"wp:featuredmedia":[{"embeddable":true,"href":"https:\/\/garrett.pt\/en\/wp-json\/wp\/v2\/media\/25897"}],"wp:attachment":[{"href":"https:\/\/garrett.pt\/en\/wp-json\/wp\/v2\/media?parent=25896"}],"wp:term":[{"taxonomy":"product_brand","embeddable":true,"href":"https:\/\/garrett.pt\/en\/wp-json\/wp\/v2\/product_brand?post=25896"},{"taxonomy":"product_cat","embeddable":true,"href":"https:\/\/garrett.pt\/en\/wp-json\/wp\/v2\/product_cat?post=25896"},{"taxonomy":"product_tag","embeddable":true,"href":"https:\/\/garrett.pt\/en\/wp-json\/wp\/v2\/product_tag?post=25896"}],"curies":[{"name":"wp","href":"https:\/\/api.w.org\/{rel}","templated":true}]}}