{"id":26181,"date":"2024-11-19T12:14:53","date_gmt":"2024-11-19T12:14:53","guid":{"rendered":"https:\/\/garrett.pt\/?post_type=product&#038;p=26181"},"modified":"2024-11-19T12:16:43","modified_gmt":"2024-11-19T12:16:43","slug":"mrc-audio-display-remoto-dd-1","status":"publish","type":"product","link":"https:\/\/garrett.pt\/en\/product\/mrc-audio-display-remoto-dd-1\/","title":{"rendered":"Remote display DD-1"},"content":{"rendered":"<a class=\"maxbutton-10 maxbutton maxbutton-website-marca\" rel=\"nofollow noopener\" href=\"https:\/\/garrett.pt\/en\/mrcaudio\/\"><span class='mb-text'>Return to MRC Audio<\/span><\/a>\n<p>&nbsp;<\/p>","protected":false},"excerpt":{"rendered":"<p>Very useful optional equipment to control EQLimit activity from a different location to the main equipment. Large digits and brightness for perfect visualization<\/p>\n<p>&nbsp;<\/p>","protected":false},"featured_media":26178,"comment_status":"closed","ping_status":"closed","template":"","meta":{"cybocfi_hide_featured_image":""},"product_brand":[],"product_cat":[199,586],"product_tag":[],"class_list":{"0":"post-26181","1":"product","2":"type-product","3":"status-publish","4":"has-post-thumbnail","6":"product_cat-limitadores-de-som","7":"product_cat-mrc-audio","8":"post","9":"post-with-thumbnail","10":"post-with-thumbnail-large","12":"first","13":"instock","14":"taxable","15":"shipping-taxable","16":"product-type-simple"},"aioseo_notices":[],"aioseo_head":"\n\t\t<!-- All in One SEO Pro 4.9.6.1 - aioseo.com -->\n\t<meta name=\"description\" content=\"Equipamento opcional muito \u00fatil para controlar a atividade EQLimit de um ponto diferente da localiza\u00e7\u00e3o do equipamento principal. D\u00edgitos de grande tamanho e luminosidade para uma visualiza\u00e7\u00e3o perfeita\" \/>\n\t<meta name=\"robots\" content=\"max-image-preview:large\" \/>\n\t<meta name=\"google-site-verification\" content=\"V-yzxKXBUCATCiI1W_5bHMqCYZQPH0cGOGjcdwe4AHM\" \/>\n\t<link rel=\"canonical\" href=\"https:\/\/garrett.pt\/en\/product\/mrc-audio-display-remoto-dd-1\/\" \/>\n\t<meta name=\"generator\" content=\"All in One SEO Pro (AIOSEO) 4.9.6.1\" \/>\n\t\t<meta property=\"og:locale\" content=\"en_GB\" \/>\n\t\t<meta property=\"og:site_name\" content=\"Garrett Audiovisuais | Projeto e Integra\u00e7\u00e3o de Sistemas Audiovisuais\" \/>\n\t\t<meta property=\"og:type\" content=\"article\" \/>\n\t\t<meta property=\"og:title\" content=\"Display remoto DD-1 | Garrett Audiovisuais\" \/>\n\t\t<meta property=\"og:description\" content=\"Equipamento opcional muito \u00fatil para controlar a atividade EQLimit de um ponto diferente da localiza\u00e7\u00e3o do equipamento principal. D\u00edgitos de grande tamanho e luminosidade para uma visualiza\u00e7\u00e3o perfeita\" \/>\n\t\t<meta property=\"og:url\" content=\"https:\/\/garrett.pt\/en\/product\/mrc-audio-display-remoto-dd-1\/\" \/>\n\t\t<meta property=\"og:image\" content=\"https:\/\/garrett.pt\/wp-content\/uploads\/2024\/11\/dd1.png\" \/>\n\t\t<meta property=\"og:image:secure_url\" content=\"https:\/\/garrett.pt\/wp-content\/uploads\/2024\/11\/dd1.png\" \/>\n\t\t<meta property=\"og:image:width\" content=\"600\" \/>\n\t\t<meta property=\"og:image:height\" content=\"601\" \/>\n\t\t<meta property=\"article:published_time\" content=\"2024-11-19T12:14:53+00:00\" \/>\n\t\t<meta property=\"article:modified_time\" content=\"2024-11-19T12:16:43+00:00\" \/>\n\t\t<meta property=\"article:publisher\" content=\"https:\/\/www.facebook.com\/garrettaudiovisuais\" \/>\n\t\t<meta name=\"twitter:card\" content=\"summary\" \/>\n\t\t<meta name=\"twitter:title\" content=\"Display remoto DD-1 | Garrett Audiovisuais\" \/>\n\t\t<meta name=\"twitter:description\" content=\"Equipamento opcional muito \u00fatil para controlar a atividade EQLimit de um ponto diferente da localiza\u00e7\u00e3o do equipamento principal. D\u00edgitos de grande tamanho e luminosidade para uma visualiza\u00e7\u00e3o perfeita\" \/>\n\t\t<meta name=\"twitter:image\" content=\"https:\/\/garrett.pt\/wp-content\/uploads\/2024\/11\/dd1.png\" \/>\n\t\t<script type=\"application\/ld+json\" class=\"aioseo-schema\">\n\t\t\t{\"@context\":\"https:\\\/\\\/schema.org\",\"@graph\":[{\"@type\":\"BreadcrumbList\",\"@id\":\"https:\\\/\\\/garrett.pt\\\/en\\\/product\\\/mrc-audio-display-remoto-dd-1\\\/#breadcrumblist\",\"itemListElement\":[{\"@type\":\"ListItem\",\"@id\":\"https:\\\/\\\/garrett.pt\\\/en#listItem\",\"position\":1,\"name\":\"Home\",\"item\":\"https:\\\/\\\/garrett.pt\\\/en\",\"nextItem\":{\"@type\":\"ListItem\",\"@id\":\"https:\\\/\\\/garrett.pt\\\/en\\\/?page_id=927#listItem\",\"name\":\"Private: Shop\"}},{\"@type\":\"ListItem\",\"@id\":\"https:\\\/\\\/garrett.pt\\\/en\\\/?page_id=927#listItem\",\"position\":2,\"name\":\"Private: Shop\",\"item\":\"https:\\\/\\\/garrett.pt\\\/en\\\/?page_id=927\",\"nextItem\":{\"@type\":\"ListItem\",\"@id\":\"https:\\\/\\\/garrett.pt\\\/en\\\/product-category\\\/audio\\\/#listItem\",\"name\":\"Audio\"},\"previousItem\":{\"@type\":\"ListItem\",\"@id\":\"https:\\\/\\\/garrett.pt\\\/en#listItem\",\"name\":\"Home\"}},{\"@type\":\"ListItem\",\"@id\":\"https:\\\/\\\/garrett.pt\\\/en\\\/product-category\\\/audio\\\/#listItem\",\"position\":3,\"name\":\"Audio\",\"item\":\"https:\\\/\\\/garrett.pt\\\/en\\\/product-category\\\/audio\\\/\",\"nextItem\":{\"@type\":\"ListItem\",\"@id\":\"https:\\\/\\\/garrett.pt\\\/en\\\/product-category\\\/audio\\\/limitadores-de-som\\\/#listItem\",\"name\":\"Limitadores de Som\"},\"previousItem\":{\"@type\":\"ListItem\",\"@id\":\"https:\\\/\\\/garrett.pt\\\/en\\\/?page_id=927#listItem\",\"name\":\"Private: Shop\"}},{\"@type\":\"ListItem\",\"@id\":\"https:\\\/\\\/garrett.pt\\\/en\\\/product-category\\\/audio\\\/limitadores-de-som\\\/#listItem\",\"position\":4,\"name\":\"Limitadores de Som\",\"item\":\"https:\\\/\\\/garrett.pt\\\/en\\\/product-category\\\/audio\\\/limitadores-de-som\\\/\",\"nextItem\":{\"@type\":\"ListItem\",\"@id\":\"https:\\\/\\\/garrett.pt\\\/en\\\/product\\\/mrc-audio-display-remoto-dd-1\\\/#listItem\",\"name\":\"Display remoto DD-1\"},\"previousItem\":{\"@type\":\"ListItem\",\"@id\":\"https:\\\/\\\/garrett.pt\\\/en\\\/product-category\\\/audio\\\/#listItem\",\"name\":\"Audio\"}},{\"@type\":\"ListItem\",\"@id\":\"https:\\\/\\\/garrett.pt\\\/en\\\/product\\\/mrc-audio-display-remoto-dd-1\\\/#listItem\",\"position\":5,\"name\":\"Display remoto DD-1\",\"previousItem\":{\"@type\":\"ListItem\",\"@id\":\"https:\\\/\\\/garrett.pt\\\/en\\\/product-category\\\/audio\\\/limitadores-de-som\\\/#listItem\",\"name\":\"Limitadores de Som\"}}]},{\"@type\":\"ItemPage\",\"@id\":\"https:\\\/\\\/garrett.pt\\\/en\\\/product\\\/mrc-audio-display-remoto-dd-1\\\/#itempage\",\"url\":\"https:\\\/\\\/garrett.pt\\\/en\\\/product\\\/mrc-audio-display-remoto-dd-1\\\/\",\"name\":\"Display remoto DD-1 | Garrett Audiovisuais\",\"description\":\"Equipamento opcional muito \\u00fatil para controlar a atividade EQLimit de um ponto diferente da localiza\\u00e7\\u00e3o do equipamento principal. D\\u00edgitos de grande tamanho e luminosidade para uma visualiza\\u00e7\\u00e3o perfeita\",\"inLanguage\":\"en-GB\",\"isPartOf\":{\"@id\":\"https:\\\/\\\/garrett.pt\\\/en\\\/#website\"},\"breadcrumb\":{\"@id\":\"https:\\\/\\\/garrett.pt\\\/en\\\/product\\\/mrc-audio-display-remoto-dd-1\\\/#breadcrumblist\"},\"image\":{\"@type\":\"ImageObject\",\"url\":\"https:\\\/\\\/garrett.pt\\\/wp-content\\\/uploads\\\/2024\\\/11\\\/dd1.png\",\"@id\":\"https:\\\/\\\/garrett.pt\\\/en\\\/product\\\/mrc-audio-display-remoto-dd-1\\\/#mainImage\",\"width\":600,\"height\":601,\"caption\":\"Display remoto MRC Audio DD-1 Garrett Audiovisuais\"},\"primaryImageOfPage\":{\"@id\":\"https:\\\/\\\/garrett.pt\\\/en\\\/product\\\/mrc-audio-display-remoto-dd-1\\\/#mainImage\"},\"datePublished\":\"2024-11-19T12:14:53+00:00\",\"dateModified\":\"2024-11-19T12:16:43+00:00\"},{\"@type\":\"Organization\",\"@id\":\"https:\\\/\\\/garrett.pt\\\/en\\\/#organization\",\"name\":\"Garrett Audiovisuais\",\"description\":\"Projeto e Integra\\u00e7\\u00e3o de Sistemas Audiovisuais\",\"url\":\"https:\\\/\\\/garrett.pt\\\/en\\\/\",\"telephone\":\"+351214180134\",\"logo\":{\"@type\":\"ImageObject\",\"url\":\"https:\\\/\\\/garrett.pt\\\/wp-content\\\/uploads\\\/2021\\\/10\\\/1378831_10151703628399331_552396504_n.jpg\",\"@id\":\"https:\\\/\\\/garrett.pt\\\/en\\\/product\\\/mrc-audio-display-remoto-dd-1\\\/#organizationLogo\",\"width\":650,\"height\":650},\"image\":{\"@id\":\"https:\\\/\\\/garrett.pt\\\/en\\\/product\\\/mrc-audio-display-remoto-dd-1\\\/#organizationLogo\"},\"sameAs\":[\"https:\\\/\\\/www.facebook.com\\\/garrettaudiovisuais\",\"https:\\\/\\\/www.instagram.com\\\/garrettaudiovisuais\\\/\",\"https:\\\/\\\/www.youtube.com\\\/channel\\\/UCMLMFyCLpAQ3D4cYmzC34PQ\",\"https:\\\/\\\/www.linkedin.com\\\/company\\\/garrett-audiovisuais\",\"https:\\\/\\\/www.threads.net\\\/@garrettaudiovisuais\",\"https:\\\/\\\/bsky.app\\\/profile\\\/garrettsa.bsky.social\"]},{\"@type\":\"WebPage\",\"@id\":\"https:\\\/\\\/garrett.pt\\\/en\\\/product\\\/mrc-audio-display-remoto-dd-1\\\/#webpage\",\"url\":\"https:\\\/\\\/garrett.pt\\\/en\\\/product\\\/mrc-audio-display-remoto-dd-1\\\/\",\"name\":\"Display remoto DD-1 | Garrett Audiovisuais\",\"description\":\"Equipamento opcional muito \\u00fatil para controlar a atividade EQLimit de um ponto diferente da localiza\\u00e7\\u00e3o do equipamento principal. D\\u00edgitos de grande tamanho e luminosidade para uma visualiza\\u00e7\\u00e3o perfeita\",\"inLanguage\":\"en-GB\",\"isPartOf\":{\"@id\":\"https:\\\/\\\/garrett.pt\\\/en\\\/#website\"},\"breadcrumb\":{\"@id\":\"https:\\\/\\\/garrett.pt\\\/en\\\/product\\\/mrc-audio-display-remoto-dd-1\\\/#breadcrumblist\"},\"image\":{\"@type\":\"ImageObject\",\"url\":\"https:\\\/\\\/garrett.pt\\\/wp-content\\\/uploads\\\/2024\\\/11\\\/dd1.png\",\"@id\":\"https:\\\/\\\/garrett.pt\\\/en\\\/product\\\/mrc-audio-display-remoto-dd-1\\\/#mainImage\",\"width\":600,\"height\":601,\"caption\":\"Display remoto MRC Audio DD-1 Garrett Audiovisuais\"},\"primaryImageOfPage\":{\"@id\":\"https:\\\/\\\/garrett.pt\\\/en\\\/product\\\/mrc-audio-display-remoto-dd-1\\\/#mainImage\"},\"datePublished\":\"2024-11-19T12:14:53+00:00\",\"dateModified\":\"2024-11-19T12:16:43+00:00\"},{\"@type\":\"WebSite\",\"@id\":\"https:\\\/\\\/garrett.pt\\\/en\\\/#website\",\"url\":\"https:\\\/\\\/garrett.pt\\\/en\\\/\",\"name\":\"Garrett Audiovisuais\",\"description\":\"Projeto e Integra\\u00e7\\u00e3o de Sistemas Audiovisuais\",\"inLanguage\":\"en-GB\",\"publisher\":{\"@id\":\"https:\\\/\\\/garrett.pt\\\/en\\\/#organization\"}}]}\n\t\t<\/script>\n\t\t<!-- All in One SEO Pro -->\r\n\t\t<title>Display remoto DD-1 | Garrett Audiovisuais<\/title>\n\n","aioseo_head_json":{"title":"DD-1 Remote Display | Garrett Audiovisuals","description":"Very useful optional equipment to control EQLimit activity from a different location to the main equipment. Large digits and brightness for perfect visualization","canonical_url":"https:\/\/garrett.pt\/en\/product\/mrc-audio-display-remoto-dd-1\/","robots":"max-image-preview:large","keywords":"","webmasterTools":{"google-site-verification":"V-yzxKXBUCATCiI1W_5bHMqCYZQPH0cGOGjcdwe4AHM","miscellaneous":""},"schema":{"@context":"https:\/\/schema.org","@graph":[{"@type":"BreadcrumbList","@id":"https:\/\/garrett.pt\/en\/product\/mrc-audio-display-remoto-dd-1\/#breadcrumblist","itemListElement":[{"@type":"ListItem","@id":"https:\/\/garrett.pt\/en#listItem","position":1,"name":"Home","item":"https:\/\/garrett.pt\/en","nextItem":{"@type":"ListItem","@id":"https:\/\/garrett.pt\/en\/?page_id=927#listItem","name":"Private: Shop"}},{"@type":"ListItem","@id":"https:\/\/garrett.pt\/en\/?page_id=927#listItem","position":2,"name":"Private: Shop","item":"https:\/\/garrett.pt\/en\/?page_id=927","nextItem":{"@type":"ListItem","@id":"https:\/\/garrett.pt\/en\/product-category\/audio\/#listItem","name":"Audio"},"previousItem":{"@type":"ListItem","@id":"https:\/\/garrett.pt\/en#listItem","name":"Home"}},{"@type":"ListItem","@id":"https:\/\/garrett.pt\/en\/product-category\/audio\/#listItem","position":3,"name":"Audio","item":"https:\/\/garrett.pt\/en\/product-category\/audio\/","nextItem":{"@type":"ListItem","@id":"https:\/\/garrett.pt\/en\/product-category\/audio\/limitadores-de-som\/#listItem","name":"Limitadores de Som"},"previousItem":{"@type":"ListItem","@id":"https:\/\/garrett.pt\/en\/?page_id=927#listItem","name":"Private: Shop"}},{"@type":"ListItem","@id":"https:\/\/garrett.pt\/en\/product-category\/audio\/limitadores-de-som\/#listItem","position":4,"name":"Limitadores de Som","item":"https:\/\/garrett.pt\/en\/product-category\/audio\/limitadores-de-som\/","nextItem":{"@type":"ListItem","@id":"https:\/\/garrett.pt\/en\/product\/mrc-audio-display-remoto-dd-1\/#listItem","name":"Display remoto DD-1"},"previousItem":{"@type":"ListItem","@id":"https:\/\/garrett.pt\/en\/product-category\/audio\/#listItem","name":"Audio"}},{"@type":"ListItem","@id":"https:\/\/garrett.pt\/en\/product\/mrc-audio-display-remoto-dd-1\/#listItem","position":5,"name":"Display remoto DD-1","previousItem":{"@type":"ListItem","@id":"https:\/\/garrett.pt\/en\/product-category\/audio\/limitadores-de-som\/#listItem","name":"Limitadores de Som"}}]},{"@type":"ItemPage","@id":"https:\/\/garrett.pt\/en\/product\/mrc-audio-display-remoto-dd-1\/#itempage","url":"https:\/\/garrett.pt\/en\/product\/mrc-audio-display-remoto-dd-1\/","name":"Display remoto DD-1 | Garrett Audiovisuais","description":"Equipamento opcional muito \u00fatil para controlar a atividade EQLimit de um ponto diferente da localiza\u00e7\u00e3o do equipamento principal. D\u00edgitos de grande tamanho e luminosidade para uma visualiza\u00e7\u00e3o perfeita","inLanguage":"en-GB","isPartOf":{"@id":"https:\/\/garrett.pt\/en\/#website"},"breadcrumb":{"@id":"https:\/\/garrett.pt\/en\/product\/mrc-audio-display-remoto-dd-1\/#breadcrumblist"},"image":{"@type":"ImageObject","url":"https:\/\/garrett.pt\/wp-content\/uploads\/2024\/11\/dd1.png","@id":"https:\/\/garrett.pt\/en\/product\/mrc-audio-display-remoto-dd-1\/#mainImage","width":600,"height":601,"caption":"Display remoto MRC Audio DD-1 Garrett Audiovisuais"},"primaryImageOfPage":{"@id":"https:\/\/garrett.pt\/en\/product\/mrc-audio-display-remoto-dd-1\/#mainImage"},"datePublished":"2024-11-19T12:14:53+00:00","dateModified":"2024-11-19T12:16:43+00:00"},{"@type":"Organization","@id":"https:\/\/garrett.pt\/en\/#organization","name":"Garrett Audiovisuais","description":"Projeto e Integra\u00e7\u00e3o de Sistemas Audiovisuais","url":"https:\/\/garrett.pt\/en\/","telephone":"+351214180134","logo":{"@type":"ImageObject","url":"https:\/\/garrett.pt\/wp-content\/uploads\/2021\/10\/1378831_10151703628399331_552396504_n.jpg","@id":"https:\/\/garrett.pt\/en\/product\/mrc-audio-display-remoto-dd-1\/#organizationLogo","width":650,"height":650},"image":{"@id":"https:\/\/garrett.pt\/en\/product\/mrc-audio-display-remoto-dd-1\/#organizationLogo"},"sameAs":["https:\/\/www.facebook.com\/garrettaudiovisuais","https:\/\/www.instagram.com\/garrettaudiovisuais\/","https:\/\/www.youtube.com\/channel\/UCMLMFyCLpAQ3D4cYmzC34PQ","https:\/\/www.linkedin.com\/company\/garrett-audiovisuais","https:\/\/www.threads.net\/@garrettaudiovisuais","https:\/\/bsky.app\/profile\/garrettsa.bsky.social"]},{"@type":"WebPage","@id":"https:\/\/garrett.pt\/en\/product\/mrc-audio-display-remoto-dd-1\/#webpage","url":"https:\/\/garrett.pt\/en\/product\/mrc-audio-display-remoto-dd-1\/","name":"Display remoto DD-1 | Garrett Audiovisuais","description":"Equipamento opcional muito \u00fatil para controlar a atividade EQLimit de um ponto diferente da localiza\u00e7\u00e3o do equipamento principal. D\u00edgitos de grande tamanho e luminosidade para uma visualiza\u00e7\u00e3o perfeita","inLanguage":"en-GB","isPartOf":{"@id":"https:\/\/garrett.pt\/en\/#website"},"breadcrumb":{"@id":"https:\/\/garrett.pt\/en\/product\/mrc-audio-display-remoto-dd-1\/#breadcrumblist"},"image":{"@type":"ImageObject","url":"https:\/\/garrett.pt\/wp-content\/uploads\/2024\/11\/dd1.png","@id":"https:\/\/garrett.pt\/en\/product\/mrc-audio-display-remoto-dd-1\/#mainImage","width":600,"height":601,"caption":"Display remoto MRC Audio DD-1 Garrett Audiovisuais"},"primaryImageOfPage":{"@id":"https:\/\/garrett.pt\/en\/product\/mrc-audio-display-remoto-dd-1\/#mainImage"},"datePublished":"2024-11-19T12:14:53+00:00","dateModified":"2024-11-19T12:16:43+00:00"},{"@type":"WebSite","@id":"https:\/\/garrett.pt\/en\/#website","url":"https:\/\/garrett.pt\/en\/","name":"Garrett Audiovisuais","description":"Projeto e Integra\u00e7\u00e3o de Sistemas Audiovisuais","inLanguage":"en-GB","publisher":{"@id":"https:\/\/garrett.pt\/en\/#organization"}}]},"og:locale":"en_GB","og:site_name":"Garrett Audiovisuais | Projeto e Integra\u00e7\u00e3o de Sistemas Audiovisuais","og:type":"article","og:title":"Display remoto DD-1 | Garrett Audiovisuais","og:description":"Equipamento opcional muito \u00fatil para controlar a atividade EQLimit de um ponto diferente da localiza\u00e7\u00e3o do equipamento principal. D\u00edgitos de grande tamanho e luminosidade para uma visualiza\u00e7\u00e3o perfeita","og:url":"https:\/\/garrett.pt\/en\/product\/mrc-audio-display-remoto-dd-1\/","og:image":"https:\/\/garrett.pt\/wp-content\/uploads\/2024\/11\/dd1.png","og:image:secure_url":"https:\/\/garrett.pt\/wp-content\/uploads\/2024\/11\/dd1.png","og:image:width":600,"og:image:height":601,"article:published_time":"2024-11-19T12:14:53+00:00","article:modified_time":"2024-11-19T12:16:43+00:00","article:publisher":"https:\/\/www.facebook.com\/garrettaudiovisuais","twitter:card":"summary","twitter:title":"Display remoto DD-1 | Garrett Audiovisuais","twitter:description":"Equipamento opcional muito \u00fatil para controlar a atividade EQLimit de um ponto diferente da localiza\u00e7\u00e3o do equipamento principal. D\u00edgitos de grande tamanho e luminosidade para uma visualiza\u00e7\u00e3o perfeita","twitter:image":"https:\/\/garrett.pt\/wp-content\/uploads\/2024\/11\/dd1.png"},"aioseo_meta_data":{"post_id":"26181","title":null,"description":null,"keywords":null,"keyphrases":{"focus":{"keyphrase":"display remoto dd-1","score":0,"analysis":[]}},"primary_term":null,"canonical_url":null,"og_title":null,"og_description":null,"og_object_type":"default","og_image_type":"default","og_image_url":null,"og_image_width":null,"og_image_height":null,"og_image_custom_url":null,"og_image_custom_fields":null,"og_video":"","og_custom_url":null,"og_article_section":null,"og_article_tags":null,"twitter_use_og":false,"twitter_card":"default","twitter_image_type":"default","twitter_image_url":null,"twitter_image_custom_url":null,"twitter_image_custom_fields":null,"twitter_title":null,"twitter_description":null,"schema":{"blockGraphs":[],"customGraphs":[],"default":{"data":{"Article":[],"Course":[],"Dataset":[],"FAQPage":[],"Movie":[],"Person":[],"Product":[],"ProductReview":[],"Car":[],"Recipe":[],"Service":[],"SoftwareApplication":[],"WebPage":[]},"graphName":"ItemPage","isEnabled":true},"graphs":[],"defaultGraph":"","defaultPostTypeGraph":""},"schema_type":null,"schema_type_options":null,"pillar_content":false,"robots_default":true,"robots_noindex":false,"robots_noarchive":false,"robots_nosnippet":false,"robots_nofollow":false,"robots_noimageindex":false,"robots_noodp":false,"robots_notranslate":false,"robots_max_snippet":"-1","robots_max_videopreview":"-1","robots_max_imagepreview":"large","priority":null,"frequency":"default","local_seo":null,"seo_analyzer_scan_date":"2026-02-11 12:52:27","breadcrumb_settings":null,"limit_modified_date":false,"reviewed_by":null,"open_ai":"{\"title\":{\"suggestions\":[],\"usage\":0},\"description\":{\"suggestions\":[],\"usage\":0}}","ai":null,"created":"2024-11-19 12:14:53","updated":"2026-02-11 12:52:27"},"aioseo_breadcrumb":"<div class=\"aioseo-breadcrumbs\"><span class=\"aioseo-breadcrumb\">\n\t<a href=\"https:\/\/garrett.pt\/en\" title=\"Home\">Home<\/a>\n<\/span><span class=\"aioseo-breadcrumb-separator\">&raquo;<\/span><span class=\"aioseo-breadcrumb\">\n\t<a href=\"https:\/\/garrett.pt\/en\/?page_id=927\" title=\"Private: Shop\">Private: Shop<\/a>\n<\/span><span class=\"aioseo-breadcrumb-separator\">&raquo;<\/span><span class=\"aioseo-breadcrumb\">\n\t<a href=\"https:\/\/garrett.pt\/en\/product-category\/audio\/\" title=\"Audio\">Audio<\/a>\n<\/span><span class=\"aioseo-breadcrumb-separator\">&raquo;<\/span><span class=\"aioseo-breadcrumb\">\n\t<a href=\"https:\/\/garrett.pt\/en\/product-category\/audio\/limitadores-de-som\/\" title=\"Limitadores de Som\">Limitadores de Som<\/a>\n<\/span><span class=\"aioseo-breadcrumb-separator\">&raquo;<\/span><span class=\"aioseo-breadcrumb\">\n\tDisplay remoto DD-1\n<\/span><\/div>","aioseo_breadcrumb_json":[{"label":"Home","link":"https:\/\/garrett.pt\/en"},{"label":"Private: Shop","link":"https:\/\/garrett.pt\/en\/?page_id=927"},{"label":"Audio","link":"https:\/\/garrett.pt\/en\/product-category\/audio\/"},{"label":"Limitadores de Som","link":"https:\/\/garrett.pt\/en\/product-category\/audio\/limitadores-de-som\/"},{"label":"Display remoto DD-1","link":"https:\/\/garrett.pt\/en\/product\/mrc-audio-display-remoto-dd-1\/"}],"_links":{"self":[{"href":"https:\/\/garrett.pt\/en\/wp-json\/wp\/v2\/product\/26181","targetHints":{"allow":["GET"]}}],"collection":[{"href":"https:\/\/garrett.pt\/en\/wp-json\/wp\/v2\/product"}],"about":[{"href":"https:\/\/garrett.pt\/en\/wp-json\/wp\/v2\/types\/product"}],"replies":[{"embeddable":true,"href":"https:\/\/garrett.pt\/en\/wp-json\/wp\/v2\/comments?post=26181"}],"wp:featuredmedia":[{"embeddable":true,"href":"https:\/\/garrett.pt\/en\/wp-json\/wp\/v2\/media\/26178"}],"wp:attachment":[{"href":"https:\/\/garrett.pt\/en\/wp-json\/wp\/v2\/media?parent=26181"}],"wp:term":[{"taxonomy":"product_brand","embeddable":true,"href":"https:\/\/garrett.pt\/en\/wp-json\/wp\/v2\/product_brand?post=26181"},{"taxonomy":"product_cat","embeddable":true,"href":"https:\/\/garrett.pt\/en\/wp-json\/wp\/v2\/product_cat?post=26181"},{"taxonomy":"product_tag","embeddable":true,"href":"https:\/\/garrett.pt\/en\/wp-json\/wp\/v2\/product_tag?post=26181"}],"curies":[{"name":"wp","href":"https:\/\/api.w.org\/{rel}","templated":true}]}}