{"id":2668,"date":"2016-03-30T11:28:50","date_gmt":"2016-03-30T11:28:50","guid":{"rendered":"http:\/\/ptm.garrett.pt\/?post_type=product&#038;p=2668"},"modified":"2016-03-30T11:29:08","modified_gmt":"2016-03-30T11:29:08","slug":"software-djvj-de-producao-e-gestao-de-efeitos","status":"publish","type":"product","link":"https:\/\/garrett.pt\/en\/product\/software-djvj-de-producao-e-gestao-de-efeitos\/","title":{"rendered":"DJ\/VJ Production and Effects Management Software"},"content":{"rendered":"<ul>\n<li>Grand VJ<\/li>\n<li>grand vj xt<\/li>\n<\/ul>\n<p><iframe loading=\"lazy\" width=\"720\" height=\"405\" src=\"https:\/\/www.youtube.com\/embed\/qHvbSJUY8E4?feature=oembed\" frameborder=\"0\" allowfullscreen><\/iframe><\/p>","protected":false},"excerpt":{"rendered":"<p>Software especially dedicated to the DJ\/Vjs market for the production and management of graphic effects, mixing them with videos and projecting them onto any type of object or launching them onto any type of screen.<\/p>\n<p>Learn more at:\u00a0<a href=\"http:\/\/vj-dj.arkaos.net\/\" target=\"_blank\">http:\/\/vj-dj.arkaos.net\/<\/a><\/p>","protected":false},"featured_media":2663,"comment_status":"closed","ping_status":"closed","template":"","meta":{"cybocfi_hide_featured_image":""},"product_brand":[],"product_cat":[69,226,61,223],"product_tag":[],"class_list":{"0":"post-2668","1":"product","2":"type-product","3":"status-publish","4":"has-post-thumbnail","6":"product_cat-arkaos","7":"product_cat-controlo","8":"product_cat-iluminacao","9":"product_cat-mapping","10":"post","11":"post-with-thumbnail","12":"post-with-thumbnail-large","14":"first","15":"instock","16":"taxable","17":"shipping-taxable","18":"product-type-simple"},"aioseo_notices":[],"aioseo_head":"\n\t\t<!-- All in One SEO Pro 4.9.6.1 - aioseo.com -->\n\t<meta name=\"description\" content=\"Software especialmente dedicado para o mercado de DJ\/Vjs para a produ\u00e7\u00e3o e gest\u00e3o de efeitos gr\u00e1ficos, misturandos-os com v\u00eddeos e projetando-os em qualquer tipo de objectos ou lan\u00e7ando-os para qualquer tipo de ecr\u00e3. Saiba mais em: http:\/\/vj-dj.arkaos.net\/\" \/>\n\t<meta name=\"robots\" content=\"max-image-preview:large\" \/>\n\t<meta name=\"google-site-verification\" content=\"V-yzxKXBUCATCiI1W_5bHMqCYZQPH0cGOGjcdwe4AHM\" \/>\n\t<link rel=\"canonical\" href=\"https:\/\/garrett.pt\/en\/product\/software-djvj-de-producao-e-gestao-de-efeitos\/\" \/>\n\t<meta name=\"generator\" content=\"All in One SEO Pro (AIOSEO) 4.9.6.1\" \/>\n\t\t<meta property=\"og:locale\" content=\"en_GB\" \/>\n\t\t<meta property=\"og:site_name\" content=\"Garrett Audiovisuais | Projeto e Integra\u00e7\u00e3o de Sistemas Audiovisuais\" \/>\n\t\t<meta property=\"og:type\" content=\"article\" \/>\n\t\t<meta property=\"og:title\" content=\"Software DJ\/VJ de Produ\u00e7\u00e3o e Gest\u00e3o de Efeitos | Garrett Audiovisuais\" \/>\n\t\t<meta property=\"og:description\" content=\"Software especialmente dedicado para o mercado de DJ\/Vjs para a produ\u00e7\u00e3o e gest\u00e3o de efeitos gr\u00e1ficos, misturandos-os com v\u00eddeos e projetando-os em qualquer tipo de objectos ou lan\u00e7ando-os para qualquer tipo de ecr\u00e3. Saiba mais em: http:\/\/vj-dj.arkaos.net\/\" \/>\n\t\t<meta property=\"og:url\" content=\"https:\/\/garrett.pt\/en\/product\/software-djvj-de-producao-e-gestao-de-efeitos\/\" \/>\n\t\t<meta property=\"og:image\" content=\"https:\/\/garrett.pt\/wp-content\/uploads\/2016\/03\/Arkaos_SW_DJ.png\" \/>\n\t\t<meta property=\"og:image:secure_url\" content=\"https:\/\/garrett.pt\/wp-content\/uploads\/2016\/03\/Arkaos_SW_DJ.png\" \/>\n\t\t<meta property=\"og:image:width\" content=\"500\" \/>\n\t\t<meta property=\"og:image:height\" content=\"500\" \/>\n\t\t<meta property=\"article:published_time\" content=\"2016-03-30T11:28:50+00:00\" \/>\n\t\t<meta property=\"article:modified_time\" content=\"2016-03-30T11:29:08+00:00\" \/>\n\t\t<meta property=\"article:publisher\" content=\"https:\/\/www.facebook.com\/garrettaudiovisuais\" \/>\n\t\t<meta name=\"twitter:card\" content=\"summary\" \/>\n\t\t<meta name=\"twitter:title\" content=\"Software DJ\/VJ de Produ\u00e7\u00e3o e Gest\u00e3o de Efeitos | Garrett Audiovisuais\" \/>\n\t\t<meta name=\"twitter:description\" content=\"Software especialmente dedicado para o mercado de DJ\/Vjs para a produ\u00e7\u00e3o e gest\u00e3o de efeitos gr\u00e1ficos, misturandos-os com v\u00eddeos e projetando-os em qualquer tipo de objectos ou lan\u00e7ando-os para qualquer tipo de ecr\u00e3. Saiba mais em: http:\/\/vj-dj.arkaos.net\/\" \/>\n\t\t<meta name=\"twitter:image\" content=\"https:\/\/garrett.pt\/wp-content\/uploads\/2016\/03\/Arkaos_SW_DJ.png\" \/>\n\t\t<script type=\"application\/ld+json\" class=\"aioseo-schema\">\n\t\t\t{\"@context\":\"https:\\\/\\\/schema.org\",\"@graph\":[{\"@type\":\"BreadcrumbList\",\"@id\":\"https:\\\/\\\/garrett.pt\\\/en\\\/product\\\/software-djvj-de-producao-e-gestao-de-efeitos\\\/#breadcrumblist\",\"itemListElement\":[{\"@type\":\"ListItem\",\"@id\":\"https:\\\/\\\/garrett.pt\\\/en#listItem\",\"position\":1,\"name\":\"Home\",\"item\":\"https:\\\/\\\/garrett.pt\\\/en\",\"nextItem\":{\"@type\":\"ListItem\",\"@id\":\"https:\\\/\\\/garrett.pt\\\/en\\\/?page_id=927#listItem\",\"name\":\"Private: Shop\"}},{\"@type\":\"ListItem\",\"@id\":\"https:\\\/\\\/garrett.pt\\\/en\\\/?page_id=927#listItem\",\"position\":2,\"name\":\"Private: Shop\",\"item\":\"https:\\\/\\\/garrett.pt\\\/en\\\/?page_id=927\",\"nextItem\":{\"@type\":\"ListItem\",\"@id\":\"https:\\\/\\\/garrett.pt\\\/en\\\/product-category\\\/iluminacao\\\/#listItem\",\"name\":\"Ilumina\\u00e7\\u00e3o\"},\"previousItem\":{\"@type\":\"ListItem\",\"@id\":\"https:\\\/\\\/garrett.pt\\\/en#listItem\",\"name\":\"Home\"}},{\"@type\":\"ListItem\",\"@id\":\"https:\\\/\\\/garrett.pt\\\/en\\\/product-category\\\/iluminacao\\\/#listItem\",\"position\":3,\"name\":\"Ilumina\\u00e7\\u00e3o\",\"item\":\"https:\\\/\\\/garrett.pt\\\/en\\\/product-category\\\/iluminacao\\\/\",\"nextItem\":{\"@type\":\"ListItem\",\"@id\":\"https:\\\/\\\/garrett.pt\\\/en\\\/product-category\\\/iluminacao\\\/mapping\\\/#listItem\",\"name\":\"Mapping\"},\"previousItem\":{\"@type\":\"ListItem\",\"@id\":\"https:\\\/\\\/garrett.pt\\\/en\\\/?page_id=927#listItem\",\"name\":\"Private: Shop\"}},{\"@type\":\"ListItem\",\"@id\":\"https:\\\/\\\/garrett.pt\\\/en\\\/product-category\\\/iluminacao\\\/mapping\\\/#listItem\",\"position\":4,\"name\":\"Mapping\",\"item\":\"https:\\\/\\\/garrett.pt\\\/en\\\/product-category\\\/iluminacao\\\/mapping\\\/\",\"nextItem\":{\"@type\":\"ListItem\",\"@id\":\"https:\\\/\\\/garrett.pt\\\/en\\\/product\\\/software-djvj-de-producao-e-gestao-de-efeitos\\\/#listItem\",\"name\":\"Software DJ\\\/VJ de Produ\\u00e7\\u00e3o e Gest\\u00e3o de Efeitos\"},\"previousItem\":{\"@type\":\"ListItem\",\"@id\":\"https:\\\/\\\/garrett.pt\\\/en\\\/product-category\\\/iluminacao\\\/#listItem\",\"name\":\"Ilumina\\u00e7\\u00e3o\"}},{\"@type\":\"ListItem\",\"@id\":\"https:\\\/\\\/garrett.pt\\\/en\\\/product\\\/software-djvj-de-producao-e-gestao-de-efeitos\\\/#listItem\",\"position\":5,\"name\":\"Software DJ\\\/VJ de Produ\\u00e7\\u00e3o e Gest\\u00e3o de Efeitos\",\"previousItem\":{\"@type\":\"ListItem\",\"@id\":\"https:\\\/\\\/garrett.pt\\\/en\\\/product-category\\\/iluminacao\\\/mapping\\\/#listItem\",\"name\":\"Mapping\"}}]},{\"@type\":\"ItemPage\",\"@id\":\"https:\\\/\\\/garrett.pt\\\/en\\\/product\\\/software-djvj-de-producao-e-gestao-de-efeitos\\\/#itempage\",\"url\":\"https:\\\/\\\/garrett.pt\\\/en\\\/product\\\/software-djvj-de-producao-e-gestao-de-efeitos\\\/\",\"name\":\"Software DJ\\\/VJ de Produ\\u00e7\\u00e3o e Gest\\u00e3o de Efeitos | Garrett Audiovisuais\",\"description\":\"Software especialmente dedicado para o mercado de DJ\\\/Vjs para a produ\\u00e7\\u00e3o e gest\\u00e3o de efeitos gr\\u00e1ficos, misturandos-os com v\\u00eddeos e projetando-os em qualquer tipo de objectos ou lan\\u00e7ando-os para qualquer tipo de ecr\\u00e3. Saiba mais em: http:\\\/\\\/vj-dj.arkaos.net\\\/\",\"inLanguage\":\"en-GB\",\"isPartOf\":{\"@id\":\"https:\\\/\\\/garrett.pt\\\/en\\\/#website\"},\"breadcrumb\":{\"@id\":\"https:\\\/\\\/garrett.pt\\\/en\\\/product\\\/software-djvj-de-producao-e-gestao-de-efeitos\\\/#breadcrumblist\"},\"image\":{\"@type\":\"ImageObject\",\"url\":\"https:\\\/\\\/garrett.pt\\\/wp-content\\\/uploads\\\/2016\\\/03\\\/Arkaos_SW_DJ.png\",\"@id\":\"https:\\\/\\\/garrett.pt\\\/en\\\/product\\\/software-djvj-de-producao-e-gestao-de-efeitos\\\/#mainImage\",\"width\":500,\"height\":500},\"primaryImageOfPage\":{\"@id\":\"https:\\\/\\\/garrett.pt\\\/en\\\/product\\\/software-djvj-de-producao-e-gestao-de-efeitos\\\/#mainImage\"},\"datePublished\":\"2016-03-30T11:28:50+00:00\",\"dateModified\":\"2016-03-30T11:29:08+00:00\"},{\"@type\":\"Organization\",\"@id\":\"https:\\\/\\\/garrett.pt\\\/en\\\/#organization\",\"name\":\"Garrett Audiovisuais\",\"description\":\"Projeto e Integra\\u00e7\\u00e3o de Sistemas Audiovisuais\",\"url\":\"https:\\\/\\\/garrett.pt\\\/en\\\/\",\"telephone\":\"+351214180134\",\"logo\":{\"@type\":\"ImageObject\",\"url\":\"https:\\\/\\\/garrett.pt\\\/wp-content\\\/uploads\\\/2021\\\/10\\\/1378831_10151703628399331_552396504_n.jpg\",\"@id\":\"https:\\\/\\\/garrett.pt\\\/en\\\/product\\\/software-djvj-de-producao-e-gestao-de-efeitos\\\/#organizationLogo\",\"width\":650,\"height\":650},\"image\":{\"@id\":\"https:\\\/\\\/garrett.pt\\\/en\\\/product\\\/software-djvj-de-producao-e-gestao-de-efeitos\\\/#organizationLogo\"},\"sameAs\":[\"https:\\\/\\\/www.facebook.com\\\/garrettaudiovisuais\",\"https:\\\/\\\/www.instagram.com\\\/garrettaudiovisuais\\\/\",\"https:\\\/\\\/www.youtube.com\\\/channel\\\/UCMLMFyCLpAQ3D4cYmzC34PQ\",\"https:\\\/\\\/www.linkedin.com\\\/company\\\/garrett-audiovisuais\",\"https:\\\/\\\/www.threads.net\\\/@garrettaudiovisuais\",\"https:\\\/\\\/bsky.app\\\/profile\\\/garrettsa.bsky.social\"]},{\"@type\":\"WebPage\",\"@id\":\"https:\\\/\\\/garrett.pt\\\/en\\\/product\\\/software-djvj-de-producao-e-gestao-de-efeitos\\\/#webpage\",\"url\":\"https:\\\/\\\/garrett.pt\\\/en\\\/product\\\/software-djvj-de-producao-e-gestao-de-efeitos\\\/\",\"name\":\"Software DJ\\\/VJ de Produ\\u00e7\\u00e3o e Gest\\u00e3o de Efeitos | Garrett Audiovisuais\",\"description\":\"Software especialmente dedicado para o mercado de DJ\\\/Vjs para a produ\\u00e7\\u00e3o e gest\\u00e3o de efeitos gr\\u00e1ficos, misturandos-os com v\\u00eddeos e projetando-os em qualquer tipo de objectos ou lan\\u00e7ando-os para qualquer tipo de ecr\\u00e3. Saiba mais em: http:\\\/\\\/vj-dj.arkaos.net\\\/\",\"inLanguage\":\"en-GB\",\"isPartOf\":{\"@id\":\"https:\\\/\\\/garrett.pt\\\/en\\\/#website\"},\"breadcrumb\":{\"@id\":\"https:\\\/\\\/garrett.pt\\\/en\\\/product\\\/software-djvj-de-producao-e-gestao-de-efeitos\\\/#breadcrumblist\"},\"image\":{\"@type\":\"ImageObject\",\"url\":\"https:\\\/\\\/garrett.pt\\\/wp-content\\\/uploads\\\/2016\\\/03\\\/Arkaos_SW_DJ.png\",\"@id\":\"https:\\\/\\\/garrett.pt\\\/en\\\/product\\\/software-djvj-de-producao-e-gestao-de-efeitos\\\/#mainImage\",\"width\":500,\"height\":500},\"primaryImageOfPage\":{\"@id\":\"https:\\\/\\\/garrett.pt\\\/en\\\/product\\\/software-djvj-de-producao-e-gestao-de-efeitos\\\/#mainImage\"},\"datePublished\":\"2016-03-30T11:28:50+00:00\",\"dateModified\":\"2016-03-30T11:29:08+00:00\"},{\"@type\":\"WebSite\",\"@id\":\"https:\\\/\\\/garrett.pt\\\/en\\\/#website\",\"url\":\"https:\\\/\\\/garrett.pt\\\/en\\\/\",\"name\":\"Garrett Audiovisuais\",\"description\":\"Projeto e Integra\\u00e7\\u00e3o de Sistemas Audiovisuais\",\"inLanguage\":\"en-GB\",\"publisher\":{\"@id\":\"https:\\\/\\\/garrett.pt\\\/en\\\/#organization\"}}]}\n\t\t<\/script>\n\t\t<!-- All in One SEO Pro -->\r\n\t\t<title>Software DJ\/VJ de Produ\u00e7\u00e3o e Gest\u00e3o de Efeitos | Garrett Audiovisuais<\/title>\n\n","aioseo_head_json":{"title":"DJ\/VJ Production and Effects Management Software | Garrett Audiovisuais","description":"Software specifically designed for the DJ\/VJ market for producing and managing graphic effects, mixing them with videos and projecting them onto any type of object or displaying them on any type of screen. Learn more at: http:\/\/vj-dj.arkaos.net\/","canonical_url":"https:\/\/garrett.pt\/en\/product\/software-djvj-de-producao-e-gestao-de-efeitos\/","robots":"max-image-preview:large","keywords":"","webmasterTools":{"google-site-verification":"V-yzxKXBUCATCiI1W_5bHMqCYZQPH0cGOGjcdwe4AHM","miscellaneous":""},"schema":{"@context":"https:\/\/schema.org","@graph":[{"@type":"BreadcrumbList","@id":"https:\/\/garrett.pt\/en\/product\/software-djvj-de-producao-e-gestao-de-efeitos\/#breadcrumblist","itemListElement":[{"@type":"ListItem","@id":"https:\/\/garrett.pt\/en#listItem","position":1,"name":"Home","item":"https:\/\/garrett.pt\/en","nextItem":{"@type":"ListItem","@id":"https:\/\/garrett.pt\/en\/?page_id=927#listItem","name":"Private: Shop"}},{"@type":"ListItem","@id":"https:\/\/garrett.pt\/en\/?page_id=927#listItem","position":2,"name":"Private: Shop","item":"https:\/\/garrett.pt\/en\/?page_id=927","nextItem":{"@type":"ListItem","@id":"https:\/\/garrett.pt\/en\/product-category\/iluminacao\/#listItem","name":"Ilumina\u00e7\u00e3o"},"previousItem":{"@type":"ListItem","@id":"https:\/\/garrett.pt\/en#listItem","name":"Home"}},{"@type":"ListItem","@id":"https:\/\/garrett.pt\/en\/product-category\/iluminacao\/#listItem","position":3,"name":"Ilumina\u00e7\u00e3o","item":"https:\/\/garrett.pt\/en\/product-category\/iluminacao\/","nextItem":{"@type":"ListItem","@id":"https:\/\/garrett.pt\/en\/product-category\/iluminacao\/mapping\/#listItem","name":"Mapping"},"previousItem":{"@type":"ListItem","@id":"https:\/\/garrett.pt\/en\/?page_id=927#listItem","name":"Private: Shop"}},{"@type":"ListItem","@id":"https:\/\/garrett.pt\/en\/product-category\/iluminacao\/mapping\/#listItem","position":4,"name":"Mapping","item":"https:\/\/garrett.pt\/en\/product-category\/iluminacao\/mapping\/","nextItem":{"@type":"ListItem","@id":"https:\/\/garrett.pt\/en\/product\/software-djvj-de-producao-e-gestao-de-efeitos\/#listItem","name":"Software DJ\/VJ de Produ\u00e7\u00e3o e Gest\u00e3o de Efeitos"},"previousItem":{"@type":"ListItem","@id":"https:\/\/garrett.pt\/en\/product-category\/iluminacao\/#listItem","name":"Ilumina\u00e7\u00e3o"}},{"@type":"ListItem","@id":"https:\/\/garrett.pt\/en\/product\/software-djvj-de-producao-e-gestao-de-efeitos\/#listItem","position":5,"name":"Software DJ\/VJ de Produ\u00e7\u00e3o e Gest\u00e3o de Efeitos","previousItem":{"@type":"ListItem","@id":"https:\/\/garrett.pt\/en\/product-category\/iluminacao\/mapping\/#listItem","name":"Mapping"}}]},{"@type":"ItemPage","@id":"https:\/\/garrett.pt\/en\/product\/software-djvj-de-producao-e-gestao-de-efeitos\/#itempage","url":"https:\/\/garrett.pt\/en\/product\/software-djvj-de-producao-e-gestao-de-efeitos\/","name":"Software DJ\/VJ de Produ\u00e7\u00e3o e Gest\u00e3o de Efeitos | Garrett Audiovisuais","description":"Software especialmente dedicado para o mercado de DJ\/Vjs para a produ\u00e7\u00e3o e gest\u00e3o de efeitos gr\u00e1ficos, misturandos-os com v\u00eddeos e projetando-os em qualquer tipo de objectos ou lan\u00e7ando-os para qualquer tipo de ecr\u00e3. Saiba mais em: http:\/\/vj-dj.arkaos.net\/","inLanguage":"en-GB","isPartOf":{"@id":"https:\/\/garrett.pt\/en\/#website"},"breadcrumb":{"@id":"https:\/\/garrett.pt\/en\/product\/software-djvj-de-producao-e-gestao-de-efeitos\/#breadcrumblist"},"image":{"@type":"ImageObject","url":"https:\/\/garrett.pt\/wp-content\/uploads\/2016\/03\/Arkaos_SW_DJ.png","@id":"https:\/\/garrett.pt\/en\/product\/software-djvj-de-producao-e-gestao-de-efeitos\/#mainImage","width":500,"height":500},"primaryImageOfPage":{"@id":"https:\/\/garrett.pt\/en\/product\/software-djvj-de-producao-e-gestao-de-efeitos\/#mainImage"},"datePublished":"2016-03-30T11:28:50+00:00","dateModified":"2016-03-30T11:29:08+00:00"},{"@type":"Organization","@id":"https:\/\/garrett.pt\/en\/#organization","name":"Garrett Audiovisuais","description":"Projeto e Integra\u00e7\u00e3o de Sistemas Audiovisuais","url":"https:\/\/garrett.pt\/en\/","telephone":"+351214180134","logo":{"@type":"ImageObject","url":"https:\/\/garrett.pt\/wp-content\/uploads\/2021\/10\/1378831_10151703628399331_552396504_n.jpg","@id":"https:\/\/garrett.pt\/en\/product\/software-djvj-de-producao-e-gestao-de-efeitos\/#organizationLogo","width":650,"height":650},"image":{"@id":"https:\/\/garrett.pt\/en\/product\/software-djvj-de-producao-e-gestao-de-efeitos\/#organizationLogo"},"sameAs":["https:\/\/www.facebook.com\/garrettaudiovisuais","https:\/\/www.instagram.com\/garrettaudiovisuais\/","https:\/\/www.youtube.com\/channel\/UCMLMFyCLpAQ3D4cYmzC34PQ","https:\/\/www.linkedin.com\/company\/garrett-audiovisuais","https:\/\/www.threads.net\/@garrettaudiovisuais","https:\/\/bsky.app\/profile\/garrettsa.bsky.social"]},{"@type":"WebPage","@id":"https:\/\/garrett.pt\/en\/product\/software-djvj-de-producao-e-gestao-de-efeitos\/#webpage","url":"https:\/\/garrett.pt\/en\/product\/software-djvj-de-producao-e-gestao-de-efeitos\/","name":"Software DJ\/VJ de Produ\u00e7\u00e3o e Gest\u00e3o de Efeitos | Garrett Audiovisuais","description":"Software especialmente dedicado para o mercado de DJ\/Vjs para a produ\u00e7\u00e3o e gest\u00e3o de efeitos gr\u00e1ficos, misturandos-os com v\u00eddeos e projetando-os em qualquer tipo de objectos ou lan\u00e7ando-os para qualquer tipo de ecr\u00e3. Saiba mais em: http:\/\/vj-dj.arkaos.net\/","inLanguage":"en-GB","isPartOf":{"@id":"https:\/\/garrett.pt\/en\/#website"},"breadcrumb":{"@id":"https:\/\/garrett.pt\/en\/product\/software-djvj-de-producao-e-gestao-de-efeitos\/#breadcrumblist"},"image":{"@type":"ImageObject","url":"https:\/\/garrett.pt\/wp-content\/uploads\/2016\/03\/Arkaos_SW_DJ.png","@id":"https:\/\/garrett.pt\/en\/product\/software-djvj-de-producao-e-gestao-de-efeitos\/#mainImage","width":500,"height":500},"primaryImageOfPage":{"@id":"https:\/\/garrett.pt\/en\/product\/software-djvj-de-producao-e-gestao-de-efeitos\/#mainImage"},"datePublished":"2016-03-30T11:28:50+00:00","dateModified":"2016-03-30T11:29:08+00:00"},{"@type":"WebSite","@id":"https:\/\/garrett.pt\/en\/#website","url":"https:\/\/garrett.pt\/en\/","name":"Garrett Audiovisuais","description":"Projeto e Integra\u00e7\u00e3o de Sistemas Audiovisuais","inLanguage":"en-GB","publisher":{"@id":"https:\/\/garrett.pt\/en\/#organization"}}]},"og:locale":"en_GB","og:site_name":"Garrett Audiovisuais | Projeto e Integra\u00e7\u00e3o de Sistemas Audiovisuais","og:type":"article","og:title":"Software DJ\/VJ de Produ\u00e7\u00e3o e Gest\u00e3o de Efeitos | Garrett Audiovisuais","og:description":"Software especialmente dedicado para o mercado de DJ\/Vjs para a produ\u00e7\u00e3o e gest\u00e3o de efeitos gr\u00e1ficos, misturandos-os com v\u00eddeos e projetando-os em qualquer tipo de objectos ou lan\u00e7ando-os para qualquer tipo de ecr\u00e3. Saiba mais em: http:\/\/vj-dj.arkaos.net\/","og:url":"https:\/\/garrett.pt\/en\/product\/software-djvj-de-producao-e-gestao-de-efeitos\/","og:image":"https:\/\/garrett.pt\/wp-content\/uploads\/2016\/03\/Arkaos_SW_DJ.png","og:image:secure_url":"https:\/\/garrett.pt\/wp-content\/uploads\/2016\/03\/Arkaos_SW_DJ.png","og:image:width":500,"og:image:height":500,"article:published_time":"2016-03-30T11:28:50+00:00","article:modified_time":"2016-03-30T11:29:08+00:00","article:publisher":"https:\/\/www.facebook.com\/garrettaudiovisuais","twitter:card":"summary","twitter:title":"Software DJ\/VJ de Produ\u00e7\u00e3o e Gest\u00e3o de Efeitos | Garrett Audiovisuais","twitter:description":"Software especialmente dedicado para o mercado de DJ\/Vjs para a produ\u00e7\u00e3o e gest\u00e3o de efeitos gr\u00e1ficos, misturandos-os com v\u00eddeos e projetando-os em qualquer tipo de objectos ou lan\u00e7ando-os para qualquer tipo de ecr\u00e3. Saiba mais em: http:\/\/vj-dj.arkaos.net\/","twitter:image":"https:\/\/garrett.pt\/wp-content\/uploads\/2016\/03\/Arkaos_SW_DJ.png"},"aioseo_meta_data":{"post_id":"2668","title":null,"description":null,"keywords":null,"keyphrases":null,"primary_term":null,"canonical_url":null,"og_title":null,"og_description":null,"og_object_type":"default","og_image_type":"default","og_image_url":null,"og_image_width":null,"og_image_height":null,"og_image_custom_url":null,"og_image_custom_fields":null,"og_video":null,"og_custom_url":null,"og_article_section":null,"og_article_tags":null,"twitter_use_og":false,"twitter_card":"default","twitter_image_type":"default","twitter_image_url":null,"twitter_image_custom_url":null,"twitter_image_custom_fields":null,"twitter_title":null,"twitter_description":null,"schema":{"blockGraphs":[],"customGraphs":[],"default":{"data":{"Article":[],"Course":[],"Dataset":[],"FAQPage":[],"Movie":[],"Person":[],"Product":[],"ProductReview":[],"Car":[],"Recipe":[],"Service":[],"SoftwareApplication":[],"WebPage":[]},"graphName":"","isEnabled":true},"graphs":[],"defaultGraph":"","defaultPostTypeGraph":""},"schema_type":null,"schema_type_options":null,"pillar_content":false,"robots_default":true,"robots_noindex":false,"robots_noarchive":false,"robots_nosnippet":false,"robots_nofollow":false,"robots_noimageindex":false,"robots_noodp":false,"robots_notranslate":false,"robots_max_snippet":null,"robots_max_videopreview":null,"robots_max_imagepreview":"large","priority":null,"frequency":null,"local_seo":null,"seo_analyzer_scan_date":"2025-10-13 18:25:12","breadcrumb_settings":null,"limit_modified_date":false,"reviewed_by":null,"open_ai":null,"ai":null,"created":"2021-09-22 12:36:46","updated":"2025-10-13 18:25:12"},"aioseo_breadcrumb":"<div class=\"aioseo-breadcrumbs\"><span class=\"aioseo-breadcrumb\">\n\t<a href=\"https:\/\/garrett.pt\/en\" title=\"Home\">Home<\/a>\n<\/span><span class=\"aioseo-breadcrumb-separator\">&raquo;<\/span><span class=\"aioseo-breadcrumb\">\n\t<a href=\"https:\/\/garrett.pt\/en\/?page_id=927\" title=\"Private: Shop\">Private: Shop<\/a>\n<\/span><span class=\"aioseo-breadcrumb-separator\">&raquo;<\/span><span class=\"aioseo-breadcrumb\">\n\t<a href=\"https:\/\/garrett.pt\/en\/product-category\/iluminacao\/\" title=\"Ilumina\u00e7\u00e3o\">Ilumina\u00e7\u00e3o<\/a>\n<\/span><span class=\"aioseo-breadcrumb-separator\">&raquo;<\/span><span class=\"aioseo-breadcrumb\">\n\t<a href=\"https:\/\/garrett.pt\/en\/product-category\/iluminacao\/mapping\/\" title=\"Mapping\">Mapping<\/a>\n<\/span><span class=\"aioseo-breadcrumb-separator\">&raquo;<\/span><span class=\"aioseo-breadcrumb\">\n\tSoftware DJ\/VJ de Produ\u00e7\u00e3o e Gest\u00e3o de Efeitos\n<\/span><\/div>","aioseo_breadcrumb_json":[{"label":"Home","link":"https:\/\/garrett.pt\/en"},{"label":"Private: Shop","link":"https:\/\/garrett.pt\/en\/?page_id=927"},{"label":"Ilumina\u00e7\u00e3o","link":"https:\/\/garrett.pt\/en\/product-category\/iluminacao\/"},{"label":"Mapping","link":"https:\/\/garrett.pt\/en\/product-category\/iluminacao\/mapping\/"},{"label":"Software DJ\/VJ de Produ\u00e7\u00e3o e Gest\u00e3o de Efeitos","link":"https:\/\/garrett.pt\/en\/product\/software-djvj-de-producao-e-gestao-de-efeitos\/"}],"_links":{"self":[{"href":"https:\/\/garrett.pt\/en\/wp-json\/wp\/v2\/product\/2668","targetHints":{"allow":["GET"]}}],"collection":[{"href":"https:\/\/garrett.pt\/en\/wp-json\/wp\/v2\/product"}],"about":[{"href":"https:\/\/garrett.pt\/en\/wp-json\/wp\/v2\/types\/product"}],"replies":[{"embeddable":true,"href":"https:\/\/garrett.pt\/en\/wp-json\/wp\/v2\/comments?post=2668"}],"wp:featuredmedia":[{"embeddable":true,"href":"https:\/\/garrett.pt\/en\/wp-json\/wp\/v2\/media\/2663"}],"wp:attachment":[{"href":"https:\/\/garrett.pt\/en\/wp-json\/wp\/v2\/media?parent=2668"}],"wp:term":[{"taxonomy":"product_brand","embeddable":true,"href":"https:\/\/garrett.pt\/en\/wp-json\/wp\/v2\/product_brand?post=2668"},{"taxonomy":"product_cat","embeddable":true,"href":"https:\/\/garrett.pt\/en\/wp-json\/wp\/v2\/product_cat?post=2668"},{"taxonomy":"product_tag","embeddable":true,"href":"https:\/\/garrett.pt\/en\/wp-json\/wp\/v2\/product_tag?post=2668"}],"curies":[{"name":"wp","href":"https:\/\/api.w.org\/{rel}","templated":true}]}}