{"id":2741,"date":"2016-04-05T16:25:08","date_gmt":"2016-04-05T16:25:08","guid":{"rendered":"http:\/\/ptm.garrett.pt\/?post_type=product&#038;p=2741"},"modified":"2019-04-26T10:42:33","modified_gmt":"2019-04-26T10:42:33","slug":"coberturas","status":"publish","type":"product","link":"https:\/\/garrett.pt\/en\/product\/coberturas\/","title":{"rendered":"coverages"},"content":{"rendered":"<p><a href=\"https:\/\/globaltruss.de\/\" target=\"_blank\" rel=\"noopener\">https:\/\/globaltruss.de\/<\/a><\/p>","protected":false},"excerpt":{"rendered":"<p><span style=\"font-weight: 400;\">Tubular solutions for roofs, with the possibility of easily adding sound and light equipment, before being raised to the desired height.<\/span><\/p>","protected":false},"featured_media":7388,"comment_status":"closed","ping_status":"closed","template":"","meta":{"cybocfi_hide_featured_image":""},"product_brand":[],"product_cat":[230,308,234],"product_tag":[],"class_list":{"0":"post-2741","1":"product","2":"type-product","3":"status-publish","4":"has-post-thumbnail","6":"product_cat-estruturas-acessorios","7":"product_cat-global-truss","8":"product_cat-outros","9":"post","10":"post-with-thumbnail","11":"post-with-thumbnail-large","13":"first","14":"instock","15":"taxable","16":"shipping-taxable","17":"product-type-simple"},"aioseo_notices":[],"aioseo_head":"\n\t\t<!-- All in One SEO Pro 4.9.6.2 - aioseo.com -->\n\t<meta name=\"description\" content=\"Solu\u00e7\u00f5es tubulares para coberturas, com possibilidade de agregar facilmente equipamentos de som e luz, antes de ser elevado at\u00e9 a altura pretendida.\" \/>\n\t<meta name=\"robots\" content=\"max-image-preview:large\" \/>\n\t<meta name=\"google-site-verification\" content=\"V-yzxKXBUCATCiI1W_5bHMqCYZQPH0cGOGjcdwe4AHM\" \/>\n\t<link rel=\"canonical\" href=\"https:\/\/garrett.pt\/en\/product\/coberturas\/\" \/>\n\t<meta name=\"generator\" content=\"All in One SEO Pro (AIOSEO) 4.9.6.2\" \/>\n\t\t<meta property=\"og:locale\" content=\"en_GB\" \/>\n\t\t<meta property=\"og:site_name\" content=\"Garrett Audiovisuais | Projeto e Integra\u00e7\u00e3o de Sistemas Audiovisuais\" \/>\n\t\t<meta property=\"og:type\" content=\"article\" \/>\n\t\t<meta property=\"og:title\" content=\"Coberturas | Garrett Audiovisuais\" \/>\n\t\t<meta property=\"og:description\" content=\"Solu\u00e7\u00f5es tubulares para coberturas, com possibilidade de agregar facilmente equipamentos de som e luz, antes de ser elevado at\u00e9 a altura pretendida.\" \/>\n\t\t<meta property=\"og:url\" content=\"https:\/\/garrett.pt\/en\/product\/coberturas\/\" \/>\n\t\t<meta property=\"og:image\" content=\"https:\/\/garrett.pt\/wp-content\/uploads\/2016\/04\/06_-_Coberturas.png\" \/>\n\t\t<meta property=\"og:image:secure_url\" content=\"https:\/\/garrett.pt\/wp-content\/uploads\/2016\/04\/06_-_Coberturas.png\" \/>\n\t\t<meta property=\"og:image:width\" content=\"500\" \/>\n\t\t<meta property=\"og:image:height\" content=\"500\" \/>\n\t\t<meta property=\"article:published_time\" content=\"2016-04-05T16:25:08+00:00\" \/>\n\t\t<meta property=\"article:modified_time\" content=\"2019-04-26T10:42:33+00:00\" \/>\n\t\t<meta property=\"article:publisher\" content=\"https:\/\/www.facebook.com\/garrettaudiovisuais\" \/>\n\t\t<meta name=\"twitter:card\" content=\"summary\" \/>\n\t\t<meta name=\"twitter:title\" content=\"Coberturas | Garrett Audiovisuais\" \/>\n\t\t<meta name=\"twitter:description\" content=\"Solu\u00e7\u00f5es tubulares para coberturas, com possibilidade de agregar facilmente equipamentos de som e luz, antes de ser elevado at\u00e9 a altura pretendida.\" \/>\n\t\t<meta name=\"twitter:image\" content=\"https:\/\/garrett.pt\/wp-content\/uploads\/2016\/04\/06_-_Coberturas.png\" \/>\n\t\t<script type=\"application\/ld+json\" class=\"aioseo-schema\">\n\t\t\t{\"@context\":\"https:\\\/\\\/schema.org\",\"@graph\":[{\"@type\":\"BreadcrumbList\",\"@id\":\"https:\\\/\\\/garrett.pt\\\/en\\\/product\\\/coberturas\\\/#breadcrumblist\",\"itemListElement\":[{\"@type\":\"ListItem\",\"@id\":\"https:\\\/\\\/garrett.pt\\\/en#listItem\",\"position\":1,\"name\":\"Home\",\"item\":\"https:\\\/\\\/garrett.pt\\\/en\",\"nextItem\":{\"@type\":\"ListItem\",\"@id\":\"https:\\\/\\\/garrett.pt\\\/en\\\/?page_id=927#listItem\",\"name\":\"Private: Shop\"}},{\"@type\":\"ListItem\",\"@id\":\"https:\\\/\\\/garrett.pt\\\/en\\\/?page_id=927#listItem\",\"position\":2,\"name\":\"Private: Shop\",\"item\":\"https:\\\/\\\/garrett.pt\\\/en\\\/?page_id=927\",\"nextItem\":{\"@type\":\"ListItem\",\"@id\":\"https:\\\/\\\/garrett.pt\\\/en\\\/product-category\\\/estruturas-acessorios\\\/#listItem\",\"name\":\"Estruturas e Acess\\u00f3rios\"},\"previousItem\":{\"@type\":\"ListItem\",\"@id\":\"https:\\\/\\\/garrett.pt\\\/en#listItem\",\"name\":\"Home\"}},{\"@type\":\"ListItem\",\"@id\":\"https:\\\/\\\/garrett.pt\\\/en\\\/product-category\\\/estruturas-acessorios\\\/#listItem\",\"position\":3,\"name\":\"Estruturas e Acess\\u00f3rios\",\"item\":\"https:\\\/\\\/garrett.pt\\\/en\\\/product-category\\\/estruturas-acessorios\\\/\",\"nextItem\":{\"@type\":\"ListItem\",\"@id\":\"https:\\\/\\\/garrett.pt\\\/en\\\/product-category\\\/estruturas-acessorios\\\/outros\\\/#listItem\",\"name\":\"Outros\"},\"previousItem\":{\"@type\":\"ListItem\",\"@id\":\"https:\\\/\\\/garrett.pt\\\/en\\\/?page_id=927#listItem\",\"name\":\"Private: Shop\"}},{\"@type\":\"ListItem\",\"@id\":\"https:\\\/\\\/garrett.pt\\\/en\\\/product-category\\\/estruturas-acessorios\\\/outros\\\/#listItem\",\"position\":4,\"name\":\"Outros\",\"item\":\"https:\\\/\\\/garrett.pt\\\/en\\\/product-category\\\/estruturas-acessorios\\\/outros\\\/\",\"nextItem\":{\"@type\":\"ListItem\",\"@id\":\"https:\\\/\\\/garrett.pt\\\/en\\\/product\\\/coberturas\\\/#listItem\",\"name\":\"Coberturas\"},\"previousItem\":{\"@type\":\"ListItem\",\"@id\":\"https:\\\/\\\/garrett.pt\\\/en\\\/product-category\\\/estruturas-acessorios\\\/#listItem\",\"name\":\"Estruturas e Acess\\u00f3rios\"}},{\"@type\":\"ListItem\",\"@id\":\"https:\\\/\\\/garrett.pt\\\/en\\\/product\\\/coberturas\\\/#listItem\",\"position\":5,\"name\":\"Coberturas\",\"previousItem\":{\"@type\":\"ListItem\",\"@id\":\"https:\\\/\\\/garrett.pt\\\/en\\\/product-category\\\/estruturas-acessorios\\\/outros\\\/#listItem\",\"name\":\"Outros\"}}]},{\"@type\":\"ItemPage\",\"@id\":\"https:\\\/\\\/garrett.pt\\\/en\\\/product\\\/coberturas\\\/#itempage\",\"url\":\"https:\\\/\\\/garrett.pt\\\/en\\\/product\\\/coberturas\\\/\",\"name\":\"Coberturas | Garrett Audiovisuais\",\"description\":\"Solu\\u00e7\\u00f5es tubulares para coberturas, com possibilidade de agregar facilmente equipamentos de som e luz, antes de ser elevado at\\u00e9 a altura pretendida.\",\"inLanguage\":\"en-GB\",\"isPartOf\":{\"@id\":\"https:\\\/\\\/garrett.pt\\\/en\\\/#website\"},\"breadcrumb\":{\"@id\":\"https:\\\/\\\/garrett.pt\\\/en\\\/product\\\/coberturas\\\/#breadcrumblist\"},\"image\":{\"@type\":\"ImageObject\",\"url\":\"https:\\\/\\\/garrett.pt\\\/wp-content\\\/uploads\\\/2016\\\/04\\\/06_-_Coberturas.png\",\"@id\":\"https:\\\/\\\/garrett.pt\\\/en\\\/product\\\/coberturas\\\/#mainImage\",\"width\":500,\"height\":500},\"primaryImageOfPage\":{\"@id\":\"https:\\\/\\\/garrett.pt\\\/en\\\/product\\\/coberturas\\\/#mainImage\"},\"datePublished\":\"2016-04-05T16:25:08+00:00\",\"dateModified\":\"2019-04-26T10:42:33+00:00\"},{\"@type\":\"Organization\",\"@id\":\"https:\\\/\\\/garrett.pt\\\/en\\\/#organization\",\"name\":\"Garrett Audiovisuais\",\"description\":\"Projeto e Integra\\u00e7\\u00e3o de Sistemas Audiovisuais\",\"url\":\"https:\\\/\\\/garrett.pt\\\/en\\\/\",\"telephone\":\"+351214180134\",\"logo\":{\"@type\":\"ImageObject\",\"url\":\"https:\\\/\\\/garrett.pt\\\/wp-content\\\/uploads\\\/2021\\\/10\\\/1378831_10151703628399331_552396504_n.jpg\",\"@id\":\"https:\\\/\\\/garrett.pt\\\/en\\\/product\\\/coberturas\\\/#organizationLogo\",\"width\":650,\"height\":650},\"image\":{\"@id\":\"https:\\\/\\\/garrett.pt\\\/en\\\/product\\\/coberturas\\\/#organizationLogo\"},\"sameAs\":[\"https:\\\/\\\/www.facebook.com\\\/garrettaudiovisuais\",\"https:\\\/\\\/www.instagram.com\\\/garrettaudiovisuais\\\/\",\"https:\\\/\\\/www.youtube.com\\\/channel\\\/UCMLMFyCLpAQ3D4cYmzC34PQ\",\"https:\\\/\\\/www.linkedin.com\\\/company\\\/garrett-audiovisuais\",\"https:\\\/\\\/www.threads.net\\\/@garrettaudiovisuais\",\"https:\\\/\\\/bsky.app\\\/profile\\\/garrettsa.bsky.social\"]},{\"@type\":\"WebPage\",\"@id\":\"https:\\\/\\\/garrett.pt\\\/en\\\/product\\\/coberturas\\\/#webpage\",\"url\":\"https:\\\/\\\/garrett.pt\\\/en\\\/product\\\/coberturas\\\/\",\"name\":\"Coberturas | Garrett Audiovisuais\",\"description\":\"Solu\\u00e7\\u00f5es tubulares para coberturas, com possibilidade de agregar facilmente equipamentos de som e luz, antes de ser elevado at\\u00e9 a altura pretendida.\",\"inLanguage\":\"en-GB\",\"isPartOf\":{\"@id\":\"https:\\\/\\\/garrett.pt\\\/en\\\/#website\"},\"breadcrumb\":{\"@id\":\"https:\\\/\\\/garrett.pt\\\/en\\\/product\\\/coberturas\\\/#breadcrumblist\"},\"image\":{\"@type\":\"ImageObject\",\"url\":\"https:\\\/\\\/garrett.pt\\\/wp-content\\\/uploads\\\/2016\\\/04\\\/06_-_Coberturas.png\",\"@id\":\"https:\\\/\\\/garrett.pt\\\/en\\\/product\\\/coberturas\\\/#mainImage\",\"width\":500,\"height\":500},\"primaryImageOfPage\":{\"@id\":\"https:\\\/\\\/garrett.pt\\\/en\\\/product\\\/coberturas\\\/#mainImage\"},\"datePublished\":\"2016-04-05T16:25:08+00:00\",\"dateModified\":\"2019-04-26T10:42:33+00:00\"},{\"@type\":\"WebSite\",\"@id\":\"https:\\\/\\\/garrett.pt\\\/en\\\/#website\",\"url\":\"https:\\\/\\\/garrett.pt\\\/en\\\/\",\"name\":\"Garrett Audiovisuais\",\"description\":\"Projeto e Integra\\u00e7\\u00e3o de Sistemas Audiovisuais\",\"inLanguage\":\"en-GB\",\"publisher\":{\"@id\":\"https:\\\/\\\/garrett.pt\\\/en\\\/#organization\"}}]}\n\t\t<\/script>\n\t\t<!-- All in One SEO Pro -->\r\n\t\t<title>Coberturas | Garrett Audiovisuais<\/title>\n\n","aioseo_head_json":{"title":"Coverage | Garrett Audiovisuals","description":"Tubular solutions for roofs, with the possibility of easily adding sound and light equipment, before being raised to the desired height.","canonical_url":"https:\/\/garrett.pt\/en\/product\/coberturas\/","robots":"max-image-preview:large","keywords":"","webmasterTools":{"google-site-verification":"V-yzxKXBUCATCiI1W_5bHMqCYZQPH0cGOGjcdwe4AHM","miscellaneous":""},"schema":{"@context":"https:\/\/schema.org","@graph":[{"@type":"BreadcrumbList","@id":"https:\/\/garrett.pt\/en\/product\/coberturas\/#breadcrumblist","itemListElement":[{"@type":"ListItem","@id":"https:\/\/garrett.pt\/en#listItem","position":1,"name":"Home","item":"https:\/\/garrett.pt\/en","nextItem":{"@type":"ListItem","@id":"https:\/\/garrett.pt\/en\/?page_id=927#listItem","name":"Private: Shop"}},{"@type":"ListItem","@id":"https:\/\/garrett.pt\/en\/?page_id=927#listItem","position":2,"name":"Private: Shop","item":"https:\/\/garrett.pt\/en\/?page_id=927","nextItem":{"@type":"ListItem","@id":"https:\/\/garrett.pt\/en\/product-category\/estruturas-acessorios\/#listItem","name":"Estruturas e Acess\u00f3rios"},"previousItem":{"@type":"ListItem","@id":"https:\/\/garrett.pt\/en#listItem","name":"Home"}},{"@type":"ListItem","@id":"https:\/\/garrett.pt\/en\/product-category\/estruturas-acessorios\/#listItem","position":3,"name":"Estruturas e Acess\u00f3rios","item":"https:\/\/garrett.pt\/en\/product-category\/estruturas-acessorios\/","nextItem":{"@type":"ListItem","@id":"https:\/\/garrett.pt\/en\/product-category\/estruturas-acessorios\/outros\/#listItem","name":"Outros"},"previousItem":{"@type":"ListItem","@id":"https:\/\/garrett.pt\/en\/?page_id=927#listItem","name":"Private: Shop"}},{"@type":"ListItem","@id":"https:\/\/garrett.pt\/en\/product-category\/estruturas-acessorios\/outros\/#listItem","position":4,"name":"Outros","item":"https:\/\/garrett.pt\/en\/product-category\/estruturas-acessorios\/outros\/","nextItem":{"@type":"ListItem","@id":"https:\/\/garrett.pt\/en\/product\/coberturas\/#listItem","name":"Coberturas"},"previousItem":{"@type":"ListItem","@id":"https:\/\/garrett.pt\/en\/product-category\/estruturas-acessorios\/#listItem","name":"Estruturas e Acess\u00f3rios"}},{"@type":"ListItem","@id":"https:\/\/garrett.pt\/en\/product\/coberturas\/#listItem","position":5,"name":"Coberturas","previousItem":{"@type":"ListItem","@id":"https:\/\/garrett.pt\/en\/product-category\/estruturas-acessorios\/outros\/#listItem","name":"Outros"}}]},{"@type":"ItemPage","@id":"https:\/\/garrett.pt\/en\/product\/coberturas\/#itempage","url":"https:\/\/garrett.pt\/en\/product\/coberturas\/","name":"Coberturas | Garrett Audiovisuais","description":"Solu\u00e7\u00f5es tubulares para coberturas, com possibilidade de agregar facilmente equipamentos de som e luz, antes de ser elevado at\u00e9 a altura pretendida.","inLanguage":"en-GB","isPartOf":{"@id":"https:\/\/garrett.pt\/en\/#website"},"breadcrumb":{"@id":"https:\/\/garrett.pt\/en\/product\/coberturas\/#breadcrumblist"},"image":{"@type":"ImageObject","url":"https:\/\/garrett.pt\/wp-content\/uploads\/2016\/04\/06_-_Coberturas.png","@id":"https:\/\/garrett.pt\/en\/product\/coberturas\/#mainImage","width":500,"height":500},"primaryImageOfPage":{"@id":"https:\/\/garrett.pt\/en\/product\/coberturas\/#mainImage"},"datePublished":"2016-04-05T16:25:08+00:00","dateModified":"2019-04-26T10:42:33+00:00"},{"@type":"Organization","@id":"https:\/\/garrett.pt\/en\/#organization","name":"Garrett Audiovisuais","description":"Projeto e Integra\u00e7\u00e3o de Sistemas Audiovisuais","url":"https:\/\/garrett.pt\/en\/","telephone":"+351214180134","logo":{"@type":"ImageObject","url":"https:\/\/garrett.pt\/wp-content\/uploads\/2021\/10\/1378831_10151703628399331_552396504_n.jpg","@id":"https:\/\/garrett.pt\/en\/product\/coberturas\/#organizationLogo","width":650,"height":650},"image":{"@id":"https:\/\/garrett.pt\/en\/product\/coberturas\/#organizationLogo"},"sameAs":["https:\/\/www.facebook.com\/garrettaudiovisuais","https:\/\/www.instagram.com\/garrettaudiovisuais\/","https:\/\/www.youtube.com\/channel\/UCMLMFyCLpAQ3D4cYmzC34PQ","https:\/\/www.linkedin.com\/company\/garrett-audiovisuais","https:\/\/www.threads.net\/@garrettaudiovisuais","https:\/\/bsky.app\/profile\/garrettsa.bsky.social"]},{"@type":"WebPage","@id":"https:\/\/garrett.pt\/en\/product\/coberturas\/#webpage","url":"https:\/\/garrett.pt\/en\/product\/coberturas\/","name":"Coberturas | Garrett Audiovisuais","description":"Solu\u00e7\u00f5es tubulares para coberturas, com possibilidade de agregar facilmente equipamentos de som e luz, antes de ser elevado at\u00e9 a altura pretendida.","inLanguage":"en-GB","isPartOf":{"@id":"https:\/\/garrett.pt\/en\/#website"},"breadcrumb":{"@id":"https:\/\/garrett.pt\/en\/product\/coberturas\/#breadcrumblist"},"image":{"@type":"ImageObject","url":"https:\/\/garrett.pt\/wp-content\/uploads\/2016\/04\/06_-_Coberturas.png","@id":"https:\/\/garrett.pt\/en\/product\/coberturas\/#mainImage","width":500,"height":500},"primaryImageOfPage":{"@id":"https:\/\/garrett.pt\/en\/product\/coberturas\/#mainImage"},"datePublished":"2016-04-05T16:25:08+00:00","dateModified":"2019-04-26T10:42:33+00:00"},{"@type":"WebSite","@id":"https:\/\/garrett.pt\/en\/#website","url":"https:\/\/garrett.pt\/en\/","name":"Garrett Audiovisuais","description":"Projeto e Integra\u00e7\u00e3o de Sistemas Audiovisuais","inLanguage":"en-GB","publisher":{"@id":"https:\/\/garrett.pt\/en\/#organization"}}]},"og:locale":"en_GB","og:site_name":"Garrett Audiovisuais | Projeto e Integra\u00e7\u00e3o de Sistemas Audiovisuais","og:type":"article","og:title":"Coberturas | Garrett Audiovisuais","og:description":"Solu\u00e7\u00f5es tubulares para coberturas, com possibilidade de agregar facilmente equipamentos de som e luz, antes de ser elevado at\u00e9 a altura pretendida.","og:url":"https:\/\/garrett.pt\/en\/product\/coberturas\/","og:image":"https:\/\/garrett.pt\/wp-content\/uploads\/2016\/04\/06_-_Coberturas.png","og:image:secure_url":"https:\/\/garrett.pt\/wp-content\/uploads\/2016\/04\/06_-_Coberturas.png","og:image:width":500,"og:image:height":500,"article:published_time":"2016-04-05T16:25:08+00:00","article:modified_time":"2019-04-26T10:42:33+00:00","article:publisher":"https:\/\/www.facebook.com\/garrettaudiovisuais","twitter:card":"summary","twitter:title":"Coberturas | Garrett Audiovisuais","twitter:description":"Solu\u00e7\u00f5es tubulares para coberturas, com possibilidade de agregar facilmente equipamentos de som e luz, antes de ser elevado at\u00e9 a altura pretendida.","twitter:image":"https:\/\/garrett.pt\/wp-content\/uploads\/2016\/04\/06_-_Coberturas.png"},"aioseo_meta_data":{"post_id":"2741","title":null,"description":null,"keywords":null,"keyphrases":null,"primary_term":null,"canonical_url":null,"og_title":null,"og_description":null,"og_object_type":"default","og_image_type":"default","og_image_url":null,"og_image_width":null,"og_image_height":null,"og_image_custom_url":null,"og_image_custom_fields":null,"og_video":null,"og_custom_url":null,"og_article_section":null,"og_article_tags":null,"twitter_use_og":false,"twitter_card":"default","twitter_image_type":"default","twitter_image_url":null,"twitter_image_custom_url":null,"twitter_image_custom_fields":null,"twitter_title":null,"twitter_description":null,"schema":{"blockGraphs":[],"customGraphs":[],"default":{"data":{"Article":[],"Course":[],"Dataset":[],"FAQPage":[],"Movie":[],"Person":[],"Product":[],"ProductReview":[],"Car":[],"Recipe":[],"Service":[],"SoftwareApplication":[],"WebPage":[]},"graphName":"","isEnabled":true},"graphs":[]},"schema_type":null,"schema_type_options":null,"pillar_content":false,"robots_default":true,"robots_noindex":false,"robots_noarchive":false,"robots_nosnippet":false,"robots_nofollow":false,"robots_noimageindex":false,"robots_noodp":false,"robots_notranslate":false,"robots_max_snippet":null,"robots_max_videopreview":null,"robots_max_imagepreview":"large","priority":null,"frequency":null,"local_seo":null,"seo_analyzer_scan_date":"2025-10-13 18:32:05","breadcrumb_settings":null,"limit_modified_date":false,"reviewed_by":null,"open_ai":null,"ai":null,"created":"2021-09-22 12:39:59","updated":"2025-10-13 18:32:05"},"aioseo_breadcrumb":"<div class=\"aioseo-breadcrumbs\"><span class=\"aioseo-breadcrumb\">\n\t<a href=\"https:\/\/garrett.pt\/en\" title=\"Home\">Home<\/a>\n<\/span><span class=\"aioseo-breadcrumb-separator\">&raquo;<\/span><span class=\"aioseo-breadcrumb\">\n\t<a href=\"https:\/\/garrett.pt\/en\/?page_id=927\" title=\"Private: Shop\">Private: Shop<\/a>\n<\/span><span class=\"aioseo-breadcrumb-separator\">&raquo;<\/span><span class=\"aioseo-breadcrumb\">\n\t<a href=\"https:\/\/garrett.pt\/en\/product-category\/estruturas-acessorios\/\" title=\"Estruturas e Acess\u00f3rios\">Estruturas e Acess\u00f3rios<\/a>\n<\/span><span class=\"aioseo-breadcrumb-separator\">&raquo;<\/span><span class=\"aioseo-breadcrumb\">\n\t<a href=\"https:\/\/garrett.pt\/en\/product-category\/estruturas-acessorios\/outros\/\" title=\"Outros\">Outros<\/a>\n<\/span><span class=\"aioseo-breadcrumb-separator\">&raquo;<\/span><span class=\"aioseo-breadcrumb\">\n\tCoberturas\n<\/span><\/div>","aioseo_breadcrumb_json":[{"label":"Home","link":"https:\/\/garrett.pt\/en"},{"label":"Private: Shop","link":"https:\/\/garrett.pt\/en\/?page_id=927"},{"label":"Estruturas e Acess\u00f3rios","link":"https:\/\/garrett.pt\/en\/product-category\/estruturas-acessorios\/"},{"label":"Outros","link":"https:\/\/garrett.pt\/en\/product-category\/estruturas-acessorios\/outros\/"},{"label":"Coberturas","link":"https:\/\/garrett.pt\/en\/product\/coberturas\/"}],"_links":{"self":[{"href":"https:\/\/garrett.pt\/en\/wp-json\/wp\/v2\/product\/2741","targetHints":{"allow":["GET"]}}],"collection":[{"href":"https:\/\/garrett.pt\/en\/wp-json\/wp\/v2\/product"}],"about":[{"href":"https:\/\/garrett.pt\/en\/wp-json\/wp\/v2\/types\/product"}],"replies":[{"embeddable":true,"href":"https:\/\/garrett.pt\/en\/wp-json\/wp\/v2\/comments?post=2741"}],"wp:featuredmedia":[{"embeddable":true,"href":"https:\/\/garrett.pt\/en\/wp-json\/wp\/v2\/media\/7388"}],"wp:attachment":[{"href":"https:\/\/garrett.pt\/en\/wp-json\/wp\/v2\/media?parent=2741"}],"wp:term":[{"taxonomy":"product_brand","embeddable":true,"href":"https:\/\/garrett.pt\/en\/wp-json\/wp\/v2\/product_brand?post=2741"},{"taxonomy":"product_cat","embeddable":true,"href":"https:\/\/garrett.pt\/en\/wp-json\/wp\/v2\/product_cat?post=2741"},{"taxonomy":"product_tag","embeddable":true,"href":"https:\/\/garrett.pt\/en\/wp-json\/wp\/v2\/product_tag?post=2741"}],"curies":[{"name":"wp","href":"https:\/\/api.w.org\/{rel}","templated":true}]}}