{"id":5927,"date":"2018-04-03T09:29:23","date_gmt":"2018-04-03T09:29:23","guid":{"rendered":"https:\/\/garrett.pt\/?post_type=product&#038;p=5927"},"modified":"2018-04-03T15:18:39","modified_gmt":"2018-04-03T15:18:39","slug":"paineis-de-video","status":"publish","type":"product","link":"https:\/\/garrett.pt\/en\/product\/paineis-de-video\/","title":{"rendered":"Video Panels"},"content":{"rendered":"<h4>There are several products in this category that you can find at Chauvet DJ<\/h4>\n<h4>Learn more at:\u00a0<a href=\"https:\/\/www.chauvetdj.eu\/products\/category\/video-ee\/\" target=\"_blank\" rel=\"noopener\">https:\/\/www.chauvetdj.eu\/products\/category\/video-ee\/<\/a><\/h4>\n\n\t\t<style type=\"text\/css\">\n\t\t\t#gallery-1 {\n\t\t\t\tmargin: auto;\n\t\t\t}\n\t\t\t#gallery-1 .gallery-item {\n\t\t\t\tfloat: left;\n\t\t\t\tmargin-top: 10px;\n\t\t\t\ttext-align: center;\n\t\t\t\twidth: 33%;\n\t\t\t}\n\t\t\t#gallery-1 img {\n\t\t\t\tborder: 2px solid #cfcfcf;\n\t\t\t}\n\t\t\t#gallery-1 .gallery-caption {\n\t\t\t\tmargin-left: 0;\n\t\t\t}\n\t\t\t\/* see gallery_shortcode() in wp-includes\/media.php *\/\n\t\t<\/style>\n\t\t<div id='gallery-1' class='gallery galleryid-5927 gallery-columns-3 gallery-size-medium'><dl class='gallery-item'>\n\t\t\t<dt class='gallery-icon landscape'>\n\t\t\t\t<img loading=\"lazy\" decoding=\"async\" width=\"300\" height=\"300\" src=\"https:\/\/garrett.pt\/wp-content\/uploads\/2018\/04\/cat-Vivid-300x300.jpg\" class=\"attachment-medium size-medium\" alt=\"\" srcset=\"https:\/\/garrett.pt\/wp-content\/uploads\/2018\/04\/cat-Vivid-300x300.jpg 300w, https:\/\/garrett.pt\/wp-content\/uploads\/2018\/04\/cat-Vivid-100x100.jpg 100w, https:\/\/garrett.pt\/wp-content\/uploads\/2018\/04\/cat-Vivid-600x600.jpg 600w, https:\/\/garrett.pt\/wp-content\/uploads\/2018\/04\/cat-Vivid-150x150.jpg 150w, https:\/\/garrett.pt\/wp-content\/uploads\/2018\/04\/cat-Vivid-768x768.jpg 768w, https:\/\/garrett.pt\/wp-content\/uploads\/2018\/04\/cat-Vivid-24x24.jpg 24w, https:\/\/garrett.pt\/wp-content\/uploads\/2018\/04\/cat-Vivid-36x36.jpg 36w, https:\/\/garrett.pt\/wp-content\/uploads\/2018\/04\/cat-Vivid-48x48.jpg 48w, https:\/\/garrett.pt\/wp-content\/uploads\/2018\/04\/cat-Vivid.jpg 800w\" sizes=\"auto, (max-width: 300px) 100vw, 300px\" \/>\n\t\t\t<\/dt><\/dl><dl class='gallery-item'>\n\t\t\t<dt class='gallery-icon landscape'>\n\t\t\t\t<img loading=\"lazy\" decoding=\"async\" width=\"300\" height=\"300\" src=\"https:\/\/garrett.pt\/wp-content\/uploads\/2018\/04\/cat-Vivid-Drive-23N-300x300.jpg\" class=\"attachment-medium size-medium\" alt=\"\" srcset=\"https:\/\/garrett.pt\/wp-content\/uploads\/2018\/04\/cat-Vivid-Drive-23N-300x300.jpg 300w, https:\/\/garrett.pt\/wp-content\/uploads\/2018\/04\/cat-Vivid-Drive-23N-100x100.jpg 100w, https:\/\/garrett.pt\/wp-content\/uploads\/2018\/04\/cat-Vivid-Drive-23N-600x600.jpg 600w, https:\/\/garrett.pt\/wp-content\/uploads\/2018\/04\/cat-Vivid-Drive-23N-150x150.jpg 150w, https:\/\/garrett.pt\/wp-content\/uploads\/2018\/04\/cat-Vivid-Drive-23N-768x768.jpg 768w, https:\/\/garrett.pt\/wp-content\/uploads\/2018\/04\/cat-Vivid-Drive-23N-24x24.jpg 24w, https:\/\/garrett.pt\/wp-content\/uploads\/2018\/04\/cat-Vivid-Drive-23N-36x36.jpg 36w, https:\/\/garrett.pt\/wp-content\/uploads\/2018\/04\/cat-Vivid-Drive-23N-48x48.jpg 48w, https:\/\/garrett.pt\/wp-content\/uploads\/2018\/04\/cat-Vivid-Drive-23N.jpg 800w\" sizes=\"auto, (max-width: 300px) 100vw, 300px\" \/>\n\t\t\t<\/dt><\/dl><dl class='gallery-item'>\n\t\t\t<dt class='gallery-icon portrait'>\n\t\t\t\t<img loading=\"lazy\" decoding=\"async\" width=\"225\" height=\"300\" src=\"https:\/\/garrett.pt\/wp-content\/uploads\/2018\/04\/Vivid-4-INCLUDED-1-225x300.jpg\" class=\"attachment-medium size-medium\" alt=\"\" srcset=\"https:\/\/garrett.pt\/wp-content\/uploads\/2018\/04\/Vivid-4-INCLUDED-1-225x300.jpg 225w, https:\/\/garrett.pt\/wp-content\/uploads\/2018\/04\/Vivid-4-INCLUDED-1.jpg 600w, https:\/\/garrett.pt\/wp-content\/uploads\/2018\/04\/Vivid-4-INCLUDED-1-18x24.jpg 18w, https:\/\/garrett.pt\/wp-content\/uploads\/2018\/04\/Vivid-4-INCLUDED-1-27x36.jpg 27w, https:\/\/garrett.pt\/wp-content\/uploads\/2018\/04\/Vivid-4-INCLUDED-1-36x48.jpg 36w\" sizes=\"auto, (max-width: 225px) 100vw, 225px\" \/>\n\t\t\t<\/dt><\/dl><br style=\"clear: both\" \/>\n\t\t<\/div>\n\n<p><iframe loading=\"lazy\" width=\"720\" height=\"405\" src=\"https:\/\/www.youtube.com\/embed\/WZnQeysPViU?feature=oembed\" frameborder=\"0\" allow=\"autoplay; encrypted-media\" allowfullscreen><\/iframe><\/p>","protected":false},"excerpt":{"rendered":"<p>Modular video-led solutions with excellent value for money.<\/p>\n<h5>Learn more at:\u00a0<a href=\"https:\/\/www.chauvetdj.eu\/products\/category\/video-ee\/\" target=\"_blank\" rel=\"noopener\">https:\/\/www.chauvetdj.eu\/products\/category\/video-ee\/<\/a><\/h5>","protected":false},"featured_media":5928,"comment_status":"closed","ping_status":"closed","template":"","meta":{"cybocfi_hide_featured_image":""},"product_brand":[],"product_cat":[295,61,216],"product_tag":[],"class_list":{"0":"post-5927","1":"product","2":"type-product","3":"status-publish","4":"has-post-thumbnail","6":"product_cat-chauvetdj","7":"product_cat-iluminacao","8":"product_cat-video-led","9":"post","10":"post-with-thumbnail","11":"post-with-thumbnail-large","13":"first","14":"instock","15":"taxable","16":"shipping-taxable","17":"product-type-simple"},"aioseo_notices":[],"aioseo_head":"\n\t\t<!-- All in One SEO Pro 4.9.6.1 - aioseo.com -->\n\t<meta name=\"description\" content=\"Solu\u00e7\u00f5es de video-led modulares com excelente rela\u00e7\u00e3o qualidade-pre\u00e7o. Saiba mais em: https:\/\/www.chauvetdj.eu\/products\/category\/video-ee\/\" \/>\n\t<meta name=\"robots\" content=\"max-image-preview:large\" \/>\n\t<meta name=\"google-site-verification\" content=\"V-yzxKXBUCATCiI1W_5bHMqCYZQPH0cGOGjcdwe4AHM\" \/>\n\t<link rel=\"canonical\" href=\"https:\/\/garrett.pt\/en\/product\/paineis-de-video\/\" \/>\n\t<meta name=\"generator\" content=\"All in One SEO Pro (AIOSEO) 4.9.6.1\" \/>\n\t\t<meta property=\"og:locale\" content=\"en_GB\" \/>\n\t\t<meta property=\"og:site_name\" content=\"Garrett Audiovisuais | Projeto e Integra\u00e7\u00e3o de Sistemas Audiovisuais\" \/>\n\t\t<meta property=\"og:type\" content=\"article\" \/>\n\t\t<meta property=\"og:title\" content=\"Pain\u00e9is de Video | Garrett Audiovisuais\" \/>\n\t\t<meta property=\"og:description\" content=\"Solu\u00e7\u00f5es de video-led modulares com excelente rela\u00e7\u00e3o qualidade-pre\u00e7o. Saiba mais em: https:\/\/www.chauvetdj.eu\/products\/category\/video-ee\/\" \/>\n\t\t<meta property=\"og:url\" content=\"https:\/\/garrett.pt\/en\/product\/paineis-de-video\/\" \/>\n\t\t<meta property=\"og:image\" content=\"https:\/\/garrett.pt\/wp-content\/uploads\/2018\/04\/13.png\" \/>\n\t\t<meta property=\"og:image:secure_url\" content=\"https:\/\/garrett.pt\/wp-content\/uploads\/2018\/04\/13.png\" \/>\n\t\t<meta property=\"og:image:width\" content=\"500\" \/>\n\t\t<meta property=\"og:image:height\" content=\"500\" \/>\n\t\t<meta property=\"article:published_time\" content=\"2018-04-03T09:29:23+00:00\" \/>\n\t\t<meta property=\"article:modified_time\" content=\"2018-04-03T15:18:39+00:00\" \/>\n\t\t<meta property=\"article:publisher\" content=\"https:\/\/www.facebook.com\/garrettaudiovisuais\" \/>\n\t\t<meta name=\"twitter:card\" content=\"summary\" \/>\n\t\t<meta name=\"twitter:title\" content=\"Pain\u00e9is de Video | Garrett Audiovisuais\" \/>\n\t\t<meta name=\"twitter:description\" content=\"Solu\u00e7\u00f5es de video-led modulares com excelente rela\u00e7\u00e3o qualidade-pre\u00e7o. Saiba mais em: https:\/\/www.chauvetdj.eu\/products\/category\/video-ee\/\" \/>\n\t\t<meta name=\"twitter:image\" content=\"https:\/\/garrett.pt\/wp-content\/uploads\/2018\/04\/13.png\" \/>\n\t\t<script type=\"application\/ld+json\" class=\"aioseo-schema\">\n\t\t\t{\"@context\":\"https:\\\/\\\/schema.org\",\"@graph\":[{\"@type\":\"BreadcrumbList\",\"@id\":\"https:\\\/\\\/garrett.pt\\\/en\\\/product\\\/paineis-de-video\\\/#breadcrumblist\",\"itemListElement\":[{\"@type\":\"ListItem\",\"@id\":\"https:\\\/\\\/garrett.pt\\\/en#listItem\",\"position\":1,\"name\":\"Home\",\"item\":\"https:\\\/\\\/garrett.pt\\\/en\",\"nextItem\":{\"@type\":\"ListItem\",\"@id\":\"https:\\\/\\\/garrett.pt\\\/en\\\/?page_id=927#listItem\",\"name\":\"Private: Shop\"}},{\"@type\":\"ListItem\",\"@id\":\"https:\\\/\\\/garrett.pt\\\/en\\\/?page_id=927#listItem\",\"position\":2,\"name\":\"Private: Shop\",\"item\":\"https:\\\/\\\/garrett.pt\\\/en\\\/?page_id=927\",\"nextItem\":{\"@type\":\"ListItem\",\"@id\":\"https:\\\/\\\/garrett.pt\\\/en\\\/product-category\\\/iluminacao\\\/#listItem\",\"name\":\"Ilumina\\u00e7\\u00e3o\"},\"previousItem\":{\"@type\":\"ListItem\",\"@id\":\"https:\\\/\\\/garrett.pt\\\/en#listItem\",\"name\":\"Home\"}},{\"@type\":\"ListItem\",\"@id\":\"https:\\\/\\\/garrett.pt\\\/en\\\/product-category\\\/iluminacao\\\/#listItem\",\"position\":3,\"name\":\"Ilumina\\u00e7\\u00e3o\",\"item\":\"https:\\\/\\\/garrett.pt\\\/en\\\/product-category\\\/iluminacao\\\/\",\"nextItem\":{\"@type\":\"ListItem\",\"@id\":\"https:\\\/\\\/garrett.pt\\\/en\\\/product-category\\\/iluminacao\\\/video-led\\\/#listItem\",\"name\":\"Video-Led\"},\"previousItem\":{\"@type\":\"ListItem\",\"@id\":\"https:\\\/\\\/garrett.pt\\\/en\\\/?page_id=927#listItem\",\"name\":\"Private: Shop\"}},{\"@type\":\"ListItem\",\"@id\":\"https:\\\/\\\/garrett.pt\\\/en\\\/product-category\\\/iluminacao\\\/video-led\\\/#listItem\",\"position\":4,\"name\":\"Video-Led\",\"item\":\"https:\\\/\\\/garrett.pt\\\/en\\\/product-category\\\/iluminacao\\\/video-led\\\/\",\"nextItem\":{\"@type\":\"ListItem\",\"@id\":\"https:\\\/\\\/garrett.pt\\\/en\\\/product\\\/paineis-de-video\\\/#listItem\",\"name\":\"Pain\\u00e9is de Video\"},\"previousItem\":{\"@type\":\"ListItem\",\"@id\":\"https:\\\/\\\/garrett.pt\\\/en\\\/product-category\\\/iluminacao\\\/#listItem\",\"name\":\"Ilumina\\u00e7\\u00e3o\"}},{\"@type\":\"ListItem\",\"@id\":\"https:\\\/\\\/garrett.pt\\\/en\\\/product\\\/paineis-de-video\\\/#listItem\",\"position\":5,\"name\":\"Pain\\u00e9is de Video\",\"previousItem\":{\"@type\":\"ListItem\",\"@id\":\"https:\\\/\\\/garrett.pt\\\/en\\\/product-category\\\/iluminacao\\\/video-led\\\/#listItem\",\"name\":\"Video-Led\"}}]},{\"@type\":\"ItemPage\",\"@id\":\"https:\\\/\\\/garrett.pt\\\/en\\\/product\\\/paineis-de-video\\\/#itempage\",\"url\":\"https:\\\/\\\/garrett.pt\\\/en\\\/product\\\/paineis-de-video\\\/\",\"name\":\"Pain\\u00e9is de Video | Garrett Audiovisuais\",\"description\":\"Solu\\u00e7\\u00f5es de video-led modulares com excelente rela\\u00e7\\u00e3o qualidade-pre\\u00e7o. Saiba mais em: https:\\\/\\\/www.chauvetdj.eu\\\/products\\\/category\\\/video-ee\\\/\",\"inLanguage\":\"en-GB\",\"isPartOf\":{\"@id\":\"https:\\\/\\\/garrett.pt\\\/en\\\/#website\"},\"breadcrumb\":{\"@id\":\"https:\\\/\\\/garrett.pt\\\/en\\\/product\\\/paineis-de-video\\\/#breadcrumblist\"},\"image\":{\"@type\":\"ImageObject\",\"url\":\"https:\\\/\\\/garrett.pt\\\/wp-content\\\/uploads\\\/2018\\\/04\\\/13.png\",\"@id\":\"https:\\\/\\\/garrett.pt\\\/en\\\/product\\\/paineis-de-video\\\/#mainImage\",\"width\":500,\"height\":500},\"primaryImageOfPage\":{\"@id\":\"https:\\\/\\\/garrett.pt\\\/en\\\/product\\\/paineis-de-video\\\/#mainImage\"},\"datePublished\":\"2018-04-03T09:29:23+00:00\",\"dateModified\":\"2018-04-03T15:18:39+00:00\"},{\"@type\":\"Organization\",\"@id\":\"https:\\\/\\\/garrett.pt\\\/en\\\/#organization\",\"name\":\"Garrett Audiovisuais\",\"description\":\"Projeto e Integra\\u00e7\\u00e3o de Sistemas Audiovisuais\",\"url\":\"https:\\\/\\\/garrett.pt\\\/en\\\/\",\"telephone\":\"+351214180134\",\"logo\":{\"@type\":\"ImageObject\",\"url\":\"https:\\\/\\\/garrett.pt\\\/wp-content\\\/uploads\\\/2021\\\/10\\\/1378831_10151703628399331_552396504_n.jpg\",\"@id\":\"https:\\\/\\\/garrett.pt\\\/en\\\/product\\\/paineis-de-video\\\/#organizationLogo\",\"width\":650,\"height\":650},\"image\":{\"@id\":\"https:\\\/\\\/garrett.pt\\\/en\\\/product\\\/paineis-de-video\\\/#organizationLogo\"},\"sameAs\":[\"https:\\\/\\\/www.facebook.com\\\/garrettaudiovisuais\",\"https:\\\/\\\/www.instagram.com\\\/garrettaudiovisuais\\\/\",\"https:\\\/\\\/www.youtube.com\\\/channel\\\/UCMLMFyCLpAQ3D4cYmzC34PQ\",\"https:\\\/\\\/www.linkedin.com\\\/company\\\/garrett-audiovisuais\",\"https:\\\/\\\/www.threads.net\\\/@garrettaudiovisuais\",\"https:\\\/\\\/bsky.app\\\/profile\\\/garrettsa.bsky.social\"]},{\"@type\":\"WebPage\",\"@id\":\"https:\\\/\\\/garrett.pt\\\/en\\\/product\\\/paineis-de-video\\\/#webpage\",\"url\":\"https:\\\/\\\/garrett.pt\\\/en\\\/product\\\/paineis-de-video\\\/\",\"name\":\"Pain\\u00e9is de Video | Garrett Audiovisuais\",\"description\":\"Solu\\u00e7\\u00f5es de video-led modulares com excelente rela\\u00e7\\u00e3o qualidade-pre\\u00e7o. Saiba mais em: https:\\\/\\\/www.chauvetdj.eu\\\/products\\\/category\\\/video-ee\\\/\",\"inLanguage\":\"en-GB\",\"isPartOf\":{\"@id\":\"https:\\\/\\\/garrett.pt\\\/en\\\/#website\"},\"breadcrumb\":{\"@id\":\"https:\\\/\\\/garrett.pt\\\/en\\\/product\\\/paineis-de-video\\\/#breadcrumblist\"},\"image\":{\"@type\":\"ImageObject\",\"url\":\"https:\\\/\\\/garrett.pt\\\/wp-content\\\/uploads\\\/2018\\\/04\\\/13.png\",\"@id\":\"https:\\\/\\\/garrett.pt\\\/en\\\/product\\\/paineis-de-video\\\/#mainImage\",\"width\":500,\"height\":500},\"primaryImageOfPage\":{\"@id\":\"https:\\\/\\\/garrett.pt\\\/en\\\/product\\\/paineis-de-video\\\/#mainImage\"},\"datePublished\":\"2018-04-03T09:29:23+00:00\",\"dateModified\":\"2018-04-03T15:18:39+00:00\"},{\"@type\":\"WebSite\",\"@id\":\"https:\\\/\\\/garrett.pt\\\/en\\\/#website\",\"url\":\"https:\\\/\\\/garrett.pt\\\/en\\\/\",\"name\":\"Garrett Audiovisuais\",\"description\":\"Projeto e Integra\\u00e7\\u00e3o de Sistemas Audiovisuais\",\"inLanguage\":\"en-GB\",\"publisher\":{\"@id\":\"https:\\\/\\\/garrett.pt\\\/en\\\/#organization\"}}]}\n\t\t<\/script>\n\t\t<!-- All in One SEO Pro -->\r\n\t\t<title>Pain\u00e9is de Video | Garrett Audiovisuais<\/title>\n\n","aioseo_head_json":{"title":"Video Panels | Garrett Audiovisuals","description":"Modular LED video solutions with excellent value for money. Learn more at: https:\/\/www.chauvetdj.eu\/products\/category\/video-ee\/","canonical_url":"https:\/\/garrett.pt\/en\/product\/paineis-de-video\/","robots":"max-image-preview:large","keywords":"","webmasterTools":{"google-site-verification":"V-yzxKXBUCATCiI1W_5bHMqCYZQPH0cGOGjcdwe4AHM","miscellaneous":""},"schema":{"@context":"https:\/\/schema.org","@graph":[{"@type":"BreadcrumbList","@id":"https:\/\/garrett.pt\/en\/product\/paineis-de-video\/#breadcrumblist","itemListElement":[{"@type":"ListItem","@id":"https:\/\/garrett.pt\/en#listItem","position":1,"name":"Home","item":"https:\/\/garrett.pt\/en","nextItem":{"@type":"ListItem","@id":"https:\/\/garrett.pt\/en\/?page_id=927#listItem","name":"Private: Shop"}},{"@type":"ListItem","@id":"https:\/\/garrett.pt\/en\/?page_id=927#listItem","position":2,"name":"Private: Shop","item":"https:\/\/garrett.pt\/en\/?page_id=927","nextItem":{"@type":"ListItem","@id":"https:\/\/garrett.pt\/en\/product-category\/iluminacao\/#listItem","name":"Ilumina\u00e7\u00e3o"},"previousItem":{"@type":"ListItem","@id":"https:\/\/garrett.pt\/en#listItem","name":"Home"}},{"@type":"ListItem","@id":"https:\/\/garrett.pt\/en\/product-category\/iluminacao\/#listItem","position":3,"name":"Ilumina\u00e7\u00e3o","item":"https:\/\/garrett.pt\/en\/product-category\/iluminacao\/","nextItem":{"@type":"ListItem","@id":"https:\/\/garrett.pt\/en\/product-category\/iluminacao\/video-led\/#listItem","name":"Video-Led"},"previousItem":{"@type":"ListItem","@id":"https:\/\/garrett.pt\/en\/?page_id=927#listItem","name":"Private: Shop"}},{"@type":"ListItem","@id":"https:\/\/garrett.pt\/en\/product-category\/iluminacao\/video-led\/#listItem","position":4,"name":"Video-Led","item":"https:\/\/garrett.pt\/en\/product-category\/iluminacao\/video-led\/","nextItem":{"@type":"ListItem","@id":"https:\/\/garrett.pt\/en\/product\/paineis-de-video\/#listItem","name":"Pain\u00e9is de Video"},"previousItem":{"@type":"ListItem","@id":"https:\/\/garrett.pt\/en\/product-category\/iluminacao\/#listItem","name":"Ilumina\u00e7\u00e3o"}},{"@type":"ListItem","@id":"https:\/\/garrett.pt\/en\/product\/paineis-de-video\/#listItem","position":5,"name":"Pain\u00e9is de Video","previousItem":{"@type":"ListItem","@id":"https:\/\/garrett.pt\/en\/product-category\/iluminacao\/video-led\/#listItem","name":"Video-Led"}}]},{"@type":"ItemPage","@id":"https:\/\/garrett.pt\/en\/product\/paineis-de-video\/#itempage","url":"https:\/\/garrett.pt\/en\/product\/paineis-de-video\/","name":"Pain\u00e9is de Video | Garrett Audiovisuais","description":"Solu\u00e7\u00f5es de video-led modulares com excelente rela\u00e7\u00e3o qualidade-pre\u00e7o. Saiba mais em: https:\/\/www.chauvetdj.eu\/products\/category\/video-ee\/","inLanguage":"en-GB","isPartOf":{"@id":"https:\/\/garrett.pt\/en\/#website"},"breadcrumb":{"@id":"https:\/\/garrett.pt\/en\/product\/paineis-de-video\/#breadcrumblist"},"image":{"@type":"ImageObject","url":"https:\/\/garrett.pt\/wp-content\/uploads\/2018\/04\/13.png","@id":"https:\/\/garrett.pt\/en\/product\/paineis-de-video\/#mainImage","width":500,"height":500},"primaryImageOfPage":{"@id":"https:\/\/garrett.pt\/en\/product\/paineis-de-video\/#mainImage"},"datePublished":"2018-04-03T09:29:23+00:00","dateModified":"2018-04-03T15:18:39+00:00"},{"@type":"Organization","@id":"https:\/\/garrett.pt\/en\/#organization","name":"Garrett Audiovisuais","description":"Projeto e Integra\u00e7\u00e3o de Sistemas Audiovisuais","url":"https:\/\/garrett.pt\/en\/","telephone":"+351214180134","logo":{"@type":"ImageObject","url":"https:\/\/garrett.pt\/wp-content\/uploads\/2021\/10\/1378831_10151703628399331_552396504_n.jpg","@id":"https:\/\/garrett.pt\/en\/product\/paineis-de-video\/#organizationLogo","width":650,"height":650},"image":{"@id":"https:\/\/garrett.pt\/en\/product\/paineis-de-video\/#organizationLogo"},"sameAs":["https:\/\/www.facebook.com\/garrettaudiovisuais","https:\/\/www.instagram.com\/garrettaudiovisuais\/","https:\/\/www.youtube.com\/channel\/UCMLMFyCLpAQ3D4cYmzC34PQ","https:\/\/www.linkedin.com\/company\/garrett-audiovisuais","https:\/\/www.threads.net\/@garrettaudiovisuais","https:\/\/bsky.app\/profile\/garrettsa.bsky.social"]},{"@type":"WebPage","@id":"https:\/\/garrett.pt\/en\/product\/paineis-de-video\/#webpage","url":"https:\/\/garrett.pt\/en\/product\/paineis-de-video\/","name":"Pain\u00e9is de Video | Garrett Audiovisuais","description":"Solu\u00e7\u00f5es de video-led modulares com excelente rela\u00e7\u00e3o qualidade-pre\u00e7o. Saiba mais em: https:\/\/www.chauvetdj.eu\/products\/category\/video-ee\/","inLanguage":"en-GB","isPartOf":{"@id":"https:\/\/garrett.pt\/en\/#website"},"breadcrumb":{"@id":"https:\/\/garrett.pt\/en\/product\/paineis-de-video\/#breadcrumblist"},"image":{"@type":"ImageObject","url":"https:\/\/garrett.pt\/wp-content\/uploads\/2018\/04\/13.png","@id":"https:\/\/garrett.pt\/en\/product\/paineis-de-video\/#mainImage","width":500,"height":500},"primaryImageOfPage":{"@id":"https:\/\/garrett.pt\/en\/product\/paineis-de-video\/#mainImage"},"datePublished":"2018-04-03T09:29:23+00:00","dateModified":"2018-04-03T15:18:39+00:00"},{"@type":"WebSite","@id":"https:\/\/garrett.pt\/en\/#website","url":"https:\/\/garrett.pt\/en\/","name":"Garrett Audiovisuais","description":"Projeto e Integra\u00e7\u00e3o de Sistemas Audiovisuais","inLanguage":"en-GB","publisher":{"@id":"https:\/\/garrett.pt\/en\/#organization"}}]},"og:locale":"en_GB","og:site_name":"Garrett Audiovisuais | Projeto e Integra\u00e7\u00e3o de Sistemas Audiovisuais","og:type":"article","og:title":"Pain\u00e9is de Video | Garrett Audiovisuais","og:description":"Solu\u00e7\u00f5es de video-led modulares com excelente rela\u00e7\u00e3o qualidade-pre\u00e7o. Saiba mais em: https:\/\/www.chauvetdj.eu\/products\/category\/video-ee\/","og:url":"https:\/\/garrett.pt\/en\/product\/paineis-de-video\/","og:image":"https:\/\/garrett.pt\/wp-content\/uploads\/2018\/04\/13.png","og:image:secure_url":"https:\/\/garrett.pt\/wp-content\/uploads\/2018\/04\/13.png","og:image:width":500,"og:image:height":500,"article:published_time":"2018-04-03T09:29:23+00:00","article:modified_time":"2018-04-03T15:18:39+00:00","article:publisher":"https:\/\/www.facebook.com\/garrettaudiovisuais","twitter:card":"summary","twitter:title":"Pain\u00e9is de Video | Garrett Audiovisuais","twitter:description":"Solu\u00e7\u00f5es de video-led modulares com excelente rela\u00e7\u00e3o qualidade-pre\u00e7o. Saiba mais em: https:\/\/www.chauvetdj.eu\/products\/category\/video-ee\/","twitter:image":"https:\/\/garrett.pt\/wp-content\/uploads\/2018\/04\/13.png"},"aioseo_meta_data":{"post_id":"5927","title":null,"description":null,"keywords":null,"keyphrases":null,"primary_term":null,"canonical_url":null,"og_title":null,"og_description":null,"og_object_type":"default","og_image_type":"default","og_image_url":null,"og_image_width":null,"og_image_height":null,"og_image_custom_url":null,"og_image_custom_fields":null,"og_video":null,"og_custom_url":null,"og_article_section":null,"og_article_tags":null,"twitter_use_og":false,"twitter_card":"default","twitter_image_type":"default","twitter_image_url":null,"twitter_image_custom_url":null,"twitter_image_custom_fields":null,"twitter_title":null,"twitter_description":null,"schema":{"blockGraphs":[],"customGraphs":[],"default":{"data":{"Article":[],"Course":[],"Dataset":[],"FAQPage":[],"Movie":[],"Person":[],"Product":[],"ProductReview":[],"Car":[],"Recipe":[],"Service":[],"SoftwareApplication":[],"WebPage":[]},"graphName":"","isEnabled":true},"graphs":[],"defaultGraph":"","defaultPostTypeGraph":""},"schema_type":null,"schema_type_options":null,"pillar_content":false,"robots_default":true,"robots_noindex":false,"robots_noarchive":false,"robots_nosnippet":false,"robots_nofollow":false,"robots_noimageindex":false,"robots_noodp":false,"robots_notranslate":false,"robots_max_snippet":null,"robots_max_videopreview":null,"robots_max_imagepreview":"large","priority":null,"frequency":null,"local_seo":null,"seo_analyzer_scan_date":"2025-10-13 18:47:01","breadcrumb_settings":null,"limit_modified_date":false,"reviewed_by":null,"open_ai":null,"ai":null,"created":"2021-09-22 12:35:44","updated":"2025-10-13 18:47:01"},"aioseo_breadcrumb":"<div class=\"aioseo-breadcrumbs\"><span class=\"aioseo-breadcrumb\">\n\t<a href=\"https:\/\/garrett.pt\/en\" title=\"Home\">Home<\/a>\n<\/span><span class=\"aioseo-breadcrumb-separator\">&raquo;<\/span><span class=\"aioseo-breadcrumb\">\n\t<a href=\"https:\/\/garrett.pt\/en\/?page_id=927\" title=\"Private: Shop\">Private: Shop<\/a>\n<\/span><span class=\"aioseo-breadcrumb-separator\">&raquo;<\/span><span class=\"aioseo-breadcrumb\">\n\t<a href=\"https:\/\/garrett.pt\/en\/product-category\/iluminacao\/\" title=\"Ilumina\u00e7\u00e3o\">Ilumina\u00e7\u00e3o<\/a>\n<\/span><span class=\"aioseo-breadcrumb-separator\">&raquo;<\/span><span class=\"aioseo-breadcrumb\">\n\t<a href=\"https:\/\/garrett.pt\/en\/product-category\/iluminacao\/video-led\/\" title=\"Video-Led\">Video-Led<\/a>\n<\/span><span class=\"aioseo-breadcrumb-separator\">&raquo;<\/span><span class=\"aioseo-breadcrumb\">\n\tPain\u00e9is de Video\n<\/span><\/div>","aioseo_breadcrumb_json":[{"label":"Home","link":"https:\/\/garrett.pt\/en"},{"label":"Private: Shop","link":"https:\/\/garrett.pt\/en\/?page_id=927"},{"label":"Ilumina\u00e7\u00e3o","link":"https:\/\/garrett.pt\/en\/product-category\/iluminacao\/"},{"label":"Video-Led","link":"https:\/\/garrett.pt\/en\/product-category\/iluminacao\/video-led\/"},{"label":"Pain\u00e9is de Video","link":"https:\/\/garrett.pt\/en\/product\/paineis-de-video\/"}],"_links":{"self":[{"href":"https:\/\/garrett.pt\/en\/wp-json\/wp\/v2\/product\/5927","targetHints":{"allow":["GET"]}}],"collection":[{"href":"https:\/\/garrett.pt\/en\/wp-json\/wp\/v2\/product"}],"about":[{"href":"https:\/\/garrett.pt\/en\/wp-json\/wp\/v2\/types\/product"}],"replies":[{"embeddable":true,"href":"https:\/\/garrett.pt\/en\/wp-json\/wp\/v2\/comments?post=5927"}],"wp:featuredmedia":[{"embeddable":true,"href":"https:\/\/garrett.pt\/en\/wp-json\/wp\/v2\/media\/5928"}],"wp:attachment":[{"href":"https:\/\/garrett.pt\/en\/wp-json\/wp\/v2\/media?parent=5927"}],"wp:term":[{"taxonomy":"product_brand","embeddable":true,"href":"https:\/\/garrett.pt\/en\/wp-json\/wp\/v2\/product_brand?post=5927"},{"taxonomy":"product_cat","embeddable":true,"href":"https:\/\/garrett.pt\/en\/wp-json\/wp\/v2\/product_cat?post=5927"},{"taxonomy":"product_tag","embeddable":true,"href":"https:\/\/garrett.pt\/en\/wp-json\/wp\/v2\/product_tag?post=5927"}],"curies":[{"name":"wp","href":"https:\/\/api.w.org\/{rel}","templated":true}]}}